{"id":3152,"date":"2023-11-21T11:55:37","date_gmt":"2023-11-21T11:55:37","guid":{"rendered":"https:\/\/puzzle3d.co\/?page_id=3152"},"modified":"2024-10-23T17:10:27","modified_gmt":"2024-10-23T17:10:27","slug":"bedingungen-und-konditionen","status":"publish","type":"page","link":"https:\/\/puzzle3d.co\/de\/termini-e-condizioni\/","title":{"rendered":"Bedingungen und Konditionen"},"content":{"rendered":"<section class=\"section\" id=\"section_751063859\">\n\t\t<div class=\"section-bg fill\" >\n\t\t\t\t\t\t\t\t\t\n\t\t\t\n\n\t\t<\/div>\n\n\t\t\n\n\t\t<div class=\"section-content relative\">\n\t\t\t\n<div class=\"row\"  id=\"row-1829573185\">\n\n\t<div id=\"col-1195656481\" class=\"col small-12 large-12\"  >\n\t\t\t\t<div class=\"col-inner text-center\"  >\n\t\t\t\n\t\t\t\n<div class=\"container section-title-container\">\n<h1 class=\"section-title section-title-normal\" style=\"text-align: left;\"><span class=\"section-title-main\">BEDINGUNGEN UND KONDITIONEN<\/span><\/h1>\n<\/div>\n<div id=\"cmplz-document\" class=\"cmplz-document cmplz-terms-conditions\">\n<p style=\"text-align: left;\"><i>Die Allgemeinen Gesch\u00e4ftsbedingungen wurden zuletzt am 11. Dezember 2022 aktualisiert.<\/i><\/p>\n<h2 style=\"text-align: left;\">1. Einleitung<\/h2>\n<p style=\"text-align: left;\">Diese Allgemeinen Gesch\u00e4ftsbedingungen gelten f\u00fcr diese Website und f\u00fcr Transaktionen im Zusammenhang mit unseren Produkten und Dienstleistungen. Sie k\u00f6nnen an zus\u00e4tzliche Vereinbarungen gebunden sein, die sich auf Ihre Beziehung zu uns oder auf Produkte oder Dienstleistungen beziehen, die Sie von uns erhalten. Sollte eine Bestimmung der zus\u00e4tzlichen Vereinbarungen im Widerspruch zu einer Bestimmung dieser Bedingungen stehen, haben die Bestimmungen dieser zus\u00e4tzlichen Vereinbarungen Vorrang.<\/p>\n<h2 style=\"text-align: left;\">2. Anleihe<\/h2>\n<p style=\"text-align: left;\">Mit der Registrierung, dem Zugriff auf diese Website oder der anderweitigen Nutzung dieser Website erkl\u00e4ren Sie sich mit den nachstehenden Bedingungen und Konditionen einverstanden. Durch die blo\u00dfe Nutzung dieser Website erkennen Sie diese Bedingungen an und stimmen ihnen zu. In einigen besonderen F\u00e4llen k\u00f6nnen wir Sie auch um eine ausdr\u00fcckliche Zustimmung bitten.<\/p>\n<h2 style=\"text-align: left;\">3. Elektronische Kommunikation<\/h2>\n<p style=\"text-align: left;\">Indem Sie diese Website nutzen oder mit uns elektronisch kommunizieren, erkl\u00e4ren Sie sich damit einverstanden und erkennen an, dass wir mit Ihnen auf unserer Website oder per E-Mail elektronisch kommunizieren d\u00fcrfen, und Sie erkl\u00e4ren sich damit einverstanden, dass alle Vereinbarungen, Mitteilungen, Offenlegungen und sonstigen Mitteilungen, die wir Ihnen elektronisch zur Verf\u00fcgung stellen, alle gesetzlichen Anforderungen erf\u00fcllen, einschlie\u00dflich, aber nicht beschr\u00e4nkt auf die Anforderung, dass solche Mitteilungen schriftlich erfolgen m\u00fcssen.<\/p>\n<h2 style=\"text-align: left;\">4. Geistiges Eigentum<\/h2>\n<p style=\"text-align: left;\">Wir oder unsere Lizenzgeber besitzen und kontrollieren alle Urheberrechte und sonstigen geistigen Eigentumsrechte an der Website und den Daten, Informationen und sonstigen Ressourcen, die auf der Website angezeigt werden oder zug\u00e4nglich sind.<\/p>\n<p class=\"cmplz-subtitle\" style=\"text-align: left;\">4.1 Alle Rechte vorbehalten<\/p>\n<p style=\"text-align: left;\">Sofern der spezifische Inhalt nichts anderes vorschreibt, wird Ihnen keine Lizenz oder ein sonstiges Recht im Rahmen eines Urheberrechts, einer Marke, eines Patents oder eines anderen geistigen Eigentumsrechts gew\u00e4hrt. Das bedeutet, dass Sie die Ressourcen dieser Website ohne unsere vorherige schriftliche Genehmigung in keiner Form nutzen, kopieren, reproduzieren, auff\u00fchren, ausstellen, verbreiten, in ein elektronisches Medium einbinden, ver\u00e4ndern, dekompilieren, \u00fcbertragen, herunterladen, \u00fcbermitteln, monetarisieren, verkaufen oder vermarkten d\u00fcrfen, es sei denn, zwingende gesetzliche Vorschriften (z. B. das Zitatrecht) sehen etwas anderes vor.<\/p>\n<h2 style=\"text-align: left;\">5. Newsletter<\/h2>\n<p style=\"text-align: left;\">Ungeachtet dessen ist es m\u00f6glich, unseren Newsletter in elektronischer Form an andere Personen weiterzuleiten, die an einem Besuch unserer Website interessiert sein k\u00f6nnten.<\/p>\n<h2 style=\"text-align: left;\">6. Eigentum von Dritten<\/h2>\n<p style=\"text-align: left;\">Unsere Website kann Hyperlinks oder andere Verweise auf die Websites anderer Parteien enthalten. Wir haben keine Kontrolle \u00fcber den Inhalt der Websites Dritter, die mit dieser Website verlinkt sind, und \u00fcberpr\u00fcfen diesen auch nicht. Produkte oder Dienstleistungen, die von anderen Websites angeboten werden, unterliegen den geltenden Gesch\u00e4ftsbedingungen dieser Dritten. Die auf diesen Websites zum Ausdruck gebrachten Meinungen oder das dort erscheinende Material werden von uns nicht notwendigerweise gebilligt oder genehmigt.<\/p>\n<p style=\"text-align: left;\">Wir sind nicht verantwortlich f\u00fcr die Datenschutzpraktiken oder den Inhalt dieser Websites. Sie tragen alle Risiken, die mit der Nutzung dieser Websites und den damit verbundenen Diensten Dritter verbunden sind. Wir \u00fcbernehmen keine Haftung f\u00fcr Verluste oder Sch\u00e4den, die sich aus der Weitergabe Ihrer pers\u00f6nlichen Daten an Dritte ergeben.<\/p>\n<h2 style=\"text-align: left;\">7. Verantwortungsvolle Nutzung<\/h2>\n<p style=\"text-align: left;\">Mit dem Besuch unserer Website erkl\u00e4ren Sie sich damit einverstanden, diese nur f\u00fcr die beabsichtigten Zwecke und im Rahmen dieser Bedingungen, etwaiger zus\u00e4tzlicher Vereinbarungen mit uns, geltender Gesetze und Vorschriften sowie allgemein anerkannter Online-Praktiken und Branchenrichtlinien zu nutzen. Sie d\u00fcrfen unsere Website oder unsere Dienste nicht nutzen, um Material zu verwenden, zu ver\u00f6ffentlichen oder zu verbreiten, das aus b\u00f6sartiger Computersoftware besteht (oder mit dieser verlinkt ist), um von unserer Website gesammelte Daten f\u00fcr Direktmarketing-Aktivit\u00e4ten zu verwenden oder um systematische oder automatisierte Datenerfassungsaktivit\u00e4ten auf oder in Verbindung mit unserer Website durchzuf\u00fchren.<\/p>\n<p style=\"text-align: left;\">Es ist strengstens untersagt, sich an Aktivit\u00e4ten zu beteiligen, die der Website Schaden zuf\u00fcgen oder zuf\u00fcgen k\u00f6nnen oder die die Leistung, Verf\u00fcgbarkeit oder Zug\u00e4nglichkeit der Website beeintr\u00e4chtigen.<\/p>\n<h2 style=\"text-align: left;\">8. Anmeldung<\/h2>\n<p style=\"text-align: left;\">Sie k\u00f6nnen sich auf unserer Website f\u00fcr ein Konto registrieren. W\u00e4hrend dieses Vorgangs werden Sie m\u00f6glicherweise aufgefordert, ein Passwort zu w\u00e4hlen. Sie sind f\u00fcr die Geheimhaltung Ihrer Passw\u00f6rter und Kontoinformationen verantwortlich und erkl\u00e4ren sich damit einverstanden, Ihre Passw\u00f6rter, Kontoinformationen oder den gesch\u00fctzten Zugang zu unserer Website oder unseren Dienstleistungen nicht an andere Personen weiterzugeben. Sie d\u00fcrfen keiner anderen Person erlauben, Ihr Konto f\u00fcr den Zugriff auf die Website zu nutzen, da Sie f\u00fcr alle Aktivit\u00e4ten verantwortlich sind, die durch die Nutzung Ihrer Passw\u00f6rter oder Ihres Kontos erfolgen. Sie m\u00fcssen uns unverz\u00fcglich informieren, wenn Sie von einer Offenlegung Ihres Passworts erfahren.<\/p>\n<p style=\"text-align: left;\">Nach der Schlie\u00dfung Ihres Kontos werden Sie nicht versuchen, ohne unsere Erlaubnis ein neues Konto zu registrieren.<\/p>\n<h2 style=\"text-align: left;\">9. Erstattungs- und R\u00fcckgabepolitik<\/h2>\n<p class=\"cmplz-subtitle\" style=\"text-align: left;\">9.1 R\u00fccktrittsrecht<\/p>\n<p style=\"text-align: left;\">Sie haben das Recht, binnen 14 Tagen ohne Angabe von Gr\u00fcnden diesen Vertrag zu widerrufen.<\/p>\n<p style=\"text-align: left;\">Die Widerrufsfrist endet 14 Tage nach dem Tag, an dem Sie oder ein Dritter, der nicht der von Ihnen angegebene Kurier ist, in den Besitz der Ware gelangt ist.<\/p>\n<p style=\"text-align: left;\">Um Ihr Widerrufsrecht auszu\u00fcben, m\u00fcssen Sie uns mittels einer eindeutigen Erkl\u00e4rung (z. B. ein mit der Post versandter Brief, Telefax oder E-Mail) \u00fcber Ihren Entschluss, diesen Vertrag zu widerrufen, informieren. Unsere Kontaktdaten finden Sie unten. Sie k\u00f6nnen daf\u00fcr das beigef\u00fcgte Muster verwenden\u00a0<a href=\"https:\/\/grillnbbq.it\/wp-content\/uploads\/complianz\/withdrawal-forms\/withdrawal-form-it.pdf\" target=\"_blank\" rel=\"noopener\">R\u00fccktrittsformular<\/a>aber sie ist nicht obligatorisch.<\/p>\n<p style=\"text-align: left;\">Wenn Sie von dieser M\u00f6glichkeit Gebrauch machen, werden wir Sie unverz\u00fcglich auf einem dauerhaften Datentr\u00e4ger (z. B. per E-Mail) \u00fcber den Eingang eines solchen Widerrufs informieren.<\/p>\n<p style=\"text-align: left;\">Zur Wahrung der Widerrufsfrist reicht es aus, dass Sie Ihre Mitteilung \u00fcber die Aus\u00fcbung des Widerrufsrechts vor Ablauf der Widerrufsfrist absenden.<\/p>\n<p class=\"cmplz-subtitle\" style=\"text-align: left;\">9.2 Auswirkungen des Entzugs<\/p>\n<p style=\"text-align: left;\">Wenn Sie diesen Vertrag widerrufen, haben wir Ihnen alle Zahlungen, die wir von Ihnen erhalten haben, einschlie\u00dflich der Lieferkosten (mit Ausnahme der zus\u00e4tzlichen Kosten, die sich daraus ergeben, dass Sie eine andere Art der Lieferung als die von uns angebotene, g\u00fcnstigste Standardlieferung gew\u00e4hlt haben), unverz\u00fcglich und sp\u00e4testens binnen vierzehn Tagen ab dem Tag zur\u00fcckzuzahlen, an dem die Mitteilung \u00fcber Ihren Widerruf dieses Vertrags bei uns eingegangen ist. F\u00fcr diese R\u00fcckzahlung verwenden wir dasselbe Zahlungsmittel, das Sie bei der urspr\u00fcnglichen Transaktion eingesetzt haben, es sei denn, mit Ihnen wurde ausdr\u00fccklich etwas anderes vereinbart; in keinem Fall werden Ihnen wegen dieser R\u00fcckzahlung Entgelte berechnet.<\/p>\n<p style=\"text-align: left;\">Wir werden die Waren abholen.<\/p>\n<p style=\"text-align: left;\">Sie haben die unmittelbaren Kosten der R\u00fccksendung der Waren zu tragen.<\/p>\n<p style=\"text-align: left;\">Sie m\u00fcssen f\u00fcr einen etwaigen Wertverlust der Waren nur aufkommen, wenn dieser Wertverlust auf einen zur Pr\u00fcfung der Beschaffenheit, Eigenschaften und Funktionsweise der Waren nicht notwendigen Umgang mit ihnen zur\u00fcckzuf\u00fchren ist.<\/p>\n<p style=\"text-align: left;\">Bitte beachten Sie, dass es einige gesetzliche Ausnahmen vom Widerrufsrecht gibt, so dass einige Artikel nicht zur\u00fcckgegeben oder umgetauscht werden k\u00f6nnen. Wir werden Ihnen mitteilen, ob dies auf Ihren speziellen Fall zutrifft.<\/p>\n<h2 style=\"text-align: left;\">10. Einreichung von Ideen<\/h2>\n<p style=\"text-align: left;\">\u00dcbermitteln Sie uns keine Ideen, Erfindungen, Werke oder andere Informationen, die als Ihr eigenes geistiges Eigentum angesehen werden k\u00f6nnen, es sei denn, wir haben zuvor eine Vereinbarung \u00fcber geistiges Eigentum oder eine Geheimhaltungsvereinbarung unterzeichnet. Wenn Sie uns Ihr geistiges Eigentum ohne eine solche schriftliche Vereinbarung zur Verf\u00fcgung stellen, gew\u00e4hren Sie uns eine weltweite, unwiderrufliche, nicht-exklusive und geb\u00fchrenfreie Lizenz zur Nutzung, Reproduktion, Speicherung, Anpassung, Ver\u00f6ffentlichung, \u00dcbersetzung und Verbreitung Ihrer Inhalte in allen bestehenden oder zuk\u00fcnftigen Medien.<\/p>\n<h2 style=\"text-align: left;\">11. Beendigung der Nutzung<\/h2>\n<p style=\"text-align: left;\">Wir k\u00f6nnen nach unserem alleinigen Ermessen jederzeit Ihren Zugang zur Website oder zu den darin enthaltenen Diensten vor\u00fcbergehend oder dauerhaft \u00e4ndern oder beenden. Sie erkl\u00e4ren sich damit einverstanden, dass wir weder Ihnen noch Dritten gegen\u00fcber f\u00fcr eine \u00c4nderung, Aussetzung oder Beendigung Ihres Zugriffs auf die Website oder die Nutzung der Website oder von Inhalten, die Sie auf der Website freigegeben haben, haftbar sind. Sie haben keinen Anspruch auf eine Entsch\u00e4digung oder sonstige Zahlung, auch nicht, wenn Funktionen, Einstellungen und\/oder Inhalte, zu denen Sie beigetragen oder auf die Sie sich verlassen haben, dauerhaft verloren gehen. Sie d\u00fcrfen keine Zugangsbeschr\u00e4nkungsma\u00dfnahmen auf unserer Website umgehen oder umgehen lassen oder versuchen, diese zu umgehen oder zu umgehen.<\/p>\n<h2 style=\"text-align: left;\">12. Garantien und Haftung<\/h2>\n<p style=\"text-align: left;\">Nichts in diesem Abschnitt schr\u00e4nkt eine gesetzlich implizierte Garantie ein oder schlie\u00dft sie aus, deren Einschr\u00e4nkung oder Ausschluss ungesetzlich w\u00e4re. Diese Website und der gesamte Inhalt der Website werden ohne M\u00e4ngelgew\u00e4hr und nach Verf\u00fcgbarkeit bereitgestellt und k\u00f6nnen Ungenauigkeiten oder typografische Fehler enthalten. Wir lehnen ausdr\u00fccklich alle ausdr\u00fccklichen oder stillschweigenden Garantien hinsichtlich der Verf\u00fcgbarkeit, Genauigkeit oder Vollst\u00e4ndigkeit des Inhalts ab. Wir garantieren nicht, dass:<\/p>\n<ul style=\"text-align: left;\">\n<li>diese Website oder unsere Produkte oder Dienstleistungen Ihren Bed\u00fcrfnissen entsprechen;<\/li>\n<li>diese Website ununterbrochen, rechtzeitig, sicher und fehlerfrei zur Verf\u00fcgung steht;<\/li>\n<li>die Qualit\u00e4t der Produkte oder Dienstleistungen, die Sie \u00fcber diese Website kaufen oder erhalten, Ihren Erwartungen entspricht.<\/li>\n<\/ul>\n<p style=\"text-align: left;\">Keine der Informationen auf dieser Website stellt eine rechtliche, finanzielle oder medizinische Beratung dar oder soll eine solche darstellen. Wenn Sie eine Beratung ben\u00f6tigen, sollten Sie einen entsprechenden Fachmann konsultieren.<\/p>\n<p style=\"text-align: left;\">Die folgenden Bestimmungen dieses Abschnitts gelten im gr\u00f6\u00dftm\u00f6glichen Umfang, den das geltende Recht zul\u00e4sst, und beschr\u00e4nken oder schlie\u00dfen unsere Haftung in Bezug auf Angelegenheiten nicht aus, deren Beschr\u00e4nkung oder Ausschluss f\u00fcr uns rechtswidrig oder ungesetzlich w\u00e4re. In keinem Fall haften wir f\u00fcr direkte oder indirekte Sch\u00e4den (einschlie\u00dflich Sch\u00e4den aus entgangenen Gewinnen oder Einnahmen, Verlust oder Besch\u00e4digung von Daten, Software oder Datenbanken oder Verlust oder Besch\u00e4digung von Eigentum oder Daten), die Ihnen oder Dritten aus dem Zugriff auf unsere Website oder deren Nutzung entstehen.<\/p>\n<p style=\"text-align: left;\">Sofern in einer Zusatzvereinbarung nicht ausdr\u00fccklich etwas anderes festgelegt ist, ist unsere maximale Haftung Ihnen gegen\u00fcber f\u00fcr alle Sch\u00e4den, die sich aus oder im Zusammenhang mit der Website oder den \u00fcber die Website vermarkteten oder verkauften Produkten und Dienstleistungen ergeben, unabh\u00e4ngig von der Form der Handlung, die die Haftung auferlegt (unabh\u00e4ngig davon, ob es sich um einen Vertrag, ein Billigkeitsrecht, Fahrl\u00e4ssigkeit, vors\u00e4tzliches Fehlverhalten, eine unerlaubte Handlung oder etwas anderes handelt), auf 500 begrenzt. Dieser H\u00f6chstbetrag gilt insgesamt f\u00fcr alle Ihre Anspr\u00fcche, Klagen und Klagegr\u00fcnde jeglicher Art und Natur.<\/p>\n<h2 style=\"text-align: left;\">13. Datenschutz<\/h2>\n<p style=\"text-align: left;\">Um Zugang zu unserer Website und\/oder unseren Diensten zu erhalten, werden Sie m\u00f6glicherweise aufgefordert, im Rahmen des Registrierungsprozesses bestimmte Informationen \u00fcber sich selbst anzugeben. Sie erkl\u00e4ren sich damit einverstanden, dass alle von Ihnen bereitgestellten Informationen immer genau, korrekt und aktuell sind.<\/p>\n<p style=\"text-align: left;\">Wir nehmen Ihre pers\u00f6nlichen Daten ernst und verpflichten uns, Ihre Privatsph\u00e4re zu sch\u00fctzen. Wir werden Ihre E-Mail-Adresse nicht f\u00fcr unaufgeforderte Post verwenden. Jede von uns an Sie gesendete E-Mail wird nur im Zusammenhang mit der Bereitstellung vereinbarter Produkte oder Dienstleistungen verwendet.<\/p>\n<p style=\"text-align: left;\">Wir haben eine Richtlinie entwickelt, um Ihre Bedenken zum Datenschutz auszur\u00e4umen. Weitere Informationen finden Sie in unserem\u00a0<a href=\"https:\/\/puzzle3d.co\/dichiarazione-sulla-privacy-ue\/\">Erkl\u00e4rung zum Datenschutz<\/a>\u00a0und unser\u00a0<a href=\"https:\/\/puzzle3d.co\/cookie-policy-eu\/\">Cookie-Richtlinie.<\/a><\/p>\n<h2 style=\"text-align: left;\">14. Erreichbarkeit<\/h2>\n<p style=\"text-align: left;\">Wir sind bestrebt, die von uns angebotenen Inhalte f\u00fcr Menschen mit Behinderungen zug\u00e4nglich zu machen. Wenn Sie aufgrund einer Behinderung auf einen Teil unserer Website nicht zugreifen k\u00f6nnen, teilen Sie uns dies bitte mit und geben Sie uns eine detaillierte Beschreibung des Problems, auf das Sie gesto\u00dfen sind. Wenn das Problem leicht identifizierbar und mit branchen\u00fcblichen IT-Tools und -Techniken l\u00f6sbar ist, werden wir es umgehend beheben.<\/p>\n<h2 style=\"text-align: left;\">15. Ausfuhrbeschr\u00e4nkungen\/Rechtskonformit\u00e4t<\/h2>\n<p style=\"text-align: left;\">Der Zugriff auf die Website aus Gebieten oder L\u00e4ndern, in denen der Inhalt oder der Kauf von Produkten oder Dienstleistungen, die auf der Website verkauft werden, illegal ist, ist verboten. Sie d\u00fcrfen diese Website nicht unter Verletzung der Exportgesetze und -vorschriften Italiens nutzen.<\/p>\n<h2 style=\"text-align: left;\">16. Affiliate-Marketing<\/h2>\n<p style=\"text-align: left;\">\u00dcber diese Website k\u00f6nnen wir uns am Partner-Marketing beteiligen, bei dem wir einen Prozentsatz oder eine Provision f\u00fcr den Verkauf von Dienstleistungen oder Produkten auf oder \u00fcber diese Website erhalten. Wir k\u00f6nnen auch Sponsoring oder andere Formen der Werbeverg\u00fctung von Unternehmen akzeptieren. Der Zweck dieser Offenlegung ist die Einhaltung gesetzlicher Anforderungen in Bezug auf Marketing und Werbung, wie z. B. die Regeln der United States Federal Trade Commission.<\/p>\n<h2 style=\"text-align: left;\">17. Zuweisung<\/h2>\n<p style=\"text-align: left;\">Ohne unsere vorherige schriftliche Zustimmung d\u00fcrfen Sie Ihre Rechte und\/oder Pflichten aus diesen Allgemeinen Gesch\u00e4ftsbedingungen weder ganz noch teilweise an Dritte abtreten, \u00fcbertragen oder untervergeben. Jede vermeintliche Abtretung, die gegen diesen Abschnitt verst\u00f6\u00dft, ist nichtig.<\/p>\n<h2 style=\"text-align: left;\">18. Verst\u00f6\u00dfe gegen diese Bestimmungen und Bedingungen<\/h2>\n<p style=\"text-align: left;\">Unbeschadet unserer sonstigen Rechte im Rahmen dieser Allgemeinen Gesch\u00e4ftsbedingungen k\u00f6nnen wir im Falle eines Versto\u00dfes gegen diese Allgemeinen Gesch\u00e4ftsbedingungen die uns angemessen erscheinenden Ma\u00dfnahmen ergreifen, einschlie\u00dflich der vor\u00fcbergehenden oder dauerhaften Sperrung Ihres Zugriffs auf die Website, der Kontaktaufnahme mit Ihrem Internetdienstanbieter, damit dieser Ihren Zugriff auf die Website sperrt, und\/oder der Einleitung rechtlicher Schritte gegen Sie.<\/p>\n<h2 style=\"text-align: left;\">19. H\u00f6here Gewalt<\/h2>\n<p style=\"text-align: left;\">Mit Ausnahme von Zahlungsverpflichtungen gilt keine Verz\u00f6gerung, kein Vers\u00e4umnis und keine Unterlassung seitens einer der beiden Parteien bei der Erf\u00fcllung oder Einhaltung einer ihrer Verpflichtungen als Verletzung dieser Gesch\u00e4ftsbedingungen, wenn und solange eine solche Verz\u00f6gerung, ein solches Vers\u00e4umnis oder eine solche Unterlassung auf eine Ursache zur\u00fcckzuf\u00fchren ist, die au\u00dferhalb der zumutbaren Kontrolle der betreffenden Partei liegt.<\/p>\n<h2 style=\"text-align: left;\">20. Entsch\u00e4digung<\/h2>\n<p style=\"text-align: left;\">Sie erkl\u00e4ren sich damit einverstanden, uns zu entsch\u00e4digen, zu verteidigen und schadlos zu halten von allen Anspr\u00fcchen, Haftungen, Sch\u00e4den, Verlusten und Ausgaben, die sich aus der Verletzung dieser Bedingungen und der geltenden Gesetze ergeben, einschlie\u00dflich der Rechte an geistigem Eigentum und der Datenschutzrechte. Sie erstatten uns unverz\u00fcglich unsere Sch\u00e4den, Verluste, Kosten und Ausgaben, die mit solchen Anspr\u00fcchen zusammenh\u00e4ngen oder daraus entstehen.<\/p>\n<h2 style=\"text-align: left;\">21. Verzicht<\/h2>\n<p style=\"text-align: left;\">Das Vers\u00e4umnis, eine der in diesen Bedingungen und in einem Vertrag festgelegten Bestimmungen durchzusetzen, oder das Vers\u00e4umnis, eine K\u00fcndigungsoption auszu\u00fcben, ist nicht als Verzicht auf diese Bestimmungen auszulegen und beeintr\u00e4chtigt nicht die G\u00fcltigkeit dieser Bedingungen oder eines Vertrags oder eines Teils davon oder das sp\u00e4tere Recht, eine einzelne Bestimmung durchzusetzen.<\/p>\n<h2 style=\"text-align: left;\">22. Sprache<\/h2>\n<p style=\"text-align: left;\">Die vorliegenden Bedingungen sind ausschlie\u00dflich in italienischer Sprache auszulegen und zu interpretieren. Alle Mitteilungen und der gesamte Schriftverkehr sind ausschlie\u00dflich in dieser Sprache abzufassen.<\/p>\n<h2 style=\"text-align: left;\">23. Umfassendes Abkommen<\/h2>\n<p style=\"text-align: left;\">Diese Allgemeinen Gesch\u00e4ftsbedingungen bilden zusammen mit unserer Datenschutzerkl\u00e4rung und unserer Cookie-Richtlinie die gesamte Vereinbarung zwischen Ihnen und MEDDYS di Saca Eugeniu &amp;C SNC in Bezug auf Ihre Nutzung dieser Website.<\/p>\n<h2 style=\"text-align: left;\">24. Aktualisierung dieser Bedingungen und Konditionen<\/h2>\n<p style=\"text-align: left;\">Wir k\u00f6nnen diese Allgemeinen Gesch\u00e4ftsbedingungen von Zeit zu Zeit aktualisieren. Es ist Ihre Pflicht, diese Bedingungen regelm\u00e4\u00dfig auf \u00c4nderungen oder Aktualisierungen zu \u00fcberpr\u00fcfen. Das oben in diesen Gesch\u00e4ftsbedingungen angegebene Datum ist das Datum der letzten \u00dcberarbeitung. \u00c4nderungen an diesen Bedingungen treten in Kraft, wenn diese \u00c4nderungen auf dieser Website ver\u00f6ffentlicht werden. Durch die fortgesetzte Nutzung dieser Website nach der Ver\u00f6ffentlichung von \u00c4nderungen oder Aktualisierungen erkl\u00e4ren Sie sich mit der Einhaltung dieser Bedingungen einverstanden und sind an sie gebunden.<\/p>\n<h2 style=\"text-align: left;\">25. Rechtswahl und Gerichtsstand<\/h2>\n<p style=\"text-align: left;\">Diese Allgemeinen Gesch\u00e4ftsbedingungen unterliegen den Gesetzen Italiens. Alle Streitigkeiten im Zusammenhang mit diesen Allgemeinen Gesch\u00e4ftsbedingungen unterliegen der Gerichtsbarkeit der italienischen Gerichte. Sollte ein Teil oder eine Bestimmung dieser Allgemeinen Gesch\u00e4ftsbedingungen von einem Gericht oder einer anderen Beh\u00f6rde f\u00fcr ung\u00fcltig und\/oder nicht durchsetzbar nach geltendem Recht befunden werden, so ist dieser Teil oder diese Bestimmung so weit wie m\u00f6glich zu \u00e4ndern, zu streichen und\/oder durchzusetzen, um die Absicht dieser Allgemeinen Gesch\u00e4ftsbedingungen zu verwirklichen. Andere Bestimmungen bleiben davon unber\u00fchrt.<\/p>\n<h2 style=\"text-align: left;\">26. Kontaktinformationen<\/h2>\n<p style=\"text-align: left;\">Diese Website ist Eigentum und wird betrieben von MEDDYS di Saca Eugeniu &amp;C SNC.<\/p>\n<p style=\"text-align: left;\">Sie k\u00f6nnen uns in Bezug auf diese Allgemeinen Gesch\u00e4ftsbedingungen schriftlich oder per E-Mail unter folgender Adresse kontaktieren: info@puzzle3d.co<\/p>\n<p style=\"text-align: left;\">Adresse:<\/p>\n<h4 style=\"text-align: left;\"><strong>3D-R\u00e4tsel<br \/><\/strong>(MEDDYS SNC)<\/h4>\n<p style=\"text-align: left;\"><span id=\"Via_Cipro_125124_BresciaItalia\">Via Bologna, 10<br \/>25073 Bovezzo (BS)<br \/><\/span>Italien<\/p>\n<p style=\"text-align: left;\">https:\/\/puzzle3d.co<br \/>support@puzzle3d.co<br \/>Tel. +39 371 5394 647<\/p>\n<\/div>\n\t\t<\/div>\n\t\t\t\t\t<\/div>\n\n\t\n<\/div>\n\t\t<\/div>\n\n\t\t\n<style>\n#section_751063859 {\n  padding-top: 60px;\n  padding-bottom: 60px;\n  min-height: 300px;\n  background-color: rgb(245, 245, 245);\n}\n<\/style>\n\t<\/section>","protected":false},"excerpt":{"rendered":"","protected":false},"author":10,"featured_media":0,"parent":0,"menu_order":0,"comment_status":"closed","ping_status":"closed","template":"","meta":{"footnotes":""},"class_list":["post-3152","page","type-page","status-publish","hentry"],"_links":{"self":[{"href":"https:\/\/puzzle3d.co\/de\/wp-json\/wp\/v2\/pages\/3152","targetHints":{"allow":["GET"]}}],"collection":[{"href":"https:\/\/puzzle3d.co\/de\/wp-json\/wp\/v2\/pages"}],"about":[{"href":"https:\/\/puzzle3d.co\/de\/wp-json\/wp\/v2\/types\/page"}],"author":[{"embeddable":true,"href":"https:\/\/puzzle3d.co\/de\/wp-json\/wp\/v2\/users\/10"}],"replies":[{"embeddable":true,"href":"https:\/\/puzzle3d.co\/de\/wp-json\/wp\/v2\/comments?post=3152"}],"version-history":[{"count":0,"href":"https:\/\/puzzle3d.co\/de\/wp-json\/wp\/v2\/pages\/3152\/revisions"}],"wp:attachment":[{"href":"https:\/\/puzzle3d.co\/de\/wp-json\/wp\/v2\/media?parent=3152"}],"curies":[{"name":"wp","href":"https:\/\/api.w.org\/{rel}","templated":true}]}}