{"id":3037,"date":"2023-11-15T18:15:18","date_gmt":"2023-11-15T18:15:18","guid":{"rendered":"https:\/\/puzzle3d.co\/?page_id=3037"},"modified":"2025-02-16T07:14:26","modified_gmt":"2025-02-16T07:14:26","slug":"eu-datenschutzerklarung","status":"publish","type":"page","link":"https:\/\/puzzle3d.co\/de\/dichiarazione-sulla-privacy-ue\/","title":{"rendered":"Erkl\u00e4rung zum Datenschutz (EU)"},"content":{"rendered":"<h1><span id=\"Dichiarazione_sulla_Privacy_UE\"><strong>Erkl\u00e4rung zum Datenschutz (EU)<\/strong><\/span><\/h1>\n<p><em>Diese Datenschutzerkl\u00e4rung wurde zuletzt am 21. Oktober 2022 aktualisiert und gilt f\u00fcr B\u00fcrger und Personen mit st\u00e4ndigem Wohnsitz im Europ\u00e4ischen Wirtschaftsraum und der Schweiz.<\/em><\/p>\n<p>In dieser Datenschutzerkl\u00e4rung erl\u00e4utern wir, was wir mit den Daten tun, die wir \u00fcber https:\/\/puzzle3d.co von Ihnen erhalten. Wir empfehlen Ihnen, die Erkl\u00e4rung sorgf\u00e4ltig zu lesen. Bei der Verarbeitung halten wir uns an die Anforderungen der Datenschutzgesetze. Dies bedeutet unter anderem, dass:<\/p>\n<ul>\n<li>wir geben klar an, warum wir personenbezogene Daten verarbeiten. Dies tun wir mit dieser Datenschutzerkl\u00e4rung;<\/li>\n<li>Wir bem\u00fchen uns, die Erhebung personenbezogener Daten auf die f\u00fcr rechtm\u00e4\u00dfige Zwecke erforderlichen Daten zu beschr\u00e4nken;<\/li>\n<li>In F\u00e4llen, in denen Ihre Zustimmung erforderlich ist, bitten wir Sie zun\u00e4chst um Ihre ausdr\u00fcckliche Zustimmung zur Verarbeitung Ihrer personenbezogenen Daten;<\/li>\n<li>Wir ergreifen geeignete Sicherheitsma\u00dfnahmen zum Schutz Ihrer personenbezogenen Daten und verlangen dies auch von den Parteien, die personenbezogene Daten in unserem Auftrag verarbeiten;<\/li>\n<li>wir respektieren Ihr Recht, auf Ihre pers\u00f6nlichen Daten zuzugreifen oder sie auf Ihren Wunsch hin zu korrigieren oder zu l\u00f6schen.<\/li>\n<\/ul>\n<p>Wenn Sie Fragen haben oder wissen m\u00f6chten, welche Daten wir genau speichern, wenden Sie sich bitte an uns.<\/p>\n<ol>\n<li><strong>Zweck, Daten und Aufbewahrungsfrist<\/strong><\/li>\n<\/ol>\n<p>Wir k\u00f6nnen personenbezogene Daten f\u00fcr eine Vielzahl von Zwecken im Zusammenhang mit unserem Gesch\u00e4ftsbetrieb sammeln oder erhalten, unter anderem f\u00fcr die folgenden Zwecke (zum Erweitern anklicken)<\/p>\n<h3><span id=\"11_Contatto_8211_Tramite_telefono_posta_email_eo_moduli_web\">1.1 Kontakt - per Telefon, Post, E-Mail und\/oder Webformular<\/span><\/h3>\n<p><strong>Zu diesem Zweck verwenden wir die folgenden Daten:<\/strong><\/p>\n<ul>\n<li>Ein Vor- und Nachname<\/li>\n<li>Kontoname oder Alias<\/li>\n<li>Ein Haus oder eine andere physische Adresse, einschlie\u00dflich Stra\u00dfenname und Stadt<\/li>\n<li>Eine E-Mail Adresse<\/li>\n<li>Eine Rufnummer<\/li>\n<li>IP-Adresse<\/li>\n<li>Informationen \u00fcber Internetaktivit\u00e4ten, einschlie\u00dflich, aber nicht beschr\u00e4nkt auf den Browserverlauf, den Suchverlauf und Informationen \u00fcber die Interaktion eines Nutzers mit einer Internet-Website, einer Anwendung oder einer Werbung<\/li>\n<li>Geolokalisierungsdaten<\/li>\n<\/ul>\n<p><strong>Die Grundlage, auf der wir Daten verarbeiten, ist:<\/strong><\/p>\n<p><a href=\"https:\/\/cookiedatabase.org\/legal-bases\/#consent\" target=\"_blank\" rel=\"noopener\">Mit Zustimmung.<\/a><\/p>\n<p><strong>Dauer der Lagerung<\/strong><\/p>\n<p>Nach Beendigung des Dienstes bewahren wir diese Daten f\u00fcr den folgenden Zeitraum auf: 24 Monate.<\/p>\n<h3><span id=\"12_Pagamenti\">1.2 Zahlungen<\/span><\/h3>\n<p><strong>Zu diesem Zweck verwenden wir die folgenden Daten:<\/strong><\/p>\n<ul>\n<li>Ein Vor- und Nachname<\/li>\n<li>Kontoname oder Alias<\/li>\n<li>Ein Haus oder eine andere physische Adresse, einschlie\u00dflich Stra\u00dfenname und Stadt<\/li>\n<li>Eine E-Mail Adresse<\/li>\n<li>Eine Rufnummer<\/li>\n<li>IP-Adresse<\/li>\n<li>Informationen \u00fcber Internetaktivit\u00e4ten, einschlie\u00dflich, aber nicht beschr\u00e4nkt auf den Browserverlauf, den Suchverlauf und Informationen \u00fcber die Interaktion eines Nutzers mit einer Internet-Website, einer Anwendung oder einer Werbung<\/li>\n<\/ul>\n<p><strong>Die Grundlage, auf der wir Daten verarbeiten, ist:<\/strong><\/p>\n<p><a href=\"https:\/\/cookiedatabase.org\/legal-bases\/#consent\" target=\"_blank\" rel=\"noopener\">Mit Zustimmung.<\/a><\/p>\n<p><strong>Dauer der Lagerung<\/strong><\/p>\n<p>Nach Beendigung des Dienstes bewahren wir diese Daten f\u00fcr den folgenden Zeitraum auf: 24 Monate.<\/p>\n<h3><span id=\"13_Registrazione_account\">1.3 Registrierung des Kontos<\/span><\/h3>\n<p><strong>Zu diesem Zweck verwenden wir die folgenden Daten:<\/strong><\/p>\n<ul>\n<li>Ein Vor- und Nachname<\/li>\n<li>Kontoname oder Alias<\/li>\n<li>Ein Haus oder eine andere physische Adresse, einschlie\u00dflich Stra\u00dfenname und Stadt<\/li>\n<li>Eine E-Mail Adresse<\/li>\n<li>Eine Rufnummer<\/li>\n<li>IP-Adresse<\/li>\n<li>Informationen \u00fcber Internetaktivit\u00e4ten, einschlie\u00dflich, aber nicht beschr\u00e4nkt auf den Browserverlauf, den Suchverlauf und Informationen \u00fcber die Interaktion eines Nutzers mit einer Internet-Website, einer Anwendung oder einer Werbung<\/li>\n<\/ul>\n<p><strong>Die Grundlage, auf der wir Daten verarbeiten, ist:<\/strong><\/p>\n<p><a href=\"https:\/\/cookiedatabase.org\/legal-bases\/#consent\" target=\"_blank\" rel=\"noopener\">Mit Zustimmung.<\/a><\/p>\n<p><strong>Dauer der Lagerung<\/strong><\/p>\n<p>Nach Beendigung des Dienstes bewahren wir diese Daten f\u00fcr den folgenden Zeitraum auf: 24 Monate.<\/p>\n<h3><span id=\"14_Newsletter\">1.4 Newsletter<\/span><\/h3>\n<p><strong>Zu diesem Zweck verwenden wir die folgenden Daten:<\/strong><\/p>\n<ul>\n<li>Ein Vor- und Nachname<\/li>\n<li>Kontoname oder Alias<\/li>\n<li>Ein Haus oder eine andere physische Adresse, einschlie\u00dflich Stra\u00dfenname und Stadt<\/li>\n<li>Eine E-Mail Adresse<\/li>\n<li>Eine Rufnummer<\/li>\n<li>IP-Adresse<\/li>\n<li>Informationen \u00fcber Internetaktivit\u00e4ten, einschlie\u00dflich, aber nicht beschr\u00e4nkt auf den Browserverlauf, den Suchverlauf und Informationen \u00fcber die Interaktion eines Nutzers mit einer Internet-Website, einer Anwendung oder einer Werbung<\/li>\n<\/ul>\n<p><strong>Die Grundlage, auf der wir Daten verarbeiten, ist:<\/strong><\/p>\n<p><a href=\"https:\/\/cookiedatabase.org\/legal-bases\/#consent\" target=\"_blank\" rel=\"noopener\">Mit Zustimmung.<\/a><\/p>\n<p><strong>Dauer der Lagerung<\/strong><\/p>\n<p>Nach Beendigung des Dienstes bewahren wir diese Daten f\u00fcr den folgenden Zeitraum auf: 24 Monate.<\/p>\n<h3><span id=\"15_Per_supportare_servizi_o_prodotti_che_un_cliente_vogliono_o_hanno_comprato\">1.5 Zur Unterst\u00fctzung von Dienstleistungen oder Produkten, die ein Kunde w\u00fcnscht oder gekauft hat<\/span><\/h3>\n<p><strong>Zu diesem Zweck verwenden wir die folgenden Daten:<\/strong><\/p>\n<ul>\n<li>Ein Vor- und Nachname<\/li>\n<li>Kontoname oder Alias<\/li>\n<li>Ein Haus oder eine andere physische Adresse, einschlie\u00dflich Stra\u00dfenname und Stadt<\/li>\n<li>Eine E-Mail Adresse<\/li>\n<li>Eine Rufnummer<\/li>\n<li>IP-Adresse<\/li>\n<li>Informationen \u00fcber Internetaktivit\u00e4ten, einschlie\u00dflich, aber nicht beschr\u00e4nkt auf den Browserverlauf, den Suchverlauf und Informationen \u00fcber die Interaktion eines Nutzers mit einer Internet-Website, einer Anwendung oder einer Werbung<\/li>\n<li>Geolokalisierungsdaten<\/li>\n<\/ul>\n<p><strong>Die Grundlage, auf der wir Daten verarbeiten, ist:<\/strong><\/p>\n<p><a href=\"https:\/\/cookiedatabase.org\/legal-bases\/#consent\" target=\"_blank\" rel=\"noopener\">Mit Zustimmung.<\/a><\/p>\n<p><strong>Dauer der Lagerung<\/strong><\/p>\n<p>Nach Beendigung des Dienstes bewahren wir diese Daten f\u00fcr den folgenden Zeitraum auf: 24 Monate.<\/p>\n<h3><span id=\"16_Per_essere_in_grado_di_rispettare_gli_obblighi_legali\">1.6 Um den gesetzlichen Verpflichtungen nachkommen zu k\u00f6nnen<\/span><\/h3>\n<p><strong>Zu diesem Zweck verwenden wir die folgenden Daten:<\/strong><\/p>\n<ul>\n<li>Ein Vor- und Nachname<\/li>\n<li>Kontoname oder Alias<\/li>\n<li>Ein Haus oder eine andere physische Adresse, einschlie\u00dflich Stra\u00dfenname und Stadt<\/li>\n<li>Eine E-Mail Adresse<\/li>\n<li>Eine Rufnummer<\/li>\n<li>IP-Adresse<\/li>\n<li>Informationen \u00fcber Internetaktivit\u00e4ten, einschlie\u00dflich, aber nicht beschr\u00e4nkt auf den Browserverlauf, den Suchverlauf und Informationen \u00fcber die Interaktion eines Nutzers mit einer Internet-Website, einer Anwendung oder einer Werbung<\/li>\n<\/ul>\n<p><strong>Die Grundlage, auf der wir Daten verarbeiten, ist:<\/strong><\/p>\n<p><a href=\"https:\/\/cookiedatabase.org\/legal-bases\/#consent\" target=\"_blank\" rel=\"noopener\">Mit Zustimmung.<\/a><\/p>\n<p><strong>Dauer der Lagerung<\/strong><\/p>\n<p>Nach Beendigung des Dienstes bewahren wir diese Daten f\u00fcr den folgenden Zeitraum auf: 24 Monate.<\/p>\n<h3><span id=\"17_Compilazione_ed_analisi_di_statistiche_per_migliore_il_sito\">1.7 Zusammenstellung und Analyse von Statistiken zur Verbesserung der Website.<\/span><\/h3>\n<p><strong>Zu diesem Zweck verwenden wir die folgenden Daten:<\/strong><\/p>\n<ul>\n<li>Ein Vor- und Nachname<\/li>\n<li>Kontoname oder Alias<\/li>\n<li>Ein Haus oder eine andere physische Adresse, einschlie\u00dflich Stra\u00dfenname und Stadt<\/li>\n<li>Eine E-Mail Adresse<\/li>\n<li>Eine Rufnummer<\/li>\n<li>IP-Adresse<\/li>\n<li>Informationen \u00fcber Internetaktivit\u00e4ten, einschlie\u00dflich, aber nicht beschr\u00e4nkt auf den Browserverlauf, den Suchverlauf und Informationen \u00fcber die Interaktion eines Nutzers mit einer Internet-Website, einer Anwendung oder einer Werbung<\/li>\n<li>Geolokalisierungsdaten<\/li>\n<\/ul>\n<p><strong>Die Grundlage, auf der wir Daten verarbeiten, ist:<\/strong><\/p>\n<p><a href=\"https:\/\/cookiedatabase.org\/legal-bases\/#consent\" target=\"_blank\" rel=\"noopener\">Mit Zustimmung.<\/a><\/p>\n<p><strong>Dauer der Lagerung<\/strong><\/p>\n<p>Nach Beendigung des Dienstes bewahren wir diese Daten f\u00fcr den folgenden Zeitraum auf: 24 Monate.<\/p>\n<h3><span id=\"18_Per_poter_offrire_prodotti_e_servizi_personalizzati\">1.8 Um ma\u00dfgeschneiderte Produkte und Dienstleistungen anbieten zu k\u00f6nnen<\/span><\/h3>\n<p><strong>Zu diesem Zweck verwenden wir die folgenden Daten:<\/strong><\/p>\n<ul>\n<li>Ein Vor- und Nachname<\/li>\n<li>Kontoname oder Alias<\/li>\n<li>Ein Haus oder eine andere physische Adresse, einschlie\u00dflich Stra\u00dfenname und Stadt<\/li>\n<li>Eine E-Mail Adresse<\/li>\n<li>Eine Rufnummer<\/li>\n<li>IP-Adresse<\/li>\n<li>Informationen \u00fcber Internetaktivit\u00e4ten, einschlie\u00dflich, aber nicht beschr\u00e4nkt auf den Browserverlauf, den Suchverlauf und Informationen \u00fcber die Interaktion eines Nutzers mit einer Internet-Website, einer Anwendung oder einer Werbung<\/li>\n<li>Geolokalisierungsdaten<\/li>\n<\/ul>\n<p><strong>Die Grundlage, auf der wir Daten verarbeiten, ist:<\/strong><\/p>\n<p><a href=\"https:\/\/cookiedatabase.org\/legal-bases\/#consent\" target=\"_blank\" rel=\"noopener\">Mit Zustimmung.<\/a><\/p>\n<p><strong>Dauer der Lagerung<\/strong><\/p>\n<p>Nach Beendigung des Dienstes bewahren wir diese Daten f\u00fcr den folgenden Zeitraum auf: 24 Monate.<\/p>\n<ol start=\"2\">\n<li><strong>Cookies<\/strong><\/li>\n<\/ol>\n<p>Unsere Website verwendet Cookies. Weitere Informationen \u00fcber Cookies finden Sie in unserer Cookie-Richtlinie.<\/p>\n<p>Wir haben einen Datenverarbeitungsvertrag mit Google abgeschlossen.<\/p>\n<p>Google kann die Daten nicht f\u00fcr andere Google-Dienste verwenden.<\/p>\n<ol start=\"3\">\n<li><strong>Sicherheit<\/strong><\/li>\n<\/ol>\n<p>Wir verpflichten uns zur Sicherheit der personenbezogenen Daten. Wir ergreifen geeignete Sicherheitsma\u00dfnahmen, um den Missbrauch und den unbefugten Zugriff auf personenbezogene Daten zu begrenzen. Dadurch wird sichergestellt, dass nur die erforderlichen Personen Zugang zu Ihren Daten haben, dass der Zugang zu den Daten gesch\u00fctzt ist und dass unsere Sicherheitsma\u00dfnahmen regelm\u00e4\u00dfig \u00fcberpr\u00fcft werden.<\/p>\n<ol start=\"4\">\n<li><strong>Websites von Dritten<\/strong><\/li>\n<\/ol>\n<p>Diese Datenschutzerkl\u00e4rung gilt nicht f\u00fcr Websites Dritter, die mit unserer Website verlinkt sind. Wir k\u00f6nnen nicht garantieren, dass diese Dritten Ihre pers\u00f6nlichen Daten zuverl\u00e4ssig und sicher behandeln. Wir empfehlen Ihnen, die Datenschutzerkl\u00e4rungen dieser Websites zu lesen, bevor Sie sie nutzen.<\/p>\n<ol start=\"5\">\n<li><strong>Geldbu\u00dfen f\u00fcr diese Datenschutzerkl\u00e4rung.<\/strong><\/li>\n<\/ol>\n<p>Wir behalten uns das Recht vor, \u00c4nderungen an dieser Datenschutzerkl\u00e4rung vorzunehmen. Wir empfehlen Ihnen, diese Datenschutzerkl\u00e4rung regelm\u00e4\u00dfig zu lesen, damit Sie \u00fcber etwaige \u00c4nderungen informiert sind. Dar\u00fcber hinaus werden wir Sie, wo immer m\u00f6glich, aktiv informieren.<\/p>\n<ol start=\"6\">\n<li><strong>Zugriff auf Ihre Daten und deren Bearbeitung<\/strong><\/li>\n<\/ol>\n<p>Wenn Sie Fragen haben oder genau wissen m\u00f6chten, welche pers\u00f6nlichen Daten wir \u00fcber Sie haben, nehmen Sie bitte Kontakt mit uns auf.<\/p>\n<ul>\n<li>Sie haben das Recht zu erfahren, wann Ihre personenbezogenen Daten ben\u00f6tigt werden, was mit ihnen geschieht und wie lange sie aufbewahrt werden.<\/li>\n<li>Auskunftsrecht: Sie haben das Recht auf Auskunft \u00fcber Ihre personenbezogenen Daten, von denen wir Kenntnis haben.<\/li>\n<li>Recht auf Berichtigung: Sie haben das Recht, Ihre personenbezogenen Daten zu erg\u00e4nzen, zu berichtigen, zu l\u00f6schen oder zu sperren, wann immer Sie dies w\u00fcnschen.<\/li>\n<li>Sollten Sie Fragen oder Probleme mit der Zug\u00e4nglichkeit der Website haben, z\u00f6gern Sie bitte nicht, uns zu kontaktieren.<\/li>\n<li>Recht auf \u00dcbermittlung Ihrer Daten: Sie haben das Recht, alle Ihre Daten von dem f\u00fcr die Verarbeitung Verantwortlichen anzufordern und sie an einen anderen f\u00fcr die Verarbeitung Verantwortlichen zu \u00fcbermitteln.<\/li>\n<li>Widerspruchsrecht: Sie haben das Recht, der Verarbeitung Ihrer Daten zu widersprechen. Wir werden diese Wahl respektieren, es sei denn, es gibt eine g\u00fcltige Grundlage f\u00fcr die Verarbeitung.<\/li>\n<\/ul>\n<p>Achten Sie darauf, dass Sie immer klar angeben, wer Sie sind, damit Sie sicher sein k\u00f6nnen, dass Sie nicht die Daten einer falschen Person l\u00f6schen oder \u00e4ndern.<\/p>\n<ol start=\"7\">\n<li><strong>Versenden einer Reklamation<\/strong><\/li>\n<\/ol>\n<p>Wenn Sie mit der Art und Weise, wie wir die Verarbeitung Ihrer personenbezogenen Daten handhaben, nicht zufrieden sind (Beschwerde), haben Sie das Recht, eine Beschwerde an die Datenschutzbeh\u00f6rde zu richten.<\/p>\n<ol start=\"8\">\n<li><strong>Kontaktangaben<\/strong><\/li>\n<\/ol>\n<p><strong>PUZZLE3D.CO<\/strong><br \/>\n<span style=\"font-size: 75%;\">(MEDDYS SNC)<\/span><\/p>\n<p>Bologna-Stra\u00dfe 10<br \/>\nBovezzo (BS) 25073<br \/>\nItalien<\/p>\n<p>Website: https:\/\/puzzle3d.co<br \/>\nE-Mail: support@puzzle3d.co<br \/>\nTelefonnummer: 371 5394 647<\/p>","protected":false},"excerpt":{"rendered":"<p>Dichiarazione sulla Privacy (UE) Questa dichiarazione sulla privacy \u00e8 stata aggiornata l\u2019ultima volta il Ottobre 21, 2022 e si applica ai cittadini e ai residenti permanenti legali dello Spazio Economico Europeo e della Svizzera In questa dichiarazione sulla privacy, spieghiamo cosa facciamo con i dati che otteniamo da te attraverso\u00a0https:\/\/puzzle3d.co\u00a0Ti consigliamo di leggere attentamente la [&#8230;]\n","protected":false},"author":10,"featured_media":0,"parent":0,"menu_order":0,"comment_status":"closed","ping_status":"closed","template":"","meta":{"footnotes":""},"class_list":["post-3037","page","type-page","status-publish","hentry"],"_links":{"self":[{"href":"https:\/\/puzzle3d.co\/de\/wp-json\/wp\/v2\/pages\/3037","targetHints":{"allow":["GET"]}}],"collection":[{"href":"https:\/\/puzzle3d.co\/de\/wp-json\/wp\/v2\/pages"}],"about":[{"href":"https:\/\/puzzle3d.co\/de\/wp-json\/wp\/v2\/types\/page"}],"author":[{"embeddable":true,"href":"https:\/\/puzzle3d.co\/de\/wp-json\/wp\/v2\/users\/10"}],"replies":[{"embeddable":true,"href":"https:\/\/puzzle3d.co\/de\/wp-json\/wp\/v2\/comments?post=3037"}],"version-history":[{"count":0,"href":"https:\/\/puzzle3d.co\/de\/wp-json\/wp\/v2\/pages\/3037\/revisions"}],"wp:attachment":[{"href":"https:\/\/puzzle3d.co\/de\/wp-json\/wp\/v2\/media?parent=3037"}],"curies":[{"name":"wp","href":"https:\/\/api.w.org\/{rel}","templated":true}]}}