{"id":1249,"date":"2023-02-09T10:27:01","date_gmt":"2023-02-09T10:27:01","guid":{"rendered":"https:\/\/puzzle3d.co\/politica-de-confidentialitate-ro-copy\/"},"modified":"2025-02-16T07:14:42","modified_gmt":"2025-02-16T07:14:42","slug":"rucktrittsrecht","status":"publish","type":"page","link":"https:\/\/puzzle3d.co\/de\/diritto-di-recesso\/","title":{"rendered":"R\u00fccktrittsrecht"},"content":{"rendered":"<header class=\"entry-header ast-no-thumbnail ast-no-meta\">\n<h1 class=\"h3-classico-pag\"><span id=\"Diritto_di_recessodirettiva_201183UE_ratificata_in_Italia_con_il_D_LGS_21_febbraio_2014_N_21\"><strong>Recht auf Widerruf<\/strong><\/span><\/h1>\n<div><strong>LIEFERUNG<\/strong><\/div>\n<div>\u00a0<\/div>\n<div>Die Produkte werden durch einen schnellen Kurierdienst geliefert. Der H\u00f6chstwert der Verpflichtungen von Puzzle 3D.co gegen\u00fcber dem Kunden im Falle einer Nichtlieferung oder einer nicht ordnungsgem\u00e4\u00dfen Lieferung der gekauften Produkte ist der Betrag, den unser Unternehmen von dem jeweiligen Kunden einnimmt. F\u00fcr den Fall, dass Preise oder andere Produktangaben falsch angezeigt werden, auch aufgrund der Tatsache, dass sie falsch in die Datenbank eingegeben wurden, beh\u00e4lt sich Puzzle3D.co das Recht vor, die Lieferung des jeweiligen Produkts zu stornieren und den Kunden so schnell wie m\u00f6glich \u00fcber den aufgetretenen Fehler zu informieren.<\/div>\n<div>\u00a0<\/div>\n<div><strong>Nachnahmebestellungen, die nicht telefonisch best\u00e4tigt wurden, werden storniert.<\/strong><\/div>\n<div>\u00a0<\/div>\n<div>Die Versandkosten betragen 3,95 Euro f\u00fcr Bestellungen bis zu 80 Lei, unabh\u00e4ngig von Gewicht und Lieferadresse.<\/div>\n<div>Bei einem Bestellwert von \u00fcber 80 Euro ist die Lieferung kostenlos.<\/div>\n<div>Per Nachnahme aufgegebene Bestellungen, die nicht telefonisch best\u00e4tigt wurden, werden storniert.<\/div>\n<div>Die auf der Website bestellten Produkte werden geliefert, sobald die Bestellung von Ihnen telefonisch gegen\u00fcber einem unserer Mitarbeiter best\u00e4tigt wurde.<\/div>\n<div>Sobald Ihre Bestellung best\u00e4tigt ist, werden Sie per E-Mail oder Telefon kontaktiert. Sie erhalten dann Ihre AWB-Nummer und k\u00f6nnen den Verbleib Ihres Pakets direkt auf der Website des Kurierdienstes verfolgen.<\/div>\n<div>\u00a0<\/div>\n<div>Die Versanddauer der Produkte h\u00e4ngt vom jeweiligen Lagerbestand ab. In der Regel erhalten Sie das Produkt innerhalb von 24-48 Stunden nach der Bestellbest\u00e4tigung zu Hause, wenn das jeweilige Produkt auf Lager ist. Wenn in einigen F\u00e4llen das Produkt nicht auf Lager ist, wird ein Mitarbeiter Sie telefonisch oder per E-Mail \u00fcber die Lieferzeit der bestellten Produkte informieren.<\/div>\n<h3 class=\"h3-classico-pag\"><span id=\"Diritto_di_recessodirettiva_201183UE_ratificata_in_Italia_con_il_D_LGS_21_febbraio_2014_N_21\">(Richtlinie 2011\/83\/EU, in Italien ratifiziert durch Gesetzesdekret Nr. 21 vom 21. Februar 2014)<\/span><\/h3>\n<p class=\"p-classico-pag\">Der \"Verbraucher\" (d.h. eine nat\u00fcrliche Person, die Waren zu Zwecken kauft, die nicht mit ihrer beruflichen T\u00e4tigkeit zusammenh\u00e4ngen, d.h. die den Kauf nicht durch Angabe einer Umsatzsteuer-Identifikationsnummer auf dem Bestellformular t\u00e4tigt), hat das Recht, von dem im Fernabsatz geschlossenen Kaufvertrag ohne Angabe von Gr\u00fcnden und ohne Vertragsstrafe zur\u00fcckzutreten.<\/p>\n<p class=\"p-classico-pag\">Bei Erhalt der Waren hat der Verbraucher <strong>14 Tage<\/strong> ihren Wunsch, den Widerruf auszu\u00fcben, mitzuteilen. Die Mitteilung kann z. B. per Servicekarte, Einschreiben oder E-Mail erfolgen. Eine solche Mitteilung muss den Vor- und Nachnamen des K\u00e4ufers, die Bestellnummer, die Rechnungsnummer und das Kaufdatum enthalten.<\/p>\n<p class=\"p-classico-pag\">Der Verbraucher ist verpflichtet, die Produkte in demselben Zustand zur\u00fcckzugeben, in dem er sie erhalten hat, mit der Originalverpackung (unversehrt und vollst\u00e4ndig in allen Teilen, da sie als integraler Bestandteil der Ware betrachtet werden), den Handb\u00fcchern, dem Zubeh\u00f6r, den Komponenten, den Schl\u00fcsseln und allem, was sonst noch geliefert wurde, ohne jeglichen Mangel.<\/p>\n<p class=\"p-classico-pag\">Der Verbraucher haftet nur f\u00fcr einen etwaigen Wertverlust der Waren, wenn dieser Wertverlust auf einen zur Feststellung der Beschaffenheit, Eigenschaften und Funktionsweise der Waren nicht notwendigen Umgang mit ihnen zur\u00fcckzuf\u00fchren ist.<br \/>Bei offensichtlich gebrauchten Waren und\/oder fehlender oder unversehrter Verpackung f\u00fchrt die daraus resultierende kommerzielle Abwertung bei der Wiedervermarktung als \"Gebrauchtware\" zu einer Wertminderung.<\/p>\n<p class=\"p-classico-pag\">Um die Besch\u00e4digung der Originalverpackung zu begrenzen, empfehlen wir, sie nach M\u00f6glichkeit in einen zweiten Karton zu legen und in jedem Fall das Anbringen von Etiketten oder Klebeband direkt auf der Originalverpackung des Produkts zu vermeiden.<\/p>\n<p class=\"p-classico-pag\">Innerhalb von 14 Tagen nach der R\u00fccktrittserkl\u00e4rung muss der Verbraucher die R\u00fccksendung des Produkts an Puzzle 3D (MEDDYS SNC ) - Via Bologna 10, 25073 Bovezzo (BS), Italien, durch seinen eigenen Spediteur veranlassen. Die Kosten f\u00fcr die R\u00fccksendung gehen zu Lasten des Verbrauchers.<br \/>Bis zur Best\u00e4tigung des Empfangs an der oben genannten Adresse reisen die Waren unter der Verantwortung des Verbrauchers; es ist daher ratsam, die R\u00fccksendung gegen Diebstahl, Verlust oder Transportsch\u00e4den zu versichern, f\u00fcr die AgriEuro keine Haftung \u00fcbernimmt.<\/p>\n<p class=\"p-classico-pag\">Innerhalb von 14 Tagen nach Erhalt der Ware erstatten wir dem Kunden den vollen Betrag der Transaktion (vorbehaltlich der oben genannten Einschr\u00e4nkungen) unter Verwendung desselben Zahlungsmittels, das f\u00fcr den urspr\u00fcnglichen Kauf verwendet wurde. Die Erstattung kann ausgesetzt werden, bis der Verbraucher nachgewiesen hat, dass er die Waren tats\u00e4chlich zur\u00fcckgesandt hat.<\/p>\n<h3 class=\"h3-classico-pag\"><span id=\"Recesso_del_Fornitore\"><strong>R\u00fccktritt des Lieferanten<\/strong><\/span><\/h3>\n<p class=\"p-classico-pag\">MEDDYS SNC hat das Recht, vom Kaufvertrag zur\u00fcckzutreten, indem sie dem Kunden eine einfache, begr\u00fcndete Mitteilung macht, wenn h\u00f6here Gewalt oder eine \u00fcberwiegende Unm\u00f6glichkeit vorliegt, die nicht dem Online-Shop oder dem Transportunternehmen zuzuschreiben ist. In diesem Fall hat der Kunde lediglich Anspruch auf R\u00fcckerstattung des bereits gezahlten Betrags.<\/p>\n<div><strong>\u00a0<\/strong><\/div>\n<div><strong>WIE KANN ICH DAS PRODUKT ZUR\u00dcCKGEBEN?<\/strong><\/div>\n<div>\u00a0<\/div>\n<div>Gem\u00e4\u00df der aktuellen Verordnung GEO 34\/2014 k\u00f6nnen Sie auf Puzzle3D.co gekaufte Produkte innerhalb von 14 Tagen nach dem Kauf zur\u00fcckgeben.<\/div>\n<div>\u00a0<\/div>\n<div>Das Produkt kann unter den folgenden Bedingungen zur\u00fcckgegeben werden:<\/div>\n<div>\u00a0<\/div>\n<div>keine Anzeichen von Montage, Kratzern, Beulen<\/div>\n<div>intakte Verpackungen, Etiketten und Zubeh\u00f6r<\/div>\n<div>keine Gebrauchsspuren aufweisen<\/div>\n<div>Das Produkt kann nur zur\u00fcckgegeben werden, wenn es sich in einwandfreiem Zustand befindet (einschlie\u00dflich Verpackung) und keine Anzeichen von Abnutzung aufweist. Im Falle einer Ablehnung des Produkts, kontaktieren Sie uns bitte innerhalb von 24 Stunden nach Erhalt per Telefon oder E-Mail, um die R\u00fcckgabe Details zu kl\u00e4ren.<\/div>\n<div>\u00a0<\/div>\n<div>Die R\u00fccksendekosten gehen zu Lasten des Kunden und die Erstattung des Warenwertes erfolgt innerhalb von ca. 5-7 Werktagen und darf die gesetzliche Frist von 14 Tagen nicht \u00fcberschreiten.<\/div>\n<div>\u00a0<\/div>\n<div>Wenn das zur\u00fcckgegebene Produkt besch\u00e4digt ist, offensichtliche Gebrauchsspuren aufweist und nicht als neues Produkt verkauft werden kann, behalten wir uns das Recht vor, das Produkt zur\u00fcckzuweisen. Alle diese Klauseln und Bedingungen sind in:<\/div>\n<div>\u00a0<\/div>\n<div>Dringlichkeitsverordnung Nr. 34\/2014 \u00fcber die rechtliche Regelung von Fernabsatzvertr\u00e4gen.<\/div>\n<div>\u00a0<\/div>\n<div>Bitte kontaktieren Sie uns per E-Mail: support@puzzle3D.co<\/div>\n<div>R\u00fccksendeadresse des Produkts:<\/div>\n<div>\u00a0<\/div>\n<div>Bologna-Stra\u00dfe 10<\/div>\n<div>Bovezz (BS) 25073<\/div>\n<div>Italien<\/div>\n<div>\u00a0<\/div>\n<div>Achtung: Schicken Sie das Produkt nicht ein, bevor Sie die Zustimmung der R\u00fccksendeabteilung eingeholt haben, die R\u00fccksendeadresse kann von der Firmenadresse abweichen!<\/div>\n<div>\u00a0<\/div>\n<div>WIE ERSTATTEN WIR IHNEN IHR GELD?<\/div>\n<div>\u00a0<\/div>\n<div>bei Bestellungen, die online mit Karte bezahlt werden, durch R\u00fcckerstattung auf das Bankkonto, von dem die Zahlung geleistet wurde<\/div>\n<div>f\u00fcr Bestellungen, die per Nachnahme\/iTransfer\/per Bank\u00fcberweisung bezahlt werden<\/div>\n<div>Puzzle3D.co kann die R\u00fcckerstattung des Betrages bis zum Erhalt der verkauften Waren oder bis zum Erhalt des Versandnachweises derselben aufschieben, falls sie nicht angeboten hat, die Waren selbst abzuholen (je nachdem, welches der sp\u00e4tere Zeitpunkt ist). .<\/div>\n<div>\u00a0<\/div>\n<div>Wenn ein vom K\u00e4ufer bestelltes Produkt vom Verk\u00e4ufer nicht geliefert werden kann, informiert der Verk\u00e4ufer den Kunden\/K\u00e4ufer \u00fcber diesen Umstand und \u00fcberweist den Gegenwert des Produkts innerhalb von 14 Tagen ab dem Zeitpunkt, an dem der Verk\u00e4ufer davon Kenntnis erlangt hat, auf das Konto des K\u00e4ufers.<\/div>\n<\/header>\n<p>\u00a0<\/p>\n<div class=\"is-divider divider clearfix\" style=\"max-width:0px;height:25px;background-color:rgb(255, 255, 255);\"><\/div>","protected":false},"excerpt":{"rendered":"<p>Diritto di recesso CONSEGNA \u00a0 La consegna dei prodotti viene effettuata tramite corriere veloce. Il valore massimo degli obblighi di Puzzle 3D nei confronti di qualsiasi cliente in caso di mancata consegna o consegna impropria dei prodotti acquistati \u00e8 l&#8217;importo riscosso dalla nostra azienda dal rispettivo cliente. Nel caso in cui i prezzi o altri [&#8230;]\n","protected":false},"author":10,"featured_media":0,"parent":0,"menu_order":0,"comment_status":"closed","ping_status":"closed","template":"","meta":{"footnotes":""},"class_list":["post-1249","page","type-page","status-publish","hentry"],"_links":{"self":[{"href":"https:\/\/puzzle3d.co\/de\/wp-json\/wp\/v2\/pages\/1249","targetHints":{"allow":["GET"]}}],"collection":[{"href":"https:\/\/puzzle3d.co\/de\/wp-json\/wp\/v2\/pages"}],"about":[{"href":"https:\/\/puzzle3d.co\/de\/wp-json\/wp\/v2\/types\/page"}],"author":[{"embeddable":true,"href":"https:\/\/puzzle3d.co\/de\/wp-json\/wp\/v2\/users\/10"}],"replies":[{"embeddable":true,"href":"https:\/\/puzzle3d.co\/de\/wp-json\/wp\/v2\/comments?post=1249"}],"version-history":[{"count":0,"href":"https:\/\/puzzle3d.co\/de\/wp-json\/wp\/v2\/pages\/1249\/revisions"}],"wp:attachment":[{"href":"https:\/\/puzzle3d.co\/de\/wp-json\/wp\/v2\/media?parent=1249"}],"curies":[{"name":"wp","href":"https:\/\/api.w.org\/{rel}","templated":true}]}}