{"id":3303,"date":"2024-04-10T10:56:05","date_gmt":"2024-04-10T10:56:05","guid":{"rendered":"https:\/\/puzzle3d.co\/?page_id=3303"},"modified":"2025-10-07T14:08:53","modified_gmt":"2025-10-07T14:08:53","slug":"kontakt-os","status":"publish","type":"page","link":"https:\/\/puzzle3d.co\/da\/contact-us\/","title":{"rendered":"Kontakt os"},"content":{"rendered":"<section class=\"section\" id=\"section_360651410\">\n\t\t<div class=\"section-bg fill\" >\n\t\t\t\t\t\t\t\t\t\n\t\t\t\n\n\t\t<\/div>\n\n\t\t\n\n\t\t<div class=\"section-content relative\">\n\t\t\t\n<div class=\"row align-center\"  id=\"row-1303600729\">\n\n\t<div id=\"col-1706549077\" class=\"col medium-8 small-11 large-7\"  >\n\t\t\t\t<div class=\"col-inner text-center\"  >\n\t\t\t\n\t\t\t\n<h1 style=\"font-size: 200%;\">Kontakt os<\/h1>\n\t\t<\/div>\n\t\t\t\t\t<\/div>\n\n\t\n<\/div>\n\t<div id=\"gap-680966951\" class=\"gap-element clearfix\" style=\"display:block; height:auto;\">\n\t\t\n<style>\n#gap-680966951 {\n  padding-top: 30px;\n}\n<\/style>\n\t<\/div>\n\t\n\t\t<\/div>\n\n\t\t\n<style>\n#section_360651410 {\n  padding-top: 100px;\n  padding-bottom: 100px;\n  background-color: rgb(237, 236, 232);\n}\n<\/style>\n\t<\/section>\n\t\n<div class=\"row align-center\"  id=\"row-1079422252\">\n\n\t<div id=\"col-1257844461\" class=\"col medium-11 small-12 large-11\"  >\n\t\t\t\t<div class=\"col-inner\"  >\n\t\t\t\n\t\t\t\n<div class=\"row\"  id=\"row-180689980\">\n\n\t<div id=\"col-1920890801\" class=\"col medium-6 small-12 large-6\"  >\n\t\t\t\t<div class=\"col-inner\"  >\n\t\t\t\n\t\t\t\n\t<div class=\"box has-hover   has-hover box-text-bottom\" >\n\n\t\t<div class=\"box-image\" >\n\t\t\t\t\t\t<div class=\"image-cover\" style=\"padding-top:70%;\">\n\t\t\t\t<img loading=\"lazy\" decoding=\"async\" width=\"1000\" height=\"650\" src=\"https:\/\/puzzle3d.co\/wp-content\/uploads\/2013\/12\/domino.jpg\" class=\"attachment- size-\" alt=\"\" srcset=\"https:\/\/puzzle3d.co\/wp-content\/uploads\/2013\/12\/domino.jpg 1000w, https:\/\/puzzle3d.co\/wp-content\/uploads\/2013\/12\/domino-600x390.jpg 600w, https:\/\/puzzle3d.co\/wp-content\/uploads\/2013\/12\/domino-64x42.jpg 64w, https:\/\/puzzle3d.co\/wp-content\/uploads\/2013\/12\/domino-615x400.jpg 615w, https:\/\/puzzle3d.co\/wp-content\/uploads\/2013\/12\/domino-768x499.jpg 768w\" sizes=\"auto, (max-width: 1000px) 100vw, 1000px\">\t\t\t\t\t\t\t\t\t\t\t<\/div>\n\t\t\t\t\t<\/div>\n\n\t\t<div class=\"box-text text-center\" style=\"padding:20px 0px 0px 0px;\">\n\t\t\t<div class=\"box-text-inner\">\n\t\t\t\t\n\t<div id=\"gap-1774641583\" class=\"gap-element clearfix\" style=\"display:block; height:auto;\">\n\t\t\n<style>\n#gap-1774641583 {\n  padding-top: 20px;\n}\n<\/style>\n\t<\/div>\n\t\n\t\t\t<\/div>\n\t\t<\/div>\n\t<\/div>\n\t\n\t\t<\/div>\n\t\t\t\t\t<\/div>\n\n\t\n\n\t<div id=\"col-1888426540\" class=\"col medium-6 small-12 large-6\"  >\n\t\t\t\t<div class=\"col-inner\"  >\n\t\t\t\n\t\t\t\n\t<div class=\"box has-hover   has-hover box-text-bottom\" >\n\n\t\t<div class=\"box-image\" >\n\t\t\t\t\t\t<div class=\"image-cover\" style=\"padding-top:70%;\">\n\t\t\t\t<img loading=\"lazy\" decoding=\"async\" width=\"1000\" height=\"650\" src=\"https:\/\/puzzle3d.co\/wp-content\/uploads\/2023\/01\/lion.jpg\" class=\"attachment- size-\" alt=\"\" srcset=\"https:\/\/puzzle3d.co\/wp-content\/uploads\/2023\/01\/lion.jpg 1000w, https:\/\/puzzle3d.co\/wp-content\/uploads\/2023\/01\/lion-600x390.jpg 600w, https:\/\/puzzle3d.co\/wp-content\/uploads\/2023\/01\/lion-64x42.jpg 64w, https:\/\/puzzle3d.co\/wp-content\/uploads\/2023\/01\/lion-615x400.jpg 615w, https:\/\/puzzle3d.co\/wp-content\/uploads\/2023\/01\/lion-768x499.jpg 768w\" sizes=\"auto, (max-width: 1000px) 100vw, 1000px\">\t\t\t\t\t\t\t\t\t\t\t<\/div>\n\t\t\t\t\t<\/div>\n\n\t\t<div class=\"box-text text-center\" style=\"padding:20px 0px 0px 0px;\">\n\t\t\t<div class=\"box-text-inner\">\n\t\t\t\t\n\t<div id=\"gap-1922958522\" class=\"gap-element clearfix\" style=\"display:block; height:auto;\">\n\t\t\n<style>\n#gap-1922958522 {\n  padding-top: 20px;\n}\n<\/style>\n\t<\/div>\n\t\n\t\t\t<\/div>\n\t\t<\/div>\n\t<\/div>\n\t\n\t\t<\/div>\n\t\t\t\t\t<\/div>\n\n\t\n<\/div>\n<div class=\"container section-title-container\" ><h3 class=\"section-title section-title-center\"><b aria-hidden=\"true\"><\/b><span class=\"section-title-main\" >Ofte stillede sp\u00f8rgsm\u00e5l<\/span><b aria-hidden=\"true\"><\/b><\/h3><\/div>\n<div class=\"accordion\">\n\t<div id=\"accordion-3237332364\" class=\"accordion-item\">\n\t\t<a id=\"accordion-3237332364-label\" class=\"accordion-title plain\" href=\"#accordion-item-i-prezzi-visualizzati-sul-sito-sono-comprensivi-di-iva?\" aria-expanded=\"false\" aria-controls=\"accordion-3237332364-content\">\n\t\t\t<button class=\"toggle\" aria-label=\"Sl\u00e5 til\/fra\"><i class=\"icon-angle-down\" aria-hidden=\"true\"><\/i><\/button>\n\t\t\t<span>Er de priser, der vises p\u00e5 hjemmesiden, inklusive moms?<\/span>\n\t\t<\/a>\n\t\t<div id=\"accordion-3237332364-content\" class=\"accordion-inner\" aria-labelledby=\"accordion-3237332364-label\">\n\t\t\t\n<p>Prisen p\u00e5 hvert produkt inkluderer allerede moms. F\u00f8r ordren afsluttes, oplyses prisen for levering. Bestillinger til en v\u00e6rdi af mindst 60 euro leverer vi helt gratis til alle hj\u00f8rner af landet.<\/p>\n\t\t<\/div>\n\t<\/div>\n\t\n\t<div id=\"accordion-3730606472\" class=\"accordion-item\">\n\t\t<a id=\"accordion-3730606472-label\" class=\"accordion-title plain\" href=\"#accordion-item-i-prodotti-sono-in-garanzia?\" aria-expanded=\"false\" aria-controls=\"accordion-3730606472-content\">\n\t\t\t<button class=\"toggle\" aria-label=\"Sl\u00e5 til\/fra\"><i class=\"icon-angle-down\" aria-hidden=\"true\"><\/i><\/button>\n\t\t\t<span>Er der garanti p\u00e5 produkterne?<\/span>\n\t\t<\/a>\n\t\t<div id=\"accordion-3730606472-content\" class=\"accordion-inner\" aria-labelledby=\"accordion-3730606472-label\">\n\t\t\t\n<p>Alle produkter er omfattet af den lovpligtige overensstemmelsesgaranti. Din garanti er en af vores prioriteter<\/p>\n\t\t<\/div>\n\t<\/div>\n\t\n\t<div id=\"accordion-3745137754\" class=\"accordion-item\">\n\t\t<a id=\"accordion-3745137754-label\" class=\"accordion-title plain\" href=\"#accordion-item-quali-sono-i-metodi-di-pagamento?\" aria-expanded=\"false\" aria-controls=\"accordion-3745137754-content\">\n\t\t\t<button class=\"toggle\" aria-label=\"Sl\u00e5 til\/fra\"><i class=\"icon-angle-down\" aria-hidden=\"true\"><\/i><\/button>\n\t\t\t<span>Hvad er betalingsmetoderne?<\/span>\n\t\t<\/a>\n\t\t<div id=\"accordion-3745137754-content\" class=\"accordion-inner\" aria-labelledby=\"accordion-3745137754-label\">\n\t\t\t\n<div>Betaling for ordren kan foretages ved hj\u00e6lp af en af f\u00f8lgende muligheder:<\/div>\n<div><\/div>\n<ul>\n<li>Betaling ved levering<\/li>\n<li>Betaling ved <a href=\"https:\/\/stripe.com\/en-ro\" target=\"_blank\" rel=\"nofollow noopener\">Stribet<\/a> (international betalingsbehandler)<\/li>\n<li>Betaling ved <a href=\"https:\/\/www.paypal.com\/it\/business\" target=\"_blank\" rel=\"nofollow noopener\">PayPal<\/a> (international betalingsbehandler)<\/li>\n<\/ul>\n<div><\/div>\n<div>Hvis du har valgt metoden kontant ved levering af din ordre, skal betalingen foretages fuldt ud kontant i lei til den transport\u00f8r, der leverer pakken, p\u00e5 grundlag af den skattefaktura, der er udstedt af MEDDYS SNC.<\/div>\n<div><\/div>\n<div>Hvis du har valgt betalingsmetoden 'Online med bankkort', skal du udfylde en formular med dine kortoplysninger p\u00e5 den sikre betalingsbehandlingsside.<\/div>\n\t\t<\/div>\n\t<\/div>\n\t\n\t<div id=\"accordion-838257107\" class=\"accordion-item\">\n\t\t<a id=\"accordion-838257107-label\" class=\"accordion-title plain\" href=\"#accordion-item-qual-\u00e8-il-metodo-di-consegna-del-prodotto?\" aria-expanded=\"false\" aria-controls=\"accordion-838257107-content\">\n\t\t\t<button class=\"toggle\" aria-label=\"Sl\u00e5 til\/fra\"><i class=\"icon-angle-down\" aria-hidden=\"true\"><\/i><\/button>\n\t\t\t<span>Hvad er produktets leveringsmetode?<\/span>\n\t\t<\/a>\n\t\t<div id=\"accordion-838257107-content\" class=\"accordion-inner\" aria-labelledby=\"accordion-838257107-label\">\n\t\t\t\n<p>Vi leverer til alle hj\u00f8rner af Rum\u00e6nien. Bestil for 80 lei eller mere for at f\u00e5 gratis levering. For ordrer p\u00e5 under 60 euro er forsendelsesomkostningerne kun 5 euro.<\/p>\n\t\t<\/div>\n\t<\/div>\n\t\n\t<div id=\"accordion-2506777008\" class=\"accordion-item\">\n\t\t<a id=\"accordion-2506777008-label\" class=\"accordion-title plain\" href=\"#accordion-item-quanto-tempo-ci-vuole-per-la-consegna?\" aria-expanded=\"false\" aria-controls=\"accordion-2506777008-content\">\n\t\t\t<button class=\"toggle\" aria-label=\"Sl\u00e5 til\/fra\"><i class=\"icon-angle-down\" aria-hidden=\"true\"><\/i><\/button>\n\t\t\t<span>Hvor lang tid tager leveringen?<\/span>\n\t\t<\/a>\n\t\t<div id=\"accordion-2506777008-content\" class=\"accordion-inner\" aria-labelledby=\"accordion-2506777008-label\">\n\t\t\t\n<p>Bestil i dag og modtag dit produkt inden for 24\/48 arbejdsdage, selv p\u00e5 \u00f8er!<\/p>\n\t\t<\/div>\n\t<\/div>\n\t\n<\/div>\n\t\t<\/div>\n\t\t\t\t\n<style>\n#col-1257844461 > .col-inner {\n  margin: -150px 0px 0px 0px;\n}\n<\/style>\n\t<\/div>\n\n\t\n<\/div>\n<div class=\"row align-center\"  id=\"row-1937763333\">\n\n\t<div id=\"col-301734358\" class=\"col medium-11 small-12 large-11\"  >\n\t\t\t\t<div class=\"col-inner\"  >\n\t\t\t\n\t\t\t\n\n\t<section class=\"section\" id=\"section_1504381115\">\n\t\t<div class=\"section-bg fill\" >\n\t\t\t\t\t\t\t\t\t\n\t\t\t\n\t<div class=\"is-border\"\n\t\tstyle=\"border-color:rgb(235, 235, 235);border-width:1px 1px 1px 1px;\">\n\t<\/div>\n\n\t\t<\/div>\n\n\t\t\n\n\t\t<div class=\"section-content relative\">\n\t\t\t\n<div class=\"row row-large\"  id=\"row-1844291010\">\n\n\t<div id=\"col-1608299604\" class=\"col medium-8 small-12 large-8\"  >\n\t\t\t\t<div class=\"col-inner\"  >\n\t\t\t\n\t\t\t\n\n<div class=\"wpcf7 no-js\" id=\"wpcf7-f6-o1\" lang=\"en-US\" dir=\"ltr\" data-wpcf7-id=\"6\">\n<div class=\"screen-reader-response\"><p role=\"status\" aria-live=\"polite\" aria-atomic=\"true\"><\/p> <ul><\/ul><\/div>\n<form action=\"\/da\/wp-json\/wp\/v2\/pages\/3303#wpcf7-f6-o1\" method=\"post\" class=\"wpcf7-form init\" aria-label=\"Kontaktformular\" novalidate=\"novalidate\" data-status=\"init\" data-trp-original-action=\"\/da\/wp-json\/wp\/v2\/pages\/3303#wpcf7-f6-o1\">\n<fieldset class=\"hidden-fields-container\"><input type=\"hidden\" name=\"_wpcf7\" value=\"6\" \/><input type=\"hidden\" name=\"_wpcf7_version\" value=\"6.1.5\" \/><input type=\"hidden\" name=\"_wpcf7_locale\" value=\"en_US\" \/><input type=\"hidden\" name=\"_wpcf7_unit_tag\" value=\"wpcf7-f6-o1\" \/><input type=\"hidden\" name=\"_wpcf7_container_post\" value=\"0\" \/><input type=\"hidden\" name=\"_wpcf7_posted_data_hash\" value=\"\" \/>\n<\/fieldset>\n<p><label> Navn*<br \/>\n<span class=\"wpcf7-form-control-wrap\" data-name=\"your-name\"><input size=\"40\" maxlength=\"400\" class=\"wpcf7-form-control wpcf7-text wpcf7-validates-as-required\" autocomplete=\"name\" aria-required=\"true\" aria-invalid=\"false\" value=\"\" type=\"text\" name=\"your-name\" \/><\/span> <\/label>\n<\/p>\n<p><label> Email*<br \/>\n<span class=\"wpcf7-form-control-wrap\" data-name=\"your-email\"><input size=\"40\" maxlength=\"400\" class=\"wpcf7-form-control wpcf7-email wpcf7-validates-as-required wpcf7-text wpcf7-validates-as-email\" autocomplete=\"email\" aria-required=\"true\" aria-invalid=\"false\" value=\"\" type=\"email\" name=\"your-email\" \/><\/span> <\/label>\n<\/p>\n<p><label> Emne*<br \/>\n<span class=\"wpcf7-form-control-wrap\" data-name=\"your-subject\"><input size=\"40\" maxlength=\"400\" class=\"wpcf7-form-control wpcf7-text wpcf7-validates-as-required\" aria-required=\"true\" aria-invalid=\"false\" value=\"\" type=\"text\" name=\"your-subject\" \/><\/span> <\/label>\n<\/p>\n<p><label> Besked (valgfri)<br \/>\n<span class=\"wpcf7-form-control-wrap\" data-name=\"your-message\"><textarea cols=\"40\" rows=\"10\" maxlength=\"2000\" class=\"wpcf7-form-control wpcf7-textarea\" aria-invalid=\"false\" name=\"your-message\"><\/textarea><\/span> <\/label>\n<\/p>\n<p><input class=\"wpcf7-form-control wpcf7-submit has-spinner\" type=\"submit\" value=\"Send besked\" \/>\n<\/p><div class=\"wpcf7-response-output\" aria-hidden=\"true\"><\/div>\n<input type=\"hidden\" name=\"trp-form-language\" value=\"da\"\/><\/form>\n<\/div>\n\n\t\t<\/div>\n\t\t\t\t\t<\/div>\n\n\t\n\n\t<div id=\"col-51138237\" class=\"col medium-4 small-12 large-4\"  >\n\t\t\t\t<div class=\"col-inner\"  >\n\t\t\t\n\t\t\t\n<h6>Virksomhed<\/h6>\n<p>MEDDYS af Saca E&amp;Co SNC<br \/>\nMOMSNUMMER: 03644140984<\/p>\n\t<div id=\"gap-1413811082\" class=\"gap-element clearfix\" style=\"display:block; height:auto;\">\n\t\t\n<style>\n#gap-1413811082 {\n  padding-top: 20px;\n}\n<\/style>\n\t<\/div>\n\t\n<h6>Adresse<\/h6>\n<p>Italien, Via Bologna10, CAP-25073, Bovezzo (BS)<\/p>\n<p><strong>Telefon:<\/strong> 371 5394 647<br \/>\n<strong>E-mail: <\/strong>support@puzzle3d.co<\/p>\n<h6><strong>Arbejdstid:<\/strong><\/h6>\n<p>Man - fre: 9:00 - 17:00*.<br \/>\nL\u00f8rdag: Lukket<br \/>\nS\u00f8ndag: Lukket<\/p>\n<p><span style=\"font-size: 80%;\">*eksklusiv lovbestemte helligdage<\/span><\/p>\n<div class=\"social-icons follow-icons\" style=\"font-size:80%\"><a href=\"#\" target=\"_blank\" data-label=\"Facebook\" class=\"icon primary button circle tooltip facebook\" title=\"F\u00f8lg med p\u00e5 Facebook\" aria-label=\"F\u00f8lg med p\u00e5 Facebook\" rel=\"noopener nofollow\"><i class=\"icon-facebook\" aria-hidden=\"true\"><\/i><\/a><a href=\"#\" target=\"_blank\" data-label=\"Instagram\" class=\"icon primary button circle tooltip instagram\" title=\"F\u00f8lg med p\u00e5 Instagram\" aria-label=\"F\u00f8lg med p\u00e5 Instagram\" rel=\"noopener nofollow\"><i class=\"icon-instagram\" aria-hidden=\"true\"><\/i><\/a><a href=\"#\" data-label=\"Twitter\" target=\"_blank\" class=\"icon primary button circle tooltip twitter\" title=\"F\u00f8lg med p\u00e5 Twitter\" aria-label=\"F\u00f8lg med p\u00e5 Twitter\" rel=\"noopener nofollow\"><i class=\"icon-twitter\" aria-hidden=\"true\"><\/i><\/a><a href=\"#\" data-label=\"LinkedIn\" target=\"_blank\" class=\"icon primary button circle tooltip linkedin\" title=\"F\u00f8lg med p\u00e5 LinkedIn\" aria-label=\"F\u00f8lg med p\u00e5 LinkedIn\" rel=\"noopener nofollow\"><i class=\"icon-linkedin\" aria-hidden=\"true\"><\/i><\/a><\/div>\n\t\t<\/div>\n\t\t\t\t\t<\/div>\n\n\t\n\n<style>\n#row-1844291010 > .col > .col-inner {\n  padding: 10px 10px 10px 10px;\n}\n@media (min-width:550px) {\n  #row-1844291010 > .col > .col-inner {\n    padding: 30px 30px 0 30px;\n  }\n}\n<\/style>\n<\/div>\n\t\t<\/div>\n\n\t\t\n<style>\n#section_1504381115 {\n  padding-top: 30px;\n  padding-bottom: 30px;\n}\n<\/style>\n\t<\/section>\n\t\n\t\t<\/div>\n\t\t\t\t\n<style>\n#col-301734358 > .col-inner {\n  margin: 0px 0px 30px 0px;\n}\n<\/style>\n\t<\/div>\n\n\t\n<\/div>","protected":false},"excerpt":{"rendered":"","protected":false},"author":10,"featured_media":0,"parent":0,"menu_order":0,"comment_status":"closed","ping_status":"closed","template":"","meta":{"footnotes":""},"class_list":["post-3303","page","type-page","status-publish","hentry"],"_links":{"self":[{"href":"https:\/\/puzzle3d.co\/da\/wp-json\/wp\/v2\/pages\/3303","targetHints":{"allow":["GET"]}}],"collection":[{"href":"https:\/\/puzzle3d.co\/da\/wp-json\/wp\/v2\/pages"}],"about":[{"href":"https:\/\/puzzle3d.co\/da\/wp-json\/wp\/v2\/types\/page"}],"author":[{"embeddable":true,"href":"https:\/\/puzzle3d.co\/da\/wp-json\/wp\/v2\/users\/10"}],"replies":[{"embeddable":true,"href":"https:\/\/puzzle3d.co\/da\/wp-json\/wp\/v2\/comments?post=3303"}],"version-history":[{"count":0,"href":"https:\/\/puzzle3d.co\/da\/wp-json\/wp\/v2\/pages\/3303\/revisions"}],"wp:attachment":[{"href":"https:\/\/puzzle3d.co\/da\/wp-json\/wp\/v2\/media?parent=3303"}],"curies":[{"name":"wp","href":"https:\/\/api.w.org\/{rel}","templated":true}]}}