{"id":3152,"date":"2023-11-21T11:55:37","date_gmt":"2023-11-21T11:55:37","guid":{"rendered":"https:\/\/puzzle3d.co\/?page_id=3152"},"modified":"2024-10-23T17:10:27","modified_gmt":"2024-10-23T17:10:27","slug":"vilkar-og-betingelser","status":"publish","type":"page","link":"https:\/\/puzzle3d.co\/da\/termini-e-condizioni\/","title":{"rendered":"Vilk\u00e5r og betingelser"},"content":{"rendered":"<section class=\"section\" id=\"section_1334450350\">\n\t\t<div class=\"section-bg fill\" >\n\t\t\t\t\t\t\t\t\t\n\t\t\t\n\n\t\t<\/div>\n\n\t\t\n\n\t\t<div class=\"section-content relative\">\n\t\t\t\n<div class=\"row\"  id=\"row-2022964222\">\n\n\t<div id=\"col-276324359\" class=\"col small-12 large-12\"  >\n\t\t\t\t<div class=\"col-inner text-center\"  >\n\t\t\t\n\t\t\t\n<div class=\"container section-title-container\">\n<h1 class=\"section-title section-title-normal\" style=\"text-align: left;\"><span class=\"section-title-main\">VILK\u00c5R OG BETINGELSER<\/span><\/h1>\n<\/div>\n<div id=\"cmplz-document\" class=\"cmplz-document cmplz-terms-conditions\">\n<p style=\"text-align: left;\"><i>Vilk\u00e5rene og betingelserne blev sidst opdateret den 11. december 2022.<\/i><\/p>\n<h2 style=\"text-align: left;\">1. Indledning<\/h2>\n<p style=\"text-align: left;\">Disse vilk\u00e5r og betingelser g\u00e6lder for denne hjemmeside og for transaktioner i forbindelse med vores produkter og tjenester. Du kan v\u00e6re bundet af yderligere aftaler i forbindelse med dit forhold til os eller produkter eller tjenester, du modtager fra os. Hvis en bestemmelse i de yderligere aftaler er i modstrid med en bestemmelse i disse vilk\u00e5r, vil bestemmelserne i de yderligere aftaler v\u00e6re g\u00e6ldende og have forrang.<\/p>\n<h2 style=\"text-align: left;\">2. Bindinger<\/h2>\n<p style=\"text-align: left;\">Ved at registrere dig, f\u00e5 adgang til eller p\u00e5 anden m\u00e5de bruge denne hjemmeside accepterer du at v\u00e6re bundet af disse vilk\u00e5r og betingelser nedenfor. Ved blot at bruge denne hjemmeside anerkender og accepterer du disse vilk\u00e5r og betingelser. I nogle s\u00e6rlige tilf\u00e6lde kan vi ogs\u00e5 bede dig om at give dit udtrykkelige samtykke.<\/p>\n<h2 style=\"text-align: left;\">3. Elektronisk kommunikation<\/h2>\n<p style=\"text-align: left;\">Ved at bruge denne hjemmeside eller kommunikere med os elektronisk accepterer og anerkender du, at vi kan kommunikere med dig elektronisk p\u00e5 vores hjemmeside eller ved at sende dig en e-mail, og du accepterer, at alle aftaler, meddelelser, afsl\u00f8ringer og anden kommunikation, som vi leverer til dig elektronisk, opfylder ethvert lovkrav, herunder men ikke begr\u00e6nset til kravet om, at s\u00e5dan kommunikation skal v\u00e6re skriftlig.<\/p>\n<h2 style=\"text-align: left;\">4. Intellektuel ejendomsret<\/h2>\n<p style=\"text-align: left;\">Vi eller vores licensgivere ejer og kontrollerer al ophavsret og andre intellektuelle ejendomsrettigheder p\u00e5 hjemmesiden og de data, oplysninger og andre ressourcer, der vises eller er tilg\u00e6ngelige p\u00e5 hjemmesiden.<\/p>\n<p class=\"cmplz-subtitle\" style=\"text-align: left;\">4.1 Alle rettigheder forbeholdes<\/p>\n<p style=\"text-align: left;\">Medmindre det specifikke indhold dikterer andet, tildeles du ikke en licens eller anden rettighed under nogen ophavsret, varem\u00e6rke, patent eller anden intellektuel ejendomsret. Det betyder, at du ikke m\u00e5 bruge, kopiere, reproducere, udf\u00f8re, vise, distribuere, inkorporere i noget elektronisk medium, \u00e6ndre, dekompilere, overf\u00f8re, downloade, transmittere, tjene penge p\u00e5, s\u00e6lge eller markedsf\u00f8re nogen af ressourcerne p\u00e5 dette websted i nogen form uden vores forudg\u00e5ende skriftlige tilladelse, undtagen og kun i det omfang, der er fastsat i obligatoriske lovbestemmelser (s\u00e5som retten til at citere).<\/p>\n<h2 style=\"text-align: left;\">5. Nyhedsbrev<\/h2>\n<p style=\"text-align: left;\">Uanset ovenst\u00e5ende er det muligt at videresende vores nyhedsbrev i elektronisk form til andre personer, som kunne v\u00e6re interesserede i at bes\u00f8ge vores hjemmeside.<\/p>\n<h2 style=\"text-align: left;\">6. Tredjeparts ejendom<\/h2>\n<p style=\"text-align: left;\">Vores hjemmeside kan indeholde hyperlinks eller andre henvisninger til andre parters hjemmesider. Vi kontrollerer eller gennemg\u00e5r ikke indholdet af andre parters hjemmesider, der er linket til denne hjemmeside. Produkter eller tjenester, der tilbydes af andre hjemmesider, er underlagt de g\u00e6ldende vilk\u00e5r og betingelser for disse tredjeparter. Meninger, der udtrykkes, eller materiale, der vises p\u00e5 disse hjemmesider, er ikke n\u00f8dvendigvis godkendt af os.<\/p>\n<p style=\"text-align: left;\">Vi er ikke ansvarlige for privatlivspraksis eller indholdet p\u00e5 disse websteder. Du b\u00e6rer alle risici forbundet med brugen af disse websteder og eventuelle relaterede tredjepartstjenester. Vi p\u00e5tager os intet ansvar for tab eller skade, uanset \u00e5rsag, som f\u00f8lge af din videregivelse af personlige oplysninger til tredjeparter.<\/p>\n<h2 style=\"text-align: left;\">7. Ansvarlig brug<\/h2>\n<p style=\"text-align: left;\">Ved at bes\u00f8ge vores hjemmeside accepterer du kun at bruge den til de tilsigtede form\u00e5l og som tilladt i henhold til disse vilk\u00e5r, eventuelle yderligere aftaler med os og g\u00e6ldende love og regler samt generelt accepteret onlinepraksis og retningslinjer for branchen. Du m\u00e5 ikke bruge vores hjemmeside eller vores tjenester til at bruge, offentligg\u00f8re eller distribuere materiale, der best\u00e5r af (eller er knyttet til) ondsindet computersoftware; bruge data indsamlet fra vores hjemmeside til direkte markedsf\u00f8ringsaktiviteter; eller udf\u00f8re systematiske eller automatiserede dataindsamlingsaktiviteter p\u00e5 eller i relation til vores hjemmeside.<\/p>\n<p style=\"text-align: left;\">Det er strengt forbudt at deltage i nogen aktivitet, der for\u00e5rsager eller kan for\u00e5rsage skade p\u00e5 webstedet, eller som forstyrrer ydeevnen, tilg\u00e6ngeligheden eller tilg\u00e6ngeligheden af webstedet.<\/p>\n<h2 style=\"text-align: left;\">8. Registrering<\/h2>\n<p style=\"text-align: left;\">Du kan oprette en konto p\u00e5 vores hjemmeside. Under denne proces kan du blive bedt om at v\u00e6lge en adgangskode. Du er ansvarlig for at opretholde fortroligheden af dine adgangskoder og kontooplysninger, og du accepterer ikke at dele dine adgangskoder, kontooplysninger eller beskyttet adgang til vores websted eller tjenester med nogen anden person. Du m\u00e5 ikke tillade nogen anden person at bruge din konto til at f\u00e5 adgang til hjemmesiden, fordi du er ansvarlig for alle aktiviteter, der sker gennem brug af dine adgangskoder eller konto. Du skal straks informere os, hvis du bliver opm\u00e6rksom p\u00e5 nogen videregivelse af din adgangskode.<\/p>\n<p style=\"text-align: left;\">N\u00e5r du har lukket din konto, m\u00e5 du ikke fors\u00f8ge at registrere en ny konto uden vores tilladelse.<\/p>\n<h2 style=\"text-align: left;\">9. Tilbagebetalings- og returneringspolitik<\/h2>\n<p class=\"cmplz-subtitle\" style=\"text-align: left;\">9.1 Ret til tilbagetr\u00e6kning<\/p>\n<p style=\"text-align: left;\">Du har ret til at tr\u00e6kke dig ud af denne kontrakt inden for 14 dage uden at angive nogen grund.<\/p>\n<p style=\"text-align: left;\">Fortrydelsesfristen udl\u00f8ber 14 dage efter den dag, hvor du eller en anden tredjemand end den af dig angivne transport\u00f8r f\u00e5r varerne i fysisk besiddelse.<\/p>\n<p style=\"text-align: left;\">For at ud\u00f8ve din fortrydelsesret skal du informere os om din beslutning om at fortryde denne kontrakt ved en utvetydig erkl\u00e6ring (f.eks. et brev sendt pr. post, fax eller e-mail). Du kan finde vores kontaktoplysninger nedenfor. Du kan bruge den vedh\u00e6ftede skabelon\u00a0<a href=\"https:\/\/grillnbbq.it\/wp-content\/uploads\/complianz\/withdrawal-forms\/withdrawal-form-it.pdf\" target=\"_blank\" rel=\"noopener\">Formular til tilbagetr\u00e6kning<\/a>men det er ikke obligatorisk.<\/p>\n<p style=\"text-align: left;\">Hvis du benytter denne mulighed, vil vi straks underrette dig om modtagelsen af en s\u00e5dan tilbagetr\u00e6kning p\u00e5 et varigt medium (f.eks. via e-mail).<\/p>\n<p style=\"text-align: left;\">For at overholde fortrydelsesfristen er det tilstr\u00e6kkeligt, at du sender din meddelelse om ud\u00f8velse af fortrydelsesretten, inden fortrydelsesfristen er udl\u00f8bet.<\/p>\n<p class=\"cmplz-subtitle\" style=\"text-align: left;\">9.2 Effekter af tilbagetr\u00e6kning<\/p>\n<p style=\"text-align: left;\">Hvis du fortryder denne aftale, refunderer vi alle betalinger modtaget fra dig, herunder leveringsomkostninger (med undtagelse af ekstra omkostninger som f\u00f8lge af dit valg af en anden type levering end den billigste form for standardlevering, som vi tilbyder), uden un\u00f8dig forsinkelse og under alle omst\u00e6ndigheder senest 14 dage fra den dag, hvor vi er blevet informeret om din beslutning om at fortryde denne aftale. Vi foretager en s\u00e5dan tilbagebetaling med samme betalingsmiddel, som du benyttede ved den oprindelige transaktion, medmindre du udtrykkeligt har indvilget i noget andet; under alle omst\u00e6ndigheder vil du ikke blive p\u00e5lagt gebyrer som f\u00f8lge af en s\u00e5dan tilbagebetaling.<\/p>\n<p style=\"text-align: left;\">Vi afhenter varerne.<\/p>\n<p style=\"text-align: left;\">Du skal afholde de direkte omkostninger ved at returnere varerne.<\/p>\n<p style=\"text-align: left;\">Du h\u00e6fter kun for den forringelse af varens v\u00e6rdi, som skyldes anden h\u00e5ndtering, end hvad der er n\u00f8dvendigt for at fastsl\u00e5 varens art, egenskaber og den m\u00e5de, den fungerer p\u00e5.<\/p>\n<p style=\"text-align: left;\">Bem\u00e6rk venligst, at der er nogle juridiske undtagelser fra fortrydelsesretten, og at nogle varer derfor ikke kan returneres eller byttes. Vi giver dig besked, hvis det er tilf\u00e6ldet i netop dit tilf\u00e6lde.<\/p>\n<h2 style=\"text-align: left;\">10. Indsendelse af id\u00e9er<\/h2>\n<p style=\"text-align: left;\">Indsend ikke ideer, opfindelser, forfatterskaber eller andre oplysninger, der kan betragtes som din egen intellektuelle ejendom, som du \u00f8nsker at indsende til os, medmindre vi f\u00f8rst har underskrevet en aftale om intellektuel ejendom eller en fortrolighedsaftale. Hvis du videregiver det til os uden en s\u00e5dan skriftlig aftale, giver du os en verdensomsp\u00e6ndende, uigenkaldelig, ikke-eksklusiv, royaltyfri licens til at bruge, reproducere, gemme, tilpasse, udgive, overs\u00e6tte og distribuere dit indhold i ethvert eksisterende eller fremtidigt medie.<\/p>\n<h2 style=\"text-align: left;\">11. Oph\u00f8r af brug<\/h2>\n<p style=\"text-align: left;\">Vi kan, efter eget sk\u00f8n, til enhver tid \u00e6ndre eller afslutte din adgang, midlertidigt eller permanent, til hjemmesiden eller enhver tjeneste p\u00e5 den. Du accepterer, at vi ikke er ansvarlige over for dig eller nogen tredjepart for nogen \u00e6ndring, suspension eller afbrydelse af din adgang til eller brug af webstedet eller noget indhold, som du m\u00e5tte have delt p\u00e5 webstedet. Du vil ikke v\u00e6re berettiget til nogen kompensation eller anden betaling, selv hvis nogen funktioner, indstillinger og\/eller noget indhold, som du har bidraget med eller stolet p\u00e5, g\u00e5r permanent tabt. Du m\u00e5 ikke omg\u00e5 eller omg\u00e5, eller fors\u00f8ge at omg\u00e5 eller omg\u00e5, nogen adgangsbegr\u00e6nsende foranstaltninger p\u00e5 vores hjemmeside.<\/p>\n<h2 style=\"text-align: left;\">12. Garantier og ansvar<\/h2>\n<p style=\"text-align: left;\">Intet i dette afsnit skal begr\u00e6nse eller udelukke nogen garanti, der er underforst\u00e5et ved lov, som det ville v\u00e6re ulovligt at begr\u00e6nse eller udelukke. Denne hjemmeside og alt indhold p\u00e5 hjemmesiden leveres \"som det er\" og \"som det er tilg\u00e6ngeligt\" og kan indeholde un\u00f8jagtigheder eller typografiske fejl. Vi fraskriver os udtrykkeligt alle garantier af enhver art, hvad enten de er udtrykkelige eller underforst\u00e5ede, med hensyn til tilg\u00e6ngeligheden, n\u00f8jagtigheden eller fuldst\u00e6ndigheden af indholdet. Vi garanterer ikke, at:<\/p>\n<ul style=\"text-align: left;\">\n<li>denne hjemmeside eller vores produkter eller tjenester opfylder dine behov;<\/li>\n<li>denne hjemmeside vil v\u00e6re tilg\u00e6ngelig p\u00e5 en uafbrudt, rettidig, sikker eller fejlfri m\u00e5de;<\/li>\n<li>kvaliteten af ethvert produkt eller enhver tjeneste, som du k\u00f8ber eller f\u00e5r via denne hjemmeside, vil leve op til dine forventninger.<\/li>\n<\/ul>\n<p style=\"text-align: left;\">Intet p\u00e5 denne hjemmeside udg\u00f8r eller er beregnet til at udg\u00f8re juridisk, \u00f8konomisk eller medicinsk r\u00e5dgivning af nogen art. Hvis du har brug for r\u00e5dgivning, b\u00f8r du konsultere en passende fagperson.<\/p>\n<p style=\"text-align: left;\">De f\u00f8lgende bestemmelser i dette afsnit g\u00e6lder i det maksimale omfang, det er tilladt i henhold til g\u00e6ldende lov, og begr\u00e6nser eller udelukker ikke vores ansvar i forhold til ethvert sp\u00f8rgsm\u00e5l, som det ville v\u00e6re ulovligt eller ulovligt for os at begr\u00e6nse eller udelukke vores ansvar. Under ingen omst\u00e6ndigheder vil vi v\u00e6re ansvarlige for direkte eller indirekte skader (herunder skader for tab af fortjeneste eller indt\u00e6gter, tab eller korruption af data, software eller databaser, eller tab af eller skade p\u00e5 ejendom eller data), som du eller nogen tredjepart p\u00e5drager sig som f\u00f8lge af din adgang til eller brug af vores hjemmeside.<\/p>\n<p style=\"text-align: left;\">Undtagen i det omfang en till\u00e6gsaftale udtrykkeligt angiver det modsatte, er vores maksimale ansvar over for dig for alle skader, der opst\u00e5r som f\u00f8lge af eller i forbindelse med hjemmesiden eller produkter og tjenester, der markedsf\u00f8res eller s\u00e6lges via hjemmesiden, uanset hvilken form for handling, der p\u00e5l\u00e6gger ansvar (uanset om det er i kontrakt, retf\u00e6rdighed, uagtsomhed, fors\u00e6tlig fors\u00f8mmelse, erstatning eller andet), begr\u00e6nset til 500. Denne gr\u00e6nse skal g\u00e6lde samlet for alle dine krav, handlinger og \u00e5rsager til handlinger af enhver art og natur.<\/p>\n<h2 style=\"text-align: left;\">13. Privatlivets fred<\/h2>\n<p style=\"text-align: left;\">For at f\u00e5 adgang til vores hjemmeside og\/eller tjenester kan du blive bedt om at give visse oplysninger om dig selv som en del af registreringsprocessen. Du accepterer, at alle oplysninger, du giver, altid vil v\u00e6re n\u00f8jagtige, korrekte og opdaterede.<\/p>\n<p style=\"text-align: left;\">Vi tager dine personlige data alvorligt og er forpligtet til at beskytte dit privatliv. Vi vil ikke bruge din e-mailadresse til uopfordret post. Enhver e-mail, der sendes af os til dig, vil kun v\u00e6re i forbindelse med levering af aftalte produkter eller tjenester.<\/p>\n<p style=\"text-align: left;\">Vi har udviklet en politik, der tager h\u00f8jde for de bekymringer, du m\u00e5tte have om privatlivets fred. For mere information, se venligst vores\u00a0<a href=\"https:\/\/puzzle3d.co\/dichiarazione-sulla-privacy-ue\/\">Erkl\u00e6ring om beskyttelse af personlige oplysninger<\/a>\u00a0og vores\u00a0<a href=\"https:\/\/puzzle3d.co\/cookie-policy-eu\/\">Politik for cookies.<\/a><\/p>\n<h2 style=\"text-align: left;\">14. Tilg\u00e6ngelighed<\/h2>\n<p style=\"text-align: left;\">Vi er forpligtet til at g\u00f8re det indhold, vi leverer, tilg\u00e6ngeligt for personer med handicap. Hvis du har et handicap og ikke kan f\u00e5 adgang til nogen del af vores hjemmeside p\u00e5 grund af dit handicap, bedes du underrette os ved at inkludere en detaljeret beskrivelse af det problem, du er st\u00f8dt p\u00e5. Hvis problemet er let at identificere og kan l\u00f8ses i overensstemmelse med industristandard IT-v\u00e6rkt\u00f8jer og -teknikker, vil vi l\u00f8se det omg\u00e5ende.<\/p>\n<h2 style=\"text-align: left;\">15. Eksportrestriktioner\/lovlig overholdelse<\/h2>\n<p style=\"text-align: left;\">Adgang til hjemmesiden fra territorier eller lande, hvor indholdet eller k\u00f8b af produkter eller tjenester, der s\u00e6lges p\u00e5 hjemmesiden, er ulovligt, er forbudt. Du m\u00e5 ikke bruge denne hjemmeside i strid med eksportlove og -bestemmelser i Italien.<\/p>\n<h2 style=\"text-align: left;\">16. Affiliate marketing<\/h2>\n<p style=\"text-align: left;\">Via denne hjemmeside kan vi engagere os i affiliate marketing, hvor vi modtager en procentdel eller provision for salg af tjenester eller produkter p\u00e5 eller via denne hjemmeside. Vi kan ogs\u00e5 acceptere sponsorering eller andre former for reklamekompensation fra virksomheder. Form\u00e5let med denne oplysning er at overholde de lovkrav vedr\u00f8rende markedsf\u00f8ring og reklame, der m\u00e5tte g\u00e6lde, s\u00e5som reglerne fra United States Federal Trade Commission.<\/p>\n<h2 style=\"text-align: left;\">17. Opgave<\/h2>\n<p style=\"text-align: left;\">Du m\u00e5 ikke overdrage, overf\u00f8re eller udlicitere nogen af dine rettigheder og\/eller forpligtelser i henhold til disse vilk\u00e5r og betingelser, helt eller delvist, til nogen tredjepart uden vores forudg\u00e5ende skriftlige samtykke. Enhver p\u00e5st\u00e5et overdragelse i strid med dette afsnit vil v\u00e6re ugyldig.<\/p>\n<h2 style=\"text-align: left;\">18. Overtr\u00e6delse af disse vilk\u00e5r og betingelser<\/h2>\n<p style=\"text-align: left;\">Uden at det ber\u00f8rer vores andre rettigheder i henhold til disse vilk\u00e5r og betingelser, kan vi, hvis du p\u00e5 nogen m\u00e5de overtr\u00e6der disse vilk\u00e5r og betingelser, tr\u00e6ffe de foranstaltninger, som vi finder passende for at h\u00e5ndtere overtr\u00e6delsen, herunder midlertidigt eller permanent at suspendere din adgang til webstedet, kontakte din internetudbyder for at anmode om, at de blokerer din adgang til webstedet, og\/eller tage retslige skridt mod dig.<\/p>\n<h2 style=\"text-align: left;\">19. Force majeure<\/h2>\n<p style=\"text-align: left;\">Med undtagelse af forpligtelser til at betale penge, skal ingen forsinkelse, fejl eller undladelse fra nogen af parterne til at udf\u00f8re eller overholde nogen af sine forpligtelser i henhold til disse vilk\u00e5r og betingelser anses for at v\u00e6re et brud p\u00e5 disse vilk\u00e5r og betingelser, hvis og s\u00e5 l\u00e6nge en s\u00e5dan forsinkelse, fejl eller undladelse skyldes en \u00e5rsag uden for den p\u00e5g\u00e6ldende parts rimelige kontrol.<\/p>\n<h2 style=\"text-align: left;\">20. Skadesl\u00f8sholdelse<\/h2>\n<p style=\"text-align: left;\">Du accepterer at skadesl\u00f8sholde, forsvare og holde os skadesl\u00f8se fra og mod alle krav, forpligtelser, skader, tab og udgifter i forbindelse med din overtr\u00e6delse af disse vilk\u00e5r og betingelser og g\u00e6ldende love, herunder intellektuelle ejendomsrettigheder og privatlivsrettigheder. Du vil straks refundere os for vores skader, tab, omkostninger og udgifter i forbindelse med eller som f\u00f8lge af s\u00e5danne krav.<\/p>\n<h2 style=\"text-align: left;\">21. Afkald<\/h2>\n<p style=\"text-align: left;\">Undladelse af at h\u00e5ndh\u00e6ve nogen af bestemmelserne i disse vilk\u00e5r og betingelser og i nogen aftale, eller undladelse af at ud\u00f8ve nogen mulighed for at opsige, skal ikke fortolkes som et afkald p\u00e5 s\u00e5danne bestemmelser og skal ikke p\u00e5virke gyldigheden af disse vilk\u00e5r og betingelser eller nogen aftale eller en del deraf, eller den efterf\u00f8lgende ret til at h\u00e5ndh\u00e6ve nogen individuel bestemmelse.<\/p>\n<h2 style=\"text-align: left;\">22. Sprog<\/h2>\n<p style=\"text-align: left;\">Disse vilk\u00e5r og betingelser skal udelukkende fortolkes og udl\u00e6gges p\u00e5 italiensk. Alle meddelelser og korrespondance skal udelukkende v\u00e6re skrevet p\u00e5 dette sprog.<\/p>\n<h2 style=\"text-align: left;\">23. Omfattende aftale<\/h2>\n<p style=\"text-align: left;\">Disse vilk\u00e5r og betingelser udg\u00f8r sammen med vores fortrolighedserkl\u00e6ring og cookiepolitik hele aftalen mellem dig og MEDDYS di Saca Eugeniu &amp;C SNC i forbindelse med din brug af denne hjemmeside.<\/p>\n<h2 style=\"text-align: left;\">24. Opdatering af disse vilk\u00e5r og betingelser<\/h2>\n<p style=\"text-align: left;\">Vi kan opdatere disse vilk\u00e5r og betingelser fra tid til anden. Det er din pligt at kontrollere disse vilk\u00e5r og betingelser med j\u00e6vne mellemrum for eventuelle \u00e6ndringer eller opdateringer. Den dato, der er angivet \u00f8verst i disse vilk\u00e5r og betingelser, er den seneste revisionsdato. \u00c6ndringer i disse vilk\u00e5r og betingelser tr\u00e6der i kraft, n\u00e5r s\u00e5danne \u00e6ndringer offentligg\u00f8res p\u00e5 denne hjemmeside. Din fortsatte brug af denne hjemmeside efter offentligg\u00f8relse af \u00e6ndringer eller opdateringer vil blive anset for at udg\u00f8re din aftale om at overholde og v\u00e6re bundet af disse vilk\u00e5r og betingelser.<\/p>\n<h2 style=\"text-align: left;\">25. Lovvalg og jurisdiktion<\/h2>\n<p style=\"text-align: left;\">Disse vilk\u00e5r og betingelser er underlagt lovgivningen i Italien. Enhver tvist i forbindelse med disse vilk\u00e5r og betingelser skal v\u00e6re underlagt jurisdiktionen for domstolene i Italien. Hvis en domstol eller anden myndighed finder, at en del af eller en bestemmelse i disse vilk\u00e5r og betingelser er ugyldig og\/eller ikke kan h\u00e5ndh\u00e6ves i henhold til g\u00e6ldende lovgivning, skal en s\u00e5dan del eller bestemmelse \u00e6ndres, slettes og\/eller h\u00e5ndh\u00e6ves i det maksimale omfang, det er tilladt, s\u00e5 hensigten med disse vilk\u00e5r og betingelser opfyldes. Andre bestemmelser p\u00e5virkes ikke.<\/p>\n<h2 style=\"text-align: left;\">26. Kontaktoplysninger<\/h2>\n<p style=\"text-align: left;\">Denne hjemmeside ejes og drives af MEDDYS di Saca Eugeniu &amp;C SNC.<\/p>\n<p style=\"text-align: left;\">Du kan kontakte os vedr\u00f8rende disse vilk\u00e5r og betingelser ved at skrive eller sende en e-mail til os p\u00e5 f\u00f8lgende adresse: info@puzzle3d.co<\/p>\n<p style=\"text-align: left;\">Adresse:<\/p>\n<h4 style=\"text-align: left;\"><strong>3D-puslespil<br \/><\/strong>(MEDDYS SNC)<\/h4>\n<p style=\"text-align: left;\"><span id=\"Via_Cipro_125124_BresciaItalia\">Via Bologna, 10<br \/>25073 Bovezzo (BS)<br \/><\/span>Italien<\/p>\n<p style=\"text-align: left;\">https:\/\/puzzle3d.co<br \/>support@puzzle3d.co<br \/>Tlf. +39 371 5394 647<\/p>\n<\/div>\n\t\t<\/div>\n\t\t\t\t\t<\/div>\n\n\t\n<\/div>\n\t\t<\/div>\n\n\t\t\n<style>\n#section_1334450350 {\n  padding-top: 60px;\n  padding-bottom: 60px;\n  min-height: 300px;\n  background-color: rgb(245, 245, 245);\n}\n<\/style>\n\t<\/section>","protected":false},"excerpt":{"rendered":"","protected":false},"author":10,"featured_media":0,"parent":0,"menu_order":0,"comment_status":"closed","ping_status":"closed","template":"","meta":{"footnotes":""},"class_list":["post-3152","page","type-page","status-publish","hentry"],"_links":{"self":[{"href":"https:\/\/puzzle3d.co\/da\/wp-json\/wp\/v2\/pages\/3152","targetHints":{"allow":["GET"]}}],"collection":[{"href":"https:\/\/puzzle3d.co\/da\/wp-json\/wp\/v2\/pages"}],"about":[{"href":"https:\/\/puzzle3d.co\/da\/wp-json\/wp\/v2\/types\/page"}],"author":[{"embeddable":true,"href":"https:\/\/puzzle3d.co\/da\/wp-json\/wp\/v2\/users\/10"}],"replies":[{"embeddable":true,"href":"https:\/\/puzzle3d.co\/da\/wp-json\/wp\/v2\/comments?post=3152"}],"version-history":[{"count":0,"href":"https:\/\/puzzle3d.co\/da\/wp-json\/wp\/v2\/pages\/3152\/revisions"}],"wp:attachment":[{"href":"https:\/\/puzzle3d.co\/da\/wp-json\/wp\/v2\/media?parent=3152"}],"curies":[{"name":"wp","href":"https:\/\/api.w.org\/{rel}","templated":true}]}}