{"id":3037,"date":"2023-11-15T18:15:18","date_gmt":"2023-11-15T18:15:18","guid":{"rendered":"https:\/\/puzzle3d.co\/?page_id=3037"},"modified":"2025-02-16T07:14:26","modified_gmt":"2025-02-16T07:14:26","slug":"eu-erklaering-om-beskyttelse-af-personlige-oplysninger","status":"publish","type":"page","link":"https:\/\/puzzle3d.co\/da\/dichiarazione-sulla-privacy-ue\/","title":{"rendered":"Privatlivserkl\u00e6ring (EU)"},"content":{"rendered":"<h1><span id=\"Dichiarazione_sulla_Privacy_UE\"><strong>Privatlivserkl\u00e6ring (EU)<\/strong><\/span><\/h1>\n<p><em>Denne fortrolighedserkl\u00e6ring blev sidst opdateret den 21. oktober 2022 og g\u00e6lder for borgere og lovlige permanente beboere i Det Europ\u00e6iske \u00d8konomiske Samarbejdsomr\u00e5de og Schweiz.<\/em><\/p>\n<p>I denne fortrolighedserkl\u00e6ring forklarer vi, hvad vi g\u00f8r med de data, vi f\u00e5r fra dig via https:\/\/puzzle3d.co. Vi anbefaler, at du l\u00e6ser erkl\u00e6ringen omhyggeligt. Under behandlingen overholder vi kravene i lovgivningen om beskyttelse af personlige oplysninger. Det betyder blandt andet, at:<\/p>\n<ul>\n<li>vi kommunikerer tydeligt \u00e5rsagen til, at vi behandler personlige data. Det g\u00f8r vi ved hj\u00e6lp af denne databeskyttelseserkl\u00e6ring;<\/li>\n<li>Vi tilstr\u00e6ber at begr\u00e6nse indsamlingen af persondata til det, der er n\u00f8dvendigt til legitime form\u00e5l;<\/li>\n<li>Vi beder f\u00f8rst om dit udtrykkelige samtykke til at behandle dine personlige data i tilf\u00e6lde, der kr\u00e6ver dit samtykke;<\/li>\n<li>Vi tr\u00e6ffer passende sikkerhedsforanstaltninger for at beskytte dine personlige data og kr\u00e6ver ogs\u00e5 dette af parter, der behandler personlige data p\u00e5 vores vegne;<\/li>\n<li>vi respekterer din ret til at f\u00e5 adgang til dine personlige data eller til at f\u00e5 dem rettet eller slettet p\u00e5 din anmodning.<\/li>\n<\/ul>\n<p>Hvis du har sp\u00f8rgsm\u00e5l eller gerne vil vide pr\u00e6cis, hvilke data vi gemmer, er du velkommen til at kontakte os.<\/p>\n<ol>\n<li><strong>Form\u00e5l, data og opbevaringsperiode<\/strong><\/li>\n<\/ol>\n<p>Vi kan indsamle eller modtage personlige oplysninger til en r\u00e6kke form\u00e5l, der er relateret til vores forretningsdrift, hvilket kan omfatte f\u00f8lgende: (klik for at udvide)<\/p>\n<h3><span id=\"11_Contatto_8211_Tramite_telefono_posta_email_eo_moduli_web\">1.1 Kontakt - via telefon, post, e-mail og\/eller webformularer<\/span><\/h3>\n<p><strong>Vi bruger f\u00f8lgende data til dette form\u00e5l:<\/strong><\/p>\n<ul>\n<li>Et for- og efternavn<\/li>\n<li>Kontonavn eller alias<\/li>\n<li>Et hus eller en anden fysisk adresse, herunder gadenavn og by<\/li>\n<li>En e-mailadresse<\/li>\n<li>Et telefonnummer<\/li>\n<li>IP-adresse<\/li>\n<li>Oplysninger om internetaktivitet, herunder, men ikke begr\u00e6nset til, browserhistorik, s\u00f8gehistorik og oplysninger om en brugers interaktion med et websted, en applikation eller en reklame p\u00e5 internettet.<\/li>\n<li>Geolokaliseringsdata<\/li>\n<\/ul>\n<p><strong>Det grundlag, som vi behandler data p\u00e5, er:<\/strong><\/p>\n<p><a href=\"https:\/\/cookiedatabase.org\/legal-bases\/#consent\" target=\"_blank\" rel=\"noopener\">Med samtykke.<\/a><\/p>\n<p><strong>Opbevaringsperiode<\/strong><\/p>\n<p>N\u00e5r tjenesten oph\u00f8rer, opbevarer vi disse data i f\u00f8lgende periode: 24 m\u00e5neder.<\/p>\n<h3><span id=\"12_Pagamenti\">1.2 Betalinger<\/span><\/h3>\n<p><strong>Vi bruger f\u00f8lgende data til dette form\u00e5l:<\/strong><\/p>\n<ul>\n<li>Et for- og efternavn<\/li>\n<li>Kontonavn eller alias<\/li>\n<li>Et hus eller en anden fysisk adresse, herunder gadenavn og by<\/li>\n<li>En e-mailadresse<\/li>\n<li>Et telefonnummer<\/li>\n<li>IP-adresse<\/li>\n<li>Oplysninger om internetaktivitet, herunder, men ikke begr\u00e6nset til, browserhistorik, s\u00f8gehistorik og oplysninger om en brugers interaktion med et websted, en applikation eller en reklame p\u00e5 internettet.<\/li>\n<\/ul>\n<p><strong>Det grundlag, som vi behandler data p\u00e5, er:<\/strong><\/p>\n<p><a href=\"https:\/\/cookiedatabase.org\/legal-bases\/#consent\" target=\"_blank\" rel=\"noopener\">Med samtykke.<\/a><\/p>\n<p><strong>Opbevaringsperiode<\/strong><\/p>\n<p>N\u00e5r tjenesten oph\u00f8rer, opbevarer vi disse data i f\u00f8lgende periode: 24 m\u00e5neder.<\/p>\n<h3><span id=\"13_Registrazione_account\">1.3 Registrering af konto<\/span><\/h3>\n<p><strong>Vi bruger f\u00f8lgende data til dette form\u00e5l:<\/strong><\/p>\n<ul>\n<li>Et for- og efternavn<\/li>\n<li>Kontonavn eller alias<\/li>\n<li>Et hus eller en anden fysisk adresse, herunder gadenavn og by<\/li>\n<li>En e-mailadresse<\/li>\n<li>Et telefonnummer<\/li>\n<li>IP-adresse<\/li>\n<li>Oplysninger om internetaktivitet, herunder, men ikke begr\u00e6nset til, browserhistorik, s\u00f8gehistorik og oplysninger om en brugers interaktion med et websted, en applikation eller en reklame p\u00e5 internettet.<\/li>\n<\/ul>\n<p><strong>Det grundlag, som vi behandler data p\u00e5, er:<\/strong><\/p>\n<p><a href=\"https:\/\/cookiedatabase.org\/legal-bases\/#consent\" target=\"_blank\" rel=\"noopener\">Med samtykke.<\/a><\/p>\n<p><strong>Opbevaringsperiode<\/strong><\/p>\n<p>N\u00e5r tjenesten oph\u00f8rer, opbevarer vi disse data i f\u00f8lgende periode: 24 m\u00e5neder.<\/p>\n<h3><span id=\"14_Newsletter\">1.4 Nyhedsbrev<\/span><\/h3>\n<p><strong>Vi bruger f\u00f8lgende data til dette form\u00e5l:<\/strong><\/p>\n<ul>\n<li>Et for- og efternavn<\/li>\n<li>Kontonavn eller alias<\/li>\n<li>Et hus eller en anden fysisk adresse, herunder gadenavn og by<\/li>\n<li>En e-mailadresse<\/li>\n<li>Et telefonnummer<\/li>\n<li>IP-adresse<\/li>\n<li>Oplysninger om internetaktivitet, herunder, men ikke begr\u00e6nset til, browserhistorik, s\u00f8gehistorik og oplysninger om en brugers interaktion med et websted, en applikation eller en reklame p\u00e5 internettet.<\/li>\n<\/ul>\n<p><strong>Det grundlag, som vi behandler data p\u00e5, er:<\/strong><\/p>\n<p><a href=\"https:\/\/cookiedatabase.org\/legal-bases\/#consent\" target=\"_blank\" rel=\"noopener\">Med samtykke.<\/a><\/p>\n<p><strong>Opbevaringsperiode<\/strong><\/p>\n<p>N\u00e5r tjenesten oph\u00f8rer, opbevarer vi disse data i f\u00f8lgende periode: 24 m\u00e5neder.<\/p>\n<h3><span id=\"15_Per_supportare_servizi_o_prodotti_che_un_cliente_vogliono_o_hanno_comprato\">1.5 For at underst\u00f8tte tjenester eller produkter, som en kunde \u00f8nsker eller har k\u00f8bt.<\/span><\/h3>\n<p><strong>Vi bruger f\u00f8lgende data til dette form\u00e5l:<\/strong><\/p>\n<ul>\n<li>Et for- og efternavn<\/li>\n<li>Kontonavn eller alias<\/li>\n<li>Et hus eller en anden fysisk adresse, herunder gadenavn og by<\/li>\n<li>En e-mailadresse<\/li>\n<li>Et telefonnummer<\/li>\n<li>IP-adresse<\/li>\n<li>Oplysninger om internetaktivitet, herunder, men ikke begr\u00e6nset til, browserhistorik, s\u00f8gehistorik og oplysninger om en brugers interaktion med et websted, en applikation eller en reklame p\u00e5 internettet.<\/li>\n<li>Geolokaliseringsdata<\/li>\n<\/ul>\n<p><strong>Det grundlag, som vi behandler data p\u00e5, er:<\/strong><\/p>\n<p><a href=\"https:\/\/cookiedatabase.org\/legal-bases\/#consent\" target=\"_blank\" rel=\"noopener\">Med samtykke.<\/a><\/p>\n<p><strong>Opbevaringsperiode<\/strong><\/p>\n<p>N\u00e5r tjenesten oph\u00f8rer, opbevarer vi disse data i f\u00f8lgende periode: 24 m\u00e5neder.<\/p>\n<h3><span id=\"16_Per_essere_in_grado_di_rispettare_gli_obblighi_legali\">1.6 At v\u00e6re i stand til at overholde juridiske forpligtelser<\/span><\/h3>\n<p><strong>Vi bruger f\u00f8lgende data til dette form\u00e5l:<\/strong><\/p>\n<ul>\n<li>Et for- og efternavn<\/li>\n<li>Kontonavn eller alias<\/li>\n<li>Et hus eller en anden fysisk adresse, herunder gadenavn og by<\/li>\n<li>En e-mailadresse<\/li>\n<li>Et telefonnummer<\/li>\n<li>IP-adresse<\/li>\n<li>Oplysninger om internetaktivitet, herunder, men ikke begr\u00e6nset til, browserhistorik, s\u00f8gehistorik og oplysninger om en brugers interaktion med et websted, en applikation eller en reklame p\u00e5 internettet.<\/li>\n<\/ul>\n<p><strong>Det grundlag, som vi behandler data p\u00e5, er:<\/strong><\/p>\n<p><a href=\"https:\/\/cookiedatabase.org\/legal-bases\/#consent\" target=\"_blank\" rel=\"noopener\">Med samtykke.<\/a><\/p>\n<p><strong>Opbevaringsperiode<\/strong><\/p>\n<p>N\u00e5r tjenesten oph\u00f8rer, opbevarer vi disse data i f\u00f8lgende periode: 24 m\u00e5neder.<\/p>\n<h3><span id=\"17_Compilazione_ed_analisi_di_statistiche_per_migliore_il_sito\">1.7 Udarbejdelse og analyse af statistikker for at forbedre webstedet.<\/span><\/h3>\n<p><strong>Vi bruger f\u00f8lgende data til dette form\u00e5l:<\/strong><\/p>\n<ul>\n<li>Et for- og efternavn<\/li>\n<li>Kontonavn eller alias<\/li>\n<li>Et hus eller en anden fysisk adresse, herunder gadenavn og by<\/li>\n<li>En e-mailadresse<\/li>\n<li>Et telefonnummer<\/li>\n<li>IP-adresse<\/li>\n<li>Oplysninger om internetaktivitet, herunder, men ikke begr\u00e6nset til, browserhistorik, s\u00f8gehistorik og oplysninger om en brugers interaktion med et websted, en applikation eller en reklame p\u00e5 internettet.<\/li>\n<li>Geolokaliseringsdata<\/li>\n<\/ul>\n<p><strong>Det grundlag, som vi behandler data p\u00e5, er:<\/strong><\/p>\n<p><a href=\"https:\/\/cookiedatabase.org\/legal-bases\/#consent\" target=\"_blank\" rel=\"noopener\">Med samtykke.<\/a><\/p>\n<p><strong>Opbevaringsperiode<\/strong><\/p>\n<p>N\u00e5r tjenesten oph\u00f8rer, opbevarer vi disse data i f\u00f8lgende periode: 24 m\u00e5neder.<\/p>\n<h3><span id=\"18_Per_poter_offrire_prodotti_e_servizi_personalizzati\">1.8 At kunne tilbyde skr\u00e6ddersyede produkter og tjenester<\/span><\/h3>\n<p><strong>Vi bruger f\u00f8lgende data til dette form\u00e5l:<\/strong><\/p>\n<ul>\n<li>Et for- og efternavn<\/li>\n<li>Kontonavn eller alias<\/li>\n<li>Et hus eller en anden fysisk adresse, herunder gadenavn og by<\/li>\n<li>En e-mailadresse<\/li>\n<li>Et telefonnummer<\/li>\n<li>IP-adresse<\/li>\n<li>Oplysninger om internetaktivitet, herunder, men ikke begr\u00e6nset til, browserhistorik, s\u00f8gehistorik og oplysninger om en brugers interaktion med et websted, en applikation eller en reklame p\u00e5 internettet.<\/li>\n<li>Geolokaliseringsdata<\/li>\n<\/ul>\n<p><strong>Det grundlag, som vi behandler data p\u00e5, er:<\/strong><\/p>\n<p><a href=\"https:\/\/cookiedatabase.org\/legal-bases\/#consent\" target=\"_blank\" rel=\"noopener\">Med samtykke.<\/a><\/p>\n<p><strong>Opbevaringsperiode<\/strong><\/p>\n<p>N\u00e5r tjenesten oph\u00f8rer, opbevarer vi disse data i f\u00f8lgende periode: 24 m\u00e5neder.<\/p>\n<ol start=\"2\">\n<li><strong>Sm\u00e5kager<\/strong><\/li>\n<\/ol>\n<p>Vores hjemmeside bruger cookies. For mere information om cookies, se venligst vores Cookiepolitik.<\/p>\n<p>Vi har indg\u00e5et en databehandlingsaftale med Google.<\/p>\n<p>Google kan ikke bruge dataene til andre Google-tjenester.<\/p>\n<ol start=\"3\">\n<li><strong>Sikkerhed<\/strong><\/li>\n<\/ol>\n<p>Vi er forpligtet til at beskytte personoplysninger. Vi tr\u00e6ffer passende sikkerhedsforanstaltninger for at begr\u00e6nse misbrug og uautoriseret adgang til persondata. Dette sikrer, at kun de n\u00f8dvendige personer har adgang til dine data, at adgangen til dataene er beskyttet, og at vores sikkerhedsforanstaltninger regelm\u00e6ssigt gennemg\u00e5s.<\/p>\n<ol start=\"4\">\n<li><strong>Tredjeparts hjemmesider<\/strong><\/li>\n<\/ol>\n<p>Denne fortrolighedserkl\u00e6ring g\u00e6lder ikke for tredjepartswebsteder, der er linket til vores websted. Vi kan ikke garantere, at disse tredjeparter h\u00e5ndterer dine personlige data p\u00e5lideligt og sikkert. Vi r\u00e5der dig til at l\u00e6se fortrolighedserkl\u00e6ringerne p\u00e5 disse hjemmesider, f\u00f8r du bruger dem.<\/p>\n<ol start=\"5\">\n<li><strong>B\u00f8der p\u00e5 denne fortrolighedserkl\u00e6ring.<\/strong><\/li>\n<\/ol>\n<p>Vi forbeholder os ret til at foretage \u00e6ndringer i denne fortrolighedserkl\u00e6ring. Vi anbefaler, at du l\u00e6ser denne fortrolighedserkl\u00e6ring regelm\u00e6ssigt, s\u00e5 du er opm\u00e6rksom p\u00e5 eventuelle \u00e6ndringer. Derudover vil vi aktivt informere dig, hvor det er muligt.<\/p>\n<ol start=\"6\">\n<li><strong>Adgang til og redigering af dine data<\/strong><\/li>\n<\/ol>\n<p>Hvis du har sp\u00f8rgsm\u00e5l eller gerne vil vide pr\u00e6cis, hvilke personlige data vi har om dig, bedes du kontakte os.<\/p>\n<ul>\n<li>Du har ret til at vide, hvorn\u00e5r dine personlige data er n\u00f8dvendige, hvad der sker med dem, og hvor l\u00e6nge de vil blive opbevaret.<\/li>\n<li>Ret til adgang: Du har ret til at f\u00e5 adgang til dine personlige data, som vi har kendskab til.<\/li>\n<li>Ret til berigtigelse: Du har ret til at supplere, rette, slette eller blokere dine personlige data, n\u00e5r du \u00f8nsker det.<\/li>\n<li>Hvis du har sp\u00f8rgsm\u00e5l eller problemer med tilg\u00e6ngeligheden af hjemmesiden, s\u00e5 t\u00f8v ikke med at kontakte os.<\/li>\n<li>Ret til at overf\u00f8re dine data: Du har ret til at anmode om alle dine data fra den dataansvarlige og overf\u00f8re dem alle til en anden dataansvarlig.<\/li>\n<li>Ret til indsigelse: Du har ret til at g\u00f8re indsigelse mod behandlingen af dine data. Vi vil respektere dette valg, medmindre der er et gyldigt grundlag for behandlingen.<\/li>\n<\/ul>\n<p>S\u00f8rg for, at du altid tydeligt angiver, hvem du er, s\u00e5 du kan v\u00e6re sikker p\u00e5 ikke at slette eller \u00e6ndre data for en forkert person.<\/p>\n<ol start=\"7\">\n<li><strong>Afsendelse af en klage<\/strong><\/li>\n<\/ol>\n<p>Hvis du ikke er tilfreds med, hvordan vi h\u00e5ndterer (en klage over) behandlingen af dine personoplysninger, har du ret til at sende en klage til Datatilsynet.<\/p>\n<ol start=\"8\">\n<li><strong>Kontaktoplysninger<\/strong><\/li>\n<\/ol>\n<p><strong>PUZZLE3D.CO<\/strong><br \/>\n<span style=\"font-size: 75%;\">(MEDDYS SNC)<\/span><\/p>\n<p>Via Bologna 10<br \/>\nBovezzo (BS) 25073<br \/>\nItalien<\/p>\n<p>Hjemmeside: https:\/\/puzzle3d.co<br \/>\nE-mail: support@puzzle3d.co<br \/>\nTelefonnummer: 371 5394 647<\/p>","protected":false},"excerpt":{"rendered":"<p>Dichiarazione sulla Privacy (UE) Questa dichiarazione sulla privacy \u00e8 stata aggiornata l\u2019ultima volta il Ottobre 21, 2022 e si applica ai cittadini e ai residenti permanenti legali dello Spazio Economico Europeo e della Svizzera In questa dichiarazione sulla privacy, spieghiamo cosa facciamo con i dati che otteniamo da te attraverso\u00a0https:\/\/puzzle3d.co\u00a0Ti consigliamo di leggere attentamente la [&#8230;]\n","protected":false},"author":10,"featured_media":0,"parent":0,"menu_order":0,"comment_status":"closed","ping_status":"closed","template":"","meta":{"footnotes":""},"class_list":["post-3037","page","type-page","status-publish","hentry"],"_links":{"self":[{"href":"https:\/\/puzzle3d.co\/da\/wp-json\/wp\/v2\/pages\/3037","targetHints":{"allow":["GET"]}}],"collection":[{"href":"https:\/\/puzzle3d.co\/da\/wp-json\/wp\/v2\/pages"}],"about":[{"href":"https:\/\/puzzle3d.co\/da\/wp-json\/wp\/v2\/types\/page"}],"author":[{"embeddable":true,"href":"https:\/\/puzzle3d.co\/da\/wp-json\/wp\/v2\/users\/10"}],"replies":[{"embeddable":true,"href":"https:\/\/puzzle3d.co\/da\/wp-json\/wp\/v2\/comments?post=3037"}],"version-history":[{"count":0,"href":"https:\/\/puzzle3d.co\/da\/wp-json\/wp\/v2\/pages\/3037\/revisions"}],"wp:attachment":[{"href":"https:\/\/puzzle3d.co\/da\/wp-json\/wp\/v2\/media?parent=3037"}],"curies":[{"name":"wp","href":"https:\/\/api.w.org\/{rel}","templated":true}]}}