{"id":1249,"date":"2023-02-09T10:27:01","date_gmt":"2023-02-09T10:27:01","guid":{"rendered":"https:\/\/puzzle3d.co\/politica-de-confidentialitate-ro-copy\/"},"modified":"2025-02-16T07:14:42","modified_gmt":"2025-02-16T07:14:42","slug":"fortrydelsesret","status":"publish","type":"page","link":"https:\/\/puzzle3d.co\/da\/diritto-di-recesso\/","title":{"rendered":"Ret til tilbagetr\u00e6kning"},"content":{"rendered":"<header class=\"entry-header ast-no-thumbnail ast-no-meta\">\n<h1 class=\"h3-classico-pag\"><span id=\"Diritto_di_recessodirettiva_201183UE_ratificata_in_Italia_con_il_D_LGS_21_febbraio_2014_N_21\"><strong>Fortrydelsesret<\/strong><\/span><\/h1>\n<div><strong>LEVERING<\/strong><\/div>\n<div>\u00a0<\/div>\n<div>Produkterne leveres med hurtig kurertjeneste. Den maksimale v\u00e6rdi af Puzzle 3D's forpligtelser over for enhver kunde i tilf\u00e6lde af manglende levering eller ukorrekt levering af k\u00f8bte produkter er det bel\u00f8b, der er indsamlet af vores virksomhed fra den respektive kunde. I tilf\u00e6lde af at priser eller andre produktoplysninger vises forkert, ogs\u00e5 p\u00e5 grund af at de er indtastet forkert i databasen, forbeholder Puzzle3D.co sig retten til at annullere leveringen af det respektive produkt og underrette kunden s\u00e5 hurtigt som muligt. om den fejl, der er opst\u00e5et.<\/div>\n<div>\u00a0<\/div>\n<div><strong>Efterkravsordrer, der ikke er bekr\u00e6ftet telefonisk, vil blive annulleret.<\/strong><\/div>\n<div>\u00a0<\/div>\n<div>Leveringsomkostningerne er 3,95 euro for ordrer op til 80 lei, uanset v\u00e6gt eller leveringsadresse.<\/div>\n<div>Bestillinger til en v\u00e6rdi af over 80 Euro har gratis levering.<\/div>\n<div>Ordrer afgivet pr. efterkrav, som ikke er bekr\u00e6ftet pr. telefon, annulleres.<\/div>\n<div>Produkter bestilt fra webstedet leveres, s\u00e5 snart ordren er blevet bekr\u00e6ftet af dig via telefon til en af vores operat\u00f8rer.<\/div>\n<div>Fra det \u00f8jeblik din ordre er bekr\u00e6ftet, vil du blive kontaktet via e-mail eller telefon, og du vil derefter have dit AWB-nummer og v\u00e6re i stand til at spore, hvor din pakke er direkte p\u00e5 kur\u00e9rens hjemmeside.<\/div>\n<div>\u00a0<\/div>\n<div>Leveringstiden for produkter afh\u00e6nger af det respektive lager. Normalt vil du modtage produktet derhjemme inden for 24-48 timer efter ordrebekr\u00e6ftelse, hvis det p\u00e5g\u00e6ldende produkt er p\u00e5 vores lager. Hvis produktet i nogle tilf\u00e6lde ikke er p\u00e5 lager, vil en operat\u00f8r informere dig via telefon eller e-mail om leveringstiden for de bestilte produkter.<\/div>\n<h3 class=\"h3-classico-pag\"><span id=\"Diritto_di_recessodirettiva_201183UE_ratificata_in_Italia_con_il_D_LGS_21_febbraio_2014_N_21\">(Direktiv 2011\/83\/EU, ratificeret i Italien ved lovdekret nr. 21 af 21. februar 2014)<\/span><\/h3>\n<p class=\"p-classico-pag\">'Forbrugeren' (dvs. en fysisk person, der k\u00f8ber varer til form\u00e5l, der ikke er relateret til hans eller hendes professionelle aktivitet, dvs. som ikke foretager k\u00f8bet ved at angive et momsnummer p\u00e5 ordresedlen), har ret til at tr\u00e6kke sig fra k\u00f8bskontrakten, der er indg\u00e5et p\u00e5 afstand, uden at skulle give grunde og uden straf.<\/p>\n<p class=\"p-classico-pag\">Ved modtagelse af varerne har forbrugeren <strong>14 dage<\/strong> at meddele deres \u00f8nske om at ud\u00f8ve deres fortrydelsesret. Meddelelsen kan f.eks. gives i form af en servicebillet, anbefalet brev eller e-mail. Meddelelsen skal indeholde k\u00f8bers for- og efternavn, ordrenummer, fakturanummer og k\u00f8bsdato.<\/p>\n<p class=\"p-classico-pag\">Forbrugeren er forpligtet til at returnere produkterne i samme stand, som de blev modtaget, med original emballage (intakt og komplet i alle deres dele, da de anses for at v\u00e6re integrerede dele af varerne), manualer, tilbeh\u00f8r, komponenter, n\u00f8gler og alt andet, der blev leveret, uden mangler.<\/p>\n<p class=\"p-classico-pag\">Forbrugeren h\u00e6fter kun for eventuel forringelse af varens v\u00e6rdi, som skyldes anden h\u00e5ndtering, end hvad der er n\u00f8dvendigt for at fastsl\u00e5 varens art, egenskaber og den m\u00e5de, den fungerer p\u00e5.<br \/>I tilf\u00e6lde af at varerne er \u00e5benlyst brugte og\/eller har manglende eller intakt emballage, vil den deraf f\u00f8lgende kommercielle devaluering ved genmarkedsf\u00f8ring som et \"brugt produkt\" f\u00f8re til en reduktion i v\u00e6rdien.<\/p>\n<p class=\"p-classico-pag\">For at begr\u00e6nse skaderne p\u00e5 den originale emballage foresl\u00e5r vi, at den s\u00e5 vidt muligt l\u00e6gges i en anden kasse, og at man under alle omst\u00e6ndigheder undg\u00e5r at s\u00e6tte etiketter eller tape direkte p\u00e5 den originale produktemballage.<\/p>\n<p class=\"p-classico-pag\">Inden for 14 dage fra meddelelsen om fortrydelse skal forbrugeren s\u00f8rge for, at produktet returneres til Puzzle 3D (MEDDYS SNC ) - Via Bologna 10, 25073 Bovezzo (BS), Italien, af sin egen spedit\u00f8r. Returomkostningerne skal b\u00e6res af forbrugeren.<br \/>Indtil bekr\u00e6ftelse af modtagelse p\u00e5 ovenn\u00e6vnte adresse rejser varerne under forbrugerens ansvar; det tilr\u00e5des derfor at forsikre returforsendelsen mod tyveri, tab eller skade under transport, som AgriEuro ikke p\u00e5tager sig noget ansvar for.<\/p>\n<p class=\"p-classico-pag\">Inden for 14 dage efter modtagelsen af varerne refunderer vi kunden det fulde transaktionsbel\u00f8b (med forbehold for de begr\u00e6nsninger, der er angivet ovenfor) ved hj\u00e6lp af den samme betalingsmetode, der blev brugt til det oprindelige k\u00f8b. Tilbagebetalingen kan blive suspenderet, indtil forbrugeren har bevist, at han\/hun rent faktisk har sendt varerne tilbage.<\/p>\n<h3 class=\"h3-classico-pag\"><span id=\"Recesso_del_Fornitore\"><strong>Leverand\u00f8rens tilbagetr\u00e6kning<\/strong><\/span><\/h3>\n<p class=\"p-classico-pag\">MEDDYS SNC har ret til at tr\u00e6kke sig ud af salgsaftalen ved at give kunden en simpel begrundet meddelelse i tilf\u00e6lde af force majeure eller overh\u00e6ngende umulighed, der ikke kan tilskrives onlinebutikken eller transport\u00f8ren. I s\u00e5danne tilf\u00e6lde har kunden kun ret til refusion af allerede betalte bel\u00f8b.<\/p>\n<div><strong>\u00a0<\/strong><\/div>\n<div><strong>HVORDAN RETURNERER MAN PRODUKTET?<\/strong><\/div>\n<div>\u00a0<\/div>\n<div>I henhold til de g\u00e6ldende GEO 34\/2014-regler kan du returnere produkter k\u00f8bt p\u00e5 Puzzle3D.co inden for 14 dage efter k\u00f8bet.<\/div>\n<div>\u00a0<\/div>\n<div>Produktet kan returneres p\u00e5 f\u00f8lgende betingelser:<\/div>\n<div>\u00a0<\/div>\n<div>ingen tegn p\u00e5 samling, ridser, buler<\/div>\n<div>intakt emballage, etiketter og tilbeh\u00f8r<\/div>\n<div>ikke at vise tegn p\u00e5 brug<\/div>\n<div>Produktet kan kun returneres, hvis det er i perfekt stand (inklusive emballage) og ikke viser tegn p\u00e5 slitage. I tilf\u00e6lde af afvisning af produktet bedes du kontakte os inden for 24 timer efter modtagelsen via telefon eller e-mail for at fastl\u00e6gge returoplysningerne.<\/div>\n<div>\u00a0<\/div>\n<div>Returomkostningerne afholdes af kunden, og tilbagebetalingen af varens v\u00e6rdi vil ske inden for ca. 5-7 arbejdsdage og m\u00e5 ikke overstige den lovbestemte frist p\u00e5 14 dage.<\/div>\n<div>\u00a0<\/div>\n<div>Hvis det returnerede produkt er beskadiget, viser tydelige tegn p\u00e5 brug og ikke kan s\u00e6lges som et nyt produkt, forbeholder vi os ret til at afvise produktet. Alle disse klausuler og betingelser er fastsat i:<\/div>\n<div>\u00a0<\/div>\n<div>N\u00f8dforordning nr. 34\/2014 om den juridiske ordning for fjernkontrakter.<\/div>\n<div>\u00a0<\/div>\n<div>Kontakt os venligst via e-mail: support@puzzle3D.co<\/div>\n<div>Produktets returadresse:<\/div>\n<div>\u00a0<\/div>\n<div>Via Bologna 10<\/div>\n<div>Bovezz (BS) 25073<\/div>\n<div>Italien<\/div>\n<div>\u00a0<\/div>\n<div>OBS: Send ikke produktet, f\u00f8r du har f\u00e5et samtykke fra returafdelingen, returadressen kan v\u00e6re forskellig fra virksomhedens adresse!<\/div>\n<div>\u00a0<\/div>\n<div>HVORDAN REFUNDERER VI DINE PENGE?<\/div>\n<div>\u00a0<\/div>\n<div>for ordrer betalt med kort online - ved tilbagebetaling til den bankkonto, hvorfra betalingen blev foretaget<\/div>\n<div>for ordrer betalt pr. efterkrav\/iTransfer\/- ved bankoverf\u00f8rsel<\/div>\n<div>Puzzle3D.co kan udskyde tilbagebetalingen af bel\u00f8bet indtil modtagelse af de solgte varer eller indtil modtagelse af beviset for forsendelse af samme, hvis det ikke har tilbudt at afhente varerne selv (alt efter hvad der er senest). .<\/div>\n<div>\u00a0<\/div>\n<div>Hvis et produkt bestilt af k\u00f8ber ikke kan leveres af s\u00e6lger, skal s\u00e6lger informere kunden\/k\u00f8beren om dette og returnere modv\u00e6rdien af produktet til k\u00f8bers konto inden for maksimalt 14 dage fra den dato, hvor s\u00e6lger blev opm\u00e6rksom p\u00e5 dette faktum.<\/div>\n<\/header>\n<p>\u00a0<\/p>\n<div class=\"is-divider divider clearfix\" style=\"max-width:0px;height:25px;background-color:rgb(255, 255, 255);\"><\/div>","protected":false},"excerpt":{"rendered":"<p>Diritto di recesso CONSEGNA \u00a0 La consegna dei prodotti viene effettuata tramite corriere veloce. Il valore massimo degli obblighi di Puzzle 3D nei confronti di qualsiasi cliente in caso di mancata consegna o consegna impropria dei prodotti acquistati \u00e8 l&#8217;importo riscosso dalla nostra azienda dal rispettivo cliente. Nel caso in cui i prezzi o altri [&#8230;]\n","protected":false},"author":10,"featured_media":0,"parent":0,"menu_order":0,"comment_status":"closed","ping_status":"closed","template":"","meta":{"slim_seo":{"title":"Ret til tilbagetr\u00e6kning - 3D-puslespil","description":"'Forbrugeren' (dvs. en fysisk person, der k\u00f8ber varer til form\u00e5l, der ikke er relateret til hans eller hendes professionelle aktivitet, dvs. som ikke foretager k\u00f8bet ved at angive et momsnummer p\u00e5 ordresedlen), har ret til at tr\u00e6kke sig fra k\u00f8bskontrakten, der er indg\u00e5et p\u00e5 afstand, uden at skulle give grunde og uden straf."},"footnotes":""},"class_list":["post-1249","page","type-page","status-publish","hentry"],"_links":{"self":[{"href":"https:\/\/puzzle3d.co\/da\/wp-json\/wp\/v2\/pages\/1249","targetHints":{"allow":["GET"]}}],"collection":[{"href":"https:\/\/puzzle3d.co\/da\/wp-json\/wp\/v2\/pages"}],"about":[{"href":"https:\/\/puzzle3d.co\/da\/wp-json\/wp\/v2\/types\/page"}],"author":[{"embeddable":true,"href":"https:\/\/puzzle3d.co\/da\/wp-json\/wp\/v2\/users\/10"}],"replies":[{"embeddable":true,"href":"https:\/\/puzzle3d.co\/da\/wp-json\/wp\/v2\/comments?post=1249"}],"version-history":[{"count":0,"href":"https:\/\/puzzle3d.co\/da\/wp-json\/wp\/v2\/pages\/1249\/revisions"}],"wp:attachment":[{"href":"https:\/\/puzzle3d.co\/da\/wp-json\/wp\/v2\/media?parent=1249"}],"curies":[{"name":"wp","href":"https:\/\/api.w.org\/{rel}","templated":true}]}}