{"id":942,"date":"2023-01-31T09:32:58","date_gmt":"2023-01-31T09:32:58","guid":{"rendered":"https:\/\/puzzle3d.co\/product\/kinetic-globe-puzzle-3d-copy\/"},"modified":"2025-06-11T19:04:17","modified_gmt":"2025-06-11T19:04:17","slug":"mechanicky-vetrny-mlyn-3d-skladacka","status":"publish","type":"product","link":"https:\/\/puzzle3d.co\/cs\/prodotto\/mulino-a-vento-meccanico-puzzle-3d\/","title":{"rendered":"D\u0159ev\u011bn\u00fd mechanick\u00fd v\u011btrn\u00fd ml\u00fdn k sestaven\u00ed 227 kus\u016f"},"content":{"rendered":"<div>\n<div>\n<div>\n<p><strong>D\u0159ev\u011bn\u00fd mechanick\u00fd v\u011btrn\u00fd ml\u00fdn k sestaven\u00ed 227 kus\u016f<\/strong><\/p>\n<\/div>\n<div><\/div>\n<div>V\u011btrn\u00e9 ml\u00fdny zachr\u00e1nily Nizozemsko p\u0159ed povodn\u011bmi.<\/div>\n<div><\/div>\n<div>Jak by to mohlo \"zachr\u00e1nit\" i v\u00e1s?<\/div>\n<div><\/div>\n<div>Sestavte si v\u011btrn\u00fd ml\u00fdn, kdy\u017e chcete uniknout rutin\u011b, sledujte, jak se vrtule ot\u00e1\u010d\u00ed, kdy\u017e jste unaven\u00ed, nebo prost\u011b darujte v\u011btrn\u00fd ml\u00fdn n\u011bkomu bl\u00edzk\u00e9mu a on v\u00e1m bude velmi vd\u011b\u010dn\u00fd.<\/div>\n<div><\/div>\n<div>Ide\u00e1ln\u00ed d\u00e1rek pro milovn\u00edky p\u0159\u00edrody<\/div>\n<div><\/div>\n<div>M\u016f\u017eete ji sestavit spole\u010dn\u011b se sv\u00fdm d\u00edt\u011btem. V\u00e1\u0161 mal\u00fd par\u0165\u00e1k bude t\u00edmto modelem fascinov\u00e1n a z\u00e1rove\u0148 si bude vypr\u00e1v\u011bt p\u0159\u00edb\u011bh, p\u0159edstavovat si, jak lid\u00e9 p\u0159ed stovkami let mleli obil\u00ed, obiloviny, lisovali olej, drtili tab\u00e1k a dokonce vyr\u00e1b\u011bli pap\u00edr.<\/div>\n<div><\/div>\n<div>Mimochodem, prvn\u00ed v\u011btrn\u00e9 ml\u00fdny byly vynalezeny kolem 9. stolet\u00ed ve star\u00e9 Persii a do Evropy se roz\u0161\u00ed\u0159ily kolem 18. stolet\u00ed.<\/div>\n<div><\/div>\n<div>V\u011btrn\u00fd ml\u00fdn je kus n\u00e1bytku, kter\u00fd budete cht\u00edt vystavit tam, kde tr\u00e1v\u00edte v\u011bt\u0161inu \u010dasu.<\/div>\n<div><\/div>\n<\/div>\n<div>\n<div><strong>PODROBNOSTI O PRODUKTU:<\/strong><\/div>\n<div><\/div>\n<div>Rozm\u011bry modelu: 195*340*400 mm<\/div>\n<div>Rozm\u011bry balen\u00ed: 375 x 243 x 20 mm<\/div>\n<div>Po\u010det kus\u016f: 227<\/div>\n<\/div>\n<\/div>\n<div>\n<div><\/div>\n<\/div>","protected":false},"excerpt":{"rendered":"<div>Sestavte si v\u011btrn\u00fd ml\u00fdn, kdy\u017e chcete uniknout rutin\u011b, sledujte, jak se vrtule ot\u00e1\u010d\u00ed, kdy\u017e jste unaven\u00ed, nebo prost\u011b darujte v\u011btrn\u00fd ml\u00fdn n\u011bkomu bl\u00edzk\u00e9mu a on v\u00e1m bude velmi vd\u011b\u010dn\u00fd.<\/div>\n<p>&nbsp;<\/p>","protected":false},"featured_media":948,"comment_status":"open","ping_status":"closed","template":"","meta":[],"product_brand":[],"product_cat":[73,74,76,89,90,91],"product_tag":[],"woo-feed-brand":[],"class_list":{"0":"post-942","1":"product","2":"type-product","3":"status-publish","4":"has-post-thumbnail","6":"product_cat-puzzle-3d","7":"product_cat-puzzle-3d-in-legno","8":"product_cat-puzzle-3d-per-bambini","9":"product_cat-puzzle-meccanici-3d-in-legno","10":"product_cat-puzzle-meccanici-per-bambini","11":"product_cat-puzzle-meccanici-per-adulti","13":"first","14":"instock","15":"shipping-taxable","16":"purchasable","17":"product-type-simple"},"_links":{"self":[{"href":"https:\/\/puzzle3d.co\/cs\/wp-json\/wp\/v2\/product\/942","targetHints":{"allow":["GET"]}}],"collection":[{"href":"https:\/\/puzzle3d.co\/cs\/wp-json\/wp\/v2\/product"}],"about":[{"href":"https:\/\/puzzle3d.co\/cs\/wp-json\/wp\/v2\/types\/product"}],"replies":[{"embeddable":true,"href":"https:\/\/puzzle3d.co\/cs\/wp-json\/wp\/v2\/comments?post=942"}],"wp:featuredmedia":[{"embeddable":true,"href":"https:\/\/puzzle3d.co\/cs\/wp-json\/wp\/v2\/media\/948"}],"wp:attachment":[{"href":"https:\/\/puzzle3d.co\/cs\/wp-json\/wp\/v2\/media?parent=942"}],"wp:term":[{"taxonomy":"product_brand","embeddable":true,"href":"https:\/\/puzzle3d.co\/cs\/wp-json\/wp\/v2\/product_brand?post=942"},{"taxonomy":"product_cat","embeddable":true,"href":"https:\/\/puzzle3d.co\/cs\/wp-json\/wp\/v2\/product_cat?post=942"},{"taxonomy":"product_tag","embeddable":true,"href":"https:\/\/puzzle3d.co\/cs\/wp-json\/wp\/v2\/product_tag?post=942"},{"taxonomy":"woo-feed-brand","embeddable":true,"href":"https:\/\/puzzle3d.co\/cs\/wp-json\/wp\/v2\/woo-feed-brand?post=942"}],"curies":[{"name":"wp","href":"https:\/\/api.w.org\/{rel}","templated":true}]}}