{"id":879,"date":"2023-01-26T12:35:38","date_gmt":"2023-01-26T12:35:38","guid":{"rendered":"https:\/\/puzzle3d.co\/product\/t-rex-tyrannosaurus-rex-puzzle-classic-lemn-puzzle-jigsaw-copy\/"},"modified":"2025-06-11T19:04:33","modified_gmt":"2025-06-11T19:04:33","slug":"chameleon-2d-puzzle-drevo","status":"publish","type":"product","link":"https:\/\/puzzle3d.co\/cs\/prodotto\/camaleonte-puzzle-2d-jigsaw-legno\/","title":{"rendered":"D\u0159ev\u011bn\u00e1 skl\u00e1da\u010dka Chameleon 2D , 111 d\u00edlk\u016f"},"content":{"rendered":"<div>\n<p><strong>D\u0159ev\u011bn\u00e1 skl\u00e1da\u010dka Chameleon 2D , 111 d\u00edlk\u016f<\/strong><\/p>\n<div><\/div>\n<\/div>\n<div>\n<div>\n<div>Tento chameleon v\u00e1s m\u016f\u017ee nau\u010dit n\u011bco z\u00e1sadn\u00edho o tom, co jsme za posledn\u00ed t\u0159i roky za\u017eili: p\u0159izp\u016fsobivost.<\/div>\n<div><\/div>\n<div>Nervov\u00fd syst\u00e9m chameleona ovl\u00e1d\u00e1 chromatoforov\u00e9 bu\u0148ky obsahuj\u00edc\u00ed pigmenty a umo\u017e\u0148uje mu m\u011bnit barvu v z\u00e1vislosti na prost\u0159ed\u00ed.<\/div>\n<div><\/div>\n<div>Pokud m\u00e1te chu\u0165 na zm\u011bnu, meditujte p\u0159i skl\u00e1d\u00e1n\u00ed chameleon\u00edho puzzle. Soust\u0159e\u010fte sv\u00e9 my\u0161lenky a mo\u017en\u00e1 pro zm\u011bnu najdete nov\u00e1 \u0159e\u0161en\u00ed.<\/div>\n<div><\/div>\n<div>Chcete-li si vyzkou\u0161et dal\u0161\u00ed v\u00fdzvu a str\u00e1vit v\u00edce \u010dasu sami se sebou, zvolte velikost L, kter\u00e1 se dod\u00e1v\u00e1 s 505 kusy.<\/div>\n<div><\/div>\n<div><\/div>\n<div><strong>PODROBNOSTI O PRODUKTU:<\/strong><\/div>\n<div>Rozm\u011bry modelu: 371*280*5 mm<\/div>\n<div>Rozm\u011bry balen\u00ed: 255 x 192 x 42 mm<\/div>\n<div>Po\u010det kus\u016f: 111<\/div>\n<\/div>\n<div><\/div>\n<\/div>","protected":false},"excerpt":{"rendered":"<p>Tento chameleon v\u00e1s m\u016f\u017ee nau\u010dit n\u011bco z\u00e1sadn\u00edho o tom, co jsme za posledn\u00ed t\u0159i roky za\u017eili: p\u0159izp\u016fsobivost.<\/p>","protected":false},"featured_media":850,"comment_status":"open","ping_status":"closed","template":"","meta":[],"product_brand":[],"product_cat":[80,84,83],"product_tag":[],"woo-feed-brand":[],"class_list":{"0":"post-879","1":"product","2":"type-product","3":"status-publish","4":"has-post-thumbnail","6":"product_cat-puzzle-jigsaw","7":"product_cat-puzzle-jigsaw-in-legno","8":"product_cat-puzzle-jigsaw-bambini","10":"first","11":"instock","12":"shipping-taxable","13":"purchasable","14":"product-type-simple"},"_links":{"self":[{"href":"https:\/\/puzzle3d.co\/cs\/wp-json\/wp\/v2\/product\/879","targetHints":{"allow":["GET"]}}],"collection":[{"href":"https:\/\/puzzle3d.co\/cs\/wp-json\/wp\/v2\/product"}],"about":[{"href":"https:\/\/puzzle3d.co\/cs\/wp-json\/wp\/v2\/types\/product"}],"replies":[{"embeddable":true,"href":"https:\/\/puzzle3d.co\/cs\/wp-json\/wp\/v2\/comments?post=879"}],"wp:featuredmedia":[{"embeddable":true,"href":"https:\/\/puzzle3d.co\/cs\/wp-json\/wp\/v2\/media\/850"}],"wp:attachment":[{"href":"https:\/\/puzzle3d.co\/cs\/wp-json\/wp\/v2\/media?parent=879"}],"wp:term":[{"taxonomy":"product_brand","embeddable":true,"href":"https:\/\/puzzle3d.co\/cs\/wp-json\/wp\/v2\/product_brand?post=879"},{"taxonomy":"product_cat","embeddable":true,"href":"https:\/\/puzzle3d.co\/cs\/wp-json\/wp\/v2\/product_cat?post=879"},{"taxonomy":"product_tag","embeddable":true,"href":"https:\/\/puzzle3d.co\/cs\/wp-json\/wp\/v2\/product_tag?post=879"},{"taxonomy":"woo-feed-brand","embeddable":true,"href":"https:\/\/puzzle3d.co\/cs\/wp-json\/wp\/v2\/woo-feed-brand?post=879"}],"curies":[{"name":"wp","href":"https:\/\/api.w.org\/{rel}","templated":true}]}}