{"id":877,"date":"2023-01-26T12:26:03","date_gmt":"2023-01-26T12:26:03","guid":{"rendered":"https:\/\/puzzle3d.co\/product\/lynx-puzzle-classic-lemn-copy\/"},"modified":"2025-06-11T19:05:15","modified_gmt":"2025-06-11T19:05:15","slug":"t-rex-dinosaurus-skladacka-drevo","status":"publish","type":"product","link":"https:\/\/puzzle3d.co\/cs\/prodotto\/t-rex-dinosauro-puzzle-jigsaw-legno\/","title":{"rendered":"Dinosau\u0159\u00ed 2D puzzle ze d\u0159eva. 129 d\u00edlk\u016f"},"content":{"rendered":"<div>\n<p><strong>2D puzzle T-Rex Dinosaurus ze d\u0159eva, 129 d\u00edlk\u016f<\/strong><\/p>\n<div><\/div>\n<\/div>\n<div>\n<div>\n<div>P\u0159ed 67 nebo 65 miliony let \u017eil v Severn\u00ed Americe slavn\u00fd Tyrannosaurus Rex neboli T-Rex.<\/div>\n<div><\/div>\n<div>Je spojen s p\u0159edstavou velk\u00e9ho a mohutn\u00e9ho dinosaura s impozantn\u00ed \u010delist\u00ed a dlouh\u00fdmi ostr\u00fdmi zuby.<\/div>\n<div><\/div>\n<div>V\u00e1\u017eil asi 6-8 tun a jeho t\u011blo m\u011b\u0159ilo 12-13 metr\u016f.<\/div>\n<div><\/div>\n<div>Neuv\u011b\u0159iteln\u00e9, \u017ee?<\/div>\n<div><\/div>\n<div>Pokud m\u00e1te r\u00e1di dinosaury nebo chcete origin\u00e1ln\u00ed dekoraci do sv\u00e9ho domova, p\u0159\u00edpadn\u011b hled\u00e1te d\u00e1rek pro prav\u011bk\u00e9ho nad\u0161ence, T-rez jist\u011b ocen\u00edte.<\/div>\n<div><\/div>\n<div>Jeho z\u00e1vid\u011bn\u00edhodn\u00e9 zuby p\u0159im\u011bj\u00ed d\u011bti k zodpov\u011bdnosti za zubn\u00ed hygienu.<\/div>\n<div><\/div>\n<div>Mezi dal\u0161\u00edmi d\u00edlky d\u0159ev\u011bn\u00e9ho puzzle pozn\u00e1te dinosaura, l\u00e9taj\u00edc\u00edho netop\u00fdra, klokana.<\/div>\n<div>.<\/div>\n<div><\/div>\n<div><strong>PODROBNOSTI O PRODUKTU:<\/strong><\/div>\n<div>Rozm\u011bry modelu: 400*244*5 mm<\/div>\n<div>Rozm\u011bry balen\u00ed: 255 x 192 x 42 mm<\/div>\n<div>Po\u010det kus\u016f: 129<\/div>\n<\/div>\n<div><\/div>\n<\/div>","protected":false},"excerpt":{"rendered":"<p>T-REX-Tyranosaurus Rex klasick\u00e1 d\u0159ev\u011bn\u00e1 skl\u00e1da\u010dka\/puzzle. Mezi dal\u0161\u00edmi d\u00edlky d\u0159ev\u011bn\u00e9 skl\u00e1da\u010dky pozn\u00e1te dinosaura, l\u00e9taj\u00edc\u00edho netop\u00fdra, klokana.<\/p>","protected":false},"featured_media":858,"comment_status":"open","ping_status":"closed","template":"","meta":[],"product_brand":[],"product_cat":[80,84,83],"product_tag":[],"woo-feed-brand":[],"class_list":{"0":"post-877","1":"product","2":"type-product","3":"status-publish","4":"has-post-thumbnail","6":"product_cat-puzzle-jigsaw","7":"product_cat-puzzle-jigsaw-in-legno","8":"product_cat-puzzle-jigsaw-bambini","10":"first","11":"instock","12":"shipping-taxable","13":"purchasable","14":"product-type-simple"},"_links":{"self":[{"href":"https:\/\/puzzle3d.co\/cs\/wp-json\/wp\/v2\/product\/877","targetHints":{"allow":["GET"]}}],"collection":[{"href":"https:\/\/puzzle3d.co\/cs\/wp-json\/wp\/v2\/product"}],"about":[{"href":"https:\/\/puzzle3d.co\/cs\/wp-json\/wp\/v2\/types\/product"}],"replies":[{"embeddable":true,"href":"https:\/\/puzzle3d.co\/cs\/wp-json\/wp\/v2\/comments?post=877"}],"wp:featuredmedia":[{"embeddable":true,"href":"https:\/\/puzzle3d.co\/cs\/wp-json\/wp\/v2\/media\/858"}],"wp:attachment":[{"href":"https:\/\/puzzle3d.co\/cs\/wp-json\/wp\/v2\/media?parent=877"}],"wp:term":[{"taxonomy":"product_brand","embeddable":true,"href":"https:\/\/puzzle3d.co\/cs\/wp-json\/wp\/v2\/product_brand?post=877"},{"taxonomy":"product_cat","embeddable":true,"href":"https:\/\/puzzle3d.co\/cs\/wp-json\/wp\/v2\/product_cat?post=877"},{"taxonomy":"product_tag","embeddable":true,"href":"https:\/\/puzzle3d.co\/cs\/wp-json\/wp\/v2\/product_tag?post=877"},{"taxonomy":"woo-feed-brand","embeddable":true,"href":"https:\/\/puzzle3d.co\/cs\/wp-json\/wp\/v2\/woo-feed-brand?post=877"}],"curies":[{"name":"wp","href":"https:\/\/api.w.org\/{rel}","templated":true}]}}