{"id":875,"date":"2023-01-26T12:17:36","date_gmt":"2023-01-26T12:17:36","guid":{"rendered":"https:\/\/puzzle3d.co\/product\/panther-puzzle-classic-lemn-copy\/"},"modified":"2025-09-10T09:44:49","modified_gmt":"2025-09-10T09:44:49","slug":"linx-skladacka-drevo","status":"publish","type":"product","link":"https:\/\/puzzle3d.co\/cs\/prodotto\/linx-puzzle-jigsaw-legno\/","title":{"rendered":"Linx Eurasie - 2D d\u0159ev\u011bn\u00e9 puzzle, 139 d\u00edlk\u016f"},"content":{"rendered":"<div><strong>Linx Eurasie - 2D d\u0159ev\u011bn\u00e9 puzzle, 139 d\u00edlk\u016f<\/strong><\/div>\n<div><\/div>\n<div>Mysleli jste si, \u017ee je to lev, ale je to rys, druh divok\u00e9 ko\u010dky, kter\u00e9 se tak\u00e9 \u0159\u00edk\u00e1 \"sn\u011b\u017en\u00fd panter\" nebo \"sn\u011b\u017en\u00e1 ko\u010dka\".<\/div>\n<div><\/div>\n<div>V\u00fdraz \"rys\" lze pou\u017e\u00edt tak\u00e9 pro ozna\u010den\u00ed \u010dlov\u011bka, kter\u00fd je velmi ostra\u017eit\u00fd a pozorn\u00fd nebo kter\u00fd m\u00e1 velmi dobr\u00fd zrak.<\/div>\n<div><\/div>\n<div>Pokud se tedy pova\u017eujete za pozorn\u00e9 a pohotov\u00e9, vyz\u00fdv\u00e1m v\u00e1s, abyste si vyzkou\u0161eli takov\u00fdto klasick\u00fd d\u0159ev\u011bn\u00fd model puzzle, kter\u00fd prov\u011b\u0159\u00ed nejen va\u0161i pozornost k detail\u016fm, ale tak\u00e9 soust\u0159ed\u011bn\u00ed.<\/div>\n<div><\/div>\n<div><strong>PODROBNOSTI O PRODUKTU:<\/strong><\/div>\n<div>Rozm\u011bry modelu: 353*280*5mm<\/div>\n<div>Rozm\u011bry balen\u00ed: 255 x 192 x 42 mm<\/div>\n<div>Po\u010det kus\u016f: 139<\/div>","protected":false},"excerpt":{"rendered":"<p>LYNX - klasick\u00e9 d\u0159ev\u011bn\u00e9 puzzle s divokou ko\u010dkou<\/p>","protected":false},"featured_media":854,"comment_status":"open","ping_status":"closed","template":"","meta":[],"product_brand":[],"product_cat":[80,84,83],"product_tag":[],"woo-feed-brand":[],"class_list":{"0":"post-875","1":"product","2":"type-product","3":"status-publish","4":"has-post-thumbnail","6":"product_cat-puzzle-jigsaw","7":"product_cat-puzzle-jigsaw-in-legno","8":"product_cat-puzzle-jigsaw-bambini","10":"first","11":"instock","12":"shipping-taxable","13":"purchasable","14":"product-type-simple"},"_links":{"self":[{"href":"https:\/\/puzzle3d.co\/cs\/wp-json\/wp\/v2\/product\/875","targetHints":{"allow":["GET"]}}],"collection":[{"href":"https:\/\/puzzle3d.co\/cs\/wp-json\/wp\/v2\/product"}],"about":[{"href":"https:\/\/puzzle3d.co\/cs\/wp-json\/wp\/v2\/types\/product"}],"replies":[{"embeddable":true,"href":"https:\/\/puzzle3d.co\/cs\/wp-json\/wp\/v2\/comments?post=875"}],"wp:featuredmedia":[{"embeddable":true,"href":"https:\/\/puzzle3d.co\/cs\/wp-json\/wp\/v2\/media\/854"}],"wp:attachment":[{"href":"https:\/\/puzzle3d.co\/cs\/wp-json\/wp\/v2\/media?parent=875"}],"wp:term":[{"taxonomy":"product_brand","embeddable":true,"href":"https:\/\/puzzle3d.co\/cs\/wp-json\/wp\/v2\/product_brand?post=875"},{"taxonomy":"product_cat","embeddable":true,"href":"https:\/\/puzzle3d.co\/cs\/wp-json\/wp\/v2\/product_cat?post=875"},{"taxonomy":"product_tag","embeddable":true,"href":"https:\/\/puzzle3d.co\/cs\/wp-json\/wp\/v2\/product_tag?post=875"},{"taxonomy":"woo-feed-brand","embeddable":true,"href":"https:\/\/puzzle3d.co\/cs\/wp-json\/wp\/v2\/woo-feed-brand?post=875"}],"curies":[{"name":"wp","href":"https:\/\/api.w.org\/{rel}","templated":true}]}}