{"id":873,"date":"2023-01-26T12:01:44","date_gmt":"2023-01-26T12:01:44","guid":{"rendered":"https:\/\/puzzle3d.co\/product\/lion-puzzle-classic-lemn-copy\/"},"modified":"2025-06-11T19:05:45","modified_gmt":"2025-06-11T19:05:45","slug":"panther-puzzle-klasicke-drevene-skladacky","status":"publish","type":"product","link":"https:\/\/puzzle3d.co\/cs\/prodotto\/pantera-puzzle-classic-legno-jigsaw\/","title":{"rendered":"Black PANTHER 2D d\u0159ev\u011bn\u00e9 puzzle, 102 d\u00edlk\u016f"},"content":{"rendered":"<div><strong>Black PANTHER 2D d\u0159ev\u011bn\u00e9 puzzle, 102 d\u00edlk\u016f<\/strong><\/div>\n<div><\/div>\n<div>V\u011bd\u011bli jste, \u017ee v\u011bdeck\u00fd n\u00e1zev \u010dern\u00e9ho pantera je pardus?<\/div>\n<div><\/div>\n<div>V mnoha tradi\u010dn\u00edch kultur\u00e1ch Afriky, Asie a Indie je \u010dern\u00fd panter pova\u017eov\u00e1n za symbol s\u00edly a odvahy, prosperity a \u0161t\u011bst\u00ed.<\/div>\n<div><\/div>\n<div>St\u00e1le hled\u00e1te d\u016fvody, pro\u010d byste si m\u011bli vybrat toto roztomil\u00e9 d\u0159ev\u011bn\u00e9 puzzle?<\/div>\n<div><\/div>\n<div>Pokud jste tak\u00e9 odv\u00e1\u017en\u00fd \u010dlov\u011bk, bude pro v\u00e1s p\u00e1rov\u00e1n\u00ed jednotliv\u00fdch kus\u016f zaj\u00edmav\u00fdm procesem. Mezi d\u00edlky najdete divok\u00e9 ko\u010dky, jagu\u00e1ry, tygry a dal\u0161\u00ed ko\u010dkovit\u00e9 \u0161elmy, kter\u00e9 v\u00e1m poskytnou z\u00e1\u017eitek pln\u00fd akce.<\/div>\n<div><\/div>\n<div><\/div>\n<div><strong>PODROBNOSTI O PRODUKTU:<\/strong><\/div>\n<div>Rozm\u011bry modelu: 311*280*5 mm<\/div>\n<div>Rozm\u011bry balen\u00ed: 255 x 192 x 42 mm<\/div>\n<div>Po\u010det kus\u016f: 102<\/div>","protected":false},"excerpt":{"rendered":"<p>\u010cern\u00fd panter je pova\u017eov\u00e1n za symbol s\u00edly a odvahy, prosperity a \u0161t\u011bst\u00ed. Mezi d\u00edlky t\u00e9to skl\u00e1da\u010dky najdete divok\u00e9 ko\u010dky, jagu\u00e1ry, tygry a dal\u0161\u00ed ko\u010dkovit\u00e9 \u0161elmy, se kter\u00fdmi si u\u017eijete ak\u010dn\u00ed z\u00e1\u017eitek.<\/p>","protected":false},"featured_media":857,"comment_status":"open","ping_status":"closed","template":"","meta":{"slim_seo":{"title":"\ud83d\udc08\u200d\u2b1bPANTERA \u010cern\u00e1 d\u0159ev\u011bn\u00e1 skl\u00e1da\u010dka, 102 d\u00edlk\u016f","description":"D\u0159ev\u011bn\u00e9 puzzle BLACK PANTHER 2D. Objevte kouzlo 2D d\u0159ev\u011bn\u00e9 skl\u00e1da\u010dky s fascinuj\u00edc\u00edm designem PANTHERA. Tato hra se 102 d\u00edlky nab\u00edz\u00ed z\u00e1bavu a v\u00fdzvu pro v\u0161echny v\u011bkov\u00e9 kategorie."}},"product_brand":[],"product_cat":[80,83,84],"product_tag":[],"woo-feed-brand":[],"class_list":{"0":"post-873","1":"product","2":"type-product","3":"status-publish","4":"has-post-thumbnail","6":"product_cat-puzzle-jigsaw","7":"product_cat-puzzle-jigsaw-bambini","8":"product_cat-puzzle-jigsaw-in-legno","10":"first","11":"instock","12":"shipping-taxable","13":"purchasable","14":"product-type-simple"},"_links":{"self":[{"href":"https:\/\/puzzle3d.co\/cs\/wp-json\/wp\/v2\/product\/873","targetHints":{"allow":["GET"]}}],"collection":[{"href":"https:\/\/puzzle3d.co\/cs\/wp-json\/wp\/v2\/product"}],"about":[{"href":"https:\/\/puzzle3d.co\/cs\/wp-json\/wp\/v2\/types\/product"}],"replies":[{"embeddable":true,"href":"https:\/\/puzzle3d.co\/cs\/wp-json\/wp\/v2\/comments?post=873"}],"wp:featuredmedia":[{"embeddable":true,"href":"https:\/\/puzzle3d.co\/cs\/wp-json\/wp\/v2\/media\/857"}],"wp:attachment":[{"href":"https:\/\/puzzle3d.co\/cs\/wp-json\/wp\/v2\/media?parent=873"}],"wp:term":[{"taxonomy":"product_brand","embeddable":true,"href":"https:\/\/puzzle3d.co\/cs\/wp-json\/wp\/v2\/product_brand?post=873"},{"taxonomy":"product_cat","embeddable":true,"href":"https:\/\/puzzle3d.co\/cs\/wp-json\/wp\/v2\/product_cat?post=873"},{"taxonomy":"product_tag","embeddable":true,"href":"https:\/\/puzzle3d.co\/cs\/wp-json\/wp\/v2\/product_tag?post=873"},{"taxonomy":"woo-feed-brand","embeddable":true,"href":"https:\/\/puzzle3d.co\/cs\/wp-json\/wp\/v2\/woo-feed-brand?post=873"}],"curies":[{"name":"wp","href":"https:\/\/api.w.org\/{rel}","templated":true}]}}