{"id":870,"date":"2023-01-26T11:45:24","date_gmt":"2023-01-26T11:45:24","guid":{"rendered":"https:\/\/puzzle3d.co\/product\/fox-puzzle-classic-lemn-copy\/"},"modified":"2025-06-11T19:06:20","modified_gmt":"2025-06-11T19:06:20","slug":"lvi-puzzle-klasicke-skladacky-drevo","status":"publish","type":"product","link":"https:\/\/puzzle3d.co\/cs\/prodotto\/leone-puzzle-classic-jigsaw-legno\/","title":{"rendered":"2D d\u0159ev\u011bn\u00e9 puzzle se lvem , 100 d\u00edlk\u016f"},"content":{"rendered":"<div><span style=\"font-size: 100%;\"><strong>LION - klasick\u00e9 d\u0159ev\u011bn\u00e9 puzzle<\/strong><\/span><\/div>\n<div><\/div>\n<div><span style=\"font-size: 100%;\">Kr\u00e1l divok\u00fdch zv\u00ed\u0159at je nyn\u00ed doma.<\/span><\/div>\n<div><\/div>\n<div><span style=\"font-size: 100%;\">Tohoto lva si zamilujete na prvn\u00ed pohled. Rafinovan\u00e9 detaily a hojn\u00e9 barvy p\u0159itahuj\u00ed pohledy a obdiv.<\/span><\/div>\n<div><\/div>\n<div><span style=\"font-size: 100%;\">Nep\u0159ich\u00e1z\u00ed s\u00e1m, ale se svou rozv\u011btvenou rodinou: slonem, tygrem, \u017eirafou (jak\u00e1 dal\u0161\u00ed zv\u00ed\u0159ata tam pozn\u00e1te?), kter\u00e9 pozn\u00e1te mezi d\u0159ev\u011bn\u00fdmi d\u00edlky puzzle.<\/span><\/div>\n<div><\/div>\n<div><span style=\"font-size: 100%;\">Pt\u00e1te se pro\u010d? Proto\u017ee b\u00fdt siln\u00fd a b\u00fdt naz\u00fdv\u00e1n kr\u00e1lem zv\u00ed\u0159at znamen\u00e1 p\u0159edev\u0161\u00edm b\u00fdt bok po boku s ostatn\u00edmi.<\/span><\/div>\n<div><\/div>\n<div><span style=\"font-size: 100%;\">Pokud chcete str\u00e1vit zaj\u00edmav\u00fd ve\u010der s n\u011bk\u00fdm, koho m\u00e1te r\u00e1di, vyberte si tohoto lva a diskutujte na filozofick\u00e9 t\u00e9ma.<\/span><\/div>\n<div><\/div>\n<div><span style=\"font-size: 100%;\">Ve filozofii je nap\u0159\u00edklad lev pova\u017eov\u00e1n za symbol lidsk\u00e9 p\u0159irozenosti, kterou lze rozd\u011blit na dv\u011b \u010d\u00e1sti: rozumovou a zv\u00ed\u0159ec\u00ed.<\/span><\/div>\n<div><\/div>\n<div><span style=\"font-size: 100%;\">Nab\u00edz\u00edme 3 velikosti (S, M, L), ze kter\u00fdch si m\u016f\u017eete vybrat tu pravou na st\u011bnu va\u0161eho domova nebo kancel\u00e1\u0159e. Nebo si mo\u017en\u00e1 budete cht\u00edt d\u00e1t toto roztomil\u00e9 puzzle do r\u00e1me\u010dku - volba je na v\u00e1s.<\/span><\/div>\n<div><\/div>\n<div><span style=\"font-size: 100%;\"><strong>PODROBNOSTI O PRODUKTU:<\/strong><\/span><\/div>\n<div><span style=\"font-size: 100%;\">Rozm\u011bry modelu: 310*280*5mm<\/span><\/div>\n<div><span style=\"font-size: 100%;\">Rozm\u011bry balen\u00ed: 255 x 192 x 42 mm<\/span><\/div>\n<div><span style=\"font-size: 100%;\">Po\u010det kus\u016f: 100<\/span><\/div>","protected":false},"excerpt":{"rendered":"<p>Tohoto lva si zamilujete na prvn\u00ed pohled. Rafinovan\u00e9 detaily a hojn\u00e9 barvy p\u0159itahuj\u00ed pohledy a obdiv.<br \/>\nNep\u0159ich\u00e1z\u00ed s\u00e1m, ale se svou rozv\u011btvenou rodinou: slonem, tygrem a \u017eirafou, kter\u00e9 pozn\u00e1te mezi d\u0159ev\u011bn\u00fdmi d\u00edlky puzzle.<\/p>","protected":false},"featured_media":853,"comment_status":"open","ping_status":"closed","template":"","meta":{"slim_seo":{"title":"\ud83e\udd81 LEONE 2D d\u0159ev\u011bn\u00e1 skl\u00e1da\u010dka , 100 d\u00edlk\u016f","description":"Tohoto lva si zamilujete na prvn\u00ed pohled. Rafinovan\u00e9 detaily a hojn\u00e9 barvy p\u0159itahuj\u00ed pohledy a obdiv. Nep\u0159ich\u00e1z\u00ed s\u00e1m, ale se svou rozv\u011btvenou rodinou: slonem, tygrem a \u017eirafou, kter\u00e9 pozn\u00e1te mezi d\u0159ev\u011bn\u00fdmi d\u00edlky puzzle."}},"product_brand":[],"product_cat":[80,83,84],"product_tag":[],"woo-feed-brand":[],"class_list":{"0":"post-870","1":"product","2":"type-product","3":"status-publish","4":"has-post-thumbnail","6":"product_cat-puzzle-jigsaw","7":"product_cat-puzzle-jigsaw-bambini","8":"product_cat-puzzle-jigsaw-in-legno","10":"first","11":"instock","12":"sale","13":"shipping-taxable","14":"purchasable","15":"product-type-simple"},"_links":{"self":[{"href":"https:\/\/puzzle3d.co\/cs\/wp-json\/wp\/v2\/product\/870","targetHints":{"allow":["GET"]}}],"collection":[{"href":"https:\/\/puzzle3d.co\/cs\/wp-json\/wp\/v2\/product"}],"about":[{"href":"https:\/\/puzzle3d.co\/cs\/wp-json\/wp\/v2\/types\/product"}],"replies":[{"embeddable":true,"href":"https:\/\/puzzle3d.co\/cs\/wp-json\/wp\/v2\/comments?post=870"}],"wp:featuredmedia":[{"embeddable":true,"href":"https:\/\/puzzle3d.co\/cs\/wp-json\/wp\/v2\/media\/853"}],"wp:attachment":[{"href":"https:\/\/puzzle3d.co\/cs\/wp-json\/wp\/v2\/media?parent=870"}],"wp:term":[{"taxonomy":"product_brand","embeddable":true,"href":"https:\/\/puzzle3d.co\/cs\/wp-json\/wp\/v2\/product_brand?post=870"},{"taxonomy":"product_cat","embeddable":true,"href":"https:\/\/puzzle3d.co\/cs\/wp-json\/wp\/v2\/product_cat?post=870"},{"taxonomy":"product_tag","embeddable":true,"href":"https:\/\/puzzle3d.co\/cs\/wp-json\/wp\/v2\/product_tag?post=870"},{"taxonomy":"woo-feed-brand","embeddable":true,"href":"https:\/\/puzzle3d.co\/cs\/wp-json\/wp\/v2\/woo-feed-brand?post=870"}],"curies":[{"name":"wp","href":"https:\/\/api.w.org\/{rel}","templated":true}]}}