{"id":868,"date":"2023-01-26T10:56:46","date_gmt":"2023-01-26T10:56:46","guid":{"rendered":"https:\/\/puzzle3d.co\/product\/turtle-puzzle-classic-lemn-copy\/"},"modified":"2025-06-11T19:06:33","modified_gmt":"2025-06-11T19:06:33","slug":"vulpa-puzzle-classic-wood","status":"publish","type":"product","link":"https:\/\/puzzle3d.co\/cs\/prodotto\/vulpa-puzzle-classic-legno\/","title":{"rendered":"D\u0159ev\u011bn\u00e9 puzzle VULPA 2D , 141 d\u00edlk\u016f"},"content":{"rendered":"<div><strong>Klasick\u00e9 d\u0159ev\u011bn\u00e9 puzzle VULPA<\/strong><\/div>\n<div><\/div>\n<div>Puzzle pln\u00e9 kouzla a v\u00fdzev v\u00e1s okouzl\u00ed jemn\u00fdmi detaily a bohat\u00fdmi barvami.<\/div>\n<div>Co vid\u00edte v jeho o\u010d\u00edch: lstivost a sv\u016fdnost, nebo inteligenci, odvahu a nez\u00e1vislost?<\/div>\n<div><\/div>\n<div>Zp\u016fsob, jak\u00fdm ji vn\u00edm\u00e1te, m\u016f\u017ee tak\u00e9 hodn\u011b vypov\u00eddat o v\u00e1s jako o \u010dlov\u011bku.<\/div>\n<div><\/div>\n<div>Mezi d\u00edlky puzzle, kter\u00e9 tvo\u0159\u00ed tuto n\u00e1dhernou dekoraci, najdete dal\u0161\u00ed li\u0161ky, vlky, kr\u00e1l\u00edky, krysy a ku\u0159ata.<\/div>\n<div>Tr\u00e9nujte svou p\u0159edstavivost se v\u0161emi t\u011bmito zv\u00ed\u0159aty a pak si vyzdobte m\u00edsto, kde r\u00e1di tr\u00e1v\u00edte \u010das, abyste je mohli co nej\u010dast\u011bji obdivovat.<\/div>\n<div><\/div>\n<div>Li\u0161ka v\u00e1m tak\u00e9 p\u0159ipomene les, tak\u017ee kdykoli budete m\u00edt p\u0159\u00edle\u017eitost, vydejte se do parku nebo do lesa a pono\u0159te se do p\u0159\u00edrody.<\/div>\n<div><\/div>\n<div><strong>PODROBNOSTI O PRODUKTU:<\/strong><\/div>\n<div>Rozm\u011bry modelu: 400*280*5 mm<\/div>\n<div>Rozm\u011bry balen\u00ed: 255 x 192 x 42 mm<\/div>\n<div>Po\u010det kus\u016f: 141<\/div>","protected":false},"excerpt":{"rendered":"<p>Mezi d\u00edlky puzzle, kter\u00e9 tvo\u0159\u00ed tuto n\u00e1dhernou dekoraci, najdete dal\u0161\u00ed li\u0161ky, vlky, kr\u00e1l\u00edky, krysy a ku\u0159ata.<\/p>","protected":false},"featured_media":851,"comment_status":"open","ping_status":"closed","template":"","meta":{"slim_seo":{"title":"\ud83e\udd8a VULPA 2D puzzle \/ skl\u00e1da\u010dka ECO ze d\u0159eva, 141 d\u00edlk\u016f","description":"Mezi d\u00edlky puzzle, kter\u00e9 tvo\u0159\u00ed tuto n\u00e1dhernou dekoraci, najdete dal\u0161\u00ed li\u0161ky, vlky, kr\u00e1l\u00edky, krysy a ku\u0159ata."}},"product_brand":[],"product_cat":[80,83,84],"product_tag":[],"woo-feed-brand":[],"class_list":{"0":"post-868","1":"product","2":"type-product","3":"status-publish","4":"has-post-thumbnail","6":"product_cat-puzzle-jigsaw","7":"product_cat-puzzle-jigsaw-bambini","8":"product_cat-puzzle-jigsaw-in-legno","10":"first","11":"instock","12":"shipping-taxable","13":"purchasable","14":"product-type-simple"},"_links":{"self":[{"href":"https:\/\/puzzle3d.co\/cs\/wp-json\/wp\/v2\/product\/868","targetHints":{"allow":["GET"]}}],"collection":[{"href":"https:\/\/puzzle3d.co\/cs\/wp-json\/wp\/v2\/product"}],"about":[{"href":"https:\/\/puzzle3d.co\/cs\/wp-json\/wp\/v2\/types\/product"}],"replies":[{"embeddable":true,"href":"https:\/\/puzzle3d.co\/cs\/wp-json\/wp\/v2\/comments?post=868"}],"wp:featuredmedia":[{"embeddable":true,"href":"https:\/\/puzzle3d.co\/cs\/wp-json\/wp\/v2\/media\/851"}],"wp:attachment":[{"href":"https:\/\/puzzle3d.co\/cs\/wp-json\/wp\/v2\/media?parent=868"}],"wp:term":[{"taxonomy":"product_brand","embeddable":true,"href":"https:\/\/puzzle3d.co\/cs\/wp-json\/wp\/v2\/product_brand?post=868"},{"taxonomy":"product_cat","embeddable":true,"href":"https:\/\/puzzle3d.co\/cs\/wp-json\/wp\/v2\/product_cat?post=868"},{"taxonomy":"product_tag","embeddable":true,"href":"https:\/\/puzzle3d.co\/cs\/wp-json\/wp\/v2\/product_tag?post=868"},{"taxonomy":"woo-feed-brand","embeddable":true,"href":"https:\/\/puzzle3d.co\/cs\/wp-json\/wp\/v2\/woo-feed-brand?post=868"}],"curies":[{"name":"wp","href":"https:\/\/api.w.org\/{rel}","templated":true}]}}