{"id":866,"date":"2023-01-25T22:19:56","date_gmt":"2023-01-25T22:19:56","guid":{"rendered":"https:\/\/puzzle3d.co\/product\/owl-puzzle-classic-lemn-copy\/"},"modified":"2026-01-21T16:50:41","modified_gmt":"2026-01-21T16:50:41","slug":"zelvi-puzzle","status":"publish","type":"product","link":"https:\/\/puzzle3d.co\/cs\/prodotto\/tartaruga-puzzle\/","title":{"rendered":"TARTARUGA 2D puzzle \/ d\u0159ev\u011bn\u00e1 skl\u00e1da\u010dka, 150 d\u00edlk\u016f"},"content":{"rendered":"<div><strong>TARTARUGA 2D Calssic Puzzle \/ D\u0159ev\u011bn\u00e1 skl\u00e1da\u010dka, 150 d\u00edlk\u016f<\/strong><\/div>\n<div><\/div>\n<div>Tak\u00e9 v\u00e1s zaj\u00edm\u00e1, kde \u017e\u00e1ba za\u010dala? Poj\u010fme spole\u010dn\u011b hledat odpov\u011b\u010f.<\/div>\n<div><\/div>\n<div>Zaj\u00edmav\u00e9 je, \u017ee \u017eelvy jsou symbolem dlouhov\u011bkosti, proto\u017ee se do\u017e\u00edvaj\u00ed v\u00edce ne\u017e 100 let. Jejich krun\u00fd\u0159 znamen\u00e1 ochranu a bezpe\u010d\u00ed a p\u0159edstavuje psychickou i fyzickou bari\u00e9ru.<\/div>\n<div><\/div>\n<div>Kdy\u017e se c\u00edt\u00edte vy\u010derpan\u00ed, je vhodn\u00e9 postavit puzzle jako na obr\u00e1zku. Uvoln\u00edte se, soust\u0159ed\u00edte se a je\u0161t\u011b si nasad\u00edte krun\u00fd\u0159 nad vy\u010derp\u00e1vaj\u00edc\u00ed rutinou.<\/div>\n<div><\/div>\n<div>Nadchn\u011bte se pro \u017eelvu ve skl\u00e1da\u010dce na obr\u00e1zku a na konci zjist\u00edte, kde za\u010dala.<\/div>\n<div><\/div>\n<div><strong>PODROBNOSTI O PRODUKTU:<\/strong><\/div>\n<div>Rozm\u011bry modelu: 281*395*5 mm<\/div>\n<div>Rozm\u011bry balen\u00ed: 255 x 192 x 42 mm<\/div>\n<div>Po\u010det kus\u016f: 150<\/div>","protected":false},"excerpt":{"rendered":"<p>TARTARUGA Puzzle 2D Calssico \/ Jigsaw in legno, 150 pezzi Ti chiedi anche tu dove \u00e8 iniziata la rana? Cerchiamo insieme la risposta. \u00c8 interessante sapere che le tartarughe sono il simbolo della longevit\u00e0, perch\u00e9 vivono oltre 100 anni. Il loro guscio significa protezione e sicurezza, offrendo una barriera mentale e fisica. Quando ti senti [&#8230;]\n","protected":false},"featured_media":859,"comment_status":"open","ping_status":"closed","template":"","meta":{"slim_seo":{"title":"\ud83d\udc22 TARTARUGA 2D Calssic Puzzle \/ D\u0159ev\u011bn\u00e1 skl\u00e1da\u010dka, 150 d\u00edlk\u016f","description":"TARTARUGA Puzzle. Zaj\u00edmav\u00e9 je, \u017ee \u017eelvy jsou symbolem dlouhov\u011bkosti, proto\u017ee se do\u017e\u00edvaj\u00ed v\u00edce ne\u017e 100 let."}},"product_brand":[],"product_cat":[80,83,84],"product_tag":[],"woo-feed-brand":[],"class_list":{"0":"post-866","1":"product","2":"type-product","3":"status-publish","4":"has-post-thumbnail","6":"product_cat-puzzle-jigsaw","7":"product_cat-puzzle-jigsaw-bambini","8":"product_cat-puzzle-jigsaw-in-legno","10":"first","11":"instock","12":"shipping-taxable","13":"purchasable","14":"product-type-simple"},"_links":{"self":[{"href":"https:\/\/puzzle3d.co\/cs\/wp-json\/wp\/v2\/product\/866","targetHints":{"allow":["GET"]}}],"collection":[{"href":"https:\/\/puzzle3d.co\/cs\/wp-json\/wp\/v2\/product"}],"about":[{"href":"https:\/\/puzzle3d.co\/cs\/wp-json\/wp\/v2\/types\/product"}],"replies":[{"embeddable":true,"href":"https:\/\/puzzle3d.co\/cs\/wp-json\/wp\/v2\/comments?post=866"}],"wp:featuredmedia":[{"embeddable":true,"href":"https:\/\/puzzle3d.co\/cs\/wp-json\/wp\/v2\/media\/859"}],"wp:attachment":[{"href":"https:\/\/puzzle3d.co\/cs\/wp-json\/wp\/v2\/media?parent=866"}],"wp:term":[{"taxonomy":"product_brand","embeddable":true,"href":"https:\/\/puzzle3d.co\/cs\/wp-json\/wp\/v2\/product_brand?post=866"},{"taxonomy":"product_cat","embeddable":true,"href":"https:\/\/puzzle3d.co\/cs\/wp-json\/wp\/v2\/product_cat?post=866"},{"taxonomy":"product_tag","embeddable":true,"href":"https:\/\/puzzle3d.co\/cs\/wp-json\/wp\/v2\/product_tag?post=866"},{"taxonomy":"woo-feed-brand","embeddable":true,"href":"https:\/\/puzzle3d.co\/cs\/wp-json\/wp\/v2\/woo-feed-brand?post=866"}],"curies":[{"name":"wp","href":"https:\/\/api.w.org\/{rel}","templated":true}]}}