{"id":864,"date":"2023-01-25T22:15:13","date_gmt":"2023-01-25T22:15:13","guid":{"rendered":"https:\/\/puzzle3d.co\/product\/mastodon-puzzle-classic-lemn-copy\/"},"modified":"2025-06-11T19:07:05","modified_gmt":"2025-06-11T19:07:05","slug":"sovi-puzzle-klasicke-drevo","status":"publish","type":"product","link":"https:\/\/puzzle3d.co\/cs\/prodotto\/gufo-puzzle-classic-legno\/","title":{"rendered":"2D d\u0159ev\u011bn\u00e9 puzzle OWL, 120 d\u00edlk\u016f"},"content":{"rendered":"<div>\n<h2><strong>2D d\u0159ev\u011bn\u00e9 puzzle OWL, 120 d\u00edlk\u016f<\/strong><\/h2>\n<div>\"Vid\u011bt ve tm\u011b\" neznamen\u00e1 jen orientovat se v noci v m\u00edstnosti bez sv\u011btla... Je to schopnost pochopit a vid\u011bt skrytou pravdu.<\/div>\n<\/div>\n<div>\n<div>Proto je sova v \u0159eck\u00e9 mytologii symbolem moudrosti a inteligence.<\/div>\n<div>A sova z d\u00edlk\u016f d\u0159ev\u011bn\u00e9 skl\u00e1da\u010dky vyjad\u0159uje smysl pro detail, soust\u0159ed\u011bn\u00ed a odhodl\u00e1n\u00ed.<\/div>\n<div>Mezi figurkami najdete i dal\u0161\u00ed lesn\u00ed par\u0165\u00e1ky, jako je vlk, li\u0161ka, zaj\u00edc, orel, medv\u011bd.<\/div>\n<div>Co kdybyste tyto postavy pou\u017eili k tomu, abyste d\u00edt\u011b nau\u010dili moudrosti?<\/div>\n<div><\/div>\n<div>\u0158eknete mu, \u017ee li\u0161ka je mil\u00e1 a kr\u00e1l\u00edk boj\u00e1cn\u00fd, nebo mu uk\u00e1\u017eete, jak jsou v\u0161ichni r\u016fzn\u00ed, n\u011bkte\u0159\u00ed v\u011bt\u0161\u00ed, jin\u00ed men\u0161\u00ed, ale vedou spolu dialog v rovnov\u00e1ze a respektu k p\u0159\u00edrod\u011b.<\/div>\n<div><\/div>\n<div>Sestavte ji, bavte se a pod\u00edvejte se do hluboko posazen\u00fdch o\u010d\u00ed sovy, co nevid\u00edte.<\/div>\n<div><\/div>\n<div><strong>PODROBNOSTI O PRODUKTU:<\/strong><\/div>\n<div>Rozm\u011bry modelu: 283*297*5 mm<\/div>\n<div>Rozm\u011bry balen\u00ed: 255 x 192 x 42 mm<\/div>\n<div>Po\u010det kus\u016f: 120<\/div>\n<\/div>","protected":false},"excerpt":{"rendered":"<p>V \u0159eck\u00e9 mytologii je sova symbolem moudrosti a inteligence a sova vyroben\u00e1 z d\u00edlk\u016f d\u0159ev\u011bn\u00e9 skl\u00e1da\u010dky vyjad\u0159uje smysl pro detail, soust\u0159ed\u011bn\u00ed a odhodl\u00e1n\u00ed.<\/p>","protected":false},"featured_media":856,"comment_status":"open","ping_status":"closed","template":"","meta":[],"product_brand":[],"product_cat":[80,84,83],"product_tag":[],"woo-feed-brand":[],"class_list":{"0":"post-864","1":"product","2":"type-product","3":"status-publish","4":"has-post-thumbnail","6":"product_cat-puzzle-jigsaw","7":"product_cat-puzzle-jigsaw-in-legno","8":"product_cat-puzzle-jigsaw-bambini","10":"first","11":"instock","12":"shipping-taxable","13":"purchasable","14":"product-type-simple"},"_links":{"self":[{"href":"https:\/\/puzzle3d.co\/cs\/wp-json\/wp\/v2\/product\/864","targetHints":{"allow":["GET"]}}],"collection":[{"href":"https:\/\/puzzle3d.co\/cs\/wp-json\/wp\/v2\/product"}],"about":[{"href":"https:\/\/puzzle3d.co\/cs\/wp-json\/wp\/v2\/types\/product"}],"replies":[{"embeddable":true,"href":"https:\/\/puzzle3d.co\/cs\/wp-json\/wp\/v2\/comments?post=864"}],"wp:featuredmedia":[{"embeddable":true,"href":"https:\/\/puzzle3d.co\/cs\/wp-json\/wp\/v2\/media\/856"}],"wp:attachment":[{"href":"https:\/\/puzzle3d.co\/cs\/wp-json\/wp\/v2\/media?parent=864"}],"wp:term":[{"taxonomy":"product_brand","embeddable":true,"href":"https:\/\/puzzle3d.co\/cs\/wp-json\/wp\/v2\/product_brand?post=864"},{"taxonomy":"product_cat","embeddable":true,"href":"https:\/\/puzzle3d.co\/cs\/wp-json\/wp\/v2\/product_cat?post=864"},{"taxonomy":"product_tag","embeddable":true,"href":"https:\/\/puzzle3d.co\/cs\/wp-json\/wp\/v2\/product_tag?post=864"},{"taxonomy":"woo-feed-brand","embeddable":true,"href":"https:\/\/puzzle3d.co\/cs\/wp-json\/wp\/v2\/woo-feed-brand?post=864"}],"curies":[{"name":"wp","href":"https:\/\/api.w.org\/{rel}","templated":true}]}}