{"id":862,"date":"2023-01-25T22:08:41","date_gmt":"2023-01-25T22:08:41","guid":{"rendered":"https:\/\/puzzle3d.co\/product\/bat-m-puzzle-classic-lemn-copy\/"},"modified":"2025-06-11T19:07:19","modified_gmt":"2025-06-11T19:07:19","slug":"mastodon-puzzle-klasicke-skladacky","status":"publish","type":"product","link":"https:\/\/puzzle3d.co\/cs\/prodotto\/mastodon-puzzle-classic-jigsaw\/","title":{"rendered":"MASTODON 2D d\u0159ev\u011bn\u00e9 puzzle, 180 d\u00edlk\u016f"},"content":{"rendered":"<div>\n<p><strong>MASTODON Classic 2D puzzle \/ d\u0159ev\u011bn\u00e1 skl\u00e1da\u010dka, 180 d\u00edlk\u016f<\/strong><\/p>\n<div>Kam se pod\u011bl mastodont? To nev\u011bd\u00ed ani v\u011bdci.<\/div>\n<\/div>\n<div>\n<div>\n<div><\/div>\n<div>Teprve p\u0159ed 10 000 lety bylo zji\u0161t\u011bno, \u017ee na severoamerick\u00e9m kontinentu \u017eil savec o hmotnosti 4 a\u017e 10 tun a d\u00e9lce a\u017e 10 metr\u016f.<\/div>\n<div><\/div>\n<div>Stavba kostry byla do jist\u00e9 m\u00edry podobn\u00e1 stavb\u011b slona, ale proporce byly velmi odli\u0161n\u00e9.<\/div>\n<div><\/div>\n<div>P\u0159edpokl\u00e1d\u00e1 se, \u017ee zmizely kv\u016fli klimatu....<\/div>\n<div>Vsa\u010fte na originalitu a vyzdobte sv\u016fj domov nebo kancel\u00e1\u0159 prehistorick\u00fdm savcem, kter\u00e9ho je\u0161t\u011b nikdo nevid\u011bl.<\/div>\n<div><\/div>\n<div>Skl\u00e1d\u00e1n\u00ed puzzle, ve kter\u00e9m mezi d\u0159ev\u011bn\u00fdmi d\u00edlky najdete slony, medv\u011bdy, tygry, nosoro\u017ece a dal\u0161\u00ed odv\u00e1\u017en\u00e9 kamar\u00e1dy, je z\u00e1bavn\u00e1 \u010dinnost.<\/div>\n<div><\/div>\n<div>Z\u00e1rove\u0148 se uvoln\u00edte, soust\u0159ed\u00edte a c\u00edt\u00edte, jak v\u00e1\u0161 mozek oce\u0148uje v\u00fdzvu.<\/div>\n<div><\/div>\n<div>Nab\u00edz\u00edme 3 velikosti (S, M, L), ze kter\u00fdch si m\u016f\u017eete vybrat tu pravou na st\u011bnu va\u0161eho domova nebo kancel\u00e1\u0159e. Nebo si mo\u017en\u00e1 budete cht\u00edt d\u00e1t toto roztomil\u00e9 puzzle do r\u00e1me\u010dku - volba je na v\u00e1s.<\/div>\n<div><\/div>\n<div><strong>PODROBNOSTI O PRODUKTU:<\/strong><\/div>\n<div>Rozm\u011bry modelu: 286*387*5 mm<\/div>\n<div>Rozm\u011bry balen\u00ed: 255 x 192 x 42 mm<\/div>\n<div>Po\u010det kus\u016f: 180<\/div>\n<\/div>\n<div><\/div>\n<\/div>","protected":false},"excerpt":{"rendered":"<p>Skl\u00e1d\u00e1n\u00ed puzzle, ve kter\u00e9m mezi d\u0159ev\u011bn\u00fdmi d\u00edlky najdete slony, medv\u011bdy, tygry, nosoro\u017ece a dal\u0161\u00ed odv\u00e1\u017en\u00e9 kamar\u00e1dy, je z\u00e1bavn\u00e1 \u010dinnost.<\/p>","protected":false},"featured_media":855,"comment_status":"open","ping_status":"closed","template":"","meta":{"slim_seo":{"title":"\ud83e\udda3 MASTODON Classic 2D puzzle\/ d\u0159ev\u011bn\u00e1 skl\u00e1da\u010dka, 180 d\u00edlk\u016f","description":"MASTODON Puzzle. Skl\u00e1d\u00e1n\u00ed puzzle, ve kter\u00e9m mezi d\u0159ev\u011bn\u00fdmi d\u00edlky najdete slony, medv\u011bdy, tygry, nosoro\u017ece a dal\u0161\u00ed odv\u00e1\u017en\u00e9 kamar\u00e1dy, je z\u00e1bavn\u00e1 \u010dinnost."}},"product_brand":[],"product_cat":[80,83,84],"product_tag":[],"woo-feed-brand":[],"class_list":{"0":"post-862","1":"product","2":"type-product","3":"status-publish","4":"has-post-thumbnail","6":"product_cat-puzzle-jigsaw","7":"product_cat-puzzle-jigsaw-bambini","8":"product_cat-puzzle-jigsaw-in-legno","10":"first","11":"instock","12":"shipping-taxable","13":"purchasable","14":"product-type-simple"},"_links":{"self":[{"href":"https:\/\/puzzle3d.co\/cs\/wp-json\/wp\/v2\/product\/862","targetHints":{"allow":["GET"]}}],"collection":[{"href":"https:\/\/puzzle3d.co\/cs\/wp-json\/wp\/v2\/product"}],"about":[{"href":"https:\/\/puzzle3d.co\/cs\/wp-json\/wp\/v2\/types\/product"}],"replies":[{"embeddable":true,"href":"https:\/\/puzzle3d.co\/cs\/wp-json\/wp\/v2\/comments?post=862"}],"wp:featuredmedia":[{"embeddable":true,"href":"https:\/\/puzzle3d.co\/cs\/wp-json\/wp\/v2\/media\/855"}],"wp:attachment":[{"href":"https:\/\/puzzle3d.co\/cs\/wp-json\/wp\/v2\/media?parent=862"}],"wp:term":[{"taxonomy":"product_brand","embeddable":true,"href":"https:\/\/puzzle3d.co\/cs\/wp-json\/wp\/v2\/product_brand?post=862"},{"taxonomy":"product_cat","embeddable":true,"href":"https:\/\/puzzle3d.co\/cs\/wp-json\/wp\/v2\/product_cat?post=862"},{"taxonomy":"product_tag","embeddable":true,"href":"https:\/\/puzzle3d.co\/cs\/wp-json\/wp\/v2\/product_tag?post=862"},{"taxonomy":"woo-feed-brand","embeddable":true,"href":"https:\/\/puzzle3d.co\/cs\/wp-json\/wp\/v2\/woo-feed-brand?post=862"}],"curies":[{"name":"wp","href":"https:\/\/api.w.org\/{rel}","templated":true}]}}