{"id":860,"date":"2023-01-25T22:03:04","date_gmt":"2023-01-25T22:03:04","guid":{"rendered":"https:\/\/puzzle3d.co\/product\/koi-puzzle-classic-lemn-copy\/"},"modified":"2025-06-11T19:07:35","modified_gmt":"2025-06-11T19:07:35","slug":"pipistrello-skladanka-2d-puzzle","status":"publish","type":"product","link":"https:\/\/puzzle3d.co\/cs\/prodotto\/pipistrello-jigsaw-2d-puzzle\/","title":{"rendered":"Pipistrello puzzle 2D ze d\u0159eva, 130 d\u00edlk\u016f"},"content":{"rendered":"<div>\n<p><strong>Netop\u00fdr 2D d\u0159ev\u011bn\u00e9 puzzle, 130 d\u00edlk\u016f<\/strong><\/p>\n<\/div>\n<div>\n<div>\n<div>V\u00edte, odkud poch\u00e1z\u00ed n\u00e1zev Flying Bat?<\/div>\n<div><\/div>\n<div>Tento elegantn\u00ed mot\u00fdl se \u017eiv\u00ed listy \u0161e\u0159\u00edku ve stadiu larvy, kdy sami\u010dka klade vaj\u00ed\u010dka.<\/div>\n<div><\/div>\n<div>V dob\u011b dosp\u011blosti si netop\u00fdr pochutn\u00e1v\u00e1 na nektaru z kv\u011bt\u016f. Od kv\u011btna do \u010dervence ho lze pozorovat, jak poletuje kolem kv\u011btin v zahrad\u00e1ch a parc\u00edch.<\/div>\n<div><\/div>\n<div>Vyberte si netop\u00fd\u0159\u00ed puzzle a ozdobte si domov symbolem jara a znovuzrozen\u00ed.<\/div>\n<div><\/div>\n<div>Uvoln\u011bte se a soust\u0159e\u010fte se na to, abyste jednotliv\u00e9 kousky p\u0159i\u0159adili k sob\u011b, a pak jim v\u011bnujte \u010destn\u00e9 m\u00edsto na st\u011bn\u011b nebo v r\u00e1me\u010dku.<\/div>\n<div><\/div>\n<div><strong>PODROBNOSTI O PRODUKTU:<\/strong><\/div>\n<div>Rozm\u011bry modelu: 280*390*5 mm<\/div>\n<div>Rozm\u011bry balen\u00ed: 255 x 192 x 42 mm<\/div>\n<div>Po\u010det kus\u016f: 130<\/div>\n<\/div>\n<div><\/div>\n<\/div>","protected":false},"excerpt":{"rendered":"<p>Vyberte si netop\u00fd\u0159\u00ed puzzle a ozdobte si domov symbolem jara a znovuzrozen\u00ed.<\/p>","protected":false},"featured_media":849,"comment_status":"open","ping_status":"closed","template":"","meta":[],"product_brand":[],"product_cat":[80,84,83],"product_tag":[],"woo-feed-brand":[],"class_list":{"0":"post-860","1":"product","2":"type-product","3":"status-publish","4":"has-post-thumbnail","6":"product_cat-puzzle-jigsaw","7":"product_cat-puzzle-jigsaw-in-legno","8":"product_cat-puzzle-jigsaw-bambini","10":"first","11":"instock","12":"shipping-taxable","13":"purchasable","14":"product-type-simple"},"_links":{"self":[{"href":"https:\/\/puzzle3d.co\/cs\/wp-json\/wp\/v2\/product\/860","targetHints":{"allow":["GET"]}}],"collection":[{"href":"https:\/\/puzzle3d.co\/cs\/wp-json\/wp\/v2\/product"}],"about":[{"href":"https:\/\/puzzle3d.co\/cs\/wp-json\/wp\/v2\/types\/product"}],"replies":[{"embeddable":true,"href":"https:\/\/puzzle3d.co\/cs\/wp-json\/wp\/v2\/comments?post=860"}],"wp:featuredmedia":[{"embeddable":true,"href":"https:\/\/puzzle3d.co\/cs\/wp-json\/wp\/v2\/media\/849"}],"wp:attachment":[{"href":"https:\/\/puzzle3d.co\/cs\/wp-json\/wp\/v2\/media?parent=860"}],"wp:term":[{"taxonomy":"product_brand","embeddable":true,"href":"https:\/\/puzzle3d.co\/cs\/wp-json\/wp\/v2\/product_brand?post=860"},{"taxonomy":"product_cat","embeddable":true,"href":"https:\/\/puzzle3d.co\/cs\/wp-json\/wp\/v2\/product_cat?post=860"},{"taxonomy":"product_tag","embeddable":true,"href":"https:\/\/puzzle3d.co\/cs\/wp-json\/wp\/v2\/product_tag?post=860"},{"taxonomy":"woo-feed-brand","embeddable":true,"href":"https:\/\/puzzle3d.co\/cs\/wp-json\/wp\/v2\/woo-feed-brand?post=860"}],"curies":[{"name":"wp","href":"https:\/\/api.w.org\/{rel}","templated":true}]}}