{"id":847,"date":"2023-01-25T21:56:10","date_gmt":"2023-01-25T21:56:10","guid":{"rendered":"https:\/\/puzzle3d.co\/product\/ram-puzzle-classic-copy\/"},"modified":"2025-06-11T19:07:50","modified_gmt":"2025-06-11T19:07:50","slug":"2d-drevene-puzzle-ryby","status":"publish","type":"product","link":"https:\/\/puzzle3d.co\/cs\/prodotto\/pesci-puzzle-2d-in-legno\/","title":{"rendered":"D\u0159ev\u011bn\u00e9 puzzle Ryba 2D - 150 d\u00edlk\u016f"},"content":{"rendered":"<div>\n<p><strong>D\u0159ev\u011bn\u00e9 puzzle Ryba 2D , 150 d\u00edlk\u016f<\/strong><\/p>\n<\/div>\n<div>\n<div>\n<div>Pr\u00e1v\u011b se d\u00edv\u00e1te na roztomilou a inteligentn\u00ed rybu: Koi. Jedn\u00e1 se o druh poch\u00e1zej\u00edc\u00ed z Asie, p\u0159esn\u011bji \u0159e\u010deno \u017eije ve sladk\u00fdch vod\u00e1ch \u010c\u00edny a Japonska.<\/div>\n<div><\/div>\n<div>Na V\u00fdchod\u011b jsou symbolem odvahy a vytrvalosti.<\/div>\n<div><\/div>\n<div>Da\u0159\u00ed se jim pouze v \u010dist\u00e9, okysli\u010den\u00e9 vod\u011b o teplot\u011b mezi 10 a 30 stupni Celsia a \u017eiv\u00ed se vyv\u00e1\u017eenou stravou slo\u017eenou z rostlin a \u0159as.<\/div>\n<div><\/div>\n<div>Sestaven\u00ed tohoto puzzle bude p\u0159\u00edjemnou chvilkou klidu a relaxace a jeho n\u00e1sledn\u00fd obdiv v\u00e1m p\u0159ipomene rovnov\u00e1hu a harmonii.<\/div>\n<div><\/div>\n<div>Je \u00fa\u017easn\u00e9 hledat rovnov\u00e1hu a harmonii se sebou sam\u00fdmi i s lidmi kolem n\u00e1s!<\/div>\n<div><\/div>\n<div><strong>PODROBNOSTI O PRODUKTU:<\/strong><\/div>\n<div>Rozm\u011bry modelu: 282*387*5 mm<\/div>\n<div>Rozm\u011bry balen\u00ed: 255 x 192 x 42 mm<\/div>\n<div>Po\u010det kus\u016f: 150<\/div>\n<\/div>\n<div><\/div>\n<\/div>","protected":false},"excerpt":{"rendered":"<div>KOI - klasick\u00e9 d\u0159ev\u011bn\u00e9 puzzle\/puzzle<br \/>\nSestaven\u00ed tohoto puzzle bude p\u0159\u00edjemnou chvilkou klidu a relaxace a jeho n\u00e1sledn\u00fd obdiv v\u00e1m p\u0159ipomene rovnov\u00e1hu a harmonii.<\/div>\n<p>&nbsp;<\/p>","protected":false},"featured_media":852,"comment_status":"open","ping_status":"closed","template":"","meta":{"slim_seo":{"title":"\ud83d\udc1f D\u0159ev\u011bn\u00e9 puzzle Ryba 2D, 150 d\u00edlk\u016f","description":"D\u0159ev\u011bn\u00e9 puzzle Ryba 2D - KOI - Klasick\u00e9 d\u0159ev\u011bn\u00e9 puzzle\/Puzzle Skl\u00e1d\u00e1n\u00ed tohoto puzzle bude p\u0159\u00edjemnou chvilkou klidu a relaxace a jeho n\u00e1sledn\u00e9 obdivov\u00e1n\u00ed v\u00e1m p\u0159ipomene rovnov\u00e1hu a harmonii."}},"product_brand":[],"product_cat":[80,83,84],"product_tag":[],"woo-feed-brand":[],"class_list":{"0":"post-847","1":"product","2":"type-product","3":"status-publish","4":"has-post-thumbnail","6":"product_cat-puzzle-jigsaw","7":"product_cat-puzzle-jigsaw-bambini","8":"product_cat-puzzle-jigsaw-in-legno","10":"first","11":"instock","12":"shipping-taxable","13":"purchasable","14":"product-type-simple"},"_links":{"self":[{"href":"https:\/\/puzzle3d.co\/cs\/wp-json\/wp\/v2\/product\/847","targetHints":{"allow":["GET"]}}],"collection":[{"href":"https:\/\/puzzle3d.co\/cs\/wp-json\/wp\/v2\/product"}],"about":[{"href":"https:\/\/puzzle3d.co\/cs\/wp-json\/wp\/v2\/types\/product"}],"replies":[{"embeddable":true,"href":"https:\/\/puzzle3d.co\/cs\/wp-json\/wp\/v2\/comments?post=847"}],"wp:featuredmedia":[{"embeddable":true,"href":"https:\/\/puzzle3d.co\/cs\/wp-json\/wp\/v2\/media\/852"}],"wp:attachment":[{"href":"https:\/\/puzzle3d.co\/cs\/wp-json\/wp\/v2\/media?parent=847"}],"wp:term":[{"taxonomy":"product_brand","embeddable":true,"href":"https:\/\/puzzle3d.co\/cs\/wp-json\/wp\/v2\/product_brand?post=847"},{"taxonomy":"product_cat","embeddable":true,"href":"https:\/\/puzzle3d.co\/cs\/wp-json\/wp\/v2\/product_cat?post=847"},{"taxonomy":"product_tag","embeddable":true,"href":"https:\/\/puzzle3d.co\/cs\/wp-json\/wp\/v2\/product_tag?post=847"},{"taxonomy":"woo-feed-brand","embeddable":true,"href":"https:\/\/puzzle3d.co\/cs\/wp-json\/wp\/v2\/woo-feed-brand?post=847"}],"curies":[{"name":"wp","href":"https:\/\/api.w.org\/{rel}","templated":true}]}}