{"id":843,"date":"2023-01-25T21:31:29","date_gmt":"2023-01-25T21:31:29","guid":{"rendered":"https:\/\/puzzle3d.co\/product\/gramophone-puzzle-3d-copy\/"},"modified":"2025-06-11T19:08:06","modified_gmt":"2025-06-11T19:08:06","slug":"beran-2d-drevene-puzzle-130-dilku","status":"publish","type":"product","link":"https:\/\/puzzle3d.co\/cs\/prodotto\/ariete-puzzle-2d-jigsaw-in-legno-130-pezzi\/","title":{"rendered":"D\u0159ev\u011bn\u00e9 puzzle ARIETE 2D, 130 d\u00edlk\u016f"},"content":{"rendered":"<div>\n<p><strong>D\u0159ev\u011bn\u00e9 puzzle ARIETE 2D, 130 d\u00edlk\u016f<\/strong><\/p>\n<\/div>\n<div>\n<div>\n<div>Nemus\u00edte b\u00fdt narozeni ve znamen\u00ed Berana, abyste mohli slo\u017eit tuto \u00fa\u017easnou skl\u00e1da\u010dku.<\/div>\n<div><\/div>\n<div>P\u0159esto si na nich v\u0161imn\u011bte n\u011b\u010deho zaj\u00edmav\u00e9ho:<\/div>\n<div>jsou ambici\u00f3zn\u00ed a energi\u010dt\u00ed, p\u0159izp\u016fsobuj\u00ed se zm\u011bn\u00e1m a pova\u017euj\u00ed se za neboj\u00e1cn\u00e9 v\u016fdce.<\/div>\n<div><\/div>\n<div>Elon Musk - zakladatel a gener\u00e1ln\u00ed \u0159editel spole\u010dnost\u00ed SpaceX a Tesla;<\/div>\n<div><\/div>\n<div>Albert Einstein - fyzik, kter\u00fd zp\u016fsobil p\u0159evrat ve sv\u011bt\u011b;<\/div>\n<div><\/div>\n<div>Mark Zuckerberg - zakladatel a gener\u00e1ln\u00ed \u0159editel spole\u010dnosti Facebook;<\/div>\n<div><\/div>\n<div>Princ Charles - syn kr\u00e1lovny Al\u017eb\u011bty II;<\/div>\n<div><\/div>\n<div>Nicolae Ceausescu a mnoho dal\u0161\u00edch slavn\u00fdch osobnost\u00ed se nach\u00e1z\u00ed ve zv\u011brokruhu Berana.<\/div>\n<div><\/div>\n<div>Jste nyn\u00ed p\u0159esv\u011bd\u010deni, \u017ee skl\u00e1da\u010dka Berana na prvn\u00ed pohled odhaluje v\u00fdjime\u010dn\u00e9 vlastnosti?<\/div>\n<div><\/div>\n<div><strong>PODROBNOSTI O PRODUKTU:<\/strong><\/div>\n<div>Rozm\u011bry modelu: 282*387*5 mm<\/div>\n<div>Rozm\u011bry balen\u00ed: 255 x 192 x 42 mm<\/div>\n<div>Po\u010det kus\u016f: 130<\/div>\n<\/div>\n<div><\/div>\n<\/div>","protected":false},"excerpt":{"rendered":"<p>K sestaven\u00ed t\u00e9to n\u00e1dhern\u00e9 skl\u00e1da\u010dky nen\u00ed nutn\u00e9 b\u00fdt narozen ve znamen\u00ed Berana. Vezm\u011bte si v\u0161ak na nich n\u011bco zaj\u00edmav\u00e9ho: jsou ambici\u00f3zn\u00ed a energi\u010dt\u00ed, p\u0159izp\u016fsobiv\u00ed zm\u011bn\u00e1m a pova\u017euj\u00ed se za neohro\u017een\u00e9 v\u016fdce.<\/p>","protected":false},"featured_media":845,"comment_status":"open","ping_status":"closed","template":"","meta":[],"product_brand":[],"product_cat":[80,84,83],"product_tag":[],"woo-feed-brand":[],"class_list":{"0":"post-843","1":"product","2":"type-product","3":"status-publish","4":"has-post-thumbnail","6":"product_cat-puzzle-jigsaw","7":"product_cat-puzzle-jigsaw-in-legno","8":"product_cat-puzzle-jigsaw-bambini","10":"first","11":"instock","12":"shipping-taxable","13":"purchasable","14":"product-type-simple"},"_links":{"self":[{"href":"https:\/\/puzzle3d.co\/cs\/wp-json\/wp\/v2\/product\/843","targetHints":{"allow":["GET"]}}],"collection":[{"href":"https:\/\/puzzle3d.co\/cs\/wp-json\/wp\/v2\/product"}],"about":[{"href":"https:\/\/puzzle3d.co\/cs\/wp-json\/wp\/v2\/types\/product"}],"replies":[{"embeddable":true,"href":"https:\/\/puzzle3d.co\/cs\/wp-json\/wp\/v2\/comments?post=843"}],"wp:featuredmedia":[{"embeddable":true,"href":"https:\/\/puzzle3d.co\/cs\/wp-json\/wp\/v2\/media\/845"}],"wp:attachment":[{"href":"https:\/\/puzzle3d.co\/cs\/wp-json\/wp\/v2\/media?parent=843"}],"wp:term":[{"taxonomy":"product_brand","embeddable":true,"href":"https:\/\/puzzle3d.co\/cs\/wp-json\/wp\/v2\/product_brand?post=843"},{"taxonomy":"product_cat","embeddable":true,"href":"https:\/\/puzzle3d.co\/cs\/wp-json\/wp\/v2\/product_cat?post=843"},{"taxonomy":"product_tag","embeddable":true,"href":"https:\/\/puzzle3d.co\/cs\/wp-json\/wp\/v2\/product_tag?post=843"},{"taxonomy":"woo-feed-brand","embeddable":true,"href":"https:\/\/puzzle3d.co\/cs\/wp-json\/wp\/v2\/woo-feed-brand?post=843"}],"curies":[{"name":"wp","href":"https:\/\/api.w.org\/{rel}","templated":true}]}}