{"id":834,"date":"2023-01-25T15:04:00","date_gmt":"2023-01-25T15:04:00","guid":{"rendered":"https:\/\/puzzle3d.co\/product\/kinetic-globe-puzzle-3d-copy\/"},"modified":"2025-06-11T19:09:09","modified_gmt":"2025-06-11T19:09:09","slug":"3d-mechanicke-drevene-puzzle-gramofon","status":"publish","type":"product","link":"https:\/\/puzzle3d.co\/cs\/prodotto\/grammofono-puzzle-meccanico-3d-in-legno\/","title":{"rendered":"3D mechanick\u00fd d\u0159ev\u011bn\u00fd konstruk\u010dn\u00ed model gramofonu, 321 d\u00edlk\u016f"},"content":{"rendered":"<div><strong>Gramofon - 3D mechanick\u00e9 d\u0159ev\u011bn\u00e9 puzzle - 321 d\u00edlk\u016f<\/strong><\/div>\n<div><\/div>\n<div>Thomas Edison, jedna z nejv\u00fdznamn\u011bj\u0161\u00edch postav v d\u011bjin\u00e1ch techniky, vynalezl v roce 1877 gramofon na voskov\u00e9 ty\u010dince. M\u011bl komer\u010dn\u00ed \u00fasp\u011bch a ve Spojen\u00fdch st\u00e1tech se rychle stal popul\u00e1rn\u00edm.<\/div>\n<div><\/div>\n<div>O deset let pozd\u011bji vynalezl americk\u00fd in\u017een\u00fdr n\u011bmeck\u00e9ho p\u016fvodu Emil Berliner gramofon s pou\u017eit\u00edm gramofonov\u00fdch desek.<\/div>\n<div><\/div>\n<div>Oba gramofony m\u011bly obrovsk\u00fd p\u0159\u00ednos pro hudebn\u00ed a komunika\u010dn\u00ed pr\u016fmysl.<\/div>\n<div><\/div>\n<div>Gramofon p\u0159ed v\u00e1mi v\u00e1s ka\u017ed\u00fd den pot\u011b\u0161\u00ed zvl\u00e1\u0161tn\u00edm zp\u016fsobem.<\/div>\n<div><\/div>\n<div>Bude p\u0159\u00edjemn\u00e9 za\u010d\u00edt den s t\u00edmto gramofonem, u kter\u00e9ho si m\u016f\u017eete vychutnat k\u00e1vu v p\u0159\u00edjemn\u00e9 atmosf\u00e9\u0159e. Pak si z tajn\u00e9 schr\u00e1nky vezmete hodinky nebo \u0161perk dne. Ve\u010der krabi\u010dku op\u011bt otev\u0159ete a \u0161perk do n\u00ed ulo\u017e\u00edte. Takto va\u0161e ka\u017edodenn\u00ed ritu\u00e1ly prom\u011bn\u00ed gramofon v p\u0159edm\u011bt, ke kter\u00e9mu budete m\u00edt bl\u00edzk\u00fd vztah.<\/div>\n<div><\/div>\n<div>Sestavov\u00e1n\u00ed gramofonu bude p\u0159\u00edjemn\u00e1 a relaxa\u010dn\u00ed \u010dinnost a na jej\u00edm konci se nebudete p\u0159\u00edli\u0161 rychle ohl\u00ed\u017eet.<\/div>\n<div><\/div>\n<h2><strong>Ide\u00e1ln\u00ed d\u00e1rek pro \u017eeny a milovn\u00edky hudby<\/strong><\/h2>\n<div><\/div>\n<div>Je to origin\u00e1ln\u00ed d\u00e1rek pro \u017eeny a mu\u017ee s v\u00e1\u0161n\u00ed pro hudbu, kulturu a um\u011bn\u00ed. Krabi\u010dka p\u0159in\u00e1\u0161\u00ed dal\u0161\u00ed hodnotu a lze ji doplnit hodinkami, \u0161perky nebo milostn\u00fdmi vzkazy.<\/div>\n<div><\/div>\n<div>Kr\u00e1sn\u00e1 dekorace do ka\u017ed\u00e9 m\u00edstnosti ve va\u0161\u00ed dom\u00e1cnosti.<\/div>\n<div><\/div>\n<div>Kdy\u017e nev\u00edte, jak\u00fd d\u00e1rek vybrat pro n\u011bkoho bl\u00edzk\u00e9ho nebo n\u011bkoho, koho si v\u00e1\u017e\u00edte, zvolte gramofon.<\/div>\n<div><\/div>\n<div><strong>PODROBNOSTI O PRODUKTU:<\/strong><\/div>\n<div>Rozm\u011bry modelu: 407*274*312 mm<\/div>\n<div>Rozm\u011bry balen\u00ed: 377 x 243 x 45 mm<\/div>\n<div>Po\u010det kus\u016f: 321<\/div>","protected":false},"excerpt":{"rendered":"<div>Sestavov\u00e1n\u00ed gramofonu bude p\u0159\u00edjemn\u00e1 a relaxa\u010dn\u00ed \u010dinnost a na jej\u00edm konci se nebudete p\u0159\u00edli\u0161 rychle ohl\u00ed\u017eet.<\/div>\n<p>&nbsp;<\/p>","protected":false},"featured_media":839,"comment_status":"open","ping_status":"closed","template":"","meta":[],"product_brand":[],"product_cat":[73,74,76,89,90],"product_tag":[],"woo-feed-brand":[],"class_list":{"0":"post-834","1":"product","2":"type-product","3":"status-publish","4":"has-post-thumbnail","6":"product_cat-puzzle-3d","7":"product_cat-puzzle-3d-in-legno","8":"product_cat-puzzle-3d-per-bambini","9":"product_cat-puzzle-meccanici-3d-in-legno","10":"product_cat-puzzle-meccanici-per-bambini","12":"first","13":"instock","14":"shipping-taxable","15":"purchasable","16":"product-type-simple"},"_links":{"self":[{"href":"https:\/\/puzzle3d.co\/cs\/wp-json\/wp\/v2\/product\/834","targetHints":{"allow":["GET"]}}],"collection":[{"href":"https:\/\/puzzle3d.co\/cs\/wp-json\/wp\/v2\/product"}],"about":[{"href":"https:\/\/puzzle3d.co\/cs\/wp-json\/wp\/v2\/types\/product"}],"replies":[{"embeddable":true,"href":"https:\/\/puzzle3d.co\/cs\/wp-json\/wp\/v2\/comments?post=834"}],"wp:featuredmedia":[{"embeddable":true,"href":"https:\/\/puzzle3d.co\/cs\/wp-json\/wp\/v2\/media\/839"}],"wp:attachment":[{"href":"https:\/\/puzzle3d.co\/cs\/wp-json\/wp\/v2\/media?parent=834"}],"wp:term":[{"taxonomy":"product_brand","embeddable":true,"href":"https:\/\/puzzle3d.co\/cs\/wp-json\/wp\/v2\/product_brand?post=834"},{"taxonomy":"product_cat","embeddable":true,"href":"https:\/\/puzzle3d.co\/cs\/wp-json\/wp\/v2\/product_cat?post=834"},{"taxonomy":"product_tag","embeddable":true,"href":"https:\/\/puzzle3d.co\/cs\/wp-json\/wp\/v2\/product_tag?post=834"},{"taxonomy":"woo-feed-brand","embeddable":true,"href":"https:\/\/puzzle3d.co\/cs\/wp-json\/wp\/v2\/woo-feed-brand?post=834"}],"curies":[{"name":"wp","href":"https:\/\/api.w.org\/{rel}","templated":true}]}}