{"id":826,"date":"2023-01-25T14:32:39","date_gmt":"2023-01-25T14:32:39","guid":{"rendered":"https:\/\/puzzle3d.co\/product\/doll-house-puzzle-3d-copy\/"},"modified":"2025-05-11T08:14:48","modified_gmt":"2025-05-11T08:14:48","slug":"kineticky-globus-3d-mechanicke-puzzle-drevo","status":"publish","type":"product","link":"https:\/\/puzzle3d.co\/cs\/prodotto\/globo-cinetico-puzzle-meccanico-3d-legno\/","title":{"rendered":"Kinetick\u00fd gl\u00f3bus - mechanick\u00e9 d\u0159ev\u011bn\u00e9 puzzle, 205 d\u00edlk\u016f"},"content":{"rendered":"<div>\n<p><strong>Kinetick\u00fd gl\u00f3bus - mechanick\u00e9 d\u0159ev\u011bn\u00e9 puzzle, 205 d\u00edlk\u016f<\/strong><\/p>\n<p><span style=\"color: #333333;\">Objevte kr\u00e1su mechaniky s kinetick\u00fdm gl\u00f3busem! <\/span><span style=\"color: #333333;\">V 17. stolet\u00ed se kinetick\u00e9 gl\u00f3by za\u010daly pou\u017e\u00edvat jako v\u00fdukov\u00fd n\u00e1stroj k ilustraci fyzik\u00e1ln\u00edch princip\u016f, jako je rotace a ot\u00e1\u010den\u00ed.<\/span><\/p>\n<\/div>\n<div>\n<div>\n<div>O dv\u011b stolet\u00ed pozd\u011bji se za\u010daly pou\u017e\u00edvat jako dekorativn\u00ed p\u0159edm\u011bty.<\/div>\n<div>Od 20. stolet\u00ed se kinetick\u00e9 gl\u00f3by st\u00e1vaj\u00ed st\u00e1le popul\u00e1rn\u011bj\u0161\u00edmi jako objekty sou\u010dasn\u00e9ho um\u011bn\u00ed.<\/div>\n<div><\/div>\n<div>Dnes se gl\u00f3by st\u00e1le vyv\u00edjej\u00ed a vyu\u017e\u00edvaj\u00ed modern\u00ed technologie a pokro\u010dil\u00e9 materi\u00e1ly k vytv\u00e1\u0159en\u00ed p\u016fsobiv\u00fdch pohyb\u016f a vizu\u00e1ln\u00edch efekt\u016f.<\/div>\n<div><\/div>\n<div>Chytr\u00fd d\u00e1rek pro ka\u017ed\u00e9ho<\/div>\n<div><\/div>\n<div>Vyberte si chytr\u00fd d\u00e1rek pro sebe nebo p\u0159\u00edtele, sestavte ho a nechte ho rozto\u010dit. Sledov\u00e1n\u00ed pohybu ot\u00e1\u010den\u00ed a rotace je relaxa\u010dn\u00ed.<\/div>\n<div><\/div>\n<div>M\u016f\u017eete to d\u011blat, kdy\u017e p\u0159em\u00fd\u0161l\u00edte o projektu nebo si v klidu vychutn\u00e1v\u00e1te k\u00e1vu. V\u0161imnete si, jak se v\u00e1m nab\u00edj\u00ed baterie a my\u0161lenky jako by se usadily na poli\u010dce.<\/div>\n<div><\/div>\n<div><strong>PODROBNOSTI O PRODUKTU:<\/strong><\/div>\n<div>Rozm\u011bry modelu: 161*132*251 mm<\/div>\n<div>Rozm\u011bry balen\u00ed: 245*188*30 mm<\/div>\n<div>Po\u010det kus\u016f: 205<\/div>\n<\/div>\n<div><\/div>\n<\/div>","protected":false},"excerpt":{"rendered":"<p>Objevte kr\u00e1su mechaniky s kinetick\u00fdm globusem! Vyberte chytr\u00fd d\u00e1rek pro sebe nebo kamar\u00e1da, sestavte ho a pak ho nechte rozto\u010dit. Sledovat pohyb ot\u00e1\u010den\u00ed a rotace je relaxa\u010dn\u00ed.<\/p>","protected":false},"featured_media":830,"comment_status":"open","ping_status":"closed","template":"","meta":[],"product_brand":[],"product_cat":[73,74,76,89,90],"product_tag":[],"woo-feed-brand":[],"class_list":{"0":"post-826","1":"product","2":"type-product","3":"status-publish","4":"has-post-thumbnail","6":"product_cat-puzzle-3d","7":"product_cat-puzzle-3d-in-legno","8":"product_cat-puzzle-3d-per-bambini","9":"product_cat-puzzle-meccanici-3d-in-legno","10":"product_cat-puzzle-meccanici-per-bambini","12":"first","13":"instock","14":"shipping-taxable","15":"purchasable","16":"product-type-simple"},"_links":{"self":[{"href":"https:\/\/puzzle3d.co\/cs\/wp-json\/wp\/v2\/product\/826","targetHints":{"allow":["GET"]}}],"collection":[{"href":"https:\/\/puzzle3d.co\/cs\/wp-json\/wp\/v2\/product"}],"about":[{"href":"https:\/\/puzzle3d.co\/cs\/wp-json\/wp\/v2\/types\/product"}],"replies":[{"embeddable":true,"href":"https:\/\/puzzle3d.co\/cs\/wp-json\/wp\/v2\/comments?post=826"}],"wp:featuredmedia":[{"embeddable":true,"href":"https:\/\/puzzle3d.co\/cs\/wp-json\/wp\/v2\/media\/830"}],"wp:attachment":[{"href":"https:\/\/puzzle3d.co\/cs\/wp-json\/wp\/v2\/media?parent=826"}],"wp:term":[{"taxonomy":"product_brand","embeddable":true,"href":"https:\/\/puzzle3d.co\/cs\/wp-json\/wp\/v2\/product_brand?post=826"},{"taxonomy":"product_cat","embeddable":true,"href":"https:\/\/puzzle3d.co\/cs\/wp-json\/wp\/v2\/product_cat?post=826"},{"taxonomy":"product_tag","embeddable":true,"href":"https:\/\/puzzle3d.co\/cs\/wp-json\/wp\/v2\/product_tag?post=826"},{"taxonomy":"woo-feed-brand","embeddable":true,"href":"https:\/\/puzzle3d.co\/cs\/wp-json\/wp\/v2\/woo-feed-brand?post=826"}],"curies":[{"name":"wp","href":"https:\/\/api.w.org\/{rel}","templated":true}]}}