{"id":818,"date":"2023-01-24T16:19:11","date_gmt":"2023-01-24T16:19:11","guid":{"rendered":"https:\/\/puzzle3d.co\/product\/tank-t-34-85-puzzle-3d-mecanic-copy\/"},"modified":"2025-05-12T06:12:44","modified_gmt":"2025-05-12T06:12:44","slug":"drevena-3d-skladacka-pro-panenky","status":"publish","type":"product","link":"https:\/\/puzzle3d.co\/cs\/prodotto\/casa-delle-bambole-puzzle-3d-in-legno\/","title":{"rendered":"D\u0159ev\u011bn\u00fd dome\u010dek pro panenky, 131 d\u00edlk\u016f"},"content":{"rendered":"<div>\n<p><strong>D\u011aTSK\u00dd D\u016eM 3D d\u0159ev\u011bn\u00e9 puzzle -131 d\u00edlk\u016f<\/strong><\/p>\n<p>Stavba tohoto dome\u010dku pro panenky bude d\u00edky kvalitn\u00edm d\u0159ev\u011bn\u00fdm komponent\u016fm pot\u011b\u0161en\u00edm. Ka\u017ed\u00fd d\u00edl je vy\u0159ez\u00e1n s laserovou p\u0159esnost\u00ed a dokonale zapad\u00e1 do ostatn\u00edch. Podrobn\u00fd n\u00e1vod v\u00e1s provede sestaven\u00edm krok za krokem.<\/p>\n<p>Po dokon\u010den\u00ed m\u011b\u0159\u00ed d\u016fm 48 x 37 x 54 cm, co\u017e je velk\u00fd model. Najde\u0161 v n\u011bm pln\u00fd prostor pro fantazii a kreativitu p\u0159i za\u0159izov\u00e1n\u00ed interi\u00e9ru a v\u00fdzdob\u011b exteri\u00e9ru podle sv\u00e9ho vkusu, stejn\u011b jako ve skute\u010dn\u00e9m dome\u010dku pro panenky!<\/p>\n<\/div>\n<p>Pozornost v\u011bnovan\u00e1 detail\u016fm je ohromuj\u00edc\u00ed: zdoben\u00e9 balkony, kompletn\u00ed vybaven\u00ed pokoj\u016f a kuchyn\u00ed, mal\u00e9 barevn\u00e9 z\u00e1v\u011bsy, skluzavka a dal\u0161\u00ed cenn\u00e9 prvky p\u0159isp\u00edvaj\u00ed k vytvo\u0159en\u00ed mimo\u0159\u00e1dn\u011b realistick\u00e9ho miniaturn\u00edho sv\u011bta.<\/p>\n<p class=\"whitespace-pre-wrap\">Nechte se okouzlit t\u00edmto kr\u00e1sn\u00fdm d\u0159ev\u011bn\u00fdm dome\u010dkem pro panenky - ide\u00e1ln\u00edm d\u00e1rkem pro mal\u00e9 i velk\u00e9!<\/p>\n<p class=\"whitespace-pre-wrap\">Jeden z p\u0159edn\u00edch sv\u011btov\u00fdch v\u00fdrobc\u016f d\u0159ev\u011bn\u00fdch skl\u00e1da\u010dek, kter\u00fd nab\u00edz\u00ed des\u00edtky fascinuj\u00edc\u00edch sad. Pozornost v\u011bnovan\u00e1 detail\u016fm jejich model\u016f je prost\u011b neuv\u011b\u0159iteln\u00e1! R\u016fzn\u00e9 obt\u00ed\u017enosti, od stavebnic vhodn\u00fdch pro d\u011bti a\u017e po v\u00fdzvy pro zku\u0161en\u011bj\u0161\u00ed model\u00e1\u0159e. Spole\u010dnost s dlouhou histori\u00ed a v\u00e1\u0161n\u00ed pro toto um\u011bn\u00ed.<\/p>\n<div>\n<div>\n<div>P\u0159ed n\u011bkolika stalet\u00edmi byl d\u0159ev\u011bn\u00fd dome\u010dek pro panenky luxusn\u00edm zbo\u017e\u00edm vyhrazen\u00fdm pouze pro bohat\u00e9 rodiny.<\/div>\n<div><\/div>\n<div>Dnes u\u017e to nen\u00ed luxus, ale p\u0159edm\u011bt, kter\u00fd se d\u011btem l\u00edb\u00ed a kter\u00fd slibuje hodiny hran\u00ed mimo obrazovky.<\/div>\n<div><\/div>\n<div>Pokud tedy chcete, aby se va\u0161e d\u00edt\u011b zabavilo, tento hrac\u00ed dome\u010dek uv\u00edt\u00e1te.<\/div>\n<div><\/div>\n<div>M\u00e1 \u0159adu v\u00fdhod: jeho sestavov\u00e1n\u00ed rozv\u00edj\u00ed smysl pro detail, motoriku, koordinaci ruky a oka a orientaci v prostoru.<\/div>\n<div><\/div>\n<h2>Vhodn\u00fd d\u00e1rek pro d\u00edvky<\/h2>\n<div>M\u00e1 mnoho m\u00edstnost\u00ed a n\u00e1bytku, kter\u00e9 podporuj\u00ed p\u0159edstavivost a hran\u00ed rol\u00ed: ob\u00fdvac\u00ed pokoj, kuchy\u0148, lo\u017enici, podkrov\u00ed, balkon, gar\u00e1\u017e, st\u016fl, \u017eidle, pohovky, lo\u017enici, mechanick\u00fd v\u00fdtah.<\/div>\n<div><\/div>\n<div>M\u016f\u017eete ho vyzdobit pomoc\u00ed barvy na vodn\u00ed b\u00e1zi, p\u0159idat \u010dleny rodiny, kte\u0159\u00ed budou v tomto dom\u011b \u017e\u00edt, auto, stromy a cokoli dal\u0161\u00edho, co v\u00e1s napadne.<\/div>\n<div><\/div>\n<div>Dome\u010dek lze slo\u017eit pro pohodlnou p\u0159epravu na venkovn\u00ed hran\u00ed nebo na n\u00e1v\u0161t\u011bvu k prarodi\u010d\u016fm.<\/div>\n<div>Je to atraktivn\u00ed dekorace do ob\u00fdvac\u00edho pokoje a zejm\u00e9na do d\u011btsk\u00e9ho pokoje.<\/div>\n<div><\/div>\n<div><strong>PODROBNOSTI O PRODUKTU:<\/strong><\/div>\n<div>Rozm\u011bry modelu: 486*376*540 mm<\/div>\n<div>Rozm\u011bry balen\u00ed: 375 x 243 x 64 mm<\/div>\n<div>Po\u010det kus\u016f: 131<\/div>\n<\/div>\n<\/div>","protected":false},"excerpt":{"rendered":"<div>D\u0159ev\u011bn\u00fd dome\u010dek pro panenky rozv\u00edj\u00ed smysl pro detail, motoriku, koordinaci ruky a oka a orientaci v prostoru.<\/div>\n<p>&nbsp;<\/p>","protected":false},"featured_media":820,"comment_status":"open","ping_status":"closed","template":"","meta":[],"product_brand":[],"product_cat":[73,74,76,89,90],"product_tag":[],"woo-feed-brand":[],"class_list":{"0":"post-818","1":"product","2":"type-product","3":"status-publish","4":"has-post-thumbnail","6":"product_cat-puzzle-3d","7":"product_cat-puzzle-3d-in-legno","8":"product_cat-puzzle-3d-per-bambini","9":"product_cat-puzzle-meccanici-3d-in-legno","10":"product_cat-puzzle-meccanici-per-bambini","12":"first","13":"instock","14":"shipping-taxable","15":"purchasable","16":"product-type-simple"},"_links":{"self":[{"href":"https:\/\/puzzle3d.co\/cs\/wp-json\/wp\/v2\/product\/818","targetHints":{"allow":["GET"]}}],"collection":[{"href":"https:\/\/puzzle3d.co\/cs\/wp-json\/wp\/v2\/product"}],"about":[{"href":"https:\/\/puzzle3d.co\/cs\/wp-json\/wp\/v2\/types\/product"}],"replies":[{"embeddable":true,"href":"https:\/\/puzzle3d.co\/cs\/wp-json\/wp\/v2\/comments?post=818"}],"wp:featuredmedia":[{"embeddable":true,"href":"https:\/\/puzzle3d.co\/cs\/wp-json\/wp\/v2\/media\/820"}],"wp:attachment":[{"href":"https:\/\/puzzle3d.co\/cs\/wp-json\/wp\/v2\/media?parent=818"}],"wp:term":[{"taxonomy":"product_brand","embeddable":true,"href":"https:\/\/puzzle3d.co\/cs\/wp-json\/wp\/v2\/product_brand?post=818"},{"taxonomy":"product_cat","embeddable":true,"href":"https:\/\/puzzle3d.co\/cs\/wp-json\/wp\/v2\/product_cat?post=818"},{"taxonomy":"product_tag","embeddable":true,"href":"https:\/\/puzzle3d.co\/cs\/wp-json\/wp\/v2\/product_tag?post=818"},{"taxonomy":"woo-feed-brand","embeddable":true,"href":"https:\/\/puzzle3d.co\/cs\/wp-json\/wp\/v2\/woo-feed-brand?post=818"}],"curies":[{"name":"wp","href":"https:\/\/api.w.org\/{rel}","templated":true}]}}