{"id":806,"date":"2023-01-24T13:52:59","date_gmt":"2023-01-24T13:52:59","guid":{"rendered":"https:\/\/puzzle3d.co\/product\/mower-lemn-puzzle-3d-mecanic-copy\/"},"modified":"2025-06-11T19:09:39","modified_gmt":"2025-06-11T19:09:39","slug":"mechanicky-model-nadrze-drevo","status":"publish","type":"product","link":"https:\/\/puzzle3d.co\/cs\/prodotto\/carro-armato-modello-meccanico-legno\/","title":{"rendered":"Mechanick\u00fd d\u0159ev\u011bn\u00fd model tanku T-34-85 , 965 kus\u016f"},"content":{"rendered":"<div>\n<h2><strong>Tank, mechanick\u00fd d\u0159ev\u011bn\u00fd model tanku T-34-85 - 965 kus\u016f<\/strong><\/h2>\n<\/div>\n<div>\n<div>\n<div>V\u011bd\u011bli jste, \u017ee prvn\u00ed tanky, kter\u00e9 se objevily b\u011bhem prvn\u00ed sv\u011btov\u00e9 v\u00e1lky, m\u011bly technick\u00e9 probl\u00e9my, nap\u0159\u00edklad p\u0159eh\u0159\u00edvaj\u00edc\u00ed se motory a probl\u00e9my s man\u00e9vrovatelnost\u00ed.<\/div>\n<div>S t\u00e9m\u011b\u0159 965 d\u00edlky, kter\u00e9 jsou v\u0161echny ze d\u0159eva a bez jedin\u00e9 kapky lepidla, si m\u016f\u017eete postavit mobiln\u00ed tank sami. Je vybaven oto\u010dnou v\u011b\u017e\u00ed, pohybliv\u00fdmi poklopy a oto\u010dn\u00fdmi koly.<\/div>\n<div>Tank T 34-85 p\u0159ich\u00e1z\u00ed vyzkou\u0161et va\u0161i trp\u011blivost a pozornost. Je to intelektu\u00e1ln\u00ed v\u00fdzva, kter\u00e1 je dobr\u00e1 jen pro mozek.<\/div>\n<div>Pokud v\u00e1s zaj\u00edm\u00e1 mechanika a stroj\u00edrenstv\u00ed nebo vojensk\u00e1 historie, je tento model ur\u010den pr\u00e1v\u011b pro v\u00e1s.<\/div>\n<h3>D\u00e1rek pro milovn\u00edky historie<\/h3>\n<div><strong>PODROBNOSTI O PRODUKTU:<\/strong><\/div>\n<div>Rozm\u011bry modelu: 330*128*95 mm<\/div>\n<div>Rozm\u011bry balen\u00ed: 245*188*50 mm<\/div>\n<div>Po\u010det kus\u016f: 965<\/div>\n<\/div>\n<div><\/div>\n<\/div>\n<p><script type=\"application\/ld+json\" data-app=\"seomaster\">{\n    \"@context\": \"https:\\\/\\\/schema.org\\\/\",\n    \"@type\": \"Product\",\n    \"@id\": \"https:\\\/\\\/puzzle3d.co\\\/prodotto\\\/carro-armato-modello-meccanico-legno\\\/\",\n    \"url\": \"https:\\\/\\\/puzzle3d.co\\\/prodotto\\\/carro-armato-modello-meccanico-legno\\\/\",\n    \"name\": \"Carro Armato T-34-85 modello meccanico in legno del , 965 pezzi\",\n    \"image\": \"https:\\\/\\\/puzzle3d.co\\\/wp-content\\\/uploads\\\/2023\\\/01\\\/tank3.webp\",\n    \"description\": \"Modello Carro Armato Meccanico T-34-85 in legno - 965 pezzi\",\n    \"brand\": {\n        \"@type\": \"Brand\",\n        \"name\": \"Puzzle 3D\"\n    },\n    \"aggregateRating\": {\n        \"@type\": \"aggregateRating\",\n        \"bestRating\": \"5\",\n        \"worstRating\": \"1\",\n        \"ratingCount\": \"140\",\n        \"ratingValue\": \"4.8\"\n    }\n}<\/script><\/p>","protected":false},"excerpt":{"rendered":"<p>Pokud v\u00e1s zaj\u00edm\u00e1 mechanika, stroj\u00edrenstv\u00ed nebo vojensk\u00e1 historie, je pro v\u00e1s 3D puzzle mechanick\u00e9ho tanku T-34-85 to prav\u00e9. D\u00edky t\u00e9m\u011b\u0159 300 d\u00edlk\u016fm, kter\u00e9 jsou cel\u00e9 ze d\u0159eva a bez jedin\u00e9 kapky lepidla, si m\u016f\u017eete sami postavit poj\u00edzdn\u00fd tank.<\/p>","protected":false},"featured_media":810,"comment_status":"open","ping_status":"closed","template":"","meta":[],"product_brand":[],"product_cat":[73,88,74,89,90,91],"product_tag":[],"woo-feed-brand":[],"class_list":{"0":"post-806","1":"product","2":"type-product","3":"status-publish","4":"has-post-thumbnail","6":"product_cat-puzzle-3d","7":"product_cat-puzzle-3d-adulti","8":"product_cat-puzzle-3d-in-legno","9":"product_cat-puzzle-meccanici-3d-in-legno","10":"product_cat-puzzle-meccanici-per-bambini","11":"product_cat-puzzle-meccanici-per-adulti","13":"first","14":"instock","15":"shipping-taxable","16":"purchasable","17":"product-type-simple"},"_links":{"self":[{"href":"https:\/\/puzzle3d.co\/cs\/wp-json\/wp\/v2\/product\/806","targetHints":{"allow":["GET"]}}],"collection":[{"href":"https:\/\/puzzle3d.co\/cs\/wp-json\/wp\/v2\/product"}],"about":[{"href":"https:\/\/puzzle3d.co\/cs\/wp-json\/wp\/v2\/types\/product"}],"replies":[{"embeddable":true,"href":"https:\/\/puzzle3d.co\/cs\/wp-json\/wp\/v2\/comments?post=806"}],"wp:featuredmedia":[{"embeddable":true,"href":"https:\/\/puzzle3d.co\/cs\/wp-json\/wp\/v2\/media\/810"}],"wp:attachment":[{"href":"https:\/\/puzzle3d.co\/cs\/wp-json\/wp\/v2\/media?parent=806"}],"wp:term":[{"taxonomy":"product_brand","embeddable":true,"href":"https:\/\/puzzle3d.co\/cs\/wp-json\/wp\/v2\/product_brand?post=806"},{"taxonomy":"product_cat","embeddable":true,"href":"https:\/\/puzzle3d.co\/cs\/wp-json\/wp\/v2\/product_cat?post=806"},{"taxonomy":"product_tag","embeddable":true,"href":"https:\/\/puzzle3d.co\/cs\/wp-json\/wp\/v2\/product_tag?post=806"},{"taxonomy":"woo-feed-brand","embeddable":true,"href":"https:\/\/puzzle3d.co\/cs\/wp-json\/wp\/v2\/woo-feed-brand?post=806"}],"curies":[{"name":"wp","href":"https:\/\/api.w.org\/{rel}","templated":true}]}}