{"id":796,"date":"2023-01-24T12:45:30","date_gmt":"2023-01-24T12:45:30","guid":{"rendered":"https:\/\/puzzle3d.co\/product\/glob-lemn-puzzle-3d-mecanic-copy\/"},"modified":"2025-06-19T03:30:45","modified_gmt":"2025-06-19T03:30:45","slug":"kombinovat-zemedelske-3d-mechanicke-drevene-puzzle","status":"publish","type":"product","link":"https:\/\/puzzle3d.co\/cs\/prodotto\/combina-agricola-puzzle-3d-meccanico-in-legno\/","title":{"rendered":"Combina Agricola - mechanick\u00e9 d\u0159ev\u011bn\u00e9 puzzle, 963 d\u00edlk\u016f"},"content":{"rendered":"<div>\n<p><strong>Zem\u011bd\u011blsk\u00fd kombajn - Mechanick\u00fd d\u0159ev\u011bn\u00fd model - 963 kus\u016f<\/strong><\/p>\n<\/div>\n<div>\n<div>\n<div>D\u0159ev\u011bn\u00e1 skl\u00e1da\u010dka kombajnu je podobn\u00e1 skute\u010dn\u00e9mu kombajnu. Jeho \u00fa\u010delem je fungovat jako jeho skute\u010dn\u00fd prot\u011bj\u0161ek.<\/div>\n<div>Model m\u00e1 motor s gumov\u00fdm p\u00e1skem a odn\u00edmateln\u00e9 \u0159ezac\u00ed za\u0159\u00edzen\u00ed, kter\u00e9 se pohybuje nahoru a dol\u016f. Je skute\u010dn\u011b fascinuj\u00edc\u00ed obdivovat jej v klidu i v pohybu.<\/div>\n<h2>D\u00e1rek ocen\u011bn\u00fd mu\u017ei<\/h2>\n<div>Sestavov\u00e1n\u00ed je pot\u011b\u0161en\u00edm, ale tak\u00e9 v\u00fdzvou. Postupujte podle n\u00e1vodu, nen\u00ed to tak slo\u017eit\u00e9, jak si mysl\u00edte.<\/div>\n<div>B\u011bhem stavby si zaru\u010den\u011b u\u017eijete d\u00e1vku adrenalinu, soust\u0159ed\u011bn\u00ed na detaily, ale tak\u00e9 p\u0159\u00edjemn\u00fd stav relaxace.<\/div>\n<div><\/div>\n<div>Obt\u00ed\u017enost je 5 z 5.<\/div>\n<div><\/div>\n<div><strong>Vhodn\u00fd v\u011bk &gt; 14 let<\/strong><\/div>\n<div><\/div>\n<div><strong>PODROBNOSTI O PRODUKTU:<\/strong><\/div>\n<div>Rozm\u011bry modelu: 315*261*145 mm<\/div>\n<div>Rozm\u011bry balen\u00ed: 375 x 183 x 32 mm<\/div>\n<div>Po\u010det kus\u016f: 963<\/div>\n<\/div>\n<div><\/div>\n<\/div>","protected":false},"excerpt":{"rendered":"<p>D\u0159ev\u011bn\u00e1 skl\u00e1da\u010dka kombajnu je podobn\u00e1 skute\u010dn\u00e9mu kombajnu. Jeho \u00fa\u010delem je fungovat jako jeho skute\u010dn\u00fd prot\u011bj\u0161ek. Model m\u00e1 motor na gumi\u010dku a odn\u00edmateln\u00e9 \u017eac\u00ed \u00fastroj\u00ed, kter\u00e9 jezd\u00ed nahoru a dol\u016f.<\/p>","protected":false},"featured_media":798,"comment_status":"open","ping_status":"closed","template":"","meta":{"slim_seo":{"title":"Combina Agricola - mechanick\u00e9 d\u0159ev\u011bn\u00e9 puzzle, 963 d\u00edlk\u016f","description":"D\u0159ev\u011bn\u00e9 puzzle kombajn\/zem\u011bd\u011blsk\u00fd kombajn je podobn\u00e9 skute\u010dn\u00e9mu kombajnu. Jeho \u00fa\u010delem je fungovat jako jeho skute\u010dn\u00fd prot\u011bj\u0161ek."}},"product_brand":[],"product_cat":[108,89,91,90,73,88,74],"product_tag":[],"woo-feed-brand":[],"class_list":{"0":"post-796","1":"product","2":"type-product","3":"status-publish","4":"has-post-thumbnail","6":"product_cat-modellismo-da-costruire-per-adulti","7":"product_cat-puzzle-meccanici-3d-in-legno","8":"product_cat-puzzle-meccanici-per-adulti","9":"product_cat-puzzle-meccanici-per-bambini","10":"product_cat-puzzle-3d","11":"product_cat-puzzle-3d-adulti","12":"product_cat-puzzle-3d-in-legno","14":"first","15":"instock","16":"shipping-taxable","17":"purchasable","18":"product-type-simple"},"_links":{"self":[{"href":"https:\/\/puzzle3d.co\/cs\/wp-json\/wp\/v2\/product\/796","targetHints":{"allow":["GET"]}}],"collection":[{"href":"https:\/\/puzzle3d.co\/cs\/wp-json\/wp\/v2\/product"}],"about":[{"href":"https:\/\/puzzle3d.co\/cs\/wp-json\/wp\/v2\/types\/product"}],"replies":[{"embeddable":true,"href":"https:\/\/puzzle3d.co\/cs\/wp-json\/wp\/v2\/comments?post=796"}],"wp:featuredmedia":[{"embeddable":true,"href":"https:\/\/puzzle3d.co\/cs\/wp-json\/wp\/v2\/media\/798"}],"wp:attachment":[{"href":"https:\/\/puzzle3d.co\/cs\/wp-json\/wp\/v2\/media?parent=796"}],"wp:term":[{"taxonomy":"product_brand","embeddable":true,"href":"https:\/\/puzzle3d.co\/cs\/wp-json\/wp\/v2\/product_brand?post=796"},{"taxonomy":"product_cat","embeddable":true,"href":"https:\/\/puzzle3d.co\/cs\/wp-json\/wp\/v2\/product_cat?post=796"},{"taxonomy":"product_tag","embeddable":true,"href":"https:\/\/puzzle3d.co\/cs\/wp-json\/wp\/v2\/product_tag?post=796"},{"taxonomy":"woo-feed-brand","embeddable":true,"href":"https:\/\/puzzle3d.co\/cs\/wp-json\/wp\/v2\/woo-feed-brand?post=796"}],"curies":[{"name":"wp","href":"https:\/\/api.w.org\/{rel}","templated":true}]}}