{"id":787,"date":"2023-01-24T12:02:30","date_gmt":"2023-01-24T12:02:30","guid":{"rendered":"https:\/\/puzzle3d.co\/product\/belaz75600-puzzle-3d-mecanic-copy\/"},"modified":"2025-05-11T08:14:31","modified_gmt":"2025-05-11T08:14:31","slug":"3d-mechanicke-drevene-puzzle-s-globusem-393-dilku","status":"publish","type":"product","link":"https:\/\/puzzle3d.co\/cs\/prodotto\/globo-puzzle-3d-meccanico-legno-393-pezzi\/","title":{"rendered":"D\u0159ev\u011bn\u00e9 mechanick\u00e9 puzzle GLOBO 3D, 393 d\u00edlk\u016f"},"content":{"rendered":"<div>\n<p><strong>3D mechanick\u00e9 d\u0159ev\u011bn\u00e9 puzzle GLOBO - 393 d\u00edlk\u016f<\/strong><\/p>\n<\/div>\n<div>\n<div>\n<div>D\u0159ev\u011bn\u00fd globus je dekorativn\u00ed a vzd\u011bl\u00e1vac\u00ed prvek, kter\u00fd vzbud\u00ed z\u00e1jem o pozn\u00e1v\u00e1n\u00ed sv\u011bta.<\/div>\n<div>A\u0165 u\u017e jste dosp\u011bl\u00fd, nebo d\u00edt\u011b, je nemo\u017en\u00e9 neb\u00fdt fascinov\u00e1n gl\u00f3busem, zejm\u00e9na pokud ho sestav\u00edte vlastn\u00edma rukama.<\/div>\n<div>Je to dokonal\u00e1 v\u00fdzva pro mozek, ale tak\u00e9 p\u0159\u00edle\u017eitost k meditaci a zamy\u0161len\u00ed.<\/div>\n<div>Tajn\u00e1 schr\u00e1nka je stejn\u011b u\u017eite\u010dn\u00e1 jako zaj\u00edmav\u00e1. Hodinky, prsten, kl\u00ed\u010d, bonb\u00f3n: kdo uhodne, co se v n\u00ed skr\u00fdv\u00e1?<\/div>\n<h2>Chytr\u00fd d\u00e1rek pro ka\u017ed\u00e9ho<\/h2>\n<div>Shrom\u00e1\u017ed\u011bte ho s bl\u00edzk\u00fdm p\u0159\u00edtelem, zat\u00edmco si pov\u00edd\u00e1te o n\u011b\u010dem z du\u0161e, nebo s d\u00edt\u011btem, kter\u00e9 mu \u0159\u00edk\u00e1, \u017ee \u017eivot je v jeho rukou. Povzbuzujte ho, aby spr\u00e1vn\u00fdmi rozhodnut\u00edmi mohlo obejmout celou zemi.<\/div>\n<div><\/div>\n<div><strong>PODROBNOSTI O PRODUKTU:<\/strong><\/div>\n<div>Rozm\u011bry modelu: 505*320*320 mm<\/div>\n<div>Rozm\u011bry balen\u00ed: 374 x 242 x 64 mm<\/div>\n<div>Po\u010det kus\u016f: 393<\/div>\n<\/div>\n<\/div>","protected":false},"excerpt":{"rendered":"<p>D\u0159ev\u011bn\u00fd globus je dekorativn\u00ed a vzd\u011bl\u00e1vac\u00ed prvek, kter\u00fd vzbud\u00ed z\u00e1jem o pozn\u00e1v\u00e1n\u00ed sv\u011bta.<\/p>","protected":false},"featured_media":789,"comment_status":"open","ping_status":"closed","template":"","meta":[],"product_brand":[],"product_cat":[73,88,74,76,89,90,91],"product_tag":[],"woo-feed-brand":[],"class_list":{"0":"post-787","1":"product","2":"type-product","3":"status-publish","4":"has-post-thumbnail","6":"product_cat-puzzle-3d","7":"product_cat-puzzle-3d-adulti","8":"product_cat-puzzle-3d-in-legno","9":"product_cat-puzzle-3d-per-bambini","10":"product_cat-puzzle-meccanici-3d-in-legno","11":"product_cat-puzzle-meccanici-per-bambini","12":"product_cat-puzzle-meccanici-per-adulti","14":"first","15":"instock","16":"shipping-taxable","17":"purchasable","18":"product-type-simple"},"_links":{"self":[{"href":"https:\/\/puzzle3d.co\/cs\/wp-json\/wp\/v2\/product\/787","targetHints":{"allow":["GET"]}}],"collection":[{"href":"https:\/\/puzzle3d.co\/cs\/wp-json\/wp\/v2\/product"}],"about":[{"href":"https:\/\/puzzle3d.co\/cs\/wp-json\/wp\/v2\/types\/product"}],"replies":[{"embeddable":true,"href":"https:\/\/puzzle3d.co\/cs\/wp-json\/wp\/v2\/comments?post=787"}],"wp:featuredmedia":[{"embeddable":true,"href":"https:\/\/puzzle3d.co\/cs\/wp-json\/wp\/v2\/media\/789"}],"wp:attachment":[{"href":"https:\/\/puzzle3d.co\/cs\/wp-json\/wp\/v2\/media?parent=787"}],"wp:term":[{"taxonomy":"product_brand","embeddable":true,"href":"https:\/\/puzzle3d.co\/cs\/wp-json\/wp\/v2\/product_brand?post=787"},{"taxonomy":"product_cat","embeddable":true,"href":"https:\/\/puzzle3d.co\/cs\/wp-json\/wp\/v2\/product_cat?post=787"},{"taxonomy":"product_tag","embeddable":true,"href":"https:\/\/puzzle3d.co\/cs\/wp-json\/wp\/v2\/product_tag?post=787"},{"taxonomy":"woo-feed-brand","embeddable":true,"href":"https:\/\/puzzle3d.co\/cs\/wp-json\/wp\/v2\/woo-feed-brand?post=787"}],"curies":[{"name":"wp","href":"https:\/\/api.w.org\/{rel}","templated":true}]}}