{"id":775,"date":"2023-01-23T22:33:39","date_gmt":"2023-01-23T22:33:39","guid":{"rendered":"https:\/\/puzzle3d.co\/product\/belaz-puzzle-3d-mecanic-copy\/"},"modified":"2025-06-11T19:11:18","modified_gmt":"2025-06-11T19:11:18","slug":"obri-kamion-belaz-3d-mechanicke-puzzle","status":"publish","type":"product","link":"https:\/\/puzzle3d.co\/cs\/prodotto\/camion-gigantesco-belaz-puzzle-meccanico-3d\/","title":{"rendered":"Ob\u0159\u00ed n\u00e1kladn\u00ed automobil BELAZ 75600. Mechanick\u00fd d\u0159ev\u011bn\u00fd model, 307 d\u00edlk\u016f"},"content":{"rendered":"<div>\n<div>\n<div><strong>BELAZ Giant Truck 75600 - 3D mechanick\u00e9 d\u0159ev\u011bn\u00e9 puzzle - 307 d\u00edlk\u016f<\/strong><\/div>\n<div><\/div>\n<div>Jeden z vynikaj\u00edc\u00edch model\u016f \u0159ady Belaz v\u00e1s ohrom\u00ed svou konstrukc\u00ed.<\/div>\n<div>T\u011b\u017ekoton\u00e1\u017en\u00ed n\u00e1kladn\u00ed automobil m\u00e1 motor poh\u00e1n\u011bn\u00fd gumov\u00fdm p\u00e1sem. S jedn\u00edm<\/div>\n<div>pohyb, m\u016f\u017ee se pohybovat a\u017e n\u011bkolik metr\u016f (v z\u00e1vislosti na povrchu vozovky).<\/div>\n<div><\/div>\n<div>Detailn\u00ed design obsahuje v\u0161echny prvky sv\u00e9ho skute\u010dn\u00e9ho prot\u011bj\u0161ku. Dve\u0159e a kapota se otev\u00edraj\u00ed a p\u0159\u00edv\u011bs se zved\u00e1.<\/div>\n<h2>D\u00e1rek pro nad\u0161ence do n\u00e1kladn\u00edch automobil\u016f a stavebnictv\u00ed<\/h2>\n<div>Jedn\u00e1 se o model vhodn\u00fd pro ambici\u00f3zn\u00ed osoby nebo nad\u0161ence, kte\u0159\u00ed ji\u017e maj\u00ed s mechanick\u00fdmi skl\u00e1da\u010dkami n\u011bjak\u00e9 zku\u0161enosti.<\/div>\n<div>S trochou trp\u011blivosti a vytrvalosti sestav\u00edte n\u00e1kladn\u00ed auto, kter\u00e9 upout\u00e1 pozornost a obdiv v\u0161ech, kte\u0159\u00ed k v\u00e1m p\u0159ijdou na n\u00e1v\u0161t\u011bvu.<\/div>\n<div><\/div>\n<\/div>\n<div style=\"width: 1020px;\" class=\"wp-video\"><video class=\"wp-video-shortcode\" id=\"video-775-1\" width=\"1020\" height=\"574\" preload=\"metadata\" controls=\"controls\"><source type=\"video\/mp4\" src=\"https:\/\/puzzle3d.co\/wp-content\/uploads\/2023\/01\/BELAZ-75600-IG.mp4?_=1\" \/><a href=\"https:\/\/puzzle3d.co\/wp-content\/uploads\/2023\/01\/BELAZ-75600-IG.mp4\">https:\/\/puzzle3d.co\/wp-content\/uploads\/2023\/01\/BELAZ-75600-IG.mp4<\/a><\/video><\/div>\n<div>\n<p><strong><span style=\"color: #333333;\">PODROBNOSTI O PRODUKTU:<br \/>\n<\/span><\/strong><span style=\"color: #333333;\">Rozm\u011bry modelu: 310*200*155 mm<br \/>\n<\/span><span style=\"color: #333333;\">Rozm\u011bry balen\u00ed: 374*243*40 mm<br \/>\n<\/span><span style=\"color: #333333;\">Po\u010det kus\u016f: 307<\/span><\/p>\n<\/div>\n<\/div>\n<div>\n<div><\/div>\n<\/div>","protected":false},"excerpt":{"rendered":"<div>T\u011b\u017ekoton\u00e1\u017en\u00ed n\u00e1kladn\u00ed automobil m\u00e1 motor poh\u00e1n\u011bn\u00fd gumov\u00fdm p\u00e1sem. Detailn\u00ed proveden\u00ed obsahuje v\u0161echny prvky jeho skute\u010dn\u00e9ho prot\u011bj\u0161ku. Dve\u0159e a kapota se otev\u00edraj\u00ed a p\u0159\u00edv\u011bs se zved\u00e1<\/div>\n<p>&nbsp;<\/p>","protected":false},"featured_media":785,"comment_status":"open","ping_status":"closed","template":"","meta":[],"product_brand":[],"product_cat":[73,88,76,89,90,91],"product_tag":[],"woo-feed-brand":[],"class_list":{"0":"post-775","1":"product","2":"type-product","3":"status-publish","4":"has-post-thumbnail","6":"product_cat-puzzle-3d","7":"product_cat-puzzle-3d-adulti","8":"product_cat-puzzle-3d-per-bambini","9":"product_cat-puzzle-meccanici-3d-in-legno","10":"product_cat-puzzle-meccanici-per-bambini","11":"product_cat-puzzle-meccanici-per-adulti","13":"first","14":"instock","15":"shipping-taxable","16":"purchasable","17":"product-type-simple"},"_links":{"self":[{"href":"https:\/\/puzzle3d.co\/cs\/wp-json\/wp\/v2\/product\/775","targetHints":{"allow":["GET"]}}],"collection":[{"href":"https:\/\/puzzle3d.co\/cs\/wp-json\/wp\/v2\/product"}],"about":[{"href":"https:\/\/puzzle3d.co\/cs\/wp-json\/wp\/v2\/types\/product"}],"replies":[{"embeddable":true,"href":"https:\/\/puzzle3d.co\/cs\/wp-json\/wp\/v2\/comments?post=775"}],"wp:featuredmedia":[{"embeddable":true,"href":"https:\/\/puzzle3d.co\/cs\/wp-json\/wp\/v2\/media\/785"}],"wp:attachment":[{"href":"https:\/\/puzzle3d.co\/cs\/wp-json\/wp\/v2\/media?parent=775"}],"wp:term":[{"taxonomy":"product_brand","embeddable":true,"href":"https:\/\/puzzle3d.co\/cs\/wp-json\/wp\/v2\/product_brand?post=775"},{"taxonomy":"product_cat","embeddable":true,"href":"https:\/\/puzzle3d.co\/cs\/wp-json\/wp\/v2\/product_cat?post=775"},{"taxonomy":"product_tag","embeddable":true,"href":"https:\/\/puzzle3d.co\/cs\/wp-json\/wp\/v2\/product_tag?post=775"},{"taxonomy":"woo-feed-brand","embeddable":true,"href":"https:\/\/puzzle3d.co\/cs\/wp-json\/wp\/v2\/woo-feed-brand?post=775"}],"curies":[{"name":"wp","href":"https:\/\/api.w.org\/{rel}","templated":true}]}}