{"id":766,"date":"2023-01-23T21:53:35","date_gmt":"2023-01-23T21:53:35","guid":{"rendered":"https:\/\/puzzle3d.co\/product\/belaz-puzzle-3d-mecanic-copy\/"},"modified":"2025-06-11T19:11:26","modified_gmt":"2025-06-11T19:11:26","slug":"snezny-vuz-3d-mechanicke-drevene-puzzle","status":"publish","type":"product","link":"https:\/\/puzzle3d.co\/cs\/prodotto\/camion-della-neve-puzzle-meccanico-3d-in-legno\/","title":{"rendered":"Sn\u011b\u017en\u00fd v\u016fz - mechanick\u00e9 d\u0159ev\u011bn\u00e9 puzzle, 460 d\u00edlk\u016f"},"content":{"rendered":"<div>\n<p><strong>Sn\u011b\u017en\u00fd v\u016fz - mechanick\u00e9 d\u0159ev\u011bn\u00e9 puzzle - 460 d\u00edlk\u016f<\/strong><\/p>\n<div>T\u011b\u017eko \u0159\u00edct, co se v\u00e1m na sn\u011b\u017en\u00e9m pluhu bude l\u00edbit nejv\u00edc: zda jeho sestaven\u00ed, uveden\u00ed do provozu nebo jen obdivov\u00e1n\u00ed, jak je fantastick\u00fd.<\/div>\n<\/div>\n<div>\n<div>\n<div>Tento n\u00e1kla\u010f\u00e1k se skl\u00e1d\u00e1 ze 417 d\u0159ev\u011bn\u00fdch d\u00edlk\u016f a k jeho sestaven\u00ed se m\u016f\u017ee p\u0159ipojit cel\u00e1 rodina.<\/div>\n<div><\/div>\n<div>Startovac\u00ed mechanismus je d\u00edky motoru na gumov\u00e9m p\u00e1sku, dve\u0159e se otev\u00edraj\u00ed a zav\u00edraj\u00ed, interi\u00e9r vypad\u00e1 dob\u0159e a zadn\u00ed schod se zved\u00e1. P\u0159edn\u00ed a bo\u010dn\u00ed lopatky lze zvednout nebo dokonce odstranit.<\/div>\n<div><\/div>\n<div>Je to p\u0159edm\u011bt, kter\u00fd obohat\u00ed v\u00fdzdobu va\u0161eho interi\u00e9ru jak v dob\u011b V\u00e1noc, tak i b\u011bhem cel\u00e9ho roku.<\/div>\n<div>Nechte svou fantazii, aby ur\u010dila, co s n\u00edm budete d\u011blat nebo jak se hod\u00ed do sc\u00e9n\u00e1\u0159e d\u011btsk\u00e9 hry.<\/div>\n<div><\/div>\n<div><strong>PODROBNOSTI O PRODUKTU:<\/strong><\/div>\n<div>Rozm\u011bry modelu: 400*148*141 mm<\/div>\n<div>Rozm\u011bry balen\u00ed: 374*242*20 mm<\/div>\n<div>Po\u010det kus\u016f: 460<\/div>\n<\/div>\n<div><\/div>\n<\/div>","protected":false},"excerpt":{"rendered":"<div>Tento n\u00e1kla\u010f\u00e1k se skl\u00e1d\u00e1 ze 417 d\u0159ev\u011bn\u00fdch d\u00edlk\u016f a k jeho sestaven\u00ed se m\u016f\u017ee p\u0159ipojit cel\u00e1 rodina.<\/div>\n<div><\/div>\n<div>Startovac\u00ed mechanismus je d\u00edky motoru na gumov\u00e9m p\u00e1sku, dve\u0159e se otev\u00edraj\u00ed a zav\u00edraj\u00ed, interi\u00e9r vypad\u00e1 dob\u0159e a zadn\u00ed schod se zved\u00e1. P\u0159edn\u00ed a bo\u010dn\u00ed lopatky lze zvednout nebo dokonce odstranit.<\/div>","protected":false},"featured_media":771,"comment_status":"open","ping_status":"closed","template":"","meta":[],"product_brand":[],"product_cat":[108,73,88,74,76,89,90,91],"product_tag":[],"woo-feed-brand":[],"class_list":{"0":"post-766","1":"product","2":"type-product","3":"status-publish","4":"has-post-thumbnail","6":"product_cat-modellismo-da-costruire-per-adulti","7":"product_cat-puzzle-3d","8":"product_cat-puzzle-3d-adulti","9":"product_cat-puzzle-3d-in-legno","10":"product_cat-puzzle-3d-per-bambini","11":"product_cat-puzzle-meccanici-3d-in-legno","12":"product_cat-puzzle-meccanici-per-bambini","13":"product_cat-puzzle-meccanici-per-adulti","15":"first","16":"instock","17":"shipping-taxable","18":"purchasable","19":"product-type-simple"},"_links":{"self":[{"href":"https:\/\/puzzle3d.co\/cs\/wp-json\/wp\/v2\/product\/766","targetHints":{"allow":["GET"]}}],"collection":[{"href":"https:\/\/puzzle3d.co\/cs\/wp-json\/wp\/v2\/product"}],"about":[{"href":"https:\/\/puzzle3d.co\/cs\/wp-json\/wp\/v2\/types\/product"}],"replies":[{"embeddable":true,"href":"https:\/\/puzzle3d.co\/cs\/wp-json\/wp\/v2\/comments?post=766"}],"wp:featuredmedia":[{"embeddable":true,"href":"https:\/\/puzzle3d.co\/cs\/wp-json\/wp\/v2\/media\/771"}],"wp:attachment":[{"href":"https:\/\/puzzle3d.co\/cs\/wp-json\/wp\/v2\/media?parent=766"}],"wp:term":[{"taxonomy":"product_brand","embeddable":true,"href":"https:\/\/puzzle3d.co\/cs\/wp-json\/wp\/v2\/product_brand?post=766"},{"taxonomy":"product_cat","embeddable":true,"href":"https:\/\/puzzle3d.co\/cs\/wp-json\/wp\/v2\/product_cat?post=766"},{"taxonomy":"product_tag","embeddable":true,"href":"https:\/\/puzzle3d.co\/cs\/wp-json\/wp\/v2\/product_tag?post=766"},{"taxonomy":"woo-feed-brand","embeddable":true,"href":"https:\/\/puzzle3d.co\/cs\/wp-json\/wp\/v2\/woo-feed-brand?post=766"}],"curies":[{"name":"wp","href":"https:\/\/api.w.org\/{rel}","templated":true}]}}