{"id":755,"date":"2023-01-23T21:00:33","date_gmt":"2023-01-23T21:00:33","guid":{"rendered":"https:\/\/puzzle3d.co\/product\/spider-puzzle-3d-mecanic-copy\/"},"modified":"2025-06-19T18:24:56","modified_gmt":"2025-06-19T18:24:56","slug":"3d-mechanicka-drevena-skladacka-kamion","status":"publish","type":"product","link":"https:\/\/puzzle3d.co\/cs\/prodotto\/camion-puzzle-3d-meccanico-legno\/","title":{"rendered":"BELAZ truck 75710 3D mechanick\u00e9 d\u0159ev\u011bn\u00e9 puzzle, 453 d\u00edlk\u016f"},"content":{"rendered":"<div>\n<p><strong>Nejv\u011bt\u0161\u00ed n\u00e1kladn\u00ed automobil na sv\u011bt\u011b Belaz 75710 - 3D mechanick\u00fd model<\/strong><\/p>\n<div>M\u00e1te p\u0159ed sebou nejv\u011bt\u0161\u00ed kamion na sv\u011bt\u011b! Nyn\u00ed si m\u016f\u017ee\u0161 ze skl\u00e1da\u010dky postavit sv\u016fj vlastn\u00ed Belaz. Va\u0161e d\u00e1vka adrenalinu a dopaminu je zaru\u010dena.<\/div>\n<\/div>\n<div>\n<div>\n<div><\/div>\n<div><em>Co vlastn\u011b znamen\u00e1 Belazova mechanick\u00e1 h\u00e1danka?<\/em><\/div>\n<div><\/div>\n<div>Znamen\u00e1 to, \u017ee se m\u016f\u017eete pustit do sestavov\u00e1n\u00ed nejv\u011bt\u0161\u00edho skl\u00e1p\u011b\u010de, jak\u00fd byl kdy vyroben.<\/div>\n<div>Va\u0161e trp\u011blivost a soust\u0159ed\u011bn\u00ed budou odm\u011bn\u011bny spokojenost\u00ed, kterou po spu\u0161t\u011bn\u00ed mechanismu z\u00edsk\u00e1te. N\u00e1kladn\u00ed auto se d\u00edky dopravn\u00edmu p\u00e1su rozjede, dve\u0159e a kapota se otev\u0159ou a p\u0159\u00edv\u011bs se zvedne.<\/div>\n<div><\/div>\n<div>Je to model, kter\u00fd zaujme d\u011bti i dosp\u011bl\u00e9. S trochou fantazie si ho m\u016f\u017eete dokonce upravit vymalov\u00e1n\u00edm.<\/div>\n<div>Belaz bude obl\u00edben\u00fdm n\u00e1kladn\u00edm autem d\u011bt\u00ed a m\u016f\u017ee b\u00fdt sou\u010d\u00e1st\u00ed r\u016fzn\u00fdch her, z\u00e1le\u017e\u00ed jen na fantazii.<\/div>\n<h2>D\u00e1rek pro nad\u0161ence do n\u00e1kladn\u00edch automobil\u016f a stavebnictv\u00ed<\/h2>\n<div>Dosp\u011bl\u00ed ji mohou pou\u017e\u00edvat jako dekorativn\u00ed p\u0159edm\u011bt v dom\u00e1cnosti nebo kancel\u00e1\u0159i.<\/div>\n<div>Tento obr je ve skute\u010dnosti p\u0159ibli\u017en\u011b stejn\u011b velk\u00fd jako t\u0159\u00edpatrov\u00fd obytn\u00fd d\u016fm. Je vybaven 8 koly a ka\u017ed\u00e1 pneumatika m\u00e1 pr\u016fm\u011br p\u0159ibli\u017en\u011b 4 metry.<\/div>\n<div>Ve m\u011bst\u011b ho nepotk\u00e1te. Kdy\u017e je t\u0159eba ho odv\u00e9zt na m\u00edsto, kde bude pracovat, je rozebr\u00e1n a p\u0159evezen v 25 vagonech.<\/div>\n<div>Jeho p\u0159\u00edv\u011bs pojme p\u0159esn\u011b 400 voz\u016f Dacia Logan nebo nejv\u011bt\u0161\u00ed osobn\u00ed letadlo na sv\u011bt\u011b: Airbus A380.<\/div>\n<div><\/div>\n<div><strong>PODROBNOSTI O PRODUKTU:<\/strong><\/div>\n<div>Rozm\u011bry modelu: 435*210*175 mm<\/div>\n<div>Rozm\u011bry balen\u00ed: 375 x 243 x 62 mm<\/div>\n<div>Po\u010det kus\u016f: 453<\/div>\n<\/div>\n<div><\/div>\n<\/div>","protected":false},"excerpt":{"rendered":"<p>M\u00e1te p\u0159ed sebou nejv\u011bt\u0161\u00ed kamion na sv\u011bt\u011b! Nyn\u00ed si m\u016f\u017ee\u0161 ze skl\u00e1da\u010dky sestavit sv\u016fj vlastn\u00ed Belaz. Kamion se pohybuje d\u00edky dopravn\u00edmu p\u00e1su, otev\u00edraj\u00ed se dve\u0159e a kapota a zved\u00e1 se p\u0159\u00edv\u011bs.<\/p>","protected":false},"featured_media":759,"comment_status":"open","ping_status":"closed","template":"","meta":{"slim_seo":{"title":"\ud83d\ude9a BELAZ truck 3D mechanick\u00e9 d\u0159ev\u011bn\u00e9 puzzle, 453 d\u00edlk\u016f","description":"Nejv\u011bt\u0161\u00ed kamion na sv\u011bt\u011b - m\u00e1te p\u0159ed sebou nejv\u011bt\u0161\u00ed kamion na sv\u011bt\u011b! Nyn\u00ed si m\u016f\u017ee\u0161 ze skl\u00e1da\u010dky sestavit sv\u016fj vlastn\u00ed Belaz."}},"product_brand":[],"product_cat":[89,91,90,73,88,74,76],"product_tag":[],"woo-feed-brand":[],"class_list":{"0":"post-755","1":"product","2":"type-product","3":"status-publish","4":"has-post-thumbnail","6":"product_cat-puzzle-meccanici-3d-in-legno","7":"product_cat-puzzle-meccanici-per-adulti","8":"product_cat-puzzle-meccanici-per-bambini","9":"product_cat-puzzle-3d","10":"product_cat-puzzle-3d-adulti","11":"product_cat-puzzle-3d-in-legno","12":"product_cat-puzzle-3d-per-bambini","14":"first","15":"instock","16":"shipping-taxable","17":"purchasable","18":"product-type-simple"},"_links":{"self":[{"href":"https:\/\/puzzle3d.co\/cs\/wp-json\/wp\/v2\/product\/755","targetHints":{"allow":["GET"]}}],"collection":[{"href":"https:\/\/puzzle3d.co\/cs\/wp-json\/wp\/v2\/product"}],"about":[{"href":"https:\/\/puzzle3d.co\/cs\/wp-json\/wp\/v2\/types\/product"}],"replies":[{"embeddable":true,"href":"https:\/\/puzzle3d.co\/cs\/wp-json\/wp\/v2\/comments?post=755"}],"wp:featuredmedia":[{"embeddable":true,"href":"https:\/\/puzzle3d.co\/cs\/wp-json\/wp\/v2\/media\/759"}],"wp:attachment":[{"href":"https:\/\/puzzle3d.co\/cs\/wp-json\/wp\/v2\/media?parent=755"}],"wp:term":[{"taxonomy":"product_brand","embeddable":true,"href":"https:\/\/puzzle3d.co\/cs\/wp-json\/wp\/v2\/product_brand?post=755"},{"taxonomy":"product_cat","embeddable":true,"href":"https:\/\/puzzle3d.co\/cs\/wp-json\/wp\/v2\/product_cat?post=755"},{"taxonomy":"product_tag","embeddable":true,"href":"https:\/\/puzzle3d.co\/cs\/wp-json\/wp\/v2\/product_tag?post=755"},{"taxonomy":"woo-feed-brand","embeddable":true,"href":"https:\/\/puzzle3d.co\/cs\/wp-json\/wp\/v2\/woo-feed-brand?post=755"}],"curies":[{"name":"wp","href":"https:\/\/api.w.org\/{rel}","templated":true}]}}