{"id":743,"date":"2023-01-23T19:29:00","date_gmt":"2023-01-23T19:29:00","guid":{"rendered":"https:\/\/puzzle3d.co\/product\/puppy-puzzle-3d-mecanic-copy\/"},"modified":"2025-06-11T18:59:50","modified_gmt":"2025-06-11T18:59:50","slug":"pavouk-pavouk-3d-mechanicke-drevene-puzzle","status":"publish","type":"product","link":"https:\/\/puzzle3d.co\/cs\/prodotto\/ragno-spider-puzzle-3d-meccanico-legno\/","title":{"rendered":"Pavouk 'SPIDER' - Mechanick\u00e9 d\u0159ev\u011bn\u00e9 puzzle, 293 d\u00edlk\u016f"},"content":{"rendered":"<div>\n<div>\n<div><strong>Pavouk 'SPIDER' - 3D mechanick\u00e9 d\u0159ev\u011bn\u00e9 puzzle - 293 d\u00edlk\u016f<\/strong><\/div>\n<div><\/div>\n<div>Sestaven\u00ed tohoto roztomil\u00e9ho pavouka zna\u010d\u00ed, \u017ee jste odv\u00e1\u017en\u00ed a vytrval\u00ed.<\/div>\n<div><\/div>\n<div>D\u00edky gumov\u00e9mu motoru se pavouk pohybuje stejn\u011b ladn\u011b jako skute\u010dn\u00fd.<\/div>\n<div><\/div>\n<div>M\u016f\u017eete s nimi o\u017eivit ve\u010d\u00edrek, oslavit Halloween nebo pot\u011b\u0161it n\u011bkoho, kdo m\u00e1 r\u00e1d pavouky.<\/div>\n<div>Je vzru\u0161uj\u00edc\u00ed ji sestavovat, sledovat jej\u00ed pohyb nebo ji prost\u011b jen sb\u00edrat.<\/div>\n<div>M\u011bjte ji na o\u010d\u00edch, proto\u017ee ka\u017ed\u00fd ji bude cht\u00edt detailn\u011b obdivovat a zapnout.<\/div>\n<\/div>\n<div style=\"width: 1020px;\" class=\"wp-video\"><video class=\"wp-video-shortcode\" id=\"video-743-1\" width=\"1020\" height=\"574\" preload=\"metadata\" controls=\"controls\"><source type=\"video\/mp4\" src=\"https:\/\/puzzle3d.co\/wp-content\/uploads\/2023\/01\/Spider.mp4?_=1\" \/><a href=\"https:\/\/puzzle3d.co\/wp-content\/uploads\/2023\/01\/Spider.mp4\">https:\/\/puzzle3d.co\/wp-content\/uploads\/2023\/01\/Spider.mp4<\/a><\/video><\/div>\n<div>\n<p><span style=\"color: #333333;\"><strong>PODROBNOSTI O PRODUKTU:<\/strong><br \/>\n<\/span><span style=\"color: #333333;\">Rozm\u011bry modelu: 240*350*100 mm<br \/>\n<\/span><span style=\"color: #333333;\">Rozm\u011bry balen\u00ed: 245*188*24 mm<br \/>\n<\/span><span style=\"color: #333333;\">Po\u010det kus\u016f: 293<\/span><\/p>\n<\/div>\n<\/div>\n<div>\n<div><\/div>\n<\/div>","protected":false},"excerpt":{"rendered":"<p>Toto je pavouk: sestaven\u00ed tohoto roztomil\u00e9ho pavouka znamen\u00e1, \u017ee jste odv\u00e1\u017en\u00ed a vytrval\u00ed.<br \/>\nD\u00edky gumov\u00e9mu motoru se pavouk pohybuje stejn\u011b ladn\u011b jako skute\u010dn\u00fd.<\/p>","protected":false},"featured_media":750,"comment_status":"open","ping_status":"closed","template":"","meta":[],"product_brand":[],"product_cat":[73,88,74,76,89,90,91],"product_tag":[],"woo-feed-brand":[],"class_list":{"0":"post-743","1":"product","2":"type-product","3":"status-publish","4":"has-post-thumbnail","6":"product_cat-puzzle-3d","7":"product_cat-puzzle-3d-adulti","8":"product_cat-puzzle-3d-in-legno","9":"product_cat-puzzle-3d-per-bambini","10":"product_cat-puzzle-meccanici-3d-in-legno","11":"product_cat-puzzle-meccanici-per-bambini","12":"product_cat-puzzle-meccanici-per-adulti","14":"first","15":"instock","16":"shipping-taxable","17":"purchasable","18":"product-type-simple"},"_links":{"self":[{"href":"https:\/\/puzzle3d.co\/cs\/wp-json\/wp\/v2\/product\/743","targetHints":{"allow":["GET"]}}],"collection":[{"href":"https:\/\/puzzle3d.co\/cs\/wp-json\/wp\/v2\/product"}],"about":[{"href":"https:\/\/puzzle3d.co\/cs\/wp-json\/wp\/v2\/types\/product"}],"replies":[{"embeddable":true,"href":"https:\/\/puzzle3d.co\/cs\/wp-json\/wp\/v2\/comments?post=743"}],"wp:featuredmedia":[{"embeddable":true,"href":"https:\/\/puzzle3d.co\/cs\/wp-json\/wp\/v2\/media\/750"}],"wp:attachment":[{"href":"https:\/\/puzzle3d.co\/cs\/wp-json\/wp\/v2\/media?parent=743"}],"wp:term":[{"taxonomy":"product_brand","embeddable":true,"href":"https:\/\/puzzle3d.co\/cs\/wp-json\/wp\/v2\/product_brand?post=743"},{"taxonomy":"product_cat","embeddable":true,"href":"https:\/\/puzzle3d.co\/cs\/wp-json\/wp\/v2\/product_cat?post=743"},{"taxonomy":"product_tag","embeddable":true,"href":"https:\/\/puzzle3d.co\/cs\/wp-json\/wp\/v2\/product_tag?post=743"},{"taxonomy":"woo-feed-brand","embeddable":true,"href":"https:\/\/puzzle3d.co\/cs\/wp-json\/wp\/v2\/woo-feed-brand?post=743"}],"curies":[{"name":"wp","href":"https:\/\/api.w.org\/{rel}","templated":true}]}}