{"id":731,"date":"2023-01-23T17:25:32","date_gmt":"2023-01-23T17:25:32","guid":{"rendered":"https:\/\/puzzle3d.co\/product\/autospeciala-de-pompieri-copy\/"},"modified":"2025-06-19T18:25:58","modified_gmt":"2025-06-19T18:25:58","slug":"3d-mechanicke-puzzle-se-stenetem-246-dilku","status":"publish","type":"product","link":"https:\/\/puzzle3d.co\/cs\/prodotto\/cucciolo-puzzle-3d-meccanico-246-pezzi\/","title":{"rendered":"\u0160t\u011bn\u011b PUPPY - mechanick\u00e9 d\u0159ev\u011bn\u00e9 puzzle, 246 d\u00edlk\u016f"},"content":{"rendered":"<div><strong>\u0160t\u011bn\u011b \"PUPPY\" - 3D mechanick\u00e9 d\u0159ev\u011bn\u00e9 puzzle\/model k sestaven\u00ed - 246 d\u00edlk\u016f<\/strong><\/div>\n<div><\/div>\n<div>Toto je 3D mechanick\u00e9 d\u0159ev\u011bn\u00e9 moello Puppy, va\u0161eho v\u011brn\u00e9ho p\u0159\u00edtele. Dobrodru\u017estv\u00ed, p\u0159i kter\u00e9m ho sestav\u00edte z 246 d\u00edlk\u016f, bude nezapomenuteln\u00e9.<\/div>\n<div>Postupujte podle n\u00e1vodu a postupn\u011b sestavte u\u0161i, tlapky a ocas. Konstrukt\u00e9\u0159i velmi pe\u010dliv\u011b promysleli, jak ji sestavit, aby v\u0161echny klouby a pohyby p\u0159ipom\u00ednaly skute\u010dn\u00e9ho psa.<\/div>\n<div><\/div>\n<div>M\u016f\u017eete ho nat\u0159\u00edt nebo nechat v barv\u011b d\u0159eva, m\u016f\u017eete ho pojmenovat Puppy nebo mu d\u00e1t jin\u00e9 jm\u00e9no. M\u016f\u017eete se o n\u011bj svobodn\u011b starat a milovat ho jako skute\u010dn\u00e9ho dom\u00e1c\u00edho mazl\u00ed\u010dka.<\/div>\n<div><\/div>\n<h2>D\u00e1rek pro milovn\u00edky zv\u00ed\u0159at<\/h2>\n<div>Je radost skl\u00e1dat puzzle, ze kter\u00fdch se stane takov\u00e9 roztomil\u00e9 \u0161t\u011b\u0148\u00e1tko. Tak\u017ee a\u017e budete cht\u00edt obdarovat d\u00edt\u011b nebo dosp\u011bl\u00e9ho, kter\u00fd miluje psy, u\u017e v\u00edte, co by se hodilo.<\/div>\n<div><\/div>\n<div><strong>PODROBNOSTI O PRODUKTU:<\/strong><\/div>\n<div>Rozm\u011bry modelu: 285*175*95 mm<\/div>\n<div>Rozm\u011bry balen\u00ed: 245*188*30 mm<\/div>\n<div>Po\u010det kus\u016f: 246<\/div>","protected":false},"excerpt":{"rendered":"<p>Tohle je Puppy, v\u00e1\u0161 v\u011brn\u00fd p\u0159\u00edtel. Design\u00e9\u0159i velmi pe\u010dliv\u011b promysleli, jak ho postavit, aby v\u0161echny klouby a pohyby p\u0159ipom\u00ednaly skute\u010dn\u00e9ho psa.<\/p>","protected":false},"featured_media":737,"comment_status":"open","ping_status":"closed","template":"","meta":{"slim_seo":{"title":"\ud83d\udc36 PUPPY puppy - mechanick\u00e9 d\u0159ev\u011bn\u00e9 puzzle, 246 d\u00edlk\u016f","description":"Toto je Puppy Puppy, v\u00e1\u0161 v\u011brn\u00fd p\u0159\u00edtel. Design\u00e9\u0159i velmi pe\u010dliv\u011b prom\u00fd\u0161leli, jak ho postavit, aby v\u0161echny klouby a pohyby p\u0159ipom\u00ednaly skute\u010dn\u00e9ho psa."}},"product_brand":[],"product_cat":[89,91,90,73,88,74,76],"product_tag":[],"woo-feed-brand":[],"class_list":{"0":"post-731","1":"product","2":"type-product","3":"status-publish","4":"has-post-thumbnail","6":"product_cat-puzzle-meccanici-3d-in-legno","7":"product_cat-puzzle-meccanici-per-adulti","8":"product_cat-puzzle-meccanici-per-bambini","9":"product_cat-puzzle-3d","10":"product_cat-puzzle-3d-adulti","11":"product_cat-puzzle-3d-in-legno","12":"product_cat-puzzle-3d-per-bambini","14":"first","15":"instock","16":"shipping-taxable","17":"purchasable","18":"product-type-simple"},"_links":{"self":[{"href":"https:\/\/puzzle3d.co\/cs\/wp-json\/wp\/v2\/product\/731","targetHints":{"allow":["GET"]}}],"collection":[{"href":"https:\/\/puzzle3d.co\/cs\/wp-json\/wp\/v2\/product"}],"about":[{"href":"https:\/\/puzzle3d.co\/cs\/wp-json\/wp\/v2\/types\/product"}],"replies":[{"embeddable":true,"href":"https:\/\/puzzle3d.co\/cs\/wp-json\/wp\/v2\/comments?post=731"}],"wp:featuredmedia":[{"embeddable":true,"href":"https:\/\/puzzle3d.co\/cs\/wp-json\/wp\/v2\/media\/737"}],"wp:attachment":[{"href":"https:\/\/puzzle3d.co\/cs\/wp-json\/wp\/v2\/media?parent=731"}],"wp:term":[{"taxonomy":"product_brand","embeddable":true,"href":"https:\/\/puzzle3d.co\/cs\/wp-json\/wp\/v2\/product_brand?post=731"},{"taxonomy":"product_cat","embeddable":true,"href":"https:\/\/puzzle3d.co\/cs\/wp-json\/wp\/v2\/product_cat?post=731"},{"taxonomy":"product_tag","embeddable":true,"href":"https:\/\/puzzle3d.co\/cs\/wp-json\/wp\/v2\/product_tag?post=731"},{"taxonomy":"woo-feed-brand","embeddable":true,"href":"https:\/\/puzzle3d.co\/cs\/wp-json\/wp\/v2\/woo-feed-brand?post=731"}],"curies":[{"name":"wp","href":"https:\/\/api.w.org\/{rel}","templated":true}]}}