{"id":694,"date":"2023-01-23T14:19:26","date_gmt":"2023-01-23T14:19:26","guid":{"rendered":"https:\/\/puzzle3d.co\/product\/black-cat-copy\/"},"modified":"2025-06-11T19:12:00","modified_gmt":"2025-06-11T19:12:00","slug":"3d-mechanicke-drevene-zelvi-puzzle","status":"publish","type":"product","link":"https:\/\/puzzle3d.co\/cs\/prodotto\/tartaruga-puzzle-meccanico-3d-in-legno\/","title":{"rendered":"\u017delva - 3D mechanick\u00e9 d\u0159ev\u011bn\u00e9 puzzle, 269 d\u00edlk\u016f"},"content":{"rendered":"<div>\n<p><em><strong>\u017delva - 3D mechanick\u00e9 d\u0159ev\u011bn\u00e9 puzzle, 269 d\u00edlk\u016f<\/strong><\/em><\/p>\n<\/div>\n<div>\n<div>\n<div>Co v\u00edte o \u017eelv\u011b?<\/div>\n<div><\/div>\n<div>Je to jeden z nejstar\u0161\u00edch a nejprimitivn\u011bj\u0161\u00edch plaz\u016f, kter\u00fd odol\u00e1v\u00e1 jak\u00e9mukoli klimatu. Vyskytuje se nejen v Antarktid\u011b. V posledn\u00ed dob\u011b si ho mnoho lid\u00ed obl\u00edbilo natolik, \u017ee si ho po\u0159\u00eddili jako dom\u00e1c\u00edho mazl\u00ed\u010dka.<\/div>\n<div><\/div>\n<div>B\u011bhem mont\u00e1\u017ee za\u017eijete stav klidu a pohody, kter\u00fd je vhodn\u00fd pro na\u010derp\u00e1n\u00ed nov\u00fdch sil.<\/div>\n<div><\/div>\n<div>A nakonec spus\u0165te mechanismus a \u017e\u00e1ba se za\u010dne pohybovat, ot\u00e1\u010det hlavou doleva a doprava a z\u00e1libn\u011b se na v\u00e1s d\u00edvat.<\/div>\n<div>Je tak kr\u00e1sn\u00e1, \u017ee se budete t\u011b\u017eko rozhodovat, zda ji nechat v odst\u00ednu d\u0159eva, nebo ji nat\u0159\u00edt.<\/div>\n<h2>D\u00e1rek pro milovn\u00edky zv\u00ed\u0159at<\/h2>\n<div><strong>PODROBNOSTI O PRODUKTU:<\/strong><\/div>\n<div>Rozm\u011bry modelu: 223*165*116 mm<\/div>\n<div>Velikost balen\u00ed: 245*188*30<\/div>\n<div>Po\u010det kus\u016f: 269<\/div>\n<\/div>\n<\/div>","protected":false},"excerpt":{"rendered":"<div>\n<div>\u017delva - 3D mechanick\u00e9 puzzle<\/div>\n<div><\/div>\n<div>Snadno se sestavuje a je s n\u00edm z\u00e1bava! A nakonec spus\u0165te mechanismus a \u017eabka se za\u010dne pohybovat, ot\u00e1\u010det hlavou doleva a doprava a z\u00e1libn\u011b se na v\u00e1s d\u00edvat.<\/div>\n<\/div>\n<p>&nbsp;<\/p>","protected":false},"featured_media":687,"comment_status":"open","ping_status":"closed","template":"","meta":{"slim_seo":{"title":"\ud83d\udc22 \u017delva - 3D mechanick\u00e9 d\u0159ev\u011bn\u00e9 puzzle, 269 d\u00edlk\u016f","description":"\u017delva - 3D mechanick\u00e9 d\u0159ev\u011bn\u00e9 puzzle. Zapn\u011bte mechanismus a \u017eabka se bude pohybovat, ot\u00e1\u010det hlavou doleva a doprava a z\u00e1libn\u011b se na v\u00e1s d\u00edvat."}},"product_brand":[],"product_cat":[89,91,90,73,76],"product_tag":[],"woo-feed-brand":[],"class_list":{"0":"post-694","1":"product","2":"type-product","3":"status-publish","4":"has-post-thumbnail","6":"product_cat-puzzle-meccanici-3d-in-legno","7":"product_cat-puzzle-meccanici-per-adulti","8":"product_cat-puzzle-meccanici-per-bambini","9":"product_cat-puzzle-3d","10":"product_cat-puzzle-3d-per-bambini","12":"first","13":"instock","14":"shipping-taxable","15":"purchasable","16":"product-type-simple"},"_links":{"self":[{"href":"https:\/\/puzzle3d.co\/cs\/wp-json\/wp\/v2\/product\/694","targetHints":{"allow":["GET"]}}],"collection":[{"href":"https:\/\/puzzle3d.co\/cs\/wp-json\/wp\/v2\/product"}],"about":[{"href":"https:\/\/puzzle3d.co\/cs\/wp-json\/wp\/v2\/types\/product"}],"replies":[{"embeddable":true,"href":"https:\/\/puzzle3d.co\/cs\/wp-json\/wp\/v2\/comments?post=694"}],"wp:featuredmedia":[{"embeddable":true,"href":"https:\/\/puzzle3d.co\/cs\/wp-json\/wp\/v2\/media\/687"}],"wp:attachment":[{"href":"https:\/\/puzzle3d.co\/cs\/wp-json\/wp\/v2\/media?parent=694"}],"wp:term":[{"taxonomy":"product_brand","embeddable":true,"href":"https:\/\/puzzle3d.co\/cs\/wp-json\/wp\/v2\/product_brand?post=694"},{"taxonomy":"product_cat","embeddable":true,"href":"https:\/\/puzzle3d.co\/cs\/wp-json\/wp\/v2\/product_cat?post=694"},{"taxonomy":"product_tag","embeddable":true,"href":"https:\/\/puzzle3d.co\/cs\/wp-json\/wp\/v2\/product_tag?post=694"},{"taxonomy":"woo-feed-brand","embeddable":true,"href":"https:\/\/puzzle3d.co\/cs\/wp-json\/wp\/v2\/woo-feed-brand?post=694"}],"curies":[{"name":"wp","href":"https:\/\/api.w.org\/{rel}","templated":true}]}}