{"id":588,"date":"2023-01-18T23:04:09","date_gmt":"2023-01-18T23:04:09","guid":{"rendered":"https:\/\/puzzle3d.co\/?post_type=product&#038;p=588"},"modified":"2025-05-11T08:12:38","modified_gmt":"2025-05-11T08:12:38","slug":"letadlo-3d-mechanicke-drevene-puzzle","status":"publish","type":"product","link":"https:\/\/puzzle3d.co\/cs\/prodotto\/aereo-puzzle-meccanico-3d-in-legno\/","title":{"rendered":"AIRCRAFT - 3D mechanick\u00e9 d\u0159ev\u011bn\u00e9 puzzle - 346 d\u00edlk\u016f"},"content":{"rendered":"<div><strong>AIRCRAFT - 3D mechanick\u00e9 d\u0159ev\u011bn\u00e9 puzzle, 346 d\u00edlk\u016f<\/strong><\/div>\n<div><\/div>\n<div>V\u0161ichni fanou\u0161ci letectv\u00ed, techniky, rychlosti, robotiky budou souhlasit s tvrzen\u00edm: \"Tohle letadlo je opravdu \u00fa\u017easn\u00e9!\"<\/div>\n<div><\/div>\n<div>U\u017e jste si sbalili kufry? P\u0159ibalte si po\u0159\u00e1dnou z\u00e1sobu zrnkov\u00e9 k\u00e1vy, proto\u017ee cesta je dlouh\u00e1. Na palub\u011b za\u010d\u00edn\u00e1me s 346 d\u00edlky skl\u00e1da\u010dky a v\u0161echny jsou vyrobeny ze d\u0159eva. Pokud si s sebou vezmete tubu lepidla, budete pokutov\u00e1ni. Ale ani ji nebudete pot\u0159ebovat. V\u0161echny d\u00edlky jsou toti\u017e tak dokonal\u00e9, \u017ee do sebe perfektn\u011b zapadaj\u00ed a jsou stabiln\u00ed. J\u00edzdu si u\u017eijete d\u00edky motoru na gumi\u010dku.<\/div>\n<div><\/div>\n<div>Koho pozvete s sebou? Neexistuje v\u011bkov\u00e1 skupina ani pohlav\u00ed, kter\u00e9 by stavbu mechanick\u00e9ho skl\u00e1da\u010dkov\u00e9ho letadla ignorovalo. Vyvol\u00e1v\u00e1 to tolik adrenalinu, \u017ee si sednete a p\u0159em\u00fd\u0161l\u00edte, co je lep\u0161\u00ed: skute\u010dnost, \u017ee v\u00e1s \u010dekaj\u00ed stovky sou\u010d\u00e1stek a hodiny pr\u00e1ce, nebo letadlo v pohybu a jedine\u010dn\u00fd z\u00e1\u017eitek, kter\u00fd za n\u00edm stoj\u00ed.<\/div>\n<div><\/div>\n<div>Pravd\u011bpodobn\u011b v\u00e1s zaj\u00edm\u00e1, kolik hodin pr\u00e1ce je pot\u0159eba k sestaven\u00ed 346 d\u00edl\u016f. Nejzaj\u00edmav\u011bj\u0161\u00ed je, \u017ee to nikdo nev\u00ed. Z\u00e1le\u017e\u00ed na mnoha faktorech: kolik m\u00e1te s sebou par\u0165\u00e1k\u016f, va\u0161e a jejich zku\u0161enosti s hlavolamy, zejm\u00e9na s mechanikou, jak \u010dasto si d\u011bl\u00e1te p\u0159est\u00e1vky a jak dlouho to trv\u00e1. Jedno ale v\u00edme jist\u011b: nevrhejte se do toho co nejrychleji. 'Prot\u00e1hn\u011bte' si radost, proto\u017ee se stejn\u011b dostanete do okam\u017eiku, kdy nastartujete motor.<\/div>\n<div><\/div>\n<div>B\u011bhem editace si v\u0161imnete, jak je p\u0159\u00edjemn\u00e9 se soust\u0159edit, hledat kousek, kter\u00fd m\u00e1te pocit, \u017ee u\u017e nem\u016f\u017eete naj\u00edt, a to natolik, \u017ee ho m\u00e1te p\u0159\u00edmo pod rukama. N\u011bkolik hodin dobr\u00e9ho soust\u0159ed\u011bn\u00ed p\u0159im\u011bje v\u00e1\u0161 mozek pracovat ob\u011bma hemisf\u00e9rami najednou. U\u017eijete si pocit uvoln\u011bn\u00ed a bude to dobr\u00e1 p\u0159\u00edle\u017eitost k meditaci.<\/div>\n<div><\/div>\n<div>Mechanick\u00e9 letadlo je radost\u00ed pro v\u0161echny milovn\u00edky skl\u00e1da\u010dek, ale i pro ty, kte\u0159\u00ed tento kon\u00ed\u010dek s tolika v\u00fdhodami zanedb\u00e1vaj\u00ed. Pot\u011b\u0161it m\u016f\u017eete d\u00edt\u011b, dosp\u011bl\u00e9ho i star\u00e9ho mu\u017ee, kter\u00fd bude p\u0159ed rozkl\u00e1d\u00e1n\u00edm d\u00edlk\u016f netrp\u011bliv\u011b volat vnou\u010data. Je vhodn\u00e1 nejen pro men\u0161\u00ed d\u011bti, ale od 4 let se i ony mohou st\u00e1t spolehliv\u00fdmi partnery p\u0159i sestavov\u00e1n\u00ed letadla.<\/div>\n<div><\/div>\n<div>A odtud u\u017e zku\u0161en\u00e9mu pilotovi nezb\u00fdv\u00e1 mnoho pr\u00e1ce...<\/div>\n<div><\/div>\n<div><strong>PODROBNOSTI O PRODUKTU:<\/strong><\/div>\n<div>Rozm\u011bry modelu: 420*287*154 mm<\/div>\n<div>Rozm\u011bry balen\u00ed: 245*188*38 mm<\/div>\n<div>Po\u010det kus\u016f: 346<\/div>\n<div>Mont\u00e1\u017e bez lepidla.<\/div>","protected":false},"excerpt":{"rendered":"<p>Jste p\u0159ipraveni l\u00e9tat?<br \/>\nMechanick\u00e9 letadlo pot\u011b\u0161\u00ed v\u0161echny milovn\u00edky l\u00e9t\u00e1n\u00ed, letadel a p\u0159edev\u0161\u00edm hlavolam\u016f. Chcete vlastn\u00ed letadlo? V\u011bzte, \u017ee je to jednodu\u0161\u0161\u00ed, ne\u017e jste si p\u0159edstavovali.<br \/>\nS 346 d\u00edlky puzzle na palub\u011b v\u00e1m uk\u00e1\u017ee, \u017ee s vytrvalost\u00ed a trp\u011blivost\u00ed m\u016f\u017eete dos\u00e1hnout v\u00fd\u0161in. Jej\u00ed skl\u00e1d\u00e1n\u00ed je skute\u010dnou v\u00fdzvou pro mozek, kter\u00e1 v\u00e1m syntetizuje dopamin a zp\u0159\u00edjemn\u00ed proces i kone\u010dn\u00fd produkt.<\/p>","protected":false},"featured_media":592,"comment_status":"open","ping_status":"closed","template":"","meta":[],"product_brand":[],"product_cat":[73,88,74,76,89,91],"product_tag":[],"woo-feed-brand":[],"class_list":{"0":"post-588","1":"product","2":"type-product","3":"status-publish","4":"has-post-thumbnail","6":"product_cat-puzzle-3d","7":"product_cat-puzzle-3d-adulti","8":"product_cat-puzzle-3d-in-legno","9":"product_cat-puzzle-3d-per-bambini","10":"product_cat-puzzle-meccanici-3d-in-legno","11":"product_cat-puzzle-meccanici-per-adulti","13":"first","14":"instock","15":"shipping-taxable","16":"purchasable","17":"product-type-simple"},"_links":{"self":[{"href":"https:\/\/puzzle3d.co\/cs\/wp-json\/wp\/v2\/product\/588","targetHints":{"allow":["GET"]}}],"collection":[{"href":"https:\/\/puzzle3d.co\/cs\/wp-json\/wp\/v2\/product"}],"about":[{"href":"https:\/\/puzzle3d.co\/cs\/wp-json\/wp\/v2\/types\/product"}],"replies":[{"embeddable":true,"href":"https:\/\/puzzle3d.co\/cs\/wp-json\/wp\/v2\/comments?post=588"}],"wp:featuredmedia":[{"embeddable":true,"href":"https:\/\/puzzle3d.co\/cs\/wp-json\/wp\/v2\/media\/592"}],"wp:attachment":[{"href":"https:\/\/puzzle3d.co\/cs\/wp-json\/wp\/v2\/media?parent=588"}],"wp:term":[{"taxonomy":"product_brand","embeddable":true,"href":"https:\/\/puzzle3d.co\/cs\/wp-json\/wp\/v2\/product_brand?post=588"},{"taxonomy":"product_cat","embeddable":true,"href":"https:\/\/puzzle3d.co\/cs\/wp-json\/wp\/v2\/product_cat?post=588"},{"taxonomy":"product_tag","embeddable":true,"href":"https:\/\/puzzle3d.co\/cs\/wp-json\/wp\/v2\/product_tag?post=588"},{"taxonomy":"woo-feed-brand","embeddable":true,"href":"https:\/\/puzzle3d.co\/cs\/wp-json\/wp\/v2\/woo-feed-brand?post=588"}],"curies":[{"name":"wp","href":"https:\/\/api.w.org\/{rel}","templated":true}]}}