{"id":553,"date":"2023-01-18T11:36:30","date_gmt":"2023-01-18T11:36:30","guid":{"rendered":"https:\/\/puzzle3d.co\/?post_type=product&#038;p=553"},"modified":"2025-05-11T08:10:21","modified_gmt":"2025-05-11T08:10:21","slug":"drevena-svetova-mapa-127-dilku","status":"publish","type":"product","link":"https:\/\/puzzle3d.co\/cs\/prodotto\/puzzle-in-legno-mappa-del-mondo-127-pezzi\/","title":{"rendered":"Planisfero in Legno da Parete \u201eSmoky Dreams\u201c 127 kus\u016f, L\/M\/S"},"content":{"rendered":"<div><strong>D\u0159ev\u011bn\u00e1 n\u00e1st\u011bnn\u00e1 planisf\u00e9ra 'Smoky Dreams' 127 kus\u016f<\/strong><\/div>\n<div><\/div>\n<div>T\u0159\u00edvrstv\u00e1 z\u00e1v\u011bsn\u00e1 mapa sv\u011bta od spole\u010dnosti EWA Eco-Wood-Art k sestaven\u00ed. Mont\u00e1\u017e se prov\u00e1d\u00ed pomoc\u00ed lepidla. Mont\u00e1\u017e na ze\u010f lze prov\u00e9st pomoc\u00ed oboustrann\u00e9 lepic\u00ed p\u00e1sky. Skl\u00e1da\u010dka a n\u00e1vod k mont\u00e1\u017ei jsou dod\u00e1v\u00e1ny s oboustrannou lepic\u00ed p\u00e1skou a lepidlem. K dispozici ve 3 velikostech (S, M, L) a 5 barv\u00e1ch (Modr\u00e1 fantazie, Nedot\u010den\u00fd sv\u011bt, Smaragdov\u00e1 planeta, Kou\u0159ov\u00e9 sny, \u010cokol\u00e1dov\u00fd sv\u011bt) na vy\u017e\u00e1d\u00e1n\u00ed.<\/div>\n<div><\/div>\n<div><strong>PODROBNOSTI O PRODUKTU:<\/strong><\/div>\n<div>Velikost modelu L: 1920*1050*12 mm<\/div>\n<div>Rozm\u011bry modelu M: 1440*790*12 mm<\/div>\n<div>Rozm\u011bry modelu S: 1000*550*12 mm<\/div>\n<div>Rozm\u011bry balen\u00ed: 500*385*56 mm<\/div>\n<div><strong>Po\u010det kus\u016f: 127<\/strong><\/div>\n<div><\/div>\n<div><\/div>\n<div>Mont\u00e1\u017e pomoc\u00ed lepidla a oboustrann\u00e9 p\u00e1sky (dod\u00e1v\u00e1 se v krabici).<\/div>","protected":false},"excerpt":{"rendered":"<p>T\u0159\u00edvrstv\u00e1 z\u00e1v\u011bsn\u00e1 d\u0159ev\u011bn\u00e1 n\u00e1st\u011bnn\u00e1 planisf\u00e9ra EWA Eco-Wood-Art k mont\u00e1\u017ei.<\/p>","protected":false},"featured_media":567,"comment_status":"open","ping_status":"closed","template":"","meta":[],"product_brand":[],"product_cat":[68],"product_tag":[],"woo-feed-brand":[],"class_list":{"0":"post-553","1":"product","2":"type-product","3":"status-publish","4":"has-post-thumbnail","6":"product_cat-mappamondo-da-parete-in-legno","8":"first","9":"instock","10":"shipping-taxable","11":"purchasable","12":"product-type-variable"},"_links":{"self":[{"href":"https:\/\/puzzle3d.co\/cs\/wp-json\/wp\/v2\/product\/553","targetHints":{"allow":["GET"]}}],"collection":[{"href":"https:\/\/puzzle3d.co\/cs\/wp-json\/wp\/v2\/product"}],"about":[{"href":"https:\/\/puzzle3d.co\/cs\/wp-json\/wp\/v2\/types\/product"}],"replies":[{"embeddable":true,"href":"https:\/\/puzzle3d.co\/cs\/wp-json\/wp\/v2\/comments?post=553"}],"wp:featuredmedia":[{"embeddable":true,"href":"https:\/\/puzzle3d.co\/cs\/wp-json\/wp\/v2\/media\/567"}],"wp:attachment":[{"href":"https:\/\/puzzle3d.co\/cs\/wp-json\/wp\/v2\/media?parent=553"}],"wp:term":[{"taxonomy":"product_brand","embeddable":true,"href":"https:\/\/puzzle3d.co\/cs\/wp-json\/wp\/v2\/product_brand?post=553"},{"taxonomy":"product_cat","embeddable":true,"href":"https:\/\/puzzle3d.co\/cs\/wp-json\/wp\/v2\/product_cat?post=553"},{"taxonomy":"product_tag","embeddable":true,"href":"https:\/\/puzzle3d.co\/cs\/wp-json\/wp\/v2\/product_tag?post=553"},{"taxonomy":"woo-feed-brand","embeddable":true,"href":"https:\/\/puzzle3d.co\/cs\/wp-json\/wp\/v2\/woo-feed-brand?post=553"}],"curies":[{"name":"wp","href":"https:\/\/api.w.org\/{rel}","templated":true}]}}