{"id":171,"date":"2014-07-06T10:43:57","date_gmt":"2014-07-06T10:43:57","guid":{"rendered":"http:\/\/flatsome.dev\/?post_type=product&#038;p=8263"},"modified":"2025-06-11T18:51:53","modified_gmt":"2025-06-11T18:51:53","slug":"dreveny-nastenny-globus","status":"publish","type":"product","link":"https:\/\/puzzle3d.co\/cs\/prodotto\/mappamondo-legno-parete-in-legno\/","title":{"rendered":"3D mapa sv\u011bta z hn\u011bd\u00e9ho d\u0159eva"},"content":{"rendered":"<div><strong>Mapa sv\u011bta - hn\u011bd\u00e9 d\u0159ev\u011bn\u00e9 3D puzzle 'Choco World' 127 d\u00edlk\u016f<\/strong><\/div>\n<div><\/div>\n<div>T\u0159\u00edvrstv\u00fd d\u0159ev\u011bn\u00fd z\u00e1v\u011bsn\u00fd globus EWA Eco-Wood-Art k mont\u00e1\u017ei. Mont\u00e1\u017e se prov\u00e1d\u00ed pomoc\u00ed lepidla. Mont\u00e1\u017e na ze\u010f lze prov\u00e9st pomoc\u00ed oboustrann\u00e9 lepic\u00ed p\u00e1sky. Skl\u00e1da\u010dka a n\u00e1vod k mont\u00e1\u017ei jsou dod\u00e1v\u00e1ny s oboustrannou lepic\u00ed p\u00e1skou a lepidlem. K dispozici ve 3 velikostech (S, M, L) a 5 barv\u00e1ch (Modr\u00e1 fantazie, Nedot\u010den\u00fd sv\u011bt, Smaragdov\u00e1 planeta, Kou\u0159ov\u00e9 sny, \u010cokol\u00e1dov\u00fd sv\u011bt) na vy\u017e\u00e1d\u00e1n\u00ed.<\/div>\n<div><\/div>\n<div>Mont\u00e1\u017e pomoc\u00ed lepidla a oboustrann\u00e9 p\u00e1sky (dod\u00e1v\u00e1 se v krabici).<\/div>","protected":false},"excerpt":{"rendered":"<div>T\u0159\u00edvrstv\u00e1 zav\u011b\u0161en\u00e1 mapa sv\u011bta k sestaven\u00ed.<\/div>\n<p>&nbsp;<\/p>","protected":false},"featured_media":579,"comment_status":"open","ping_status":"closed","template":"","meta":{"slim_seo":{"title":"\ud83d\uddfa Mapa sv\u011bta. D\u0159ev\u011bn\u00e9 puzzle \"Choco World\" 127 d\u00edlk\u016f","description":"D\u0159ev\u011bn\u00e1 z\u00e1v\u011bsn\u00e1 mapa sv\u011bta, t\u0159i vrstvy k sestaven\u00ed. Mont\u00e1\u017e na ze\u010f lze prov\u00e9st pomoc\u00ed dvojit\u00e9 lepic\u00ed p\u00e1sky."}},"product_brand":[],"product_cat":[68],"product_tag":[],"woo-feed-brand":[],"class_list":{"0":"post-171","1":"product","2":"type-product","3":"status-publish","4":"has-post-thumbnail","6":"product_cat-mappamondo-da-parete-in-legno","8":"first","9":"outofstock","10":"shipping-taxable","11":"purchasable","12":"product-type-variable"},"_links":{"self":[{"href":"https:\/\/puzzle3d.co\/cs\/wp-json\/wp\/v2\/product\/171","targetHints":{"allow":["GET"]}}],"collection":[{"href":"https:\/\/puzzle3d.co\/cs\/wp-json\/wp\/v2\/product"}],"about":[{"href":"https:\/\/puzzle3d.co\/cs\/wp-json\/wp\/v2\/types\/product"}],"replies":[{"embeddable":true,"href":"https:\/\/puzzle3d.co\/cs\/wp-json\/wp\/v2\/comments?post=171"}],"wp:featuredmedia":[{"embeddable":true,"href":"https:\/\/puzzle3d.co\/cs\/wp-json\/wp\/v2\/media\/579"}],"wp:attachment":[{"href":"https:\/\/puzzle3d.co\/cs\/wp-json\/wp\/v2\/media?parent=171"}],"wp:term":[{"taxonomy":"product_brand","embeddable":true,"href":"https:\/\/puzzle3d.co\/cs\/wp-json\/wp\/v2\/product_brand?post=171"},{"taxonomy":"product_cat","embeddable":true,"href":"https:\/\/puzzle3d.co\/cs\/wp-json\/wp\/v2\/product_cat?post=171"},{"taxonomy":"product_tag","embeddable":true,"href":"https:\/\/puzzle3d.co\/cs\/wp-json\/wp\/v2\/product_tag?post=171"},{"taxonomy":"woo-feed-brand","embeddable":true,"href":"https:\/\/puzzle3d.co\/cs\/wp-json\/wp\/v2\/woo-feed-brand?post=171"}],"curies":[{"name":"wp","href":"https:\/\/api.w.org\/{rel}","templated":true}]}}