{"id":1466,"date":"2023-03-08T12:47:30","date_gmt":"2023-03-08T12:47:30","guid":{"rendered":"https:\/\/puzzle3d.co\/product\/tractor-puzzle-mecanic-din-lemn-358-piese-copy\/"},"modified":"2026-01-19T10:27:03","modified_gmt":"2026-01-19T10:27:03","slug":"mechanicke-drevene-puzzle-s-traktorem-342-dilku","status":"publish","type":"product","link":"https:\/\/puzzle3d.co\/cs\/prodotto\/trattore-puzzle-meccanico-legno-342-pezzi\/","title":{"rendered":"D\u0159ev\u011bn\u00fd mekanick\u00fd model traktoru k sestaven\u00ed - 342 d\u00edlk\u016f"},"content":{"rendered":"<div>\n<p><strong>Traktor \u2013  Model mechanick\u00e9ho traktoru ze d\u0159eva k sestaven\u00ed \u2013 342 d\u00edlk\u016f<\/strong><\/p>\n<div>\n<div>Je nespr\u00e1vn\u00e9 si myslet, \u017ee traktory jsou jen pro chlapce a mu\u017ee.<\/div>\n<div><\/div>\n<div>Po sestaven\u00ed tohoto modelu jej budete vn\u00edmat jako skute\u010dn\u00e9 um\u011bleck\u00e9 d\u00edlo. A materi\u00e1l, ze kter\u00e9ho jsou d\u00edlky skl\u00e1da\u010dky vyrobeny, d\u0159evo, v\u00e1m uk\u00e1\u017ee svou skute\u010dnou hodnotu.<\/div>\n<div><\/div>\n<div>Motor s gumov\u00fdm p\u00e1skem umo\u017e\u0148uje pohybovat, otev\u00edrat dve\u0159e a kapotu. Traktor vypad\u00e1 je\u0161t\u011b l\u00e9pe vedle p\u0159\u00edv\u011bsu, kter\u00fd je k dispozici jako samostatn\u00fd model.<\/div>\n<div><\/div>\n<div>K traktoru se snadno p\u0159ipoj\u00ed pomoc\u00ed h\u00e1ku a pomoc\u00ed p\u00e1ky se otev\u00edr\u00e1 p\u0159esn\u011b jako skute\u010dn\u00fd p\u0159\u00edv\u011bs.<\/div>\n<div><\/div>\n<div>Je to univerz\u00e1ln\u00ed d\u00e1rek, kter\u00fd ocen\u00ed d\u00edt\u011b i dosp\u011bl\u00fd. Tento model nadchne v\u0161echny milovn\u00edky skl\u00e1da\u010dek a \u0159emesel.<\/div>\n<div><\/div>\n<div>Sada je estetick\u00e1 a m\u016f\u017ee b\u00fdt origin\u00e1ln\u00edm dekorativn\u00edm p\u0159edm\u011btem. Napl\u0148te p\u0159\u00edv\u011bs tr\u00e1vou, v\u011btvi\u010dkami, k\u00e1vov\u00fdmi zrny nebo \u010d\u00edmkoli, co v\u00e1s napadne.<\/div>\n<div><\/div>\n<div>D\u011bti si zamiluj\u00ed traktor a p\u0159\u00edv\u011bs z obl\u00edben\u00e9 hry \"Farma\", ale tak\u00e9 vymysl\u00ed nov\u00e9 hry.<\/div>\n<div>Pak sestavte, hrajte si, obdivujte a vytv\u00e1\u0159ejte vzpom\u00ednky kolem traktoru a p\u0159\u00edv\u011bsu.<\/div>\n<div><\/div>\n<div><\/div>\n<div><strong>PODROBNOSTI O PRODUKTU:<\/strong><\/div>\n<div>Rozm\u011bry modelu: 282*136*175 mm<\/div>\n<div>Rozm\u011bry balen\u00ed: 375 x 243 x 30 mm<\/div>\n<div>Po\u010det kus\u016f: 342<\/div>\n<\/div>\n<\/div>","protected":false},"excerpt":{"rendered":"<p>Motor s gumov\u00fdm p\u00e1skem umo\u017e\u0148uje pohybovat, otev\u00edrat dve\u0159e a kapotu.<\/p>","protected":false},"featured_media":1469,"comment_status":"open","ping_status":"closed","template":"","meta":[],"product_brand":[],"product_cat":[73,108,88,74,76,89,90,91],"product_tag":[],"woo-feed-brand":[],"class_list":{"0":"post-1466","1":"product","2":"type-product","3":"status-publish","4":"has-post-thumbnail","6":"product_cat-puzzle-3d","7":"product_cat-modellismo-da-costruire-per-adulti","8":"product_cat-puzzle-3d-adulti","9":"product_cat-puzzle-3d-in-legno","10":"product_cat-puzzle-3d-per-bambini","11":"product_cat-puzzle-meccanici-3d-in-legno","12":"product_cat-puzzle-meccanici-per-bambini","13":"product_cat-puzzle-meccanici-per-adulti","15":"first","16":"instock","17":"shipping-taxable","18":"purchasable","19":"product-type-simple"},"_links":{"self":[{"href":"https:\/\/puzzle3d.co\/cs\/wp-json\/wp\/v2\/product\/1466","targetHints":{"allow":["GET"]}}],"collection":[{"href":"https:\/\/puzzle3d.co\/cs\/wp-json\/wp\/v2\/product"}],"about":[{"href":"https:\/\/puzzle3d.co\/cs\/wp-json\/wp\/v2\/types\/product"}],"replies":[{"embeddable":true,"href":"https:\/\/puzzle3d.co\/cs\/wp-json\/wp\/v2\/comments?post=1466"}],"wp:featuredmedia":[{"embeddable":true,"href":"https:\/\/puzzle3d.co\/cs\/wp-json\/wp\/v2\/media\/1469"}],"wp:attachment":[{"href":"https:\/\/puzzle3d.co\/cs\/wp-json\/wp\/v2\/media?parent=1466"}],"wp:term":[{"taxonomy":"product_brand","embeddable":true,"href":"https:\/\/puzzle3d.co\/cs\/wp-json\/wp\/v2\/product_brand?post=1466"},{"taxonomy":"product_cat","embeddable":true,"href":"https:\/\/puzzle3d.co\/cs\/wp-json\/wp\/v2\/product_cat?post=1466"},{"taxonomy":"product_tag","embeddable":true,"href":"https:\/\/puzzle3d.co\/cs\/wp-json\/wp\/v2\/product_tag?post=1466"},{"taxonomy":"woo-feed-brand","embeddable":true,"href":"https:\/\/puzzle3d.co\/cs\/wp-json\/wp\/v2\/woo-feed-brand?post=1466"}],"curies":[{"name":"wp","href":"https:\/\/api.w.org\/{rel}","templated":true}]}}