{"id":1454,"date":"2023-03-08T11:51:26","date_gmt":"2023-03-08T11:51:26","guid":{"rendered":"https:\/\/puzzle3d.co\/product\/angrenajul-planetar-puzzle-mecanic-din-lemn-153-piese-copy\/"},"modified":"2026-01-02T05:29:01","modified_gmt":"2026-01-02T05:29:01","slug":"mechanicke-drevene-puzzle-s-traktorem-358-dilku","status":"publish","type":"product","link":"https:\/\/puzzle3d.co\/cs\/prodotto\/trattore-puzzle-meccanico-in-legno-358-pezzi\/","title":{"rendered":"Traktor - Mechanick\u00e9 d\u0159ev\u011bn\u00e9 puzzle, 358 d\u00edlk\u016f"},"content":{"rendered":"<div>\n<p><strong>Model traktoru - Mechanick\u00e9 d\u0159ev\u011bn\u00e9 puzzle, 358 d\u00edlk\u016f<\/strong><\/p>\n<div><\/div>\n<\/div>\n<div>\n<div>\n<div>Brzy r\u00e1no, je\u0161t\u011b p\u0159ed sv\u00edt\u00e1n\u00edm, nastartuje farm\u00e1\u0159 traktor.<\/div>\n<div><\/div>\n<div>V\u00ed, \u017ee traktor je nezbytn\u00fd pro jeho pr\u00e1ci, aby mohl u\u017eivit farmu a rodinu. Jeho hlasit\u00fd zvuk probud\u00ed d\u011bti, kter\u00e9 je\u0161t\u011b sn\u00ed o zaj\u00ed\u010dc\u00edch, ale brzy op\u011bt usnou.<\/div>\n<div><\/div>\n<div>Kdy\u017e traktor odj\u00ed\u017ed\u00ed sm\u011brem k farm\u011b, z domu je st\u00e1le sly\u0161et hlasit\u00fd zvuk motoru a kol, kter\u00fd se m\u00eds\u00ed s pachem nafty.<\/div>\n<div><\/div>\n<div>Na okraji \u010derstv\u011b oset\u00e9ho p\u0161eni\u010dn\u00e9ho pole farma o\u017e\u00edv\u00e1. Hluk traktoru se zde ji\u017e m\u00eds\u00ed se \u0161t\u011bbet\u00e1n\u00edm pt\u00e1k\u016f a poselstv\u00edm dobr\u00e9ho r\u00e1na od milovan\u00fdch zv\u00ed\u0159at a vytv\u00e1\u0159\u00ed zvl\u00e1\u0161tn\u00ed harmonii.<\/div>\n<div><\/div>\n<div>Po nakrmen\u00ed zv\u00ed\u0159at se farm\u00e1\u0159 s traktorem rozjede a vrac\u00ed se na poln\u00ed cestu. Nyn\u00ed jede na dal\u0161\u00ed pole, kter\u00e9 s velkou l\u00e1skou osel. Na tomto poli vyroste kuku\u0159ice. Farm\u00e1\u0159 je sv\u00e9mu traktoru vd\u011b\u010dn\u00fd, proto\u017ee m\u016f\u017ee nakrmit svou rodinu i hospod\u00e1\u0159sk\u00e1 zv\u00ed\u0159ata.<\/div>\n<div><\/div>\n<div>Traktor lze tedy pova\u017eovat za prvek modern\u00ed technologie, kter\u00fd \u0161etrn\u011b spolupracuje s p\u0159\u00edrodou a p\u0159izp\u016fsobuje se pot\u0159eb\u00e1m \u010dlov\u011bka i zv\u00ed\u0159at.<\/div>\n<div><\/div>\n<div>Tento n\u00e1dhern\u00fd traktor slo\u017een\u00fd z 358 d\u0159ev\u011bn\u00fdch d\u00edlk\u016f pot\u011b\u0161\u00ed v\u0161echny milovn\u00edky vozidel, skl\u00e1da\u010dek a venkovsk\u00e9ho \u017eivota.<\/div>\n<div><\/div>\n<div>D\u011bti ji s radost\u00ed zapoj\u00ed do sv\u00fdch stavebn\u00edch nebo zem\u011bd\u011blsk\u00fdch her.<\/div>\n<div><\/div>\n<div>Je to jako skute\u010dn\u00fd miniaturn\u00ed traktor. Je\u0161t\u011b kr\u00e1sn\u011bj\u0161\u00ed, pokud se odvol\u00e1me na d\u0159evo, ze kter\u00e9ho je vyroben. Traktor se pohybuje dop\u0159edu a dozadu a kola se mohou ot\u00e1\u010det zprava doleva. Kapota se otev\u00edr\u00e1 a je vid\u011bt \u010dty\u0159i v\u00e1lce, kter\u00e9 p\u0159em\u011b\u0148uj\u00ed tepelnou energii na mechanickou. Dve\u0159e se tak\u00e9 otev\u00edraj\u00ed a nastupov\u00e1n\u00ed do traktoru usnad\u0148uj\u00ed schody. Salon je inspirov\u00e1n skute\u010dn\u00fdmi modely, tak\u017ee nen\u00ed mo\u017en\u00e9 si tento model nezamilovat. Vrcholem bude startov\u00e1n\u00ed traktoru pomoc\u00ed gumov\u00e9ho motoru. Do salonu vlo\u017ete gurm\u00e1nskou \u010dokol\u00e1du a po\u0161lete ji prost\u0159ednictv\u00edm vozidla milovan\u00e9 osob\u011b.<\/div>\n<div><\/div>\n<div>Je to kr\u00e1sn\u00fd dekorativn\u00ed p\u0159edm\u011bt do d\u011btsk\u00e9ho pokoje, ale tak\u00e9 do ob\u00fdvac\u00edho pokoje nebo kancel\u00e1\u0159e. Bude p\u0159itahovat pozornost a bez osv\u011btlen\u00ed dlouho nevydr\u017e\u00ed.<\/div>\n<div><\/div>\n<div>Sestavte ji se sv\u00fdm d\u00edt\u011btem, rodinou nebo p\u0159\u00e1teli a za\u017eijte je\u0161t\u011b lep\u0161\u00ed z\u00e1\u017eitek!<\/div>\n<div><\/div>\n<div><strong>PODROBNOSTI O PRODUKTU:<\/strong><\/div>\n<div>Rozm\u011bry modelu: 315*173*207 mm<\/div>\n<div>Rozm\u011bry balen\u00ed: 375 x 243 x 43 mm<\/div>\n<div><strong>Po\u010det kus\u016f: 358<\/strong><\/div>\n<\/div>\n<div><\/div>\n<\/div>","protected":false},"excerpt":{"rendered":"<p>Je to jako skute\u010dn\u00fd miniaturn\u00ed traktor. Je\u0161t\u011b kr\u00e1sn\u011bj\u0161\u00ed, pokud se odvol\u00e1me na d\u0159evo, ze kter\u00e9ho je vyroben.<\/p>","protected":false},"featured_media":1457,"comment_status":"open","ping_status":"closed","template":"","meta":[],"product_brand":[],"product_cat":[73,88,74,76,89,90,91],"product_tag":[],"woo-feed-brand":[],"class_list":{"0":"post-1454","1":"product","2":"type-product","3":"status-publish","4":"has-post-thumbnail","6":"product_cat-puzzle-3d","7":"product_cat-puzzle-3d-adulti","8":"product_cat-puzzle-3d-in-legno","9":"product_cat-puzzle-3d-per-bambini","10":"product_cat-puzzle-meccanici-3d-in-legno","11":"product_cat-puzzle-meccanici-per-bambini","12":"product_cat-puzzle-meccanici-per-adulti","14":"first","15":"instock","16":"shipping-taxable","17":"purchasable","18":"product-type-simple"},"_links":{"self":[{"href":"https:\/\/puzzle3d.co\/cs\/wp-json\/wp\/v2\/product\/1454","targetHints":{"allow":["GET"]}}],"collection":[{"href":"https:\/\/puzzle3d.co\/cs\/wp-json\/wp\/v2\/product"}],"about":[{"href":"https:\/\/puzzle3d.co\/cs\/wp-json\/wp\/v2\/types\/product"}],"replies":[{"embeddable":true,"href":"https:\/\/puzzle3d.co\/cs\/wp-json\/wp\/v2\/comments?post=1454"}],"wp:featuredmedia":[{"embeddable":true,"href":"https:\/\/puzzle3d.co\/cs\/wp-json\/wp\/v2\/media\/1457"}],"wp:attachment":[{"href":"https:\/\/puzzle3d.co\/cs\/wp-json\/wp\/v2\/media?parent=1454"}],"wp:term":[{"taxonomy":"product_brand","embeddable":true,"href":"https:\/\/puzzle3d.co\/cs\/wp-json\/wp\/v2\/product_brand?post=1454"},{"taxonomy":"product_cat","embeddable":true,"href":"https:\/\/puzzle3d.co\/cs\/wp-json\/wp\/v2\/product_cat?post=1454"},{"taxonomy":"product_tag","embeddable":true,"href":"https:\/\/puzzle3d.co\/cs\/wp-json\/wp\/v2\/product_tag?post=1454"},{"taxonomy":"woo-feed-brand","embeddable":true,"href":"https:\/\/puzzle3d.co\/cs\/wp-json\/wp\/v2\/woo-feed-brand?post=1454"}],"curies":[{"name":"wp","href":"https:\/\/api.w.org\/{rel}","templated":true}]}}