{"id":1441,"date":"2023-03-08T11:10:44","date_gmt":"2023-03-08T11:10:44","guid":{"rendered":"https:\/\/puzzle3d.co\/product\/triceratops-puzzle-mecanic-din-lemn-283-piese-copy\/"},"modified":"2026-01-19T16:26:02","modified_gmt":"2026-01-19T16:26:02","slug":"mechanicke-puzzle-s-planetovym-prevodem-drevo-153-dilku","status":"publish","type":"product","link":"https:\/\/puzzle3d.co\/cs\/prodotto\/ingranaggio-planetario-puzzle-meccanico-legno-153-pezzi\/","title":{"rendered":"Mechanick\u00e9 d\u0159ev\u011bn\u00e9 puzzle s planetov\u00fdm p\u0159evodem, 153 d\u00edlk\u016f"},"content":{"rendered":"<div>\n<p>Mechanick\u00e9 d\u0159ev\u011bn\u00e9 puzzle s planetov\u00fdm p\u0159evodem, 153 d\u00edlk\u016f<\/p>\n<div>\n<div>Jak sn\u00e1ze pochopit obt\u00ed\u017en\u00e9 aspekty geometrie a fyziky?<\/div>\n<div><\/div>\n<div>A co prostorov\u00fd vztah mezi objekty?<\/div>\n<div><\/div>\n<div>V\u00edm, \u017ee to zn\u00ed slo\u017eit\u011b, ale s planetov\u00fdm p\u0159evodem je to jednoduch\u00e9 a z\u00e1bavn\u00e9.<\/div>\n<div><\/div>\n<div>Sou\u010d\u00e1st\u00ed vybaven\u00ed je srozumiteln\u00fd n\u00e1vod a 153 d\u0159ev\u011bn\u00fdch d\u00edlk\u016f r\u016fzn\u00fdch tvar\u016f a velikost\u00ed. Sestavov\u00e1n\u00ed bude fascinuj\u00edc\u00ed, a kdy\u017e model \"o\u017eije\", budete se t\u011b\u0161it na okam\u017eik, kdy budete moci nastartovat gumov\u00fd motor.<\/div>\n<div><\/div>\n<div>Krom\u011b toho mohou p\u0159evody slou\u017eit k pozn\u00e1v\u00e1n\u00ed stroj\u016f a mechanick\u00fdch za\u0159\u00edzen\u00ed, kter\u00e9 funguj\u00ed na z\u00e1klad\u011b \u0159ady ozuben\u00fdch kol ot\u00e1\u010dej\u00edc\u00edch se kolem velk\u00e9ho centr\u00e1ln\u00edho kola.<\/div>\n<div><\/div>\n<div>Ani si nedok\u00e1\u017eete p\u0159edstavit, jak \u010dasto se v ka\u017edodenn\u00edm \u017eivot\u011b dost\u00e1v\u00e1te do kontaktu s p\u0159evodovkou:<\/div>\n<div><\/div>\n<ul>\n<li>P\u0159evodovka \u0159ad\u00ed podle za\u0159azen\u00e9ho rychlostn\u00edho stupn\u011b;<\/li>\n<li>Na jeho z\u00e1klad\u011b se p\u0159i j\u00edzd\u011b na kole p\u0159en\u00e1\u0161\u00ed s\u00edla z ped\u00e1l\u016f na kola;<\/li>\n<li>\u0158ada pr\u016fmyslov\u00fdch stroj\u016f spou\u0161t\u00ed motory, \u010derpadla a kompresory t\u00edmto mechanismem;<\/li>\n<li>Zem\u011bd\u011blsk\u00e9 a stavebn\u00ed stroje, jako jsou buldozery, bagry, kombajny, traktory a sec\u00ed stroje, by nemohly fungovat bez n\u00e1\u0159ad\u00ed.<\/li>\n<\/ul>\n<div><\/div>\n<div>Zaj\u00edmav\u00e9 je, \u017ee d\u0159ev\u011bn\u00e1 ozuben\u00e1 kola, kter\u00e1 se pou\u017e\u00edvala k p\u0159enosu energie ve vodn\u00edch \u010derpadlech a p\u0159i zpracov\u00e1n\u00ed kov\u016f, poch\u00e1zej\u00ed z doby 3000 let p\u0159. n. l.<\/div>\n<div><\/div>\n<div>Jedn\u00edm z prvn\u00edch v\u011bdc\u016f, kte\u0159\u00ed za\u010dali studovat a ch\u00e1pat fungov\u00e1n\u00ed ozuben\u00fdch kol, byl v 15. stolet\u00ed Leonardo da Vinci. Vyvinul r\u016fzn\u00e9 typy ozuben\u00fdch kol a v\u0161iml si, \u017ee funguj\u00ed mnohem efektivn\u011bji, kdy\u017e se skl\u00e1daj\u00ed z n\u011bkolika zub\u016f.<\/div>\n<div><\/div>\n<div>Puzzle 3Dv\u0161ak poznamenal, \u017ee v t\u00fdmech s bl\u00edzk\u00fdmi se za\u0159\u00edzen\u00ed sestavuje efektivn\u011bji a zaj\u00edmav\u011bji: kde je jich hodn\u011b, tam s\u00edla roste!<\/div>\n<div><\/div>\n<div>Je to ide\u00e1ln\u00ed d\u00e1rek pro \u0161kol\u00e1ky, ale i pro dosp\u011bl\u00e9, zejm\u00e9na pro u\u010ditele. Zejm\u00e9na pokud je obdarovan\u00fd v\u00e1\u0161niv\u00fdm z\u00e1jemcem o techniku, fyziku, matematiku nebo prost\u011b jen o hlavolamy.<\/div>\n<div><\/div>\n<div>Po sestaven\u00ed se m\u016f\u017eete t\u011b\u0161it na kr\u00e1snou dekoraci pro v\u00e1\u0161 domov nebo kancel\u00e1\u0159, kter\u00e1 upout\u00e1 pozornost.<\/div>\n<div><\/div>\n<div><\/div>\n<div>PODROBNOSTI O PRODUKTU:<\/div>\n<div>Rozm\u011bry modelu: 247*118*204 mm<\/div>\n<div>Rozm\u011bry balen\u00ed: 245*188*30 mm<\/div>\n<div>Po\u010det kus\u016f: 153<\/div>\n<\/div>\n<\/div>\n<div>\n<div><\/div>\n<\/div>","protected":false},"excerpt":{"rendered":"<div>Sou\u010d\u00e1st\u00ed vybaven\u00ed je srozumiteln\u00fd n\u00e1vod a 153 d\u0159ev\u011bn\u00fdch d\u00edlk\u016f r\u016fzn\u00fdch tvar\u016f a velikost\u00ed. Sestavov\u00e1n\u00ed bude fascinuj\u00edc\u00ed, a kdy\u017e model \"o\u017eije\", budete se t\u011b\u0161it na okam\u017eik, kdy budete moci nastartovat gumov\u00fd motor.<\/div>\n<p>&nbsp;<\/p>","protected":false},"featured_media":1447,"comment_status":"open","ping_status":"closed","template":"","meta":[],"product_brand":[],"product_cat":[73,88,74,76,89,90,91],"product_tag":[],"woo-feed-brand":[],"class_list":{"0":"post-1441","1":"product","2":"type-product","3":"status-publish","4":"has-post-thumbnail","6":"product_cat-puzzle-3d","7":"product_cat-puzzle-3d-adulti","8":"product_cat-puzzle-3d-in-legno","9":"product_cat-puzzle-3d-per-bambini","10":"product_cat-puzzle-meccanici-3d-in-legno","11":"product_cat-puzzle-meccanici-per-bambini","12":"product_cat-puzzle-meccanici-per-adulti","14":"first","15":"instock","16":"shipping-taxable","17":"purchasable","18":"product-type-simple"},"_links":{"self":[{"href":"https:\/\/puzzle3d.co\/cs\/wp-json\/wp\/v2\/product\/1441","targetHints":{"allow":["GET"]}}],"collection":[{"href":"https:\/\/puzzle3d.co\/cs\/wp-json\/wp\/v2\/product"}],"about":[{"href":"https:\/\/puzzle3d.co\/cs\/wp-json\/wp\/v2\/types\/product"}],"replies":[{"embeddable":true,"href":"https:\/\/puzzle3d.co\/cs\/wp-json\/wp\/v2\/comments?post=1441"}],"wp:featuredmedia":[{"embeddable":true,"href":"https:\/\/puzzle3d.co\/cs\/wp-json\/wp\/v2\/media\/1447"}],"wp:attachment":[{"href":"https:\/\/puzzle3d.co\/cs\/wp-json\/wp\/v2\/media?parent=1441"}],"wp:term":[{"taxonomy":"product_brand","embeddable":true,"href":"https:\/\/puzzle3d.co\/cs\/wp-json\/wp\/v2\/product_brand?post=1441"},{"taxonomy":"product_cat","embeddable":true,"href":"https:\/\/puzzle3d.co\/cs\/wp-json\/wp\/v2\/product_cat?post=1441"},{"taxonomy":"product_tag","embeddable":true,"href":"https:\/\/puzzle3d.co\/cs\/wp-json\/wp\/v2\/product_tag?post=1441"},{"taxonomy":"woo-feed-brand","embeddable":true,"href":"https:\/\/puzzle3d.co\/cs\/wp-json\/wp\/v2\/woo-feed-brand?post=1441"}],"curies":[{"name":"wp","href":"https:\/\/api.w.org\/{rel}","templated":true}]}}