{"id":1431,"date":"2023-03-08T10:39:32","date_gmt":"2023-03-08T10:39:32","guid":{"rendered":"https:\/\/puzzle3d.co\/product\/pasare-puzzle-3d-mecanic-copy\/"},"modified":"2026-01-02T05:29:01","modified_gmt":"2026-01-02T05:29:01","slug":"drevene-mechanicke-puzzle-triceratops","status":"publish","type":"product","link":"https:\/\/puzzle3d.co\/cs\/prodotto\/triceratopo-puzzle-meccanico-in-legno\/","title":{"rendered":"D\u0159ev\u011bn\u00fd mechanick\u00fd model dinosaura Triceratops - 283 kus\u016f"},"content":{"rendered":"<div>\n<p><strong>D\u0159ev\u011bn\u00fd mechanick\u00fd model dinosaura Triceratops<\/strong> \u2013 <strong>283 kus\u016f<\/strong><\/p>\n<div><\/div>\n<\/div>\n<div>\n<div>\n<div>Asi p\u0159ed 65-68 miliony let \u017eil na severoamerick\u00e9m kontinentu je\u0161t\u011b druh b\u00fdlo\u017erav\u00e9ho dinosaura se t\u0159emi rohy na obli\u010deji - triceratops.<\/div>\n<div><\/div>\n<div>P\u0159\u00ed\u010dina vyhynut\u00ed dinosaur\u016f se zkoum\u00e1 ji\u017e v\u00edce ne\u017e 100 let. Existuj\u00ed pouze hypot\u00e9zy, jako jsou infekce kost\u00ed, genetick\u00e9 probl\u00e9my, asteroid, kter\u00fd p\u0159ed 65 miliony let dopadl na Zemi, nebo mohutn\u00fd sope\u010dn\u00fd v\u00fdbuch.<\/div>\n<div><\/div>\n<div>Dinosau\u0159i dodnes zaj\u00edmaj\u00ed d\u011bti i dosp\u011bl\u00e9.<\/div>\n<div>Nyn\u00ed m\u00e1te mo\u017enost si ho sami sestavit a spustit.<\/div>\n<div><\/div>\n<div>V\u00e1\u0161 prehistorick\u00fd kamar\u00e1d um\u00ed h\u00fdbat hlavou, ocasem a nohama.<\/div>\n<div><\/div>\n<div>Konstrukt\u00e9\u0159i pe\u010dliv\u011b prostudovali anatomii a dbali na to, aby v\u0161echny klouby a pohyby p\u0159ipom\u00ednaly skute\u010dn\u00e9ho triceratopse.<\/div>\n<div><\/div>\n<div><\/div>\n<div><strong>PODROBNOSTI O PRODUKTU:<\/strong><\/div>\n<div>Rozm\u011bry modelu: 320*160*105 mm<\/div>\n<div>Rozm\u011bry balen\u00ed: 245*188*33 mm<\/div>\n<div>Po\u010det kus\u016f: 283<\/div>\n<\/div>\n<div><\/div>\n<\/div>","protected":false},"excerpt":{"rendered":"<div>Dinosau\u0159i dodnes zaj\u00edmaj\u00ed d\u011bti i dosp\u011bl\u00e9.<br \/>\nNyn\u00ed m\u00e1te mo\u017enost si ho sami sestavit a spustit.<\/div>\n<p>&nbsp;<\/p>","protected":false},"featured_media":1437,"comment_status":"open","ping_status":"closed","template":"","meta":{"slim_seo":{"title":"\ud83e\udd96 D\u0159ev\u011bn\u00fd mechanick\u00fd model dinosaura Triceratops - 283 kus\u016f","description":"Dinosau\u0159i triceratopsov\u00e9 dodnes zaj\u00edmaj\u00ed d\u011bti i dosp\u011bl\u00e9. Nyn\u00ed m\u00e1te mo\u017enost si jednoho takov\u00e9ho sami sestavit a uv\u00e9st ho do pohybu."}},"product_brand":[],"product_cat":[89,91,90,73,88,74,76],"product_tag":[],"woo-feed-brand":[],"class_list":{"0":"post-1431","1":"product","2":"type-product","3":"status-publish","4":"has-post-thumbnail","6":"product_cat-puzzle-meccanici-3d-in-legno","7":"product_cat-puzzle-meccanici-per-adulti","8":"product_cat-puzzle-meccanici-per-bambini","9":"product_cat-puzzle-3d","10":"product_cat-puzzle-3d-adulti","11":"product_cat-puzzle-3d-in-legno","12":"product_cat-puzzle-3d-per-bambini","14":"first","15":"outofstock","16":"shipping-taxable","17":"purchasable","18":"product-type-simple"},"_links":{"self":[{"href":"https:\/\/puzzle3d.co\/cs\/wp-json\/wp\/v2\/product\/1431","targetHints":{"allow":["GET"]}}],"collection":[{"href":"https:\/\/puzzle3d.co\/cs\/wp-json\/wp\/v2\/product"}],"about":[{"href":"https:\/\/puzzle3d.co\/cs\/wp-json\/wp\/v2\/types\/product"}],"replies":[{"embeddable":true,"href":"https:\/\/puzzle3d.co\/cs\/wp-json\/wp\/v2\/comments?post=1431"}],"wp:featuredmedia":[{"embeddable":true,"href":"https:\/\/puzzle3d.co\/cs\/wp-json\/wp\/v2\/media\/1437"}],"wp:attachment":[{"href":"https:\/\/puzzle3d.co\/cs\/wp-json\/wp\/v2\/media?parent=1431"}],"wp:term":[{"taxonomy":"product_brand","embeddable":true,"href":"https:\/\/puzzle3d.co\/cs\/wp-json\/wp\/v2\/product_brand?post=1431"},{"taxonomy":"product_cat","embeddable":true,"href":"https:\/\/puzzle3d.co\/cs\/wp-json\/wp\/v2\/product_cat?post=1431"},{"taxonomy":"product_tag","embeddable":true,"href":"https:\/\/puzzle3d.co\/cs\/wp-json\/wp\/v2\/product_tag?post=1431"},{"taxonomy":"woo-feed-brand","embeddable":true,"href":"https:\/\/puzzle3d.co\/cs\/wp-json\/wp\/v2\/woo-feed-brand?post=1431"}],"curies":[{"name":"wp","href":"https:\/\/api.w.org\/{rel}","templated":true}]}}