{"id":1423,"date":"2023-03-08T09:40:19","date_gmt":"2023-03-08T09:40:19","guid":{"rendered":"https:\/\/puzzle3d.co\/product\/retro-car-puzzle-3d-mecanic-copy\/"},"modified":"2026-01-02T05:29:01","modified_gmt":"2026-01-02T05:29:01","slug":"mechanicke-drevene-puzzle-s-ptaky","status":"publish","type":"product","link":"https:\/\/puzzle3d.co\/cs\/prodotto\/uccello-puzzle-meccanico-in-legno\/","title":{"rendered":"D\u0159ev\u011bn\u00e1 krabi\u010dka na p\u00e1r\u00e1tka Bird - 37 kus\u016f"},"content":{"rendered":"<p><strong>Pt\u00e1k - d\u0159ev\u011bn\u00e1 krabi\u010dka na p\u00e1r\u00e1tka - 37 kus\u016f<\/strong><\/p>\n<div>\n<div>Drobn\u00e9 detaily maj\u00ed velk\u00fd v\u00fdznam!<\/div>\n<div><\/div>\n<div>Pro\u010d si r\u00e1di vyb\u00edr\u00e1me ty nejkr\u00e1sn\u011bj\u0161\u00ed n\u00e1doby na \u010daj a k\u00e1vu?<\/div>\n<div>Proto\u017ee pot\u011b\u0161\u00ed na\u0161e o\u010di i du\u0161i. Zvolte originalitu v kuchyni i na sv\u00e9m stole se speci\u00e1ln\u00ed krabi\u010dkou na p\u00e1r\u00e1tka zdobenou pt\u00e1\u010dkem. M\u016f\u017eete do n\u00ed ulo\u017eit i dal\u0161\u00ed drobn\u00e9 p\u0159edm\u011bty, jako jsou prst\u00fdnky, mince nebo milostn\u00e9 vzkazy.<\/div>\n<div><\/div>\n<div>M\u016f\u017eete ji ponechat v barv\u011b d\u0159eva nebo ji nat\u0159\u00edt tak, aby ladila s interi\u00e9rem va\u0161eho domova. Na ja\u0159e ho m\u016f\u017eete um\u00edstit na terasu.<\/div>\n<div>Ano, s jedn\u00edm pt\u00e1\u010dkem jaro neud\u011bl\u00e1te, ale s touto n\u00e1dhernou skl\u00e1da\u010dkou si m\u016f\u017eete vytvo\u0159it kr\u00e1sn\u00fd objekt, kter\u00fd ve v\u00e1s vyvol\u00e1 pocit jara poka\u017ed\u00e9, kdy\u017e ho budete obdivovat. Pravd\u011bpodobn\u011b nejvhodn\u011bj\u0161\u00ed d\u00e1rek pro v\u0161echny maminky a babi\u010dky, jejich\u017e d\u011bti u\u017e odrostly a vyl\u00e9tly z hn\u00edzda...<\/div>\n<div><\/div>\n<div><strong>PODROBNOSTI O PRODUKTU:<\/strong><\/div>\n<div>Rozm\u011bry modelu: 125*80*140 mm<\/div>\n<div>Rozm\u011bry balen\u00ed: 190 x 123 x 19 mm<\/div>\n<div>Po\u010det kus\u016f: 38<\/div>\n<\/div>","protected":false},"excerpt":{"rendered":"<div>Zvolte originalitu v kuchyni i na stole d\u00edky speci\u00e1ln\u00ed krabi\u010dce na p\u00e1r\u00e1tka zdoben\u00e9 pt\u00e1\u010dkem.<\/div>\n<p>&nbsp;<\/p>","protected":false},"featured_media":1427,"comment_status":"open","ping_status":"closed","template":"","meta":[],"product_brand":[],"product_cat":[73,88,74,76,89,90,91],"product_tag":[],"woo-feed-brand":[],"class_list":{"0":"post-1423","1":"product","2":"type-product","3":"status-publish","4":"has-post-thumbnail","6":"product_cat-puzzle-3d","7":"product_cat-puzzle-3d-adulti","8":"product_cat-puzzle-3d-in-legno","9":"product_cat-puzzle-3d-per-bambini","10":"product_cat-puzzle-meccanici-3d-in-legno","11":"product_cat-puzzle-meccanici-per-bambini","12":"product_cat-puzzle-meccanici-per-adulti","14":"first","15":"instock","16":"shipping-taxable","17":"purchasable","18":"product-type-simple"},"_links":{"self":[{"href":"https:\/\/puzzle3d.co\/cs\/wp-json\/wp\/v2\/product\/1423","targetHints":{"allow":["GET"]}}],"collection":[{"href":"https:\/\/puzzle3d.co\/cs\/wp-json\/wp\/v2\/product"}],"about":[{"href":"https:\/\/puzzle3d.co\/cs\/wp-json\/wp\/v2\/types\/product"}],"replies":[{"embeddable":true,"href":"https:\/\/puzzle3d.co\/cs\/wp-json\/wp\/v2\/comments?post=1423"}],"wp:featuredmedia":[{"embeddable":true,"href":"https:\/\/puzzle3d.co\/cs\/wp-json\/wp\/v2\/media\/1427"}],"wp:attachment":[{"href":"https:\/\/puzzle3d.co\/cs\/wp-json\/wp\/v2\/media?parent=1423"}],"wp:term":[{"taxonomy":"product_brand","embeddable":true,"href":"https:\/\/puzzle3d.co\/cs\/wp-json\/wp\/v2\/product_brand?post=1423"},{"taxonomy":"product_cat","embeddable":true,"href":"https:\/\/puzzle3d.co\/cs\/wp-json\/wp\/v2\/product_cat?post=1423"},{"taxonomy":"product_tag","embeddable":true,"href":"https:\/\/puzzle3d.co\/cs\/wp-json\/wp\/v2\/product_tag?post=1423"},{"taxonomy":"woo-feed-brand","embeddable":true,"href":"https:\/\/puzzle3d.co\/cs\/wp-json\/wp\/v2\/woo-feed-brand?post=1423"}],"curies":[{"name":"wp","href":"https:\/\/api.w.org\/{rel}","templated":true}]}}