{"id":1184,"date":"2023-02-06T10:42:01","date_gmt":"2023-02-06T10:42:01","guid":{"rendered":"https:\/\/puzzle3d.co\/product\/locomotiva-puzzle-3d-mecanic-copy\/"},"modified":"2026-03-27T20:03:28","modified_gmt":"2026-03-27T20:03:28","slug":"retro-mechanicke-modelovani-aut","status":"publish","type":"product","link":"https:\/\/puzzle3d.co\/cs\/prodotto\/modellismo-auto-retro-meccanico\/","title":{"rendered":"Retro mechanick\u00fd d\u0159ev\u011bn\u00fd model auta, 315 d\u00edlk\u016f"},"content":{"rendered":"<div>\n<p><strong>Retro mechanick\u00fd d\u0159ev\u011bn\u00fd model auta, 315 d\u00edlk\u016f<\/strong><\/p>\n<div>P\u0159esto\u017ee \u017eijeme v dob\u011b rychlosti, kdy jsou v\u00fdkonn\u00e9 vozy st\u00e1le \u017e\u00e1dan\u011bj\u0161\u00ed, nikdo by jist\u011b neodm\u00edtl v\u00fdlet v retro voze.<\/div>\n<\/div>\n<div>\n<div>\n<div><\/div>\n<div>Na co upozorn\u00edte, kdy\u017e m\u00e1te mo\u017enost obdivovat v\u00fdstavu retro automobil\u016f?<\/div>\n<div><\/div>\n<div>Propracovan\u00e9 detaily, elegantn\u00ed dopl\u0148ky, prvky, kter\u00e9 v dne\u0161n\u00edch modelech nenajdete, to v\u0161e v\u00e1s donut\u00ed d\u00edvat se na klasick\u00fd v\u016fz o n\u011bco d\u00e9le.<\/div>\n<div><\/div>\n<div>Retro automobil, kter\u00fd zbo\u017e\u0148uj\u00ed d\u011bti, dosp\u011bl\u00ed i star\u0161\u00ed lid\u00e9, je st\u00e1le univerz\u00e1ln\u00edm symbolem automobilov\u00e9 historie a kr\u00e1sy, kter\u00fd p\u0159esahuje generace a je st\u00e1le popul\u00e1rn\u011bj\u0161\u00ed.<\/div>\n<div><\/div>\n<div>Zveme v\u00e1s na cestu do minulosti s naprosto \u00fa\u017easn\u00fdm historick\u00fdm modelem.<\/div>\n<div><\/div>\n<div>Ani nev\u00edm, co v\u00e1s nadchne v\u00edc: zda sestavov\u00e1n\u00ed v\u00edce ne\u017e 300 d\u00edlk\u016f puzzle, kter\u00e9 v\u00e1m zabere t\u00e9m\u011b\u0159 8 hodin, nebo kone\u010dn\u00fd v\u00fdrobek, kter\u00fd v\u00e1s \"okouzl\u00ed\" jako dobr\u00e9 v\u00edno. Bude to nezapomenuteln\u00fd z\u00e1\u017eitek!<\/div>\n<div><\/div>\n<div>Startovac\u00ed mechanismus je z\u00e1hadn\u011b ukryt v bo\u010dn\u00edm rezervn\u00edm kole. Otev\u0159ete dve\u0159e doko\u0159\u00e1n a pohodln\u011b se usa\u010fte. Oto\u010dte volantem doprava a kola se budou ot\u00e1\u010det stejn\u00fdm sm\u011brem. Vedle sebe m\u00e1te je\u0161t\u011b voln\u00e9 m\u00edsto, kdo v\u00e1s doprovod\u00ed na historick\u00e9 cest\u011b?<\/div>\n<div><\/div>\n<div><\/div>\n<div>Retro auto je skv\u011bl\u00fdm d\u00e1rkem pro v\u0161echny milovn\u00edky aut, historie, cestov\u00e1n\u00ed, sb\u011bratele a nejlep\u0161\u00ed p\u0159\u00e1tele bez ohledu na v\u011bk.<\/div>\n<div><\/div>\n<div>D\u0159evo, ze kter\u00e9ho je v\u016fz vyroben, mu dod\u00e1v\u00e1 n\u00e1dech luxusu a odolnosti. M\u016f\u017eeme up\u0159\u00edmn\u011b \u0159\u00edci, \u017ee se jedn\u00e1 o investici do p\u0159edm\u011btu drah\u00e9ho na du\u0161i.<\/div>\n<div><\/div>\n<div>Kupte si nyn\u00ed osobn\u00ed klasick\u00fd v\u016fz, sestavte si ho vlastn\u00edma rukama a \u010dasem bude m\u00edt st\u00e1le v\u011bt\u0161\u00ed hodnotu.<\/div>\n<div><\/div>\n<div><\/div>\n<div><strong>PODROBNOSTI O PRODUKTU:<\/strong><\/div>\n<div>Rozm\u011bry modelu: 300*170*155 mm<\/div>\n<div>Rozm\u011bry balen\u00ed: 374*243*28 mm<\/div>\n<div>Po\u010det kus\u016f: 315<\/div>\n<\/div>\n<div><\/div>\n<\/div>","protected":false},"excerpt":{"rendered":"<div>Retro automobil, kter\u00fd zbo\u017e\u0148uj\u00ed d\u011bti, dosp\u011bl\u00ed i star\u0161\u00ed lid\u00e9, je st\u00e1le univerz\u00e1ln\u00edm symbolem automobilov\u00e9 historie a kr\u00e1sy, kter\u00fd p\u0159esahuje generace a je st\u00e1le popul\u00e1rn\u011bj\u0161\u00ed.<\/div>","protected":false},"featured_media":1187,"comment_status":"open","ping_status":"closed","template":"","meta":{"slim_seo":{"title":"\ud83d\ude97 Retro mechanick\u00fd d\u0159ev\u011bn\u00fd model auta, 315 kus\u016f","description":"Sestavte si spolu s milovanou osobou retro mechanick\u00fd model auta tak, jak se na cestu slu\u0161\u00ed a pat\u0159\u00ed. Pak nasa\u010fte vozidlo na sebe a vyrazte!"}},"product_brand":[],"product_cat":[89,91,90,73,88,74,76],"product_tag":[],"woo-feed-brand":[],"class_list":{"0":"post-1184","1":"product","2":"type-product","3":"status-publish","4":"has-post-thumbnail","6":"product_cat-puzzle-meccanici-3d-in-legno","7":"product_cat-puzzle-meccanici-per-adulti","8":"product_cat-puzzle-meccanici-per-bambini","9":"product_cat-puzzle-3d","10":"product_cat-puzzle-3d-adulti","11":"product_cat-puzzle-3d-in-legno","12":"product_cat-puzzle-3d-per-bambini","14":"first","15":"instock","16":"shipping-taxable","17":"purchasable","18":"product-type-simple"},"_links":{"self":[{"href":"https:\/\/puzzle3d.co\/cs\/wp-json\/wp\/v2\/product\/1184","targetHints":{"allow":["GET"]}}],"collection":[{"href":"https:\/\/puzzle3d.co\/cs\/wp-json\/wp\/v2\/product"}],"about":[{"href":"https:\/\/puzzle3d.co\/cs\/wp-json\/wp\/v2\/types\/product"}],"replies":[{"embeddable":true,"href":"https:\/\/puzzle3d.co\/cs\/wp-json\/wp\/v2\/comments?post=1184"}],"wp:featuredmedia":[{"embeddable":true,"href":"https:\/\/puzzle3d.co\/cs\/wp-json\/wp\/v2\/media\/1187"}],"wp:attachment":[{"href":"https:\/\/puzzle3d.co\/cs\/wp-json\/wp\/v2\/media?parent=1184"}],"wp:term":[{"taxonomy":"product_brand","embeddable":true,"href":"https:\/\/puzzle3d.co\/cs\/wp-json\/wp\/v2\/product_brand?post=1184"},{"taxonomy":"product_cat","embeddable":true,"href":"https:\/\/puzzle3d.co\/cs\/wp-json\/wp\/v2\/product_cat?post=1184"},{"taxonomy":"product_tag","embeddable":true,"href":"https:\/\/puzzle3d.co\/cs\/wp-json\/wp\/v2\/product_tag?post=1184"},{"taxonomy":"woo-feed-brand","embeddable":true,"href":"https:\/\/puzzle3d.co\/cs\/wp-json\/wp\/v2\/woo-feed-brand?post=1184"}],"curies":[{"name":"wp","href":"https:\/\/api.w.org\/{rel}","templated":true}]}}