{"id":1177,"date":"2023-02-06T10:20:19","date_gmt":"2023-02-06T10:20:19","guid":{"rendered":"https:\/\/puzzle3d.co\/product\/gramophone-puzzle-3d-copy\/"},"modified":"2026-01-02T05:29:01","modified_gmt":"2026-01-02T05:29:01","slug":"mechanicka-skladacka-parni-lokomotivy","status":"publish","type":"product","link":"https:\/\/puzzle3d.co\/cs\/prodotto\/locomotiva-a-vapore-puzzle-meccanico\/","title":{"rendered":"D\u0159ev\u011bn\u00fd mechanick\u00fd model vlaku, 325 kus\u016f"},"content":{"rendered":"<div>\n<p><strong>D\u0159ev\u011bn\u00fd mechanick\u00fd model vlaku, 325 d\u00edlk\u016f - Parn\u00ed lokomotiva<\/strong><\/p>\n<div>Prvn\u00ed lokomotivu na sv\u011bt\u011b vynalezli v Anglii George Stephenson a jeho syn Robert v roce 1804.<\/div>\n<\/div>\n<div>\n<div>\n<div><\/div>\n<div>V Anglii rostl po\u010det obyvatel, p\u0159ib\u00fdvalo tov\u00e1ren a bylo zapot\u0159eb\u00ed dopravn\u00edch prost\u0159edk\u016f pro p\u0159epravu osob a zbo\u017e\u00ed na velk\u00e9 vzd\u00e1lenosti.<\/div>\n<div><\/div>\n<div>\u0158\u00edkalo se j\u00ed \"parn\u00ed lokomotiva\" a jej\u00ed maxim\u00e1ln\u00ed rychlost byla 16 km\/h.<\/div>\n<div><\/div>\n<div>Je zaj\u00edmav\u00e9, \u017ee jim v tom br\u00e1nili nep\u0159\u00e1telsky nalad\u011bn\u00ed farm\u00e1\u0159i, kte\u0159\u00ed pou\u017e\u00edvali k tahu kon\u011b a byli nespokojeni s t\u00edm, \u017ee \u017eeleznice zp\u016fsobuje kolaps trhu s ovsem.<\/div>\n<div><\/div>\n<div>Zaj\u00edmav\u00e9, \u017ee?<\/div>\n<div><\/div>\n<div>Nyn\u00ed m\u016f\u017eete sestavit prvn\u00ed lokomotivu s gumov\u00fdm motorem bez jedin\u00e9 kapky lepidla. P\u0159\u00edrodn\u00ed d\u0159ev\u011bn\u00e9 d\u00edlky j\u00ed dod\u00e1vaj\u00ed vintage n\u00e1dech a propracovan\u00fd vzhled.<\/div>\n<div><\/div>\n<div>D\u00e1rek pro celou rodinu<\/div>\n<div><\/div>\n<div>Sestavte mechanickou lokomotivu spole\u010dn\u011b s n\u011bk\u00fdm bl\u00edzk\u00fdm, p\u0159esn\u011b tak, jak to m\u00e1 na cest\u00e1ch b\u00fdt. Pak nasa\u010fte vozidlo na sebe a vyrazte!<\/div>\n<div>Co byste cht\u011bli d\u00e1t do vozu? Je tam dost m\u00edsta... (na prsten, j\u00edzdenku nebo kl\u00ed\u010d).<\/div>\n<div><\/div>\n<div>Na konci cesty um\u00edst\u011bte tuto n\u00e1dhernou lokomotivu na viditeln\u00e9 m\u00edsto ve sv\u00e9m dom\u011b.<\/div>\n<div><\/div>\n<div>Je to ide\u00e1ln\u00ed d\u00e1rek pro v\u0161echny milovn\u00edky cestov\u00e1n\u00ed, mechanick\u00e9 nad\u0161ence a d\u011bti do 99 let.<\/div>\n<div><\/div>\n<div>Nyn\u00ed, kdy\u017e m\u00e1te svou vlastn\u00ed lokomotivu, u\u017e\u00edvejte si romantick\u00e9 cesty co nej\u010dast\u011bji!<\/div>\n<div><\/div>\n<div><\/div>\n<div><\/div>\n<div><strong>PODROBNOSTI O PRODUKTU:<\/strong><\/div>\n<div>Rozm\u011bry modelu: 400*103*178 mm<\/div>\n<div>Rozm\u011bry balen\u00ed: 245*188*30 mm<\/div>\n<div><strong>Po\u010det kus\u016f: 325<\/strong><\/div>\n<\/div>\n<div><\/div>\n<\/div>","protected":false},"excerpt":{"rendered":"<div>Je to ide\u00e1ln\u00ed d\u00e1rek pro v\u0161echny milovn\u00edky cestov\u00e1n\u00ed, mechanick\u00e9 nad\u0161ence a d\u011bti do 99 let.<\/div>\n<p>&nbsp;<\/p>","protected":false},"featured_media":1180,"comment_status":"open","ping_status":"closed","template":"","meta":{"slim_seo":{"title":"\ud83d\ude82 D\u0159ev\u011bn\u00fd mechanick\u00fd model vlaku 325 kus\u016f. Lokomotiva","description":"D\u0159ev\u011bn\u00fd mechanick\u00fd model vlaku, 325 d\u00edlk\u016f. Mechanick\u00e1 lokomotiva spole\u010dn\u011b s milovanou osobou, p\u0159esn\u011b takov\u00e1, jak\u00e1 m\u00e1 b\u00fdt cesta."}},"product_brand":[],"product_cat":[108,89,91,90,73,88,74,76],"product_tag":[],"woo-feed-brand":[],"class_list":{"0":"post-1177","1":"product","2":"type-product","3":"status-publish","4":"has-post-thumbnail","6":"product_cat-modellismo-da-costruire-per-adulti","7":"product_cat-puzzle-meccanici-3d-in-legno","8":"product_cat-puzzle-meccanici-per-adulti","9":"product_cat-puzzle-meccanici-per-bambini","10":"product_cat-puzzle-3d","11":"product_cat-puzzle-3d-adulti","12":"product_cat-puzzle-3d-in-legno","13":"product_cat-puzzle-3d-per-bambini","15":"first","16":"instock","17":"shipping-taxable","18":"purchasable","19":"product-type-simple"},"_links":{"self":[{"href":"https:\/\/puzzle3d.co\/cs\/wp-json\/wp\/v2\/product\/1177","targetHints":{"allow":["GET"]}}],"collection":[{"href":"https:\/\/puzzle3d.co\/cs\/wp-json\/wp\/v2\/product"}],"about":[{"href":"https:\/\/puzzle3d.co\/cs\/wp-json\/wp\/v2\/types\/product"}],"replies":[{"embeddable":true,"href":"https:\/\/puzzle3d.co\/cs\/wp-json\/wp\/v2\/comments?post=1177"}],"wp:featuredmedia":[{"embeddable":true,"href":"https:\/\/puzzle3d.co\/cs\/wp-json\/wp\/v2\/media\/1180"}],"wp:attachment":[{"href":"https:\/\/puzzle3d.co\/cs\/wp-json\/wp\/v2\/media?parent=1177"}],"wp:term":[{"taxonomy":"product_brand","embeddable":true,"href":"https:\/\/puzzle3d.co\/cs\/wp-json\/wp\/v2\/product_brand?post=1177"},{"taxonomy":"product_cat","embeddable":true,"href":"https:\/\/puzzle3d.co\/cs\/wp-json\/wp\/v2\/product_cat?post=1177"},{"taxonomy":"product_tag","embeddable":true,"href":"https:\/\/puzzle3d.co\/cs\/wp-json\/wp\/v2\/product_tag?post=1177"},{"taxonomy":"woo-feed-brand","embeddable":true,"href":"https:\/\/puzzle3d.co\/cs\/wp-json\/wp\/v2\/woo-feed-brand?post=1177"}],"curies":[{"name":"wp","href":"https:\/\/api.w.org\/{rel}","templated":true}]}}