{"id":1139,"date":"2023-02-03T13:44:29","date_gmt":"2023-02-03T13:44:29","guid":{"rendered":"https:\/\/puzzle3d.co\/product\/moara-de-vant-puzzle-3d-mecanic-copy\/"},"modified":"2026-01-02T05:29:02","modified_gmt":"2026-01-02T05:29:02","slug":"cerny-dreveny-domek-pro-kocky","status":"publish","type":"product","link":"https:\/\/puzzle3d.co\/cs\/prodotto\/casetta-per-gatti-in-legno-nero\/","title":{"rendered":"D\u0159ev\u011bn\u00fd domek pro ko\u010dky ze 152 d\u00edl\u016f"},"content":{"rendered":"<p><strong>D\u0159ev\u011bn\u00fd dome\u010dek pro ko\u010dky ze 152 d\u00edl\u016f v r\u016fzn\u00fdch barv\u00e1ch<\/strong><\/p>\n<div>\n<div>Kdy\u017e ko\u010dky sn\u00ed, t\u0159esou nohama, vrn\u00ed a usm\u00edvaj\u00ed se. Po p\u0159\u00edjemn\u00e9m snu maj\u00ed v\u00fdjime\u010dnou n\u00e1ladu: sv\u00e9mu majiteli nab\u00edzej\u00ed spoustu l\u00e1sky a pohlazen\u00ed.<\/div>\n<div><\/div>\n<div>V\u00edme, jak moc v\u00e1m z\u00e1le\u017e\u00ed na va\u0161em milovan\u00e9m mazl\u00ed\u010dkovi. Proto jsou kousky p\u0159\u00edrodn\u00edho d\u0159eva na\u0159ez\u00e1ny a sestaveny tak ide\u00e1ln\u011b, \u017ee nen\u00ed pot\u0159eba ani kapka lepidla. Sta\u010d\u00ed jen m\u011bkk\u00e1 deka.<\/div>\n<div><\/div>\n<div>D\u0159ev\u011bn\u00fd dome\u010dek na hran\u00ed je jako vyzn\u00e1n\u00ed l\u00e1sky ko\u010dce. Milujte ji stejn\u011b jako ona v\u00e1s.<\/div>\n<div><\/div>\n<div>D\u0159ev\u011bn\u00fd domek pro ko\u010dky s ko\u017ee\u0161inou. Dod\u00e1v\u00e1 se ve 4 barevn\u00fdch variant\u00e1ch:<\/div>\n<\/div>\n<ul>\n<li>mal\u00fd \u010dern\u00fd dome\u010dek s b\u00edl\u00fdm ko\u017e\u00ed\u0161kem<\/li>\n<li>b\u00edl\u00fd d\u016fm s \u010dernou ko\u017ee\u0161inou<\/li>\n<li>b\u00edl\u00fd d\u016fm s r\u016f\u017eovou ko\u017ee\u0161inou<\/li>\n<li>d\u0159ev\u011bn\u00fd domek s b\u00edlou ko\u017ee\u0161inou.<\/li>\n<\/ul>\n<div>\n<div><\/div>\n<div><strong>PODROBNOSTI O PRODUKTU:<\/strong><\/div>\n<div><\/div>\n<div>Rozm\u011bry modelu: 480*362*456 mm<\/div>\n<div>Rozm\u011bry balen\u00ed: 580*380*40 mm<\/div>\n<div>Po\u010det kus\u016f: 152<\/div>\n<\/div>\n<div><\/div>","protected":false},"excerpt":{"rendered":"<div><\/div>\n<p>&nbsp;<\/p>","protected":false},"featured_media":2672,"comment_status":"open","ping_status":"closed","template":"","meta":{"slim_seo":{"title":"\ud83c\udfda\ufe0f D\u0159ev\u011bn\u00fd dome\u010dek pro ko\u010dky \u010dern\u00fd\/b\u00edl\u00fd ko\u017e\u00ed\u0161ek \ud83d\udc08\u200d\u2b1b","description":"D\u0159ev\u011bn\u00fd domek pro ko\u010dky s ko\u017ee\u0161inou. Dod\u00e1v\u00e1 se ve 4 barevn\u00fdch variant\u00e1ch. Origin\u00e1ln\u00ed d\u00e1rek pro milovn\u00edky ko\u010dek. Dekora\u010dn\u00ed prvek"}},"product_brand":[],"product_cat":[99],"product_tag":[],"woo-feed-brand":[],"class_list":{"0":"post-1139","1":"product","2":"type-product","3":"status-publish","4":"has-post-thumbnail","6":"product_cat-casette-per-gatti-da-interno","8":"first","9":"instock","10":"shipping-taxable","11":"purchasable","12":"product-type-variable"},"_links":{"self":[{"href":"https:\/\/puzzle3d.co\/cs\/wp-json\/wp\/v2\/product\/1139","targetHints":{"allow":["GET"]}}],"collection":[{"href":"https:\/\/puzzle3d.co\/cs\/wp-json\/wp\/v2\/product"}],"about":[{"href":"https:\/\/puzzle3d.co\/cs\/wp-json\/wp\/v2\/types\/product"}],"replies":[{"embeddable":true,"href":"https:\/\/puzzle3d.co\/cs\/wp-json\/wp\/v2\/comments?post=1139"}],"wp:featuredmedia":[{"embeddable":true,"href":"https:\/\/puzzle3d.co\/cs\/wp-json\/wp\/v2\/media\/2672"}],"wp:attachment":[{"href":"https:\/\/puzzle3d.co\/cs\/wp-json\/wp\/v2\/media?parent=1139"}],"wp:term":[{"taxonomy":"product_brand","embeddable":true,"href":"https:\/\/puzzle3d.co\/cs\/wp-json\/wp\/v2\/product_brand?post=1139"},{"taxonomy":"product_cat","embeddable":true,"href":"https:\/\/puzzle3d.co\/cs\/wp-json\/wp\/v2\/product_cat?post=1139"},{"taxonomy":"product_tag","embeddable":true,"href":"https:\/\/puzzle3d.co\/cs\/wp-json\/wp\/v2\/product_tag?post=1139"},{"taxonomy":"woo-feed-brand","embeddable":true,"href":"https:\/\/puzzle3d.co\/cs\/wp-json\/wp\/v2\/woo-feed-brand?post=1139"}],"curies":[{"name":"wp","href":"https:\/\/api.w.org\/{rel}","templated":true}]}}