{"id":457,"date":"2023-01-12T16:12:45","date_gmt":"2023-01-12T16:12:45","guid":{"rendered":"https:\/\/puzzle3d.co\/?page_id=457"},"modified":"2025-02-16T07:17:23","modified_gmt":"2025-02-16T07:17:23","slug":"kdo-jsme","status":"publish","type":"page","link":"https:\/\/puzzle3d.co\/cs\/chi-siamo\/","title":{"rendered":"O n\u00e1s"},"content":{"rendered":"<section class=\"section\" id=\"section_1211841998\">\n\t\t<div class=\"section-bg fill\" >\n\t\t\t\t\t\t\t\t\t\n\t\t\t\n\n\t\t<\/div>\n\n\t\t\n\n\t\t<div class=\"section-content relative\">\n\t\t\t\n<div class=\"row row-collapse row-full-width align-middle\"  id=\"row-1256943974\">\n\n\t<div id=\"col-2100494827\" class=\"col medium-12 small-12 large-6\"  >\n\t\t\t\t<div class=\"col-inner\"  >\n\t\t\t\n\t\t\t\n\t<div id=\"gap-193893758\" class=\"gap-element clearfix\" style=\"display:block; height:auto;\">\n\t\t\n<style>\n#gap-193893758 {\n  padding-top: 50px;\n}\n<\/style>\n\t<\/div>\n\t\n<div class=\"row align-center\"  id=\"row-1853220035\">\n\n\t<div id=\"col-1841968348\" class=\"col small-12 large-12\"  >\n\t\t\t\t<div class=\"col-inner text-center\"  >\n\t\t\t\n\t\t\t\n\t<div id=\"text-953651393\" class=\"text\">\n\t\t\n<h1 class=\"uppercase\">O n\u00e1s<\/h1>\n\t\t\n<style>\n#text-953651393 {\n  font-size: 1.75rem;\n}\n@media (min-width:550px) {\n  #text-953651393 {\n    font-size: 2rem;\n  }\n}\n<\/style>\n\t<\/div>\n\t\n<div>Jsme ofici\u00e1ln\u00edmi distributory zna\u010dky Ewa Eco Wood Art Italia. Mechanick\u00e9 modely v podob\u011b stavebnice k vlastn\u00edmu sestaven\u00ed (bez lepidla a speci\u00e1ln\u00edho n\u00e1\u0159ad\u00ed), puzzle, hra\u010dky, suven\u00fdry a firemn\u00ed d\u00e1rky z p\u0159\u00edrodn\u00edch materi\u00e1l\u016f.<\/div>\n<div><\/div>\n<div>Ve st\u00e1le usp\u011bchan\u011bj\u0161\u00edm sv\u011bt\u011b jsme se rozhodli spojit rodinu a p\u0159\u00e1tele, aby spole\u010dn\u011b str\u00e1vili p\u0159\u00edjemn\u00fd \u010das, a sestavili jsme <a class=\"wpil_keyword_link\" title=\"skl\u00e1da\u010dka\" href=\"https:\/\/puzzle3d.co\/collection\/puzzle-3d\/\" data-wpil-keyword-link=\"linked\">skl\u00e1da\u010dka<\/a>.<\/div>\n<div><\/div>\n<div>Na\u0161e hodnoty jsou rodina, zdrav\u00ed a p\u0159\u00edroda.<\/div>\n<div>Pokud se v ka\u017ed\u00e9 rodin\u011b vytvo\u0159\u00ed kultura spole\u010dn\u00e9ho \u0159e\u0161en\u00ed h\u00e1danky na pozad\u00ed hlubok\u00e9 a autentick\u00e9 komunikace, znamen\u00e1 to, \u017ee na\u0161e posl\u00e1n\u00ed bude spln\u011bno.<\/div>\n<div><\/div>\n<div>V\u00fdzkumy neurochirurg\u016f a profesor\u016f psychologie prok\u00e1zaly p\u0159\u00edzniv\u00e9 \u00fa\u010dinky h\u00e1danek na zdrav\u00ed mozku a lidsk\u00e9 chov\u00e1n\u00ed.<\/div>\n<div><\/div>\n<div>Jedn\u00edm z na\u0161ich z\u00e1jm\u016f je udr\u017eiteln\u00fd materi\u00e1l a p\u00e9\u010de o p\u0159\u00edrodu. Kusy jsou vyrobeny ze d\u0159eva a jsou sestaveny bez jedin\u00e9 kapky lepidla.<\/div>\n<div><\/div>\n<div>St\u00e1le v\u00edce dosp\u011bl\u00fdch si tyto v\u00fdhody uv\u011bdomuje a rozhoduje se, \u017ee se puzzle stanou dostupn\u00fdm a zaj\u00edmav\u00fdm kon\u00ed\u010dkem. A to n\u00e1s t\u011b\u0161\u00ed!<\/div>\n<div>Pandemie n\u00e1s nau\u010dila, jakou hodnotu m\u00e1 komunikace a setk\u00e1v\u00e1n\u00ed s bl\u00edzk\u00fdmi. Tak nev\u00e1hejte: vyberte si svou obl\u00edbenou h\u00e1danku a \u017eijte kr\u00e1sn\u011b!<\/div>\n<div><\/div>\n<div>V\u011b\u0159\u00edme, \u017ee \"Kr\u00e1sa zachr\u00e1n\u00ed sv\u011bt!\" A v dob\u011b technologi\u00ed a robotiky je vytvo\u0159en\u00ed n\u011b\u010deho kr\u00e1sn\u00e9ho vlastn\u00edma rukama jako let\u011bt po obloze na vlastn\u00edch k\u0159\u00eddlech.<\/div>\n\t<div id=\"gap-2049053110\" class=\"gap-element clearfix\" style=\"display:block; height:auto;\">\n\t\t\n<style>\n#gap-2049053110 {\n  padding-top: 20px;\n}\n@media (min-width:550px) {\n  #gap-2049053110 {\n    padding-top: 0px;\n  }\n}\n<\/style>\n\t<\/div>\n\t\n<a href=\"https:\/\/puzzle3d.co\/\" class=\"button secondary is-underline\" >\n\t\t<span>objevte<\/span>\n\t<\/a>\n\n\t\t<\/div>\n\t\t\t\t\n<style>\n#col-1841968348 > .col-inner {\n  padding: 30px 5% 30px 5%;\n}\n@media (min-width:550px) {\n  #col-1841968348 > .col-inner {\n    padding: 50px 10% 50px 10%;\n  }\n}\n@media (min-width:850px) {\n  #col-1841968348 > .col-inner {\n    padding: 0px 5% 0px 5%;\n  }\n}\n<\/style>\n\t<\/div>\n\n\t\n<\/div>\n\t\t<\/div>\n\t\t\t\t\t<\/div>\n\n\t\n\n\t<div id=\"col-1301521513\" class=\"col medium-12 small-12 large-6\"  >\n\t\t\t\t<div class=\"col-inner\" style=\"background-color:rgb(255, 255, 255);\" >\n\t\t\t\n\t\t\t\n<div class=\"slider-wrapper relative\" id=\"slider-959830013\" >\n    <div class=\"slider slider-nav-circle slider-nav-large slider-nav-light slider-style-container\"\n        data-flickity-options='{            \"cellAlign\": \"center\",            \"imagesLoaded\": true,            \"lazyLoad\": 1,            \"freeScroll\": true,            \"wrapAround\": true,            \"autoPlay\": 100,            \"pauseAutoPlayOnHover\" : false,            \"prevNextButtons\": false,            \"contain\" : true,            \"adaptiveHeight\" : true,            \"dragThreshold\" : 10,            \"percentPosition\": true,            \"pageDots\": true,            \"rightToLeft\": false,            \"draggable\": true,            \"selectedAttraction\": 0.1,            \"parallax\" : 0,            \"friction\": 0.6        }'\n        >\n        \n\n  <div class=\"banner has-hover\" id=\"banner-525553801\">\n          <div class=\"banner-inner fill\">\n        <div class=\"banner-bg fill\" >\n            <img loading=\"lazy\" decoding=\"async\" width=\"1000\" height=\"650\" src=\"https:\/\/puzzle3d.co\/wp-content\/uploads\/2013\/12\/tren-abur2.jpg\" class=\"bg attachment-large size-large\" alt=\"\">                                    \n                    <\/div>\n\t\t\n        <div class=\"banner-layers container\">\n            <div class=\"fill banner-link\"><\/div>            \n   <div id=\"text-box-1976881506\" class=\"text-box banner-layer x50 md-x50 lg-x50 y50 md-y50 lg-y50 res-text\">\n                                <div class=\"text-box-content text dark\">\n              \n              <div class=\"text-inner text-center\">\n                  \n              <\/div>\n           <\/div>\n                            \n<style>\n#text-box-1976881506 {\n  width: 60%;\n}\n#text-box-1976881506 .text-box-content {\n  font-size: 100%;\n}\n<\/style>\n    <\/div>\n \n        <\/div>\n      <\/div>\n\n            \n<style>\n#banner-525553801 {\n  padding-top: 300px;\n  background-color: rgba(255, 255, 255, 0);\n}\n#banner-525553801 .banner-bg img {\n  object-position: 28% 50%;\n}\n@media (min-width:550px) {\n  #banner-525553801 {\n    padding-top: 450px;\n  }\n}\n@media (min-width:850px) {\n  #banner-525553801 {\n    padding-top: 750px;\n  }\n}\n<\/style>\n  <\/div>\n\n\n\n  <div class=\"banner has-hover\" id=\"banner-442694103\">\n          <div class=\"banner-inner fill\">\n        <div class=\"banner-bg fill\" >\n            <img loading=\"lazy\" decoding=\"async\" width=\"1000\" height=\"650\" src=\"https:\/\/puzzle3d.co\/wp-content\/uploads\/2023\/01\/caine.jpg\" class=\"bg attachment-large size-large\" alt=\"\">                                    \n                    <\/div>\n\t\t\n        <div class=\"banner-layers container\">\n            <div class=\"fill banner-link\"><\/div>            \n   <div id=\"text-box-290061735\" class=\"text-box banner-layer x50 md-x50 lg-x50 y50 md-y50 lg-y50 res-text\">\n                                <div class=\"text-box-content text dark\">\n              \n              <div class=\"text-inner text-center\">\n                  \n              <\/div>\n           <\/div>\n                            \n<style>\n#text-box-290061735 {\n  width: 60%;\n}\n#text-box-290061735 .text-box-content {\n  font-size: 100%;\n}\n<\/style>\n    <\/div>\n \n        <\/div>\n      <\/div>\n\n            \n<style>\n#banner-442694103 {\n  padding-top: 300px;\n  background-color: rgba(255, 255, 255, 0);\n}\n#banner-442694103 .banner-bg img {\n  object-position: 41% 8%;\n}\n@media (min-width:550px) {\n  #banner-442694103 {\n    padding-top: 450px;\n  }\n}\n@media (min-width:850px) {\n  #banner-442694103 {\n    padding-top: 750px;\n  }\n}\n<\/style>\n  <\/div>\n\n\n\n  <div class=\"banner has-hover\" id=\"banner-1404879210\">\n          <div class=\"banner-inner fill\">\n        <div class=\"banner-bg fill\" >\n            <img loading=\"lazy\" decoding=\"async\" width=\"1000\" height=\"650\" src=\"https:\/\/puzzle3d.co\/wp-content\/uploads\/2023\/01\/lion.jpg\" class=\"bg attachment-large size-large\" alt=\"\">                                    \n                    <\/div>\n\t\t\n        <div class=\"banner-layers container\">\n            <div class=\"fill banner-link\"><\/div>            \n   <div id=\"text-box-379139676\" class=\"text-box banner-layer x50 md-x50 lg-x50 y50 md-y50 lg-y50 res-text\">\n                                <div class=\"text-box-content text dark\">\n              \n              <div class=\"text-inner text-center\">\n                  \n              <\/div>\n           <\/div>\n                            \n<style>\n#text-box-379139676 {\n  width: 60%;\n}\n#text-box-379139676 .text-box-content {\n  font-size: 100%;\n}\n<\/style>\n    <\/div>\n \n        <\/div>\n      <\/div>\n\n            \n<style>\n#banner-1404879210 {\n  padding-top: 300px;\n  background-color: rgba(255, 255, 255, 0);\n}\n#banner-1404879210 .banner-bg img {\n  object-position: 42% 48%;\n}\n@media (min-width:550px) {\n  #banner-1404879210 {\n    padding-top: 450px;\n  }\n}\n@media (min-width:850px) {\n  #banner-1404879210 {\n    padding-top: 750px;\n  }\n}\n<\/style>\n  <\/div>\n\n\n     <\/div>\n\n     <div class=\"loading-spin dark large centered\"><\/div>\n\n\t<\/div>\n\n\n\t<div id=\"gap-1064906356\" class=\"gap-element clearfix\" style=\"display:block; height:auto;\">\n\t\t\n<style>\n#gap-1064906356 {\n  padding-top: 30px;\n}\n<\/style>\n\t<\/div>\n\t\n<div class=\"row\"  id=\"row-1959147832\">\n\n\t<div id=\"col-462288763\" class=\"col small-12 large-12\"  >\n\t\t\t\t<div class=\"col-inner\"  >\n\t\t\t\n\t\t\t\n<div class=\"row row-solid\"  id=\"row-336635532\">\n\n\t<div id=\"col-1410009694\" class=\"col medium-4 small-12 large-4\"  >\n\t\t\t\t<div class=\"col-inner text-center\"  >\n\t\t\t\n\t\t\t\n\t<div id=\"gap-700961499\" class=\"gap-element clearfix\" style=\"display:block; height:auto;\">\n\t\t\n<style>\n#gap-700961499 {\n  padding-top: 5px;\n}\n<\/style>\n\t<\/div>\n\t\n\t<div id=\"text-2915145972\" class=\"text\">\n\t\t\n<h4>Bez koly<\/h4>\n\t\t\n<style>\n#text-2915145972 {\n  line-height: 0.75;\n}\n<\/style>\n\t<\/div>\n\t\n\t\t<\/div>\n\t\t\t\t\t<\/div>\n\n\t\n\n\t<div id=\"col-1028049101\" class=\"col medium-4 small-12 large-4\"  >\n\t\t\t\t<div class=\"col-inner text-center\"  >\n\t\t\t\n\t\t\t\n\t<div id=\"gap-1258485146\" class=\"gap-element clearfix\" style=\"display:block; height:auto;\">\n\t\t\n<style>\n#gap-1258485146 {\n  padding-top: 5px;\n}\n<\/style>\n\t<\/div>\n\t\n\t<div id=\"text-606217191\" class=\"text\">\n\t\t\n<h4>Udr\u017eiteln\u00fd<\/h4>\n\t\t\n<style>\n#text-606217191 {\n  line-height: 0.75;\n}\n<\/style>\n\t<\/div>\n\t\n\t\t<\/div>\n\t\t\t\t\t<\/div>\n\n\t\n\n\t<div id=\"col-945341823\" class=\"col medium-4 small-12 large-4\"  >\n\t\t\t\t<div class=\"col-inner text-center\"  >\n\t\t\t\n\t\t\t\n\t<div id=\"gap-27300862\" class=\"gap-element clearfix\" style=\"display:block; height:auto;\">\n\t\t\n<style>\n#gap-27300862 {\n  padding-top: 5px;\n}\n<\/style>\n\t<\/div>\n\t\n\t<div id=\"text-4172439834\" class=\"text\">\n\t\t\n<h4>Kreativn\u00ed<\/h4>\n\t\t\n<style>\n#text-4172439834 {\n  line-height: 0.75;\n}\n<\/style>\n\t<\/div>\n\t\n\t\t<\/div>\n\t\t\t\t\t<\/div>\n\n\t\n<\/div>\n\t\t<\/div>\n\t\t\t\t\n<style>\n#col-462288763 > .col-inner {\n  padding: 0px 5% 0px 5%;\n  margin: 0px 0px 0px 0px;\n}\n@media (min-width:850px) {\n  #col-462288763 > .col-inner {\n    padding: 0px 10% 0px 10%;\n    margin: 0px 0px -15px 0px;\n  }\n}\n<\/style>\n\t<\/div>\n\n\t\n<\/div>\n\t\t<\/div>\n\t\t\t\t\t<\/div>\n\n\t\n<\/div>\n\t\t<\/div>\n\n\t\t\n<style>\n#section_1211841998 {\n  padding-top: 50px;\n  padding-bottom: 50px;\n  background-color: rgb(237, 236, 232);\n}\n<\/style>\n\t<\/section>","protected":false},"excerpt":{"rendered":"","protected":false},"author":10,"featured_media":0,"parent":0,"menu_order":0,"comment_status":"closed","ping_status":"closed","template":"","meta":{"footnotes":""},"class_list":["post-457","page","type-page","status-publish","hentry"],"_links":{"self":[{"href":"https:\/\/puzzle3d.co\/cs\/wp-json\/wp\/v2\/pages\/457","targetHints":{"allow":["GET"]}}],"collection":[{"href":"https:\/\/puzzle3d.co\/cs\/wp-json\/wp\/v2\/pages"}],"about":[{"href":"https:\/\/puzzle3d.co\/cs\/wp-json\/wp\/v2\/types\/page"}],"author":[{"embeddable":true,"href":"https:\/\/puzzle3d.co\/cs\/wp-json\/wp\/v2\/users\/10"}],"replies":[{"embeddable":true,"href":"https:\/\/puzzle3d.co\/cs\/wp-json\/wp\/v2\/comments?post=457"}],"version-history":[{"count":0,"href":"https:\/\/puzzle3d.co\/cs\/wp-json\/wp\/v2\/pages\/457\/revisions"}],"wp:attachment":[{"href":"https:\/\/puzzle3d.co\/cs\/wp-json\/wp\/v2\/media?parent=457"}],"curies":[{"name":"wp","href":"https:\/\/api.w.org\/{rel}","templated":true}]}}