{"id":3037,"date":"2023-11-15T18:15:18","date_gmt":"2023-11-15T18:15:18","guid":{"rendered":"https:\/\/puzzle3d.co\/?page_id=3037"},"modified":"2025-02-16T07:14:26","modified_gmt":"2025-02-16T07:14:26","slug":"prohlaseni-o-ochrane-osobnich-udaju-eu","status":"publish","type":"page","link":"https:\/\/puzzle3d.co\/cs\/dichiarazione-sulla-privacy-ue\/","title":{"rendered":"Prohl\u00e1\u0161en\u00ed o ochran\u011b osobn\u00edch \u00fadaj\u016f (EU)"},"content":{"rendered":"<h1><span id=\"Dichiarazione_sulla_Privacy_UE\"><strong>Prohl\u00e1\u0161en\u00ed o ochran\u011b osobn\u00edch \u00fadaj\u016f (EU)<\/strong><\/span><\/h1>\n<p><em>Toto prohl\u00e1\u0161en\u00ed o ochran\u011b osobn\u00edch \u00fadaj\u016f bylo naposledy aktualizov\u00e1no 21. \u0159\u00edjna 2022 a vztahuje se na ob\u010dany a osoby s trval\u00fdm pobytem v Evropsk\u00e9m hospod\u00e1\u0159sk\u00e9m prostoru a \u0160v\u00fdcarsku.<\/em><\/p>\n<p>V tomto prohl\u00e1\u0161en\u00ed o ochran\u011b osobn\u00edch \u00fadaj\u016f vysv\u011btlujeme, jak nakl\u00e1d\u00e1me s \u00fadaji, kter\u00e9 od v\u00e1s z\u00edsk\u00e1me prost\u0159ednictv\u00edm webu https:\/\/puzzle3d.co. Doporu\u010dujeme v\u00e1m, abyste si toto prohl\u00e1\u0161en\u00ed pe\u010dliv\u011b p\u0159e\u010detli. P\u0159i zpracov\u00e1n\u00ed dodr\u017eujeme po\u017eadavky pr\u00e1vn\u00edch p\u0159edpis\u016f na ochranu osobn\u00edch \u00fadaj\u016f. To mimo jin\u00e9 znamen\u00e1, \u017ee:<\/p>\n<ul>\n<li>jasn\u011b sd\u011blujeme d\u016fvod, pro\u010d osobn\u00ed \u00fadaje zpracov\u00e1v\u00e1me. \u010cin\u00edme tak prost\u0159ednictv\u00edm tohoto prohl\u00e1\u0161en\u00ed o ochran\u011b osobn\u00edch \u00fadaj\u016f;<\/li>\n<li>Sna\u017e\u00edme se omezit shroma\u017e\u010fov\u00e1n\u00ed osobn\u00edch \u00fadaj\u016f pouze na ty, kter\u00e9 jsou nezbytn\u00e9 pro legitimn\u00ed \u00fa\u010dely;<\/li>\n<li>v p\u0159\u00edpadech vy\u017eaduj\u00edc\u00edch v\u00e1\u0161 souhlas v\u00e1s nejprve po\u017e\u00e1d\u00e1me o v\u00fdslovn\u00fd souhlas se zpracov\u00e1n\u00edm va\u0161ich osobn\u00edch \u00fadaj\u016f;<\/li>\n<li>P\u0159ij\u00edm\u00e1me vhodn\u00e1 bezpe\u010dnostn\u00ed opat\u0159en\u00ed na ochranu va\u0161ich osobn\u00edch \u00fadaj\u016f a vy\u017eadujeme to tak\u00e9 od stran, kter\u00e9 zpracov\u00e1vaj\u00ed osobn\u00ed \u00fadaje na\u0161\u00edm jm\u00e9nem;<\/li>\n<li>respektujeme va\u0161e pr\u00e1vo na p\u0159\u00edstup k va\u0161im osobn\u00edm \u00fadaj\u016fm nebo na jejich opravu \u010di vymaz\u00e1n\u00ed na va\u0161i \u017e\u00e1dost.<\/li>\n<\/ul>\n<p>Pokud m\u00e1te jak\u00e9koli dotazy nebo chcete v\u011bd\u011bt, jak\u00e9 \u00fadaje p\u0159esn\u011b ukl\u00e1d\u00e1me, kontaktujte n\u00e1s.<\/p>\n<ol>\n<li><strong>\u00da\u010del, \u00fadaje a doba uchov\u00e1v\u00e1n\u00ed<\/strong><\/li>\n<\/ol>\n<p>Osobn\u00ed \u00fadaje m\u016f\u017eeme shroma\u017e\u010fovat nebo z\u00edsk\u00e1vat pro r\u016fzn\u00e9 \u00fa\u010dely souvisej\u00edc\u00ed s na\u0161\u00ed obchodn\u00ed \u010dinnost\u00ed, mezi kter\u00e9 mohou pat\u0159it: (klikn\u011bte pro rozbalen\u00ed)<\/p>\n<h3><span id=\"11_Contatto_8211_Tramite_telefono_posta_email_eo_moduli_web\">1.1 Kontakt - telefonicky, po\u0161tou, e-mailem a\/nebo prost\u0159ednictv\u00edm webov\u00fdch formul\u00e1\u0159\u016f<\/span><\/h3>\n<p><strong>K tomuto \u00fa\u010delu pou\u017e\u00edv\u00e1me n\u00e1sleduj\u00edc\u00ed \u00fadaje:<\/strong><\/p>\n<ul>\n<li>Jm\u00e9no a p\u0159\u00edjmen\u00ed<\/li>\n<li>N\u00e1zev \u00fa\u010dtu nebo p\u0159ezd\u00edvka<\/li>\n<li>D\u016fm nebo jin\u00e1 fyzick\u00e1 adresa, v\u010detn\u011b n\u00e1zvu ulice a m\u011bsta.<\/li>\n<li>E-mailov\u00e1 adresa<\/li>\n<li>Telefonn\u00ed \u010d\u00edslo<\/li>\n<li>IP adresa<\/li>\n<li>Informace o internetov\u00e9 aktivit\u011b, mimo jin\u00e9 v\u010detn\u011b historie prohl\u00ed\u017een\u00ed, historie vyhled\u00e1v\u00e1n\u00ed a informac\u00ed o interakci u\u017eivatele s internetovou str\u00e1nkou, aplikac\u00ed nebo reklamou.<\/li>\n<li>Geoloka\u010dn\u00ed \u00fadaje<\/li>\n<\/ul>\n<p><strong>Z\u00e1kladem pro zpracov\u00e1n\u00ed \u00fadaj\u016f je:<\/strong><\/p>\n<p><a href=\"https:\/\/cookiedatabase.org\/legal-bases\/#consent\" target=\"_blank\" rel=\"noopener\">O souhlasu.<\/a><\/p>\n<p><strong>Doba skladov\u00e1n\u00ed<\/strong><\/p>\n<p>Po ukon\u010den\u00ed slu\u017eby uchov\u00e1v\u00e1me tyto \u00fadaje po n\u00e1sleduj\u00edc\u00ed dobu: 24 m\u011bs\u00edc\u016f.<\/p>\n<h3><span id=\"12_Pagamenti\">1.2 Platby<\/span><\/h3>\n<p><strong>K tomuto \u00fa\u010delu pou\u017e\u00edv\u00e1me n\u00e1sleduj\u00edc\u00ed \u00fadaje:<\/strong><\/p>\n<ul>\n<li>Jm\u00e9no a p\u0159\u00edjmen\u00ed<\/li>\n<li>N\u00e1zev \u00fa\u010dtu nebo p\u0159ezd\u00edvka<\/li>\n<li>D\u016fm nebo jin\u00e1 fyzick\u00e1 adresa, v\u010detn\u011b n\u00e1zvu ulice a m\u011bsta.<\/li>\n<li>E-mailov\u00e1 adresa<\/li>\n<li>Telefonn\u00ed \u010d\u00edslo<\/li>\n<li>IP adresa<\/li>\n<li>Informace o internetov\u00e9 aktivit\u011b, mimo jin\u00e9 v\u010detn\u011b historie prohl\u00ed\u017een\u00ed, historie vyhled\u00e1v\u00e1n\u00ed a informac\u00ed o interakci u\u017eivatele s internetovou str\u00e1nkou, aplikac\u00ed nebo reklamou.<\/li>\n<\/ul>\n<p><strong>Z\u00e1kladem pro zpracov\u00e1n\u00ed \u00fadaj\u016f je:<\/strong><\/p>\n<p><a href=\"https:\/\/cookiedatabase.org\/legal-bases\/#consent\" target=\"_blank\" rel=\"noopener\">O souhlasu.<\/a><\/p>\n<p><strong>Doba skladov\u00e1n\u00ed<\/strong><\/p>\n<p>Po ukon\u010den\u00ed slu\u017eby uchov\u00e1v\u00e1me tyto \u00fadaje po n\u00e1sleduj\u00edc\u00ed dobu: 24 m\u011bs\u00edc\u016f.<\/p>\n<h3><span id=\"13_Registrazione_account\">1.3 Registrace \u00fa\u010dtu<\/span><\/h3>\n<p><strong>K tomuto \u00fa\u010delu pou\u017e\u00edv\u00e1me n\u00e1sleduj\u00edc\u00ed \u00fadaje:<\/strong><\/p>\n<ul>\n<li>Jm\u00e9no a p\u0159\u00edjmen\u00ed<\/li>\n<li>N\u00e1zev \u00fa\u010dtu nebo p\u0159ezd\u00edvka<\/li>\n<li>D\u016fm nebo jin\u00e1 fyzick\u00e1 adresa, v\u010detn\u011b n\u00e1zvu ulice a m\u011bsta.<\/li>\n<li>E-mailov\u00e1 adresa<\/li>\n<li>Telefonn\u00ed \u010d\u00edslo<\/li>\n<li>IP adresa<\/li>\n<li>Informace o internetov\u00e9 aktivit\u011b, mimo jin\u00e9 v\u010detn\u011b historie prohl\u00ed\u017een\u00ed, historie vyhled\u00e1v\u00e1n\u00ed a informac\u00ed o interakci u\u017eivatele s internetovou str\u00e1nkou, aplikac\u00ed nebo reklamou.<\/li>\n<\/ul>\n<p><strong>Z\u00e1kladem pro zpracov\u00e1n\u00ed \u00fadaj\u016f je:<\/strong><\/p>\n<p><a href=\"https:\/\/cookiedatabase.org\/legal-bases\/#consent\" target=\"_blank\" rel=\"noopener\">O souhlasu.<\/a><\/p>\n<p><strong>Doba skladov\u00e1n\u00ed<\/strong><\/p>\n<p>Po ukon\u010den\u00ed slu\u017eby uchov\u00e1v\u00e1me tyto \u00fadaje po n\u00e1sleduj\u00edc\u00ed dobu: 24 m\u011bs\u00edc\u016f.<\/p>\n<h3><span id=\"14_Newsletter\">1.4 Newsletter<\/span><\/h3>\n<p><strong>K tomuto \u00fa\u010delu pou\u017e\u00edv\u00e1me n\u00e1sleduj\u00edc\u00ed \u00fadaje:<\/strong><\/p>\n<ul>\n<li>Jm\u00e9no a p\u0159\u00edjmen\u00ed<\/li>\n<li>N\u00e1zev \u00fa\u010dtu nebo p\u0159ezd\u00edvka<\/li>\n<li>D\u016fm nebo jin\u00e1 fyzick\u00e1 adresa, v\u010detn\u011b n\u00e1zvu ulice a m\u011bsta.<\/li>\n<li>E-mailov\u00e1 adresa<\/li>\n<li>Telefonn\u00ed \u010d\u00edslo<\/li>\n<li>IP adresa<\/li>\n<li>Informace o internetov\u00e9 aktivit\u011b, mimo jin\u00e9 v\u010detn\u011b historie prohl\u00ed\u017een\u00ed, historie vyhled\u00e1v\u00e1n\u00ed a informac\u00ed o interakci u\u017eivatele s internetovou str\u00e1nkou, aplikac\u00ed nebo reklamou.<\/li>\n<\/ul>\n<p><strong>Z\u00e1kladem pro zpracov\u00e1n\u00ed \u00fadaj\u016f je:<\/strong><\/p>\n<p><a href=\"https:\/\/cookiedatabase.org\/legal-bases\/#consent\" target=\"_blank\" rel=\"noopener\">O souhlasu.<\/a><\/p>\n<p><strong>Doba skladov\u00e1n\u00ed<\/strong><\/p>\n<p>Po ukon\u010den\u00ed slu\u017eby uchov\u00e1v\u00e1me tyto \u00fadaje po n\u00e1sleduj\u00edc\u00ed dobu: 24 m\u011bs\u00edc\u016f.<\/p>\n<h3><span id=\"15_Per_supportare_servizi_o_prodotti_che_un_cliente_vogliono_o_hanno_comprato\">1.5 Podpora slu\u017eeb nebo produkt\u016f, kter\u00e9 si z\u00e1kazn\u00edk p\u0159eje nebo zakoupil.<\/span><\/h3>\n<p><strong>K tomuto \u00fa\u010delu pou\u017e\u00edv\u00e1me n\u00e1sleduj\u00edc\u00ed \u00fadaje:<\/strong><\/p>\n<ul>\n<li>Jm\u00e9no a p\u0159\u00edjmen\u00ed<\/li>\n<li>N\u00e1zev \u00fa\u010dtu nebo p\u0159ezd\u00edvka<\/li>\n<li>D\u016fm nebo jin\u00e1 fyzick\u00e1 adresa, v\u010detn\u011b n\u00e1zvu ulice a m\u011bsta.<\/li>\n<li>E-mailov\u00e1 adresa<\/li>\n<li>Telefonn\u00ed \u010d\u00edslo<\/li>\n<li>IP adresa<\/li>\n<li>Informace o internetov\u00e9 aktivit\u011b, mimo jin\u00e9 v\u010detn\u011b historie prohl\u00ed\u017een\u00ed, historie vyhled\u00e1v\u00e1n\u00ed a informac\u00ed o interakci u\u017eivatele s internetovou str\u00e1nkou, aplikac\u00ed nebo reklamou.<\/li>\n<li>Geoloka\u010dn\u00ed \u00fadaje<\/li>\n<\/ul>\n<p><strong>Z\u00e1kladem pro zpracov\u00e1n\u00ed \u00fadaj\u016f je:<\/strong><\/p>\n<p><a href=\"https:\/\/cookiedatabase.org\/legal-bases\/#consent\" target=\"_blank\" rel=\"noopener\">O souhlasu.<\/a><\/p>\n<p><strong>Doba skladov\u00e1n\u00ed<\/strong><\/p>\n<p>Po ukon\u010den\u00ed slu\u017eby uchov\u00e1v\u00e1me tyto \u00fadaje po n\u00e1sleduj\u00edc\u00ed dobu: 24 m\u011bs\u00edc\u016f.<\/p>\n<h3><span id=\"16_Per_essere_in_grado_di_rispettare_gli_obblighi_legali\">1.6 Abychom byli schopni plnit z\u00e1konn\u00e9 povinnosti.<\/span><\/h3>\n<p><strong>K tomuto \u00fa\u010delu pou\u017e\u00edv\u00e1me n\u00e1sleduj\u00edc\u00ed \u00fadaje:<\/strong><\/p>\n<ul>\n<li>Jm\u00e9no a p\u0159\u00edjmen\u00ed<\/li>\n<li>N\u00e1zev \u00fa\u010dtu nebo p\u0159ezd\u00edvka<\/li>\n<li>D\u016fm nebo jin\u00e1 fyzick\u00e1 adresa, v\u010detn\u011b n\u00e1zvu ulice a m\u011bsta.<\/li>\n<li>E-mailov\u00e1 adresa<\/li>\n<li>Telefonn\u00ed \u010d\u00edslo<\/li>\n<li>IP adresa<\/li>\n<li>Informace o internetov\u00e9 aktivit\u011b, mimo jin\u00e9 v\u010detn\u011b historie prohl\u00ed\u017een\u00ed, historie vyhled\u00e1v\u00e1n\u00ed a informac\u00ed o interakci u\u017eivatele s internetovou str\u00e1nkou, aplikac\u00ed nebo reklamou.<\/li>\n<\/ul>\n<p><strong>Z\u00e1kladem pro zpracov\u00e1n\u00ed \u00fadaj\u016f je:<\/strong><\/p>\n<p><a href=\"https:\/\/cookiedatabase.org\/legal-bases\/#consent\" target=\"_blank\" rel=\"noopener\">O souhlasu.<\/a><\/p>\n<p><strong>Doba skladov\u00e1n\u00ed<\/strong><\/p>\n<p>Po ukon\u010den\u00ed slu\u017eby uchov\u00e1v\u00e1me tyto \u00fadaje po n\u00e1sleduj\u00edc\u00ed dobu: 24 m\u011bs\u00edc\u016f.<\/p>\n<h3><span id=\"17_Compilazione_ed_analisi_di_statistiche_per_migliore_il_sito\">1.7 Sestavov\u00e1n\u00ed a anal\u00fdza statistik za \u00fa\u010delem zlep\u0161en\u00ed str\u00e1nek.<\/span><\/h3>\n<p><strong>K tomuto \u00fa\u010delu pou\u017e\u00edv\u00e1me n\u00e1sleduj\u00edc\u00ed \u00fadaje:<\/strong><\/p>\n<ul>\n<li>Jm\u00e9no a p\u0159\u00edjmen\u00ed<\/li>\n<li>N\u00e1zev \u00fa\u010dtu nebo p\u0159ezd\u00edvka<\/li>\n<li>D\u016fm nebo jin\u00e1 fyzick\u00e1 adresa, v\u010detn\u011b n\u00e1zvu ulice a m\u011bsta.<\/li>\n<li>E-mailov\u00e1 adresa<\/li>\n<li>Telefonn\u00ed \u010d\u00edslo<\/li>\n<li>IP adresa<\/li>\n<li>Informace o internetov\u00e9 aktivit\u011b, mimo jin\u00e9 v\u010detn\u011b historie prohl\u00ed\u017een\u00ed, historie vyhled\u00e1v\u00e1n\u00ed a informac\u00ed o interakci u\u017eivatele s internetovou str\u00e1nkou, aplikac\u00ed nebo reklamou.<\/li>\n<li>Geoloka\u010dn\u00ed \u00fadaje<\/li>\n<\/ul>\n<p><strong>Z\u00e1kladem pro zpracov\u00e1n\u00ed \u00fadaj\u016f je:<\/strong><\/p>\n<p><a href=\"https:\/\/cookiedatabase.org\/legal-bases\/#consent\" target=\"_blank\" rel=\"noopener\">O souhlasu.<\/a><\/p>\n<p><strong>Doba skladov\u00e1n\u00ed<\/strong><\/p>\n<p>Po ukon\u010den\u00ed slu\u017eby uchov\u00e1v\u00e1me tyto \u00fadaje po n\u00e1sleduj\u00edc\u00ed dobu: 24 m\u011bs\u00edc\u016f.<\/p>\n<h3><span id=\"18_Per_poter_offrire_prodotti_e_servizi_personalizzati\">1.8 Mo\u017enost nab\u00edzet produkty a slu\u017eby na m\u00edru<\/span><\/h3>\n<p><strong>K tomuto \u00fa\u010delu pou\u017e\u00edv\u00e1me n\u00e1sleduj\u00edc\u00ed \u00fadaje:<\/strong><\/p>\n<ul>\n<li>Jm\u00e9no a p\u0159\u00edjmen\u00ed<\/li>\n<li>N\u00e1zev \u00fa\u010dtu nebo p\u0159ezd\u00edvka<\/li>\n<li>D\u016fm nebo jin\u00e1 fyzick\u00e1 adresa, v\u010detn\u011b n\u00e1zvu ulice a m\u011bsta.<\/li>\n<li>E-mailov\u00e1 adresa<\/li>\n<li>Telefonn\u00ed \u010d\u00edslo<\/li>\n<li>IP adresa<\/li>\n<li>Informace o internetov\u00e9 aktivit\u011b, mimo jin\u00e9 v\u010detn\u011b historie prohl\u00ed\u017een\u00ed, historie vyhled\u00e1v\u00e1n\u00ed a informac\u00ed o interakci u\u017eivatele s internetovou str\u00e1nkou, aplikac\u00ed nebo reklamou.<\/li>\n<li>Geoloka\u010dn\u00ed \u00fadaje<\/li>\n<\/ul>\n<p><strong>Z\u00e1kladem pro zpracov\u00e1n\u00ed \u00fadaj\u016f je:<\/strong><\/p>\n<p><a href=\"https:\/\/cookiedatabase.org\/legal-bases\/#consent\" target=\"_blank\" rel=\"noopener\">O souhlasu.<\/a><\/p>\n<p><strong>Doba skladov\u00e1n\u00ed<\/strong><\/p>\n<p>Po ukon\u010den\u00ed slu\u017eby uchov\u00e1v\u00e1me tyto \u00fadaje po n\u00e1sleduj\u00edc\u00ed dobu: 24 m\u011bs\u00edc\u016f.<\/p>\n<ol start=\"2\">\n<li><strong>Soubory cookie<\/strong><\/li>\n<\/ol>\n<p>Na\u0161e webov\u00e9 str\u00e1nky pou\u017e\u00edvaj\u00ed soubory cookie. Dal\u0161\u00ed informace o souborech cookie naleznete v na\u0161ich Z\u00e1sad\u00e1ch pou\u017e\u00edv\u00e1n\u00ed soubor\u016f cookie.<\/p>\n<p>Se spole\u010dnost\u00ed Google jsme uzav\u0159eli smlouvu o zpracov\u00e1n\u00ed \u00fadaj\u016f.<\/p>\n<p>Spole\u010dnost Google nem\u016f\u017ee tyto \u00fadaje pou\u017e\u00edt pro jin\u00e9 slu\u017eby Google.<\/p>\n<ol start=\"3\">\n<li><strong>Zabezpe\u010den\u00ed<\/strong><\/li>\n<\/ol>\n<p>Zavazujeme se k zabezpe\u010den\u00ed osobn\u00edch \u00fadaj\u016f. P\u0159ij\u00edm\u00e1me vhodn\u00e1 bezpe\u010dnostn\u00ed opat\u0159en\u00ed, abychom omezili zneu\u017eit\u00ed osobn\u00edch \u00fadaj\u016f a neopr\u00e1vn\u011bn\u00fd p\u0159\u00edstup k nim. T\u00edm je zaji\u0161t\u011bno, \u017ee k va\u0161im \u00fadaj\u016fm maj\u00ed p\u0159\u00edstup pouze nezbytn\u00e9 osoby, \u017ee p\u0159\u00edstup k \u00fadaj\u016fm je chr\u00e1n\u011bn a \u017ee na\u0161e bezpe\u010dnostn\u00ed opat\u0159en\u00ed jsou pravideln\u011b kontrolov\u00e1na.<\/p>\n<ol start=\"4\">\n<li><strong>Webov\u00e9 str\u00e1nky t\u0159et\u00edch stran<\/strong><\/li>\n<\/ol>\n<p>Toto prohl\u00e1\u0161en\u00ed o ochran\u011b osobn\u00edch \u00fadaj\u016f se nevztahuje na webov\u00e9 str\u00e1nky t\u0159et\u00edch stran, kter\u00e9 jsou propojeny s na\u0161imi webov\u00fdmi str\u00e1nkami. Nem\u016f\u017eeme zaru\u010dit, \u017ee tyto t\u0159et\u00ed strany zpracov\u00e1vaj\u00ed va\u0161e osobn\u00ed \u00fadaje spolehliv\u011b a bezpe\u010dn\u011b. Doporu\u010dujeme v\u00e1m, abyste si p\u0159ed pou\u017eit\u00edm t\u011bchto webov\u00fdch str\u00e1nek p\u0159e\u010detli jejich prohl\u00e1\u0161en\u00ed o ochran\u011b osobn\u00edch \u00fadaj\u016f.<\/p>\n<ol start=\"5\">\n<li><strong>Pokuty za toto prohl\u00e1\u0161en\u00ed o ochran\u011b osobn\u00edch \u00fadaj\u016f.<\/strong><\/li>\n<\/ol>\n<p>Vyhrazujeme si pr\u00e1vo na zm\u011bny tohoto prohl\u00e1\u0161en\u00ed o ochran\u011b osobn\u00edch \u00fadaj\u016f. Doporu\u010dujeme, abyste toto prohl\u00e1\u0161en\u00ed o ochran\u011b osobn\u00edch \u00fadaj\u016f pravideln\u011b kontrolovali, abyste byli sezn\u00e1meni s p\u0159\u00edpadn\u00fdmi zm\u011bnami. Krom\u011b toho v\u00e1s budeme aktivn\u011b informovat, kdykoli to bude mo\u017en\u00e9.<\/p>\n<ol start=\"6\">\n<li><strong>P\u0159\u00edstup k \u00fadaj\u016fm a jejich \u00faprava<\/strong><\/li>\n<\/ol>\n<p>M\u00e1te-li jak\u00e9koli dotazy nebo chcete-li p\u0159esn\u011b v\u011bd\u011bt, jak\u00e9 osobn\u00ed \u00fadaje o v\u00e1s m\u00e1me, kontaktujte n\u00e1s.<\/p>\n<ul>\n<li>M\u00e1te pr\u00e1vo v\u011bd\u011bt, kdy jsou va\u0161e osobn\u00ed \u00fadaje pot\u0159eba, co se s nimi d\u011bje a jak dlouho budou uchov\u00e1v\u00e1ny.<\/li>\n<li>Pr\u00e1vo na p\u0159\u00edstup: M\u00e1te pr\u00e1vo na p\u0159\u00edstup ke sv\u00fdm osobn\u00edm \u00fadaj\u016fm, kter\u00e9 zn\u00e1me.<\/li>\n<li>Pr\u00e1vo na opravu: m\u00e1te pr\u00e1vo kdykoli doplnit, opravit, vymazat nebo zablokovat sv\u00e9 osobn\u00ed \u00fadaje.<\/li>\n<li>Pokud m\u00e1te jak\u00e9koli dotazy nebo probl\u00e9my s p\u0159\u00edstupnost\u00ed webov\u00fdch str\u00e1nek, nev\u00e1hejte se na n\u00e1s obr\u00e1tit.<\/li>\n<li>Pr\u00e1vo na p\u0159enos va\u0161ich \u00fadaj\u016f: m\u00e1te pr\u00e1vo vy\u017e\u00e1dat si od spr\u00e1vce v\u0161echny sv\u00e9 \u00fadaje a p\u0159edat je v\u0161echny jin\u00e9mu spr\u00e1vci.<\/li>\n<li>Pr\u00e1vo vzn\u00e9st n\u00e1mitku: m\u00e1te pr\u00e1vo vzn\u00e9st n\u00e1mitku proti zpracov\u00e1n\u00ed va\u0161ich \u00fadaj\u016f. Tuto volbu budeme respektovat, pokud nebude existovat platn\u00fd d\u016fvod pro zpracov\u00e1n\u00ed.<\/li>\n<\/ul>\n<p>V\u017edy jasn\u011b uve\u010fte, kdo jste, abyste m\u011bli jistotu, \u017ee nesma\u017eete nebo nezm\u011bn\u00edte \u00fadaje nespr\u00e1vn\u00e9 osoby.<\/p>\n<ol start=\"7\">\n<li><strong>Odesl\u00e1n\u00ed st\u00ed\u017enosti<\/strong><\/li>\n<\/ol>\n<p>Pokud nejste spokojeni s t\u00edm, jak\u00fdm zp\u016fsobem zpracov\u00e1v\u00e1me va\u0161e osobn\u00ed \u00fadaje (st\u00ed\u017enost), m\u00e1te pr\u00e1vo zaslat st\u00ed\u017enost \u00da\u0159adu pro ochranu osobn\u00edch \u00fadaj\u016f.<\/p>\n<ol start=\"8\">\n<li><strong>Kontaktn\u00ed \u00fadaje<\/strong><\/li>\n<\/ol>\n<p><strong>PUZZLE3D.CO<\/strong><br \/>\n<span style=\"font-size: 75%;\">(MEDDYS SNC)<\/span><\/p>\n<p>Via Bologna 10<br \/>\nBovezzo (BS) 25073<br \/>\nIt\u00e1lie<\/p>\n<p>Webov\u00e9 str\u00e1nky: https:\/\/puzzle3d.co<br \/>\nE-mail: support@puzzle3d.co<br \/>\nTelefonn\u00ed \u010d\u00edslo: 371 5394 647<\/p>","protected":false},"excerpt":{"rendered":"<p>Dichiarazione sulla Privacy (UE) Questa dichiarazione sulla privacy \u00e8 stata aggiornata l\u2019ultima volta il Ottobre 21, 2022 e si applica ai cittadini e ai residenti permanenti legali dello Spazio Economico Europeo e della Svizzera In questa dichiarazione sulla privacy, spieghiamo cosa facciamo con i dati che otteniamo da te attraverso\u00a0https:\/\/puzzle3d.co\u00a0Ti consigliamo di leggere attentamente la [&#8230;]\n","protected":false},"author":10,"featured_media":0,"parent":0,"menu_order":0,"comment_status":"closed","ping_status":"closed","template":"","meta":{"footnotes":""},"class_list":["post-3037","page","type-page","status-publish","hentry"],"_links":{"self":[{"href":"https:\/\/puzzle3d.co\/cs\/wp-json\/wp\/v2\/pages\/3037","targetHints":{"allow":["GET"]}}],"collection":[{"href":"https:\/\/puzzle3d.co\/cs\/wp-json\/wp\/v2\/pages"}],"about":[{"href":"https:\/\/puzzle3d.co\/cs\/wp-json\/wp\/v2\/types\/page"}],"author":[{"embeddable":true,"href":"https:\/\/puzzle3d.co\/cs\/wp-json\/wp\/v2\/users\/10"}],"replies":[{"embeddable":true,"href":"https:\/\/puzzle3d.co\/cs\/wp-json\/wp\/v2\/comments?post=3037"}],"version-history":[{"count":0,"href":"https:\/\/puzzle3d.co\/cs\/wp-json\/wp\/v2\/pages\/3037\/revisions"}],"wp:attachment":[{"href":"https:\/\/puzzle3d.co\/cs\/wp-json\/wp\/v2\/media?parent=3037"}],"curies":[{"name":"wp","href":"https:\/\/api.w.org\/{rel}","templated":true}]}}