{"id":1249,"date":"2023-02-09T10:27:01","date_gmt":"2023-02-09T10:27:01","guid":{"rendered":"https:\/\/puzzle3d.co\/politica-de-confidentialitate-ro-copy\/"},"modified":"2025-02-16T07:14:42","modified_gmt":"2025-02-16T07:14:42","slug":"pravo-na-odstoupeni-od-smlouvy","status":"publish","type":"page","link":"https:\/\/puzzle3d.co\/cs\/diritto-di-recesso\/","title":{"rendered":"Pr\u00e1vo na odstoupen\u00ed od smlouvy"},"content":{"rendered":"<header class=\"entry-header ast-no-thumbnail ast-no-meta\">\n<h1 class=\"h3-classico-pag\"><span id=\"Diritto_di_recessodirettiva_201183UE_ratificata_in_Italia_con_il_D_LGS_21_febbraio_2014_N_21\"><strong>Pr\u00e1vo na odstoupen\u00ed od smlouvy<\/strong><\/span><\/h1>\n<div><strong>DORU\u010cEN\u00cd<\/strong><\/div>\n<div>\u00a0<\/div>\n<div>V\u00fdrobky jsou doru\u010dov\u00e1ny rychlou kur\u00fdrn\u00ed slu\u017ebou. Maxim\u00e1ln\u00ed hodnota z\u00e1vazk\u016f spole\u010dnosti Puzzle 3D v\u016f\u010di z\u00e1kazn\u00edkovi v p\u0159\u00edpad\u011b nedod\u00e1n\u00ed nebo nespr\u00e1vn\u00e9ho dod\u00e1n\u00ed zakoupen\u00fdch produkt\u016f je \u010d\u00e1stka, kterou na\u0161e spole\u010dnost od p\u0159\u00edslu\u0161n\u00e9ho z\u00e1kazn\u00edka inkasuje. V p\u0159\u00edpad\u011b, \u017ee se ceny nebo jin\u00e9 \u00fadaje o v\u00fdrobku zobraz\u00ed nespr\u00e1vn\u011b, a to i z d\u016fvodu, \u017ee byly nespr\u00e1vn\u011b zad\u00e1ny do datab\u00e1ze, vyhrazuje si spole\u010dnost Puzzle3D.co pr\u00e1vo zru\u0161it dod\u00e1vku p\u0159\u00edslu\u0161n\u00e9ho v\u00fdrobku a co nejd\u0159\u00edve informovat z\u00e1kazn\u00edka. o chyb\u011b, kter\u00e1 nastala.<\/div>\n<div>\u00a0<\/div>\n<div><strong>Telefonicky nepotvrzen\u00e9 objedn\u00e1vky na dob\u00edrku budou zru\u0161eny.<\/strong><\/div>\n<div>\u00a0<\/div>\n<div>Poplatek za doru\u010den\u00ed \u010din\u00ed 3,95 EUR za objedn\u00e1vky do 80 lei, bez ohledu na hmotnost nebo doru\u010dovac\u00ed adresu.<\/div>\n<div>Objedn\u00e1vky v hodnot\u011b nad 80 eur maj\u00ed doru\u010den\u00ed zdarma.<\/div>\n<div>Objedn\u00e1vky na dob\u00edrku, kter\u00e9 nebudou telefonicky potvrzeny, budou zru\u0161eny.<\/div>\n<div>V\u00fdrobky objednan\u00e9 na t\u011bchto str\u00e1nk\u00e1ch jsou doru\u010deny ihned po telefonick\u00e9m potvrzen\u00ed objedn\u00e1vky jednomu z na\u0161ich oper\u00e1tor\u016f.<\/div>\n<div>Od okam\u017eiku potvrzen\u00ed objedn\u00e1vky budete kontaktov\u00e1ni e-mailem nebo telefonicky a n\u00e1sledn\u011b z\u00edsk\u00e1te \u010d\u00edslo AWB a budete moci sledovat, kde se va\u0161e z\u00e1silka nach\u00e1z\u00ed p\u0159\u00edmo na webov\u00fdch str\u00e1nk\u00e1ch kur\u00fdra.<\/div>\n<div>\u00a0<\/div>\n<div>Doba dod\u00e1n\u00ed produkt\u016f z\u00e1vis\u00ed na jejich skladov\u00fdch z\u00e1sob\u00e1ch. Obvykle do 24-48 hodin po potvrzen\u00ed objedn\u00e1vky obdr\u017e\u00edte v\u00fdrobek dom\u016f, pokud je p\u0159\u00edslu\u0161n\u00fd v\u00fdrobek na na\u0161em sklad\u011b. Pokud v n\u011bkter\u00fdch p\u0159\u00edpadech v\u00fdrobek skladem nen\u00ed, oper\u00e1tor v\u00e1s bude telefonicky nebo e-mailem informovat o dob\u011b dod\u00e1n\u00ed objednan\u00fdch v\u00fdrobk\u016f.<\/div>\n<h3 class=\"h3-classico-pag\"><span id=\"Diritto_di_recessodirettiva_201183UE_ratificata_in_Italia_con_il_D_LGS_21_febbraio_2014_N_21\">(sm\u011brnice 2011\/83\/EU, ratifikovan\u00e1 v It\u00e1lii legislativn\u00edm na\u0159\u00edzen\u00edm \u010d. 21 ze dne 21. \u00fanora 2014)<\/span><\/h3>\n<p class=\"p-classico-pag\">Spot\u0159ebitel (tj. fyzick\u00e1 osoba, kter\u00e1 nakupuje zbo\u017e\u00ed pro \u00fa\u010dely nesouvisej\u00edc\u00ed s jej\u00ed profesion\u00e1ln\u00ed \u010dinnost\u00ed, tj. kter\u00e1 n\u00e1kup neprov\u00e1d\u00ed uveden\u00edm DI\u010c v objedn\u00e1vkov\u00e9m formul\u00e1\u0159i) m\u00e1 pr\u00e1vo odstoupit od kupn\u00ed smlouvy uzav\u0159en\u00e9 na d\u00e1lku, a to bez ud\u00e1n\u00ed d\u016fvodu a bez sankce.<\/p>\n<p class=\"p-classico-pag\">P\u0159i p\u0159evzet\u00ed zbo\u017e\u00ed m\u00e1 spot\u0159ebitel <strong>14 dn\u00ed<\/strong> sd\u011blit sv\u00e9 p\u0159\u00e1n\u00ed uplatnit odstoupen\u00ed od smlouvy. Sd\u011blen\u00ed m\u016f\u017ee b\u00fdt provedeno nap\u0159\u00edklad prost\u0159ednictv\u00edm slu\u017eebn\u00edho l\u00edstku, doporu\u010den\u00e9ho dopisu nebo e-mailu. Toto ozn\u00e1men\u00ed mus\u00ed obsahovat jm\u00e9no a p\u0159\u00edjmen\u00ed kupuj\u00edc\u00edho, \u010d\u00edslo objedn\u00e1vky, \u010d\u00edslo faktury a datum n\u00e1kupu.<\/p>\n<p class=\"p-classico-pag\">Spot\u0159ebitel je povinen vr\u00e1tit v\u00fdrobky ve stejn\u00e9m stavu, v jak\u00e9m je obdr\u017eel, s p\u016fvodn\u00edm obalem (neporu\u0161en\u00fdm a kompletn\u00edm ve v\u0161ech jeho \u010d\u00e1stech, nebo\u0165 se pova\u017euj\u00ed za ned\u00edlnou sou\u010d\u00e1st zbo\u017e\u00ed), n\u00e1vody, p\u0159\u00edslu\u0161enstv\u00edm, sou\u010d\u00e1stkami, kl\u00ed\u010di a v\u0161\u00edm ostatn\u00edm, co bylo dod\u00e1no, bez jak\u00e9hokoli nedostatku.<\/p>\n<p class=\"p-classico-pag\">Spot\u0159ebitel odpov\u00edd\u00e1 pouze za sn\u00ed\u017een\u00ed hodnoty zbo\u017e\u00ed v d\u016fsledku jin\u00e9ho nakl\u00e1d\u00e1n\u00ed s n\u00edm, ne\u017e kter\u00e9 je nezbytn\u00e9 pro zji\u0161t\u011bn\u00ed povahy, vlastnost\u00ed a funk\u010dnosti zbo\u017e\u00ed.<br \/>V p\u0159\u00edpad\u011b, \u017ee je zbo\u017e\u00ed zjevn\u011b pou\u017eit\u00e9 a\/nebo chyb\u00ed jeho obal nebo je neporu\u0161en\u00fd, dojde v d\u016fsledku obchodn\u00edho znehodnocen\u00ed p\u0159i op\u011btovn\u00e9m uveden\u00ed na trh jako \"pou\u017eit\u00fd v\u00fdrobek\" ke sn\u00ed\u017een\u00ed hodnoty.<\/p>\n<p class=\"p-classico-pag\">Abyste omezili po\u0161kozen\u00ed p\u016fvodn\u00edho obalu, doporu\u010dujeme jej pokud mo\u017eno um\u00edstit do druh\u00e9 krabice a v \u017e\u00e1dn\u00e9m p\u0159\u00edpad\u011b se vyhnout lepen\u00ed \u0161t\u00edtk\u016f nebo lepic\u00ed p\u00e1sky p\u0159\u00edmo na p\u016fvodn\u00ed obal v\u00fdrobku.<\/p>\n<p class=\"p-classico-pag\">Do 14 dn\u016f od ozn\u00e1men\u00ed o odstoupen\u00ed od smlouvy mus\u00ed spot\u0159ebitel zajistit, aby byl v\u00fdrobek vr\u00e1cen spole\u010dnosti Puzzle 3D (MEDDYS SNC ) - Via Bologna 10, 25073 Bovezzo (BS), It\u00e1lie, prost\u0159ednictv\u00edm jej\u00edho vlastn\u00edho p\u0159epravce. N\u00e1klady na vr\u00e1cen\u00ed nese spot\u0159ebitel.<br \/>A\u017e do potvrzen\u00ed o p\u0159ijet\u00ed na v\u00fd\u0161e uveden\u00e9 adrese cestuje zbo\u017e\u00ed na odpov\u011bdnost spot\u0159ebitele; doporu\u010duje se proto pojistit zp\u00e1te\u010dn\u00ed z\u00e1silku proti kr\u00e1de\u017ei, ztr\u00e1t\u011b nebo po\u0161kozen\u00ed b\u011bhem p\u0159epravy, za kter\u00e9 AgriEuro nenese \u017e\u00e1dnou odpov\u011bdnost.<\/p>\n<p class=\"p-classico-pag\">Do 14 dn\u016f od p\u0159evzet\u00ed zbo\u017e\u00ed vr\u00e1t\u00edme z\u00e1kazn\u00edkovi celou \u010d\u00e1stku transakce (s v\u00fdhradou v\u00fd\u0161e uveden\u00fdch omezen\u00ed), a to stejn\u00fdm zp\u016fsobem platby, kter\u00fd byl pou\u017eit p\u0159i prvn\u00edm n\u00e1kupu. Vr\u00e1cen\u00ed pen\u011bz m\u016f\u017ee b\u00fdt pozastaveno, dokud spot\u0159ebitel neprok\u00e1\u017ee, \u017ee zbo\u017e\u00ed skute\u010dn\u011b odeslal zp\u011bt.<\/p>\n<h3 class=\"h3-classico-pag\"><span id=\"Recesso_del_Fornitore\"><strong>Odstoupen\u00ed dodavatele<\/strong><\/span><\/h3>\n<p class=\"p-classico-pag\">MEDDYS SNC, m\u00e1 pr\u00e1vo odstoupit od kupn\u00ed smlouvy jednoduch\u00fdm od\u016fvodn\u011bn\u00fdm ozn\u00e1men\u00edm z\u00e1kazn\u00edkovi v p\u0159\u00edpad\u011b z\u00e1sahu vy\u0161\u0161\u00ed moci nebo nemo\u017enosti, za kterou nem\u016f\u017ee internetov\u00fd obchod nebo dopravce. V takov\u00fdch p\u0159\u00edpadech m\u00e1 z\u00e1kazn\u00edk n\u00e1rok pouze na vr\u00e1cen\u00ed ji\u017e zaplacen\u00e9 \u010d\u00e1stky.<\/p>\n<div><strong>\u00a0<\/strong><\/div>\n<div><strong>JAK PRODUKT VR\u00c1TIT?<\/strong><\/div>\n<div>\u00a0<\/div>\n<div>Podle platn\u00fdch p\u0159edpis\u016f GEO 34\/2014 m\u016f\u017eete produkty zakoupen\u00e9 na Puzzle3D.co vr\u00e1tit do 14 dn\u016f od jejich zakoupen\u00ed.<\/div>\n<div>\u00a0<\/div>\n<div>V\u00fdrobek lze vr\u00e1tit za n\u00e1sleduj\u00edc\u00edch podm\u00ednek:<\/div>\n<div>\u00a0<\/div>\n<div>bez zn\u00e1mek mont\u00e1\u017ee, \u0161kr\u00e1banc\u016f, otluk\u016f<\/div>\n<div>neporu\u0161en\u00e9 obaly, etikety a p\u0159\u00edslu\u0161enstv\u00ed<\/div>\n<div>nevykazovat \u017e\u00e1dn\u00e9 zn\u00e1mky pou\u017e\u00edv\u00e1n\u00ed<\/div>\n<div>V\u00fdrobek lze vr\u00e1tit pouze v p\u0159\u00edpad\u011b, \u017ee je v bezvadn\u00e9m stavu (v\u010detn\u011b obalu) a nevykazuje zn\u00e1mky opot\u0159eben\u00ed. V p\u0159\u00edpad\u011b odm\u00edtnut\u00ed v\u00fdrobku n\u00e1s pros\u00edm kontaktujte do 24 hodin od jeho obdr\u017een\u00ed telefonicky nebo e-mailem, abychom zjistili podrobnosti o vr\u00e1cen\u00ed.<\/div>\n<div>\u00a0<\/div>\n<div>N\u00e1klady na vr\u00e1cen\u00ed zbo\u017e\u00ed nese z\u00e1kazn\u00edk a vr\u00e1cen\u00ed hodnoty v\u00fdrobku bude provedeno p\u0159ibli\u017en\u011b do 5-7 pracovn\u00edch dn\u016f a nesm\u00ed p\u0159ekro\u010dit z\u00e1konnou lh\u016ftu 14 dn\u016f.<\/div>\n<div>\u00a0<\/div>\n<div>Pokud je vr\u00e1cen\u00fd v\u00fdrobek po\u0161kozen\u00fd, vykazuje zjevn\u00e9 zn\u00e1mky pou\u017e\u00edv\u00e1n\u00ed a nelze jej prodat jako nov\u00fd v\u00fdrobek, vyhrazujeme si pr\u00e1vo v\u00fdrobek odm\u00edtnout. V\u0161echna tato ustanoven\u00ed a podm\u00ednky jsou uvedeny v:<\/div>\n<div>\u00a0<\/div>\n<div>Mimo\u0159\u00e1dn\u00e9 na\u0159\u00edzen\u00ed \u010d. 34\/2014 o pr\u00e1vn\u00edm re\u017eimu smluv uzav\u0159en\u00fdch na d\u00e1lku.<\/div>\n<div>\u00a0<\/div>\n<div>Kontaktujte n\u00e1s pros\u00edm e-mailem: support@puzzle3D.co<\/div>\n<div>Zp\u00e1te\u010dn\u00ed adresa v\u00fdrobku:<\/div>\n<div>\u00a0<\/div>\n<div>Via Bologna 10<\/div>\n<div>Bovezz (BS) 25073<\/div>\n<div>It\u00e1lie<\/div>\n<div>\u00a0<\/div>\n<div>Upozorn\u011bn\u00ed: Nepos\u00edlejte v\u00fdrobek d\u0159\u00edve, ne\u017e z\u00edsk\u00e1te souhlas odd\u011blen\u00ed vr\u00e1cen\u00ed zbo\u017e\u00ed, adresa pro vr\u00e1cen\u00ed zbo\u017e\u00ed se m\u016f\u017ee li\u0161it od adresy spole\u010dnosti!<\/div>\n<div>\u00a0<\/div>\n<div>JAK V\u00c1M VR\u00c1T\u00cdME PEN\u00cdZE?<\/div>\n<div>\u00a0<\/div>\n<div>u objedn\u00e1vek zaplacen\u00fdch kartou online - vr\u00e1cen\u00edm na bankovn\u00ed \u00fa\u010det, ze kter\u00e9ho byla platba provedena.<\/div>\n<div>pro objedn\u00e1vky placen\u00e9 na dob\u00edrku\/iTransferem\/- bankovn\u00edm p\u0159evodem<\/div>\n<div>Spole\u010dnost Puzzle3D.co m\u016f\u017ee odlo\u017eit vr\u00e1cen\u00ed \u010d\u00e1stky a\u017e do obdr\u017een\u00ed prodan\u00e9ho Zbo\u017e\u00ed nebo do obdr\u017een\u00ed dokladu o jeho odesl\u00e1n\u00ed, pokud nenab\u00eddla p\u0159evzet\u00ed Zbo\u017e\u00ed sama (podle toho, co nastane pozd\u011bji). .<\/div>\n<div>\u00a0<\/div>\n<div>Pokud v\u00fdrobek objednan\u00fd kupuj\u00edc\u00edm nem\u016f\u017ee prod\u00e1vaj\u00edc\u00ed dodat, informuje o t\u00e9to skute\u010dnosti z\u00e1kazn\u00edka\/kupuj\u00edc\u00edho a vr\u00e1t\u00ed mu protihodnotu v\u00fdrobku na \u00fa\u010det kupuj\u00edc\u00edho, a to nejpozd\u011bji do 14 dn\u016f ode dne, kdy se o t\u00e9to skute\u010dnosti dozv\u011bd\u011bl.<\/div>\n<\/header>\n<p>\u00a0<\/p>\n<div class=\"is-divider divider clearfix\" style=\"max-width:0px;height:25px;background-color:rgb(255, 255, 255);\"><\/div>","protected":false},"excerpt":{"rendered":"<p>Diritto di recesso CONSEGNA \u00a0 La consegna dei prodotti viene effettuata tramite corriere veloce. Il valore massimo degli obblighi di Puzzle 3D nei confronti di qualsiasi cliente in caso di mancata consegna o consegna impropria dei prodotti acquistati \u00e8 l&#8217;importo riscosso dalla nostra azienda dal rispettivo cliente. Nel caso in cui i prezzi o altri [&#8230;]\n","protected":false},"author":10,"featured_media":0,"parent":0,"menu_order":0,"comment_status":"closed","ping_status":"closed","template":"","meta":{"footnotes":""},"class_list":["post-1249","page","type-page","status-publish","hentry"],"_links":{"self":[{"href":"https:\/\/puzzle3d.co\/cs\/wp-json\/wp\/v2\/pages\/1249","targetHints":{"allow":["GET"]}}],"collection":[{"href":"https:\/\/puzzle3d.co\/cs\/wp-json\/wp\/v2\/pages"}],"about":[{"href":"https:\/\/puzzle3d.co\/cs\/wp-json\/wp\/v2\/types\/page"}],"author":[{"embeddable":true,"href":"https:\/\/puzzle3d.co\/cs\/wp-json\/wp\/v2\/users\/10"}],"replies":[{"embeddable":true,"href":"https:\/\/puzzle3d.co\/cs\/wp-json\/wp\/v2\/comments?post=1249"}],"version-history":[{"count":0,"href":"https:\/\/puzzle3d.co\/cs\/wp-json\/wp\/v2\/pages\/1249\/revisions"}],"wp:attachment":[{"href":"https:\/\/puzzle3d.co\/cs\/wp-json\/wp\/v2\/media?parent=1249"}],"curies":[{"name":"wp","href":"https:\/\/api.w.org\/{rel}","templated":true}]}}